{"id":24661,"date":"2026-01-13T13:33:58","date_gmt":"2026-01-13T12:33:58","guid":{"rendered":"https:\/\/www.eve.eus\/driving-the-transition\/what-do-you-know-about\/redes-de-distribucion-electrica-el-eje-de-la-descarbonizacion-del-sistema-electrico\/"},"modified":"2026-03-26T16:04:40","modified_gmt":"2026-03-26T15:04:40","slug":"power-distribution-networks","status":"publish","type":"page","link":"https:\/\/www.eve.eus\/en\/aid-and-value-services\/value-services\/citizenship\/what-do-you-know-about\/power-distribution-networks\/","title":{"rendered":"Power distribution networks"},"content":{"rendered":"<div class=\"row\">\r\n<div class=\"col-md-6 align-self-center\"><img alt=\"Central nuclear\" data-src=\"\/assets\/media\/iStock-1172149372.jpg\" class=\" lazyload\"><\/div>\r\n\r\n<div class=\"col-md-6 align-self-center\">\r\n<p><strong>Power distribution networks: a central element in decarbonisation of the electricity system<\/strong><\/p>\r\n<p><strong>Power distribution networks<\/strong> are the infrastructures used to carry electricity from generating centres (power stations and distributed generation) to end consumers (homes, businesses and industries). It is important to distinguish between <strong>transmission networks<\/strong>, which transfer large volumes of energy at high voltage between power plants and transformer substations, and <strong>distribution networks<\/strong> which operate at a lower voltage, bringing electricity to the end users from the substations. These networks are essential to ensuring a secure and continuous electricity supply, incorporating renewable energies and making progress in the transition towards a decarbonised economy.<\/p>\r\n\r\n<p>By law, the only company responsible for running the <strong>high voltage electricity transmission grid<\/strong> and operating the national electricity system is Red El\u00e9ctrica de Espa\u00f1a, which is owned by <strong>Redeia Corporaci\u00f3n S.A.<\/strong> <\/p>\r\n\r\n<p>The <strong>distribution networks<\/strong>, on the other hand, are managed by private companies, whose market is regulated and allocated by geographic zones. There are <strong>five major distributors<\/strong> which between them cover most of Spain, as well as around 300 small local distributors.<\/p>\r\n<\/div>\r\n<div class=\"col-md-12\" style=\"margin-top:20px;\">\r\n<p>La energ\u00eda nuclear destaca por su <strong>alta capacidad de generaci\u00f3n continua sin emisiones directas de CO\u2082<\/strong>, lo que la convierte en una aliada para la descarbonizaci\u00f3n y la estabilidad del suministro. Sin embargo, sus <strong>inconvenientes<\/strong> incluyen la gesti\u00f3n de residuos radiactivos, riesgos en caso de accidentes y elevados costes de construcci\u00f3n y desmantelamiento, factores que requieren estricta regulaci\u00f3n y avances tecnol\u00f3gicos.<\/p>\r\n<ul>\t<li>\u2022\tE-Distribution (Endesa)<\/li>\r\n\r\n\t<li>\u2022\ti-DE Redes Inteligentes (Iberdrola)<\/li>\r\n\r\n\t<li>\u2022\tUFD Distribuci\u00f3n (Naturgy)<\/li>\r\n\r\n\t<li>\u2022\tE-Redes (EDP)<\/li>\r\n\r\n\t<li>\u2022\tViesgo Distribuci\u00f3n (Repsol)<\/li>\r\n\r\n<\/ul>\r\n\r\n<\/div>\r\n<\/div>\r\n\r\n<div class=\"row\">\r\n<div class=\"col-md-12 m-auto\">\r\n<div class=\"module-title text-center\">\r\n<h2 class=\"sidelines\"><span>Types of network by voltage:<\/span><\/h2>\r\n<\/div>\r\n<\/div>\r\n\r\n\r\n<div class=\"row\">\r\n<div class=\"col-md-12\">\r\n<ul>\r\n\t<li>\u2022\tHigh voltage (HV):\r\n<ul>\r\n\t<li>Over 36 kV. Normally between 66 kV and 220 kV for regional transmission and over 220 kV for national transmission and international interconnections, these networks connect large centres and substations.<\/li>\r\n<\/ul>\r\n\r\n<\/li>\r\n\r\n\t<li>\u2022\tMedium voltage (MV):\r\n<ul>\r\n\t<li>Between 1 kV and 36 kV, these networks distribute energy to urban and industrial areas and large consumers.<\/li>\r\n<\/ul>\r\n\r\n<\/li>\r\n\r\n\t<li>\u2022\tLow voltage (LV):\r\n<ul>\r\n\t<li>o\tLess than 1 kV. Usually between 230 V and 400 V for domestic supply, they deliver power directly to the users.<\/li>\r\n<\/ul>\r\n\r\n<\/li>\r\n\r\n<\/ul>\r\n<p>The networks also include <strong>substations<\/strong>, where the voltage is reduced for domestic or industrial consumption, ensuring quality and safety.<\/p>\r\n<\/div>\r\n\r\n<div class=\"col-md-6\">\r\n\r\n<p>The main <strong>legislation<\/strong> relating to electrical networks is as follows:<\/p>\r\n<ul>\r\n\t<li>\u2022\tThe <strong>2013 Power Industry Act<\/strong> (Act 24, 26 December 2013).<\/li>\r\n\r\n\t<li>\u2022\tRoyal Decree 1183\/2020, of 29 December 2020, on access and connection to the electricity transmission and distribution networks.<\/li>\r\n\r\n\t<li>\u2022\tRoyal Decree 314\/2023, of 25 April 2023, establishing the procedure and requirements for granting administrative authorisation for closed electricity distribution networks.<\/li>\r\n\r\n\t<li>\u2022\tCircular 1\/2021, dated 20 January 2021 from the National Commission for Markets and Competition, which sets out the methodology and conditions for access and connection to the transmission and distribution networks by power production facilities.<\/li>\r\n\r\n\t<li>\u2022\tCircular 1\/2024, of 27 September 2024, from the National Commission of Markets and Competition, which sets out the methodology and conditions for access and connection to the transmission and distribution networks of power demand facilities.<\/li>\r\n\r\n\t<li>\u2022\tRoyal Decree-Law 7\/2025, of 24 June 2025, approving urgent measures for reinforcement of the electricity system, amending Royal Decree 1183\/2020, of 29 December 2020. <\/li>\r\n\r\n<\/ul>\r\n\r\n<\/div>\r\n<div class=\"col-md-6 align-self-center\"><img alt=\"Central nuclear\" data-src=\"\/assets\/media\/iStock-836674570.jpg\" class=\" lazyload\"><\/div>\r\n<\/div><\/div>","protected":false},"excerpt":{"rendered":"<p>Power distribution networks: a central element in decarbonisation of the electricity system Power distribution networks are the infrastructures used to carry electricity from generating centres (power stations and distributed generation) to end consumers (homes, businesses and industries). It is important to distinguish between transmission networks, which transfer large volumes of energy at high voltage between [&hellip;]<\/p>\n","protected":false},"author":1,"featured_media":21067,"parent":5440,"menu_order":150,"comment_status":"closed","ping_status":"closed","template":"templates\/page-with-container.php","meta":{"_acf_changed":false,"footnotes":""},"class_list":["post-24661","page","type-page","status-publish","has-post-thumbnail","hentry"],"acf":[],"_links":{"self":[{"href":"https:\/\/www.eve.eus\/en\/wp-json\/wp\/v2\/pages\/24661","targetHints":{"allow":["GET"]}}],"collection":[{"href":"https:\/\/www.eve.eus\/en\/wp-json\/wp\/v2\/pages"}],"about":[{"href":"https:\/\/www.eve.eus\/en\/wp-json\/wp\/v2\/types\/page"}],"author":[{"embeddable":true,"href":"https:\/\/www.eve.eus\/en\/wp-json\/wp\/v2\/users\/1"}],"replies":[{"embeddable":true,"href":"https:\/\/www.eve.eus\/en\/wp-json\/wp\/v2\/comments?post=24661"}],"version-history":[{"count":4,"href":"https:\/\/www.eve.eus\/en\/wp-json\/wp\/v2\/pages\/24661\/revisions"}],"predecessor-version":[{"id":24665,"href":"https:\/\/www.eve.eus\/en\/wp-json\/wp\/v2\/pages\/24661\/revisions\/24665"}],"up":[{"embeddable":true,"href":"https:\/\/www.eve.eus\/en\/wp-json\/wp\/v2\/pages\/5440"}],"wp:featuredmedia":[{"embeddable":true,"href":"https:\/\/www.eve.eus\/en\/wp-json\/wp\/v2\/media\/21067"}],"wp:attachment":[{"href":"https:\/\/www.eve.eus\/en\/wp-json\/wp\/v2\/media?parent=24661"}],"curies":[{"name":"wp","href":"https:\/\/api.w.org\/{rel}","templated":true}]}}