{"id":25214,"date":"2025-01-10T12:13:01","date_gmt":"2025-01-10T11:13:01","guid":{"rendered":"https:\/\/www.eve.eus\/programa-de-ayudas\/carta-de-servicios\/"},"modified":"2026-04-01T15:31:00","modified_gmt":"2026-04-01T13:31:00","slug":"carta-de-servicios","status":"publish","type":"page","link":"https:\/\/www.eve.eus\/en\/aid-and-value-services\/aid-programme\/carta-de-servicios\/","title":{"rendered":"Carta de servicios"},"content":{"rendered":"<p>Esta Carta de Servicios recoge los <strong>servicios<\/strong> que el Ente Vasco de la Energ\u00eda ofrece a la ciudadan\u00eda en los programas de ayudas que gestiona, tanto con fondos propios como procedentes de la Uni\u00f3n Europea, y da a conocer los <strong>compromisos de calidad<\/strong> asociados a la prestaci\u00f3n de dichos servicios, con el firme prop\u00f3sito de aplicarles una cultura de <strong>mejora continua<\/strong>.<\/p>\r\n\r\n<p>El Ente Vasco de la Energ\u00eda, Ente P\u00fablico de Derecho Privado dependiente del Departamento de Industria, Transici\u00f3n Energ\u00e9tica y Sostenibilidad del Gobierno Vasco, es la <strong>agencia energ\u00e9tica del Gobierno Vasco<\/strong>, cuya misi\u00f3n es:<\/p>\r\n\r\n<ul>\r\n\t<li>Proponer las <strong>estrategias energ\u00e9ticas de Euskadi<\/strong>, bajo los criterios de garant\u00eda de suministro, competitividad en costes, sostenibilidad y desarrollo tecnol\u00f3gico.<\/li>\r\n\t<li>Participar activamente en el desarrollo de estas estrategias y contribuir a la <strong>consecuci\u00f3n de sus objetivos<\/strong>.<\/li>\r\n<\/ul>\r\n\r\n<p class=\"text-center p-t-50 p-b-50\"><a class=\"btn btn-lg btn-circle btn-brand\" href=\"https:\/\/www.eve.eus\/assets\/media\/Carta-Servicios-Ayudas_Programas-de-Ayudas_2026.pdf\" target=\"_blank\">M\u00e1s informaci\u00f3n (PDF)<\/a><\/p>\r\n","protected":false},"excerpt":{"rendered":"<p>Esta Carta de Servicios recoge los servicios que el Ente Vasco de la Energ\u00eda ofrece a la ciudadan\u00eda en los programas de ayudas que gestiona, tanto con fondos propios como procedentes de la Uni\u00f3n Europea, y da a conocer los compromisos de calidad asociados a la prestaci\u00f3n de dichos servicios, con el firme prop\u00f3sito de [&hellip;]<\/p>\n","protected":false},"author":1,"featured_media":293,"parent":25078,"menu_order":20,"comment_status":"closed","ping_status":"closed","template":"templates\/page-with-container.php","meta":{"_acf_changed":false,"footnotes":""},"class_list":["post-25214","page","type-page","status-publish","has-post-thumbnail","hentry"],"acf":[],"_links":{"self":[{"href":"https:\/\/www.eve.eus\/en\/wp-json\/wp\/v2\/pages\/25214","targetHints":{"allow":["GET"]}}],"collection":[{"href":"https:\/\/www.eve.eus\/en\/wp-json\/wp\/v2\/pages"}],"about":[{"href":"https:\/\/www.eve.eus\/en\/wp-json\/wp\/v2\/types\/page"}],"author":[{"embeddable":true,"href":"https:\/\/www.eve.eus\/en\/wp-json\/wp\/v2\/users\/1"}],"replies":[{"embeddable":true,"href":"https:\/\/www.eve.eus\/en\/wp-json\/wp\/v2\/comments?post=25214"}],"version-history":[{"count":1,"href":"https:\/\/www.eve.eus\/en\/wp-json\/wp\/v2\/pages\/25214\/revisions"}],"predecessor-version":[{"id":25215,"href":"https:\/\/www.eve.eus\/en\/wp-json\/wp\/v2\/pages\/25214\/revisions\/25215"}],"up":[{"embeddable":true,"href":"https:\/\/www.eve.eus\/en\/wp-json\/wp\/v2\/pages\/25078"}],"wp:featuredmedia":[{"embeddable":true,"href":"https:\/\/www.eve.eus\/en\/wp-json\/wp\/v2\/media\/293"}],"wp:attachment":[{"href":"https:\/\/www.eve.eus\/en\/wp-json\/wp\/v2\/media?parent=25214"}],"curies":[{"name":"wp","href":"https:\/\/api.w.org\/{rel}","templated":true}]}}