{"id":25243,"date":"2025-12-30T13:41:59","date_gmt":"2025-12-30T12:41:59","guid":{"rendered":"https:\/\/www.eve.eus\/servicios-de-valor\/industria\/"},"modified":"2026-04-10T12:58:10","modified_gmt":"2026-04-10T10:58:10","slug":"industry","status":"publish","type":"page","link":"https:\/\/www.eve.eus\/en\/aid-and-value-services\/value-services\/industry\/","title":{"rendered":"Industry"},"content":{"rendered":"<div class=\"row\">\r\n   <div class=\"col-md-8\">\r\n<p>Tal y como establece el <strong>Plan de Industria del Gobierno vasco<\/strong>, el tejido industrial de Euskadi est\u00e1 protagonizando una profunda transformaci\u00f3n energ\u00e9tica, basada en el ahorro, la eficiencia y la integraci\u00f3n de energ\u00edas renovables en sus procesos productivos. Sectores punteros ya est\u00e1n adoptando tecnolog\u00edas m\u00e1s limpias, optimizando consumos, electrificando procesos y renovando equipamientos para reducir su impacto ambiental y mejorar su competitividad. Esta evoluci\u00f3n no solo refuerza la sostenibilidad, sino que impulsa la innovaci\u00f3n y la creaci\u00f3n de valor.<\/p>\r\n\r\n<p>Desde el EVE apoyamos esta transici\u00f3n ofreciendo herramientas, ayudas y acompa\u00f1amiento t\u00e9cnico para que las empresas avancen hacia modelos industriales m\u00e1s eficientes y resilientes. Euskadi cuenta con numerosos ejemplos de \u00e9xito que demuestran que el cambio es posible, rentable y estrat\u00e9gico. Con cada empresa que da un paso adelante, fortalecemos una industria vasca m\u00e1s preparada para el futuro y alineada con los retos clim\u00e1ticos y energ\u00e9ticos globales.\r\n<\/p>\r\n   <\/div>\r\n   <div class=\"col-md-4\">\r\n        <img alt=\"\" width=\"480\" height=\"227\" class=\"alignnone size-size_480 wp-image-22750 lazyload\" data-src=\"https:\/\/www.eve.eus\/assets\/media\/\/cabecera-industria-480x227.jpg\" srcset=\"https:\/\/www.eve.eus\/assets\/media\/cabecera-industria-480x227.jpg 480w, https:\/\/www.eve.eus\/assets\/media\/cabecera-industria-150x71.jpg 150w, https:\/\/www.eve.eus\/assets\/media\/cabecera-industria-300x142.jpg 300w, https:\/\/www.eve.eus\/assets\/media\/cabecera-industria-400x189.jpg 400w, https:\/\/www.eve.eus\/assets\/media\/cabecera-industria-550x260.jpg 550w, https:\/\/www.eve.eus\/assets\/media\/cabecera-industria-768x363.jpg 768w, https:\/\/www.eve.eus\/assets\/media\/cabecera-industria-992x468.jpg 992w, https:\/\/www.eve.eus\/assets\/media\/cabecera-industria-1200x567.jpg 1200w, https:\/\/www.eve.eus\/assets\/media\/cabecera-industria.jpg 1800w\" sizes=\"(max-width: 480px) 100vw, 480px\" \/>\r\n       <p class=\"text-center p-t-50 p-b-50\"><a class=\"btn btn-lg btn-circle btn-brand\" href=\"https:\/\/www.eve.eus\/en\/aid-and-value-services\/value-services\/industry\/industrial-self-consumption\/\"><span>Ver autoconsumo industrial<\/span><\/a><\/p>\r\n   <\/div>\r\n<\/div>\r\n\r\n<div class=\"row p-t-20\">\r\n   <div class=\"col-md-4\">\r\n<iframe loading=\"lazy\" width=\"560\" height=\"315\" src=\"https:\/\/www.youtube.com\/embed\/ujWs6O2CKPc?si=yKyGcNnSYXkYFO5g\" title=\"YouTube video player\" frameborder=\"0\" allow=\"accelerometer; autoplay; clipboard-write; encrypted-media; gyroscope; picture-in-picture; web-share\" referrerpolicy=\"strict-origin-when-cross-origin\" allowfullscreen><\/iframe>\r\n   <\/div>\r\n   <div class=\"col-md-4\">\r\n     <iframe loading=\"lazy\" width=\"560\" height=\"315\" src=\"https:\/\/www.youtube.com\/embed\/yyQa-gOs6Xg?si=LjBokGoKiXUcfS_F\" title=\"YouTube video player\" frameborder=\"0\" allow=\"accelerometer; autoplay; clipboard-write; encrypted-media; gyroscope; picture-in-picture; web-share\" referrerpolicy=\"strict-origin-when-cross-origin\" allowfullscreen><\/iframe>\r\n   <\/div>\r\n\r\n <div class=\"col-md-4\">\r\n     <iframe loading=\"lazy\" width=\"560\" height=\"315\" src=\"https:\/\/www.youtube.com\/embed\/bIQGV6ydmQ4?si=BHixj5eRUlA2uHI8\" title=\"YouTube video player\" frameborder=\"0\" allow=\"accelerometer; autoplay; clipboard-write; encrypted-media; gyroscope; picture-in-picture; web-share\" referrerpolicy=\"strict-origin-when-cross-origin\" allowfullscreen><\/iframe>\r\n   <\/div>\r\n<\/div>\r\n\r\n<div class=\"row p-t-20\">\r\n   <div class=\"col-md-4\">\r\n<iframe loading=\"lazy\" width=\"560\" height=\"315\" src=\"https:\/\/www.youtube.com\/embed\/UZqlONjH_q4?si=ptrbGJWpaj0XLZuu\" title=\"YouTube video player\" frameborder=\"0\" allow=\"accelerometer; autoplay; clipboard-write; encrypted-media; gyroscope; picture-in-picture; web-share\" referrerpolicy=\"strict-origin-when-cross-origin\" allowfullscreen><\/iframe>\r\n   <\/div>\r\n   <div class=\"col-md-4\">\r\n <iframe loading=\"lazy\" width=\"560\" height=\"315\" src=\"https:\/\/www.youtube.com\/embed\/Kg7pbm2oPJo?si=jHxT0nGL-JbW83Dv\" title=\"YouTube video player\" frameborder=\"0\" allow=\"accelerometer; autoplay; clipboard-write; encrypted-media; gyroscope; picture-in-picture; web-share\" referrerpolicy=\"strict-origin-when-cross-origin\" allowfullscreen><\/iframe>\r\n   <\/div>\r\n\r\n <div class=\"col-md-4\">\r\n<iframe loading=\"lazy\" width=\"560\" height=\"315\" src=\"https:\/\/www.youtube.com\/embed\/qCBwfu0vASY?si=viJfy67Vrebalsnj\" title=\"YouTube video player\" frameborder=\"0\" allow=\"accelerometer; autoplay; clipboard-write; encrypted-media; gyroscope; picture-in-picture; web-share\" referrerpolicy=\"strict-origin-when-cross-origin\" allowfullscreen><\/iframe>\r\n   <\/div>\r\n<\/div>\r\n\r\n<div class=\"row p-t-20\">\r\n   <div class=\"col-md-4\">\r\n<iframe loading=\"lazy\" width=\"560\" height=\"315\" src=\"https:\/\/www.youtube.com\/embed\/bavMDrRIAlU?si=xCjAVfCjTRw25wIO\" title=\"YouTube video player\" frameborder=\"0\" allow=\"accelerometer; autoplay; clipboard-write; encrypted-media; gyroscope; picture-in-picture; web-share\" referrerpolicy=\"strict-origin-when-cross-origin\" allowfullscreen><\/iframe>\r\n   <\/div>\r\n\r\n<\/div>","protected":false},"excerpt":{"rendered":"<p>Tal y como establece el Plan de Industria del Gobierno vasco, el tejido industrial de Euskadi est\u00e1 protagonizando una profunda transformaci\u00f3n energ\u00e9tica, basada en el ahorro, la eficiencia y la integraci\u00f3n de energ\u00edas renovables en sus procesos productivos. Sectores punteros ya est\u00e1n adoptando tecnolog\u00edas m\u00e1s limpias, optimizando consumos, electrificando procesos y renovando equipamientos para reducir [&hellip;]<\/p>\n","protected":false},"author":1,"featured_media":0,"parent":25238,"menu_order":10,"comment_status":"closed","ping_status":"closed","template":"templates\/page-with-container.php","meta":{"_acf_changed":false,"footnotes":""},"class_list":["post-25243","page","type-page","status-publish","hentry"],"acf":[],"_links":{"self":[{"href":"https:\/\/www.eve.eus\/en\/wp-json\/wp\/v2\/pages\/25243","targetHints":{"allow":["GET"]}}],"collection":[{"href":"https:\/\/www.eve.eus\/en\/wp-json\/wp\/v2\/pages"}],"about":[{"href":"https:\/\/www.eve.eus\/en\/wp-json\/wp\/v2\/types\/page"}],"author":[{"embeddable":true,"href":"https:\/\/www.eve.eus\/en\/wp-json\/wp\/v2\/users\/1"}],"replies":[{"embeddable":true,"href":"https:\/\/www.eve.eus\/en\/wp-json\/wp\/v2\/comments?post=25243"}],"version-history":[{"count":1,"href":"https:\/\/www.eve.eus\/en\/wp-json\/wp\/v2\/pages\/25243\/revisions"}],"predecessor-version":[{"id":25648,"href":"https:\/\/www.eve.eus\/en\/wp-json\/wp\/v2\/pages\/25243\/revisions\/25648"}],"up":[{"embeddable":true,"href":"https:\/\/www.eve.eus\/en\/wp-json\/wp\/v2\/pages\/25238"}],"wp:attachment":[{"href":"https:\/\/www.eve.eus\/en\/wp-json\/wp\/v2\/media?parent=25243"}],"curies":[{"name":"wp","href":"https:\/\/api.w.org\/{rel}","templated":true}]}}