{"id":25266,"date":"2025-12-30T13:09:03","date_gmt":"2025-12-30T12:09:03","guid":{"rendered":"https:\/\/www.eve.eus\/?page_id=25266"},"modified":"2026-04-10T13:00:02","modified_gmt":"2026-04-10T11:00:02","slug":"industrial-self-consumption","status":"publish","type":"page","link":"https:\/\/www.eve.eus\/en\/aid-and-value-services\/value-services\/industry\/industrial-self-consumption\/","title":{"rendered":"Industrial self-consumption"},"content":{"rendered":"<div class=\"row\">\r\n<div class=\"col-md-7 align-self-center\">\r\n<p>Solar self-consumption is an ally for industrial competitiveness. Renewable electricity production is profitable for the industry because it brings significant savings in energy bills and, in addition, it sets long-term costs by giving price stability. Investing in self-consumption in the industry is an investment for the future.<\/p>\r\n\r\n<h3>Principales ventajas<\/h3>\r\n<ul>\r\n\t<li>+ Save charges and tolls.<\/li>\r\n\r\n\t<li>+ Favourable taxation.<\/li>\r\n\r\n\t<li>+ Guarantee of supply.<\/li>\r\n\r\n\t<li>+ Contributes to the decarbonization of industrial processes.<\/li>\r\n\r\n<\/ul>\r\n\r\n\r\n<h3>We\u2019ll help you take the plunge<\/h3>\r\n<p>The Basque Energy Agency manages a fund of 80 M\u20ac of the Basque Government for aid to electricity generation for self-consumption. Amounts of aid between 25% and 65% of the eligible cost.<\/p>\r\n<ul>\r\n\t<li>No typology limit.<\/li>\r\n\t<li>No power limit to install.<\/li>\r\n\t<li>For self-consumption facilities.<\/li>\r\n\t<li>For electrification of thermal installations.<\/li>\r\n\r\n\r\n<\/ul>\r\n\r\n<p class=\"p1 relacionado\"> <a href=\"https:\/\/www.eve.eus\/programa-de-ayudas\/programa-de-ayudas-a-la-generacion-electrica-para-autoconsumo-y-la-electrificacion-de-los-consumos-termicos-mediante-energias-renovables\/\" target=\"_blank\">Programa de ayudas a la generaci\u00f3n el\u00e9ctrica para autoconsumo y la electrificaci\u00f3n de los consumos t\u00e9rmicos mediante energ\u00edas renovables<\/a><\/p>\r\n\r\n<\/div>\r\n\r\n<div class=\"col-md-5 text-center\"><img alt=\"Portada de la publicaci\u00f3n Energibasque\" data-src=\"https:\/\/www.eve.eus\/assets\/media\/portada-autoconsumo-industria.jpg\" class=\" lazyload\">\r\n<p class=\"text-center p-t-50 p-b-50\"><a class=\"btn btn-lg btn-circle btn-brand\" href=\"https:\/\/www.eve.eus\/assets\/media\/Autoconsumo-industrial-es.pdf\" target=\"_blank\">DOWNLOAD PDF<\/a><\/p><\/div>\r\n<\/div>\r\n","protected":false},"excerpt":{"rendered":"<p>Solar self-consumption is an ally for industrial competitiveness. Renewable electricity production is profitable for the industry because it brings significant savings in energy bills and, in addition, it sets long-term costs by giving price stability. Investing in self-consumption in the industry is an investment for the future. Principales ventajas + Save charges and tolls. + [&hellip;]<\/p>\n","protected":false},"author":1,"featured_media":22752,"parent":25243,"menu_order":20,"comment_status":"closed","ping_status":"closed","template":"templates\/page-with-container.php","meta":{"_acf_changed":false,"footnotes":""},"class_list":["post-25266","page","type-page","status-publish","has-post-thumbnail","hentry"],"acf":[],"_links":{"self":[{"href":"https:\/\/www.eve.eus\/en\/wp-json\/wp\/v2\/pages\/25266","targetHints":{"allow":["GET"]}}],"collection":[{"href":"https:\/\/www.eve.eus\/en\/wp-json\/wp\/v2\/pages"}],"about":[{"href":"https:\/\/www.eve.eus\/en\/wp-json\/wp\/v2\/types\/page"}],"author":[{"embeddable":true,"href":"https:\/\/www.eve.eus\/en\/wp-json\/wp\/v2\/users\/1"}],"replies":[{"embeddable":true,"href":"https:\/\/www.eve.eus\/en\/wp-json\/wp\/v2\/comments?post=25266"}],"version-history":[{"count":3,"href":"https:\/\/www.eve.eus\/en\/wp-json\/wp\/v2\/pages\/25266\/revisions"}],"predecessor-version":[{"id":25645,"href":"https:\/\/www.eve.eus\/en\/wp-json\/wp\/v2\/pages\/25266\/revisions\/25645"}],"up":[{"embeddable":true,"href":"https:\/\/www.eve.eus\/en\/wp-json\/wp\/v2\/pages\/25243"}],"wp:featuredmedia":[{"embeddable":true,"href":"https:\/\/www.eve.eus\/en\/wp-json\/wp\/v2\/media\/22752"}],"wp:attachment":[{"href":"https:\/\/www.eve.eus\/en\/wp-json\/wp\/v2\/media?parent=25266"}],"curies":[{"name":"wp","href":"https:\/\/api.w.org\/{rel}","templated":true}]}}