{"id":25325,"date":"2025-12-30T13:34:10","date_gmt":"2025-12-30T12:34:10","guid":{"rendered":"https:\/\/www.eve.eus\/ayudas-y-servicios-de-valor\/"},"modified":"2026-04-10T11:57:53","modified_gmt":"2026-04-10T09:57:53","slug":"aid-and-value-services","status":"publish","type":"page","link":"https:\/\/www.eve.eus\/en\/aid-and-value-services\/","title":{"rendered":"Aid and value services"},"content":{"rendered":"<section class=\"page-header-html-menu\">\r\n<!-- contenido del html-menu-content part --><section class=\"menu-description\">\r\n   <div class=\"menu-description__title\">Ayudas y Servicios de valor<\/div>\r\n   <div class=\"menu-description__content\">\r\n<p>El Ente Vasco de la Energ\u00eda es una agencia aliada de la industria, las administraciones p\u00fablicas y la ciudadan\u00eda.<\/p>\r\n<ul>\r\n\t<li><strong>Industria<\/strong>: Apoyo al cambio de modelo energ\u00e9tico industrial mediante el autoconsumo y la eficiencia energ\u00e9tica.<\/li>\r\n\t<li><strong>Administraciones p\u00fablicas<\/strong>: A trav\u00e9s de un acompa\u00f1amiento a proyectos renovables y de eficiencia energ\u00e9tica que sean referenciales y tractores en la sociedad.<\/li>\r\n\t<li><strong>Ciudadan\u00eda<\/strong>: Facilitando herramientas para que las personas consumidoras est\u00e9n en el centro de la toma de decisiones.<\/li>\r\n<\/ul>\r\n\r\n    <\/div>\r\n<\/section>\r\n<\/section>\r\n\r\n<!-- shortcode para submenu paginas como en offcanvas --><section class=\"submenu-pages\">\n\t<ul class=\"submenu-pages__ul\">\n\t\t<li class=\"page_item page-item-3505 page_item_has_children\"><a href=\"https:\/\/www.eve.eus\/en\/about-us\/\">About us<\/a>\n<ul class=\"children\">\n\t<li class=\"page_item page-item-3541\"><a href=\"https:\/\/www.eve.eus\/en\/about-us\/organigramme\/\">Organigramme<\/a><\/li>\n\t<li class=\"page_item page-item-3557\"><a href=\"https:\/\/www.eve.eus\/en\/about-us\/affiliates\/\">Affiliates<\/a><\/li>\n<\/ul>\n<\/li>\n<li class=\"page_item page-item-25325 page_item_has_children\"><a href=\"https:\/\/www.eve.eus\/en\/aid-and-value-services\/\">Aid and value services<\/a>\n<ul class=\"children\">\n\t<li class=\"page_item page-item-25078 page_item_has_children\"><a href=\"https:\/\/www.eve.eus\/en\/aid-and-value-services\/aid-programme\/\">Aid programme<\/a>\n\t<ul class=\"children\">\n\t\t<li class=\"page_item page-item-25208\"><a href=\"https:\/\/www.eve.eus\/en\/aid-and-value-services\/aid-programme\/ayudas\/\">Ayudas<\/a><\/li>\n\t\t<li class=\"page_item page-item-25214\"><a href=\"https:\/\/www.eve.eus\/en\/aid-and-value-services\/aid-programme\/carta-de-servicios\/\">Carta de servicios<\/a><\/li>\n\t<\/ul>\n<\/li>\n\t<li class=\"page_item page-item-25224 page_item_has_children\"><a href=\"https:\/\/www.eve.eus\/en\/aid-and-value-services\/taxation\/\">Taxation<\/a>\n\t<ul class=\"children\">\n\t\t<li class=\"page_item page-item-4796\"><a href=\"https:\/\/www.eve.eus\/en\/aid-and-value-services\/taxation\/basque-list-of-clean-technologies\/\">Basque list of clean technologies<\/a><\/li>\n\t\t<li class=\"page_item page-item-25232\"><a href=\"https:\/\/www.eve.eus\/en\/aid-and-value-services\/taxation\/art-65-tax-deductions\/\">Art 65 \u2013 Tax deductions<\/a><\/li>\n\t<\/ul>\n<\/li>\n\t<li class=\"page_item page-item-6175\"><a href=\"https:\/\/www.eve.eus\/en\/aid-and-value-services\/energy-savings-certificates-escs\/\">Energy Savings Certificates (ESCs)<\/a><\/li>\n\t<li class=\"page_item page-item-25238 page_item_has_children\"><a href=\"https:\/\/www.eve.eus\/en\/aid-and-value-services\/value-services\/\">Value services<\/a>\n\t<ul class=\"children\">\n\t\t<li class=\"page_item page-item-25243 page_item_has_children\"><a href=\"https:\/\/www.eve.eus\/en\/aid-and-value-services\/value-services\/industry\/\">Industry<\/a>\n\t\t<ul class=\"children\">\n\t\t\t<li class=\"page_item page-item-25266\"><a href=\"https:\/\/www.eve.eus\/en\/aid-and-value-services\/value-services\/industry\/industrial-self-consumption\/\">Industrial self-consumption<\/a><\/li>\n\t\t<\/ul>\n<\/li>\n\t\t<li class=\"page_item page-item-25250 page_item_has_children\"><a href=\"https:\/\/www.eve.eus\/en\/aid-and-value-services\/value-services\/citizenship\/\">Citizenship<\/a>\n\t\t<ul class=\"children\">\n\t\t\t<li class=\"page_item page-item-6102 page_item_has_children\"><a href=\"https:\/\/www.eve.eus\/en\/aid-and-value-services\/value-services\/citizenship\/tips-to-save-energy\/\">Tips to save energy<\/a>\n\t\t\t<ul class=\"children\">\n\t\t\t\t<li class=\"page_item page-item-6018\"><a href=\"https:\/\/www.eve.eus\/en\/aid-and-value-services\/value-services\/citizenship\/tips-to-save-energy\/in-the-home\/\">In the home<\/a><\/li>\n\t\t\t\t<li class=\"page_item page-item-6033\"><a href=\"https:\/\/www.eve.eus\/en\/aid-and-value-services\/value-services\/citizenship\/tips-to-save-energy\/equipment-in-dwellings\/\">Equipment in dwellings<\/a><\/li>\n\t\t\t\t<li class=\"page_item page-item-6048\"><a href=\"https:\/\/www.eve.eus\/en\/aid-and-value-services\/value-services\/citizenship\/tips-to-save-energy\/household-rubbish\/\">Household rubbish<\/a><\/li>\n\t\t\t\t<li class=\"page_item page-item-6065\"><a href=\"https:\/\/www.eve.eus\/en\/aid-and-value-services\/value-services\/citizenship\/tips-to-save-energy\/transport\/\">Transport<\/a><\/li>\n\t\t\t\t<li class=\"page_item page-item-6142\"><a href=\"https:\/\/www.eve.eus\/en\/aid-and-value-services\/value-services\/citizenship\/tips-to-save-energy\/office\/\">Office<\/a><\/li>\n\t\t\t<\/ul>\n<\/li>\n\t\t\t<li class=\"page_item page-item-5440 page_item_has_children\"><a href=\"https:\/\/www.eve.eus\/en\/aid-and-value-services\/value-services\/citizenship\/what-do-you-know-about\/\">What do you know about\u2026?<\/a>\n\t\t\t<ul class=\"children\">\n\t\t\t\t<li class=\"page_item page-item-24585\"><a href=\"https:\/\/www.eve.eus\/en\/aid-and-value-services\/value-services\/citizenship\/what-do-you-know-about\/energy-storage\/\">Energy storage<\/a><\/li>\n\t\t\t\t<li class=\"page_item page-item-24591\"><a href=\"https:\/\/www.eve.eus\/en\/aid-and-value-services\/value-services\/citizenship\/what-do-you-know-about\/self-consumption\/\">Self-consumption<\/a><\/li>\n\t\t\t\t<li class=\"page_item page-item-24597\"><a href=\"https:\/\/www.eve.eus\/en\/aid-and-value-services\/value-services\/citizenship\/what-do-you-know-about\/energy-communities\/\">Energy Communities<\/a><\/li>\n\t\t\t\t<li class=\"page_item page-item-5162\"><a href=\"https:\/\/www.eve.eus\/en\/aid-and-value-services\/value-services\/citizenship\/what-do-you-know-about\/natural-gas\/\">Natural gas<\/a><\/li>\n\t\t\t\t<li class=\"page_item page-item-5177\"><a href=\"https:\/\/www.eve.eus\/en\/aid-and-value-services\/value-services\/citizenship\/what-do-you-know-about\/hydrogen\/\">Hydrogen<\/a><\/li>\n\t\t\t\t<li class=\"page_item page-item-5094\"><a href=\"https:\/\/www.eve.eus\/en\/aid-and-value-services\/value-services\/citizenship\/what-do-you-know-about\/biomass\/\">Biomass<\/a><\/li>\n\t\t\t\t<li class=\"page_item page-item-24620\"><a href=\"https:\/\/www.eve.eus\/en\/aid-and-value-services\/value-services\/citizenship\/what-do-you-know-about\/the-heat-pump\/\">The heat pump<\/a><\/li>\n\t\t\t\t<li class=\"page_item page-item-5124\"><a href=\"https:\/\/www.eve.eus\/en\/aid-and-value-services\/value-services\/citizenship\/what-do-you-know-about\/wind-power\/\">Wind Power<\/a><\/li>\n\t\t\t\t<li class=\"page_item page-item-5011\"><a href=\"https:\/\/www.eve.eus\/en\/aid-and-value-services\/value-services\/citizenship\/what-do-you-know-about\/hydro-power\/\">Hydro Power<\/a><\/li>\n\t\t\t\t<li class=\"page_item page-item-5206\"><a href=\"https:\/\/www.eve.eus\/en\/aid-and-value-services\/value-services\/citizenship\/what-do-you-know-about\/nuclear-energy\/\">Nuclear Energy<\/a><\/li>\n\t\t\t\t<li class=\"page_item page-item-5063\"><a href=\"https:\/\/www.eve.eus\/en\/aid-and-value-services\/value-services\/citizenship\/what-do-you-know-about\/solar-energy\/\">Solar Energy<\/a><\/li>\n\t\t\t\t<li class=\"page_item page-item-24644\"><a href=\"https:\/\/www.eve.eus\/en\/aid-and-value-services\/value-services\/citizenship\/what-do-you-know-about\/marine-energies\/\">Marine energies<\/a><\/li>\n\t\t\t\t<li class=\"page_item page-item-5195\"><a href=\"https:\/\/www.eve.eus\/en\/aid-and-value-services\/value-services\/citizenship\/what-do-you-know-about\/oil-gas\/\">Oil &amp; Gas<\/a><\/li>\n\t\t\t\t<li class=\"page_item page-item-24655\"><a href=\"https:\/\/www.eve.eus\/en\/aid-and-value-services\/value-services\/citizenship\/what-do-you-know-about\/hot-and-cold-water-networks\/\">Hot and cold water networks<\/a><\/li>\n\t\t\t\t<li class=\"page_item page-item-24661\"><a href=\"https:\/\/www.eve.eus\/en\/aid-and-value-services\/value-services\/citizenship\/what-do-you-know-about\/power-distribution-networks\/\">Power distribution networks<\/a><\/li>\n\t\t\t\t<li class=\"page_item page-item-24669\"><a href=\"https:\/\/www.eve.eus\/en\/aid-and-value-services\/value-services\/citizenship\/what-do-you-know-about\/electric-vehicle\/\">Electric vehicle<\/a><\/li>\n\t\t\t<\/ul>\n<\/li>\n\t\t\t<li class=\"page_item page-item-7867 page_item_has_children\"><a href=\"https:\/\/www.eve.eus\/en\/aid-and-value-services\/value-services\/citizenship\/infographics\/\">Infographics<\/a>\n\t\t\t<ul class=\"children\">\n\t\t\t\t<li class=\"page_item page-item-8040\"><a href=\"https:\/\/www.eve.eus\/en\/aid-and-value-services\/value-services\/citizenship\/infographics\/using-your-bike-around-town\/\">Using your bike around town<\/a><\/li>\n\t\t\t\t<li class=\"page_item page-item-8071\"><a href=\"https:\/\/www.eve.eus\/en\/aid-and-value-services\/value-services\/citizenship\/infographics\/smart-power-grids\/\">Smart power grids<\/a><\/li>\n\t\t\t\t<li class=\"page_item page-item-8084\"><a href=\"https:\/\/www.eve.eus\/en\/aid-and-value-services\/value-services\/citizenship\/infographics\/power-assisted-bicycles\/\">Power-assisted bicycles<\/a><\/li>\n\t\t\t\t<li class=\"page_item page-item-8099\"><a href=\"https:\/\/www.eve.eus\/en\/aid-and-value-services\/value-services\/citizenship\/infographics\/electric-vehicle\/\">Electric Vehicle<\/a><\/li>\n\t\t\t\t<li class=\"page_item page-item-8112\"><a href=\"https:\/\/www.eve.eus\/en\/aid-and-value-services\/value-services\/citizenship\/infographics\/bimep-biscay-marine-energy-platform\/\">BIMEP \u2013 Biscay Marine energy Platform<\/a><\/li>\n\t\t\t<\/ul>\n<\/li>\n\t\t<\/ul>\n<\/li>\n\t\t<li class=\"page_item page-item-25261\"><a href=\"https:\/\/www.eve.eus\/en\/aid-and-value-services\/value-services\/public-administration\/\">Public administration<\/a><\/li>\n\t<\/ul>\n<\/li>\n<\/ul>\n<\/li>\n<li class=\"page_item page-item-6240\"><a href=\"https:\/\/www.eve.eus\/en\/contact\/\">Contact<\/a><\/li>\n<li class=\"page_item page-item-3576 page_item_has_children\"><a href=\"https:\/\/www.eve.eus\/en\/contractor-profile\/\">Contractor Profile<\/a>\n<ul class=\"children\">\n\t<li class=\"page_item page-item-4023\"><a href=\"https:\/\/www.eve.eus\/en\/contractor-profile\/contracting-committee-regulations-and-composition\/\">Contracting Committee: Regulations and Composition<\/a><\/li>\n\t<li class=\"page_item page-item-3585\"><a href=\"https:\/\/www.eve.eus\/en\/contractor-profile\/description\/\">Description<\/a><\/li>\n\t<li class=\"page_item page-item-3592\"><a href=\"https:\/\/www.eve.eus\/en\/contractor-profile\/general-information\/\">General Information<\/a><\/li>\n\t<li class=\"page_item page-item-4052\"><a href=\"https:\/\/www.eve.eus\/en\/contractor-profile\/general-purchasing-and-contracting-conditions\/\">General Purchasing and Contracting Conditions<\/a><\/li>\n\t<li class=\"page_item page-item-4119\"><a href=\"https:\/\/www.eve.eus\/en\/contractor-profile\/tenders\/\">Tenders<\/a><\/li>\n\t<li class=\"page_item page-item-4126\"><a href=\"https:\/\/www.eve.eus\/en\/contractor-profile\/minor-contracts\/\">Minor Contracts<\/a><\/li>\n\t<li class=\"page_item page-item-4140\"><a href=\"https:\/\/www.eve.eus\/en\/contractor-profile\/commissions-to-own-resources-assignments\/\">Commissions to Own Resources \u2013 Assignments<\/a><\/li>\n\t<li class=\"page_item page-item-4143\"><a href=\"https:\/\/www.eve.eus\/en\/contractor-profile\/annual-contracting-plan\/\">Annual Contracting Plan<\/a><\/li>\n<\/ul>\n<\/li>\n<li class=\"page_item page-item-4107\"><a href=\"https:\/\/www.eve.eus\/en\/cookie-policy\/\">Cookie policy<\/a><\/li>\n<li class=\"page_item page-item-4096\"><a href=\"https:\/\/www.eve.eus\/en\/data-privacy\/\">Data privacy<\/a><\/li>\n<li class=\"page_item page-item-24602 page_item_has_children\"><a href=\"https:\/\/www.eve.eus\/en\/driving-the-transition\/\">Driving the transition<\/a>\n<ul class=\"children\">\n\t<li class=\"page_item page-item-5428 page_item_has_children\"><a href=\"https:\/\/www.eve.eus\/en\/driving-the-transition\/energy-in-euskadi\/\">Energy in Euskadi<\/a>\n\t<ul class=\"children\">\n\t\t<li class=\"page_item page-item-25300\"><a href=\"https:\/\/www.eve.eus\/en\/driving-the-transition\/energy-in-euskadi\/industry-plan-euskadi-2030\/\">Industry Plan \u2013 Euskadi 2030<\/a><\/li>\n\t\t<li class=\"page_item page-item-4828\"><a href=\"https:\/\/www.eve.eus\/en\/driving-the-transition\/energy-in-euskadi\/energy-transition-and-climate-change-act\/\">Energy Transition and Climate Change Act<\/a><\/li>\n\t\t<li class=\"page_item page-item-4720\"><a href=\"https:\/\/www.eve.eus\/en\/driving-the-transition\/energy-in-euskadi\/energy-policy-3e2030\/\">Energy Policy 3E2030<\/a><\/li>\n\t\t<li class=\"page_item page-item-4765\"><a href=\"https:\/\/www.eve.eus\/en\/driving-the-transition\/energy-in-euskadi\/basque-hydrogen-strategy\/\">Basque Hydrogen Strategy<\/a><\/li>\n\t\t<li class=\"page_item page-item-4745\"><a href=\"https:\/\/www.eve.eus\/en\/driving-the-transition\/energy-in-euskadi\/energibasque-strategy\/\">Energibasque strategy<\/a><\/li>\n\t\t<li class=\"page_item page-item-25665\"><a href=\"https:\/\/www.eve.eus\/en\/driving-the-transition\/energy-in-euskadi\/eve-map-of-renewable-energies\/\">EVE map of renewable energies<\/a><\/li>\n\t\t<li class=\"page_item page-item-25358\"><a href=\"https:\/\/www.eve.eus\/en\/driving-the-transition\/energy-in-euskadi\/acceso-a-la-energia\/\">Acceso a la energ\u00eda<\/a><\/li>\n\t\t<li class=\"page_item page-item-4585\"><a href=\"https:\/\/www.eve.eus\/en\/driving-the-transition\/energy-in-euskadi\/recent-history-of-the-basque-energy-system\/\">Recent history of the Basque energy system<\/a><\/li>\n\t<\/ul>\n<\/li>\n\t<li class=\"page_item page-item-25341 page_item_has_children\"><a href=\"https:\/\/www.eve.eus\/en\/driving-the-transition\/energy-data\/\">Energy data<\/a>\n\t<ul class=\"children\">\n\t\t<li class=\"page_item page-item-25367\"><a href=\"https:\/\/www.eve.eus\/en\/driving-the-transition\/energy-data\/observatorio-de-coyuntura-energetica\/\">Observatory of the energy situation<\/a><\/li>\n\t\t<li class=\"page_item page-item-25338\"><a href=\"https:\/\/www.eve.eus\/en\/driving-the-transition\/energy-data\/energy-data-of-the-basque-country\/\">Energy data of the Basque Country<\/a><\/li>\n\t<\/ul>\n<\/li>\n<\/ul>\n<\/li>\n<li class=\"page_item page-item-24374 page_item_has_children\"><a href=\"https:\/\/www.eve.eus\/en\/energy-projects\/\">Energy projects<\/a>\n<ul class=\"children\">\n\t<li class=\"page_item page-item-24471 page_item_has_children\"><a href=\"https:\/\/www.eve.eus\/en\/energy-projects\/renewables-networks\/\">Renewables \/ Networks<\/a>\n\t<ul class=\"children\">\n\t\t<li class=\"page_item page-item-25894\"><a href=\"https:\/\/www.eve.eus\/en\/energy-projects\/renewables-networks\/eve-map-of-renewable-energies\/\">EVE map of renewable energies<\/a><\/li>\n\t\t<li class=\"page_item page-item-4505\"><a href=\"https:\/\/www.eve.eus\/en\/energy-projects\/renewables-networks\/electrical-distribution-networks\/\">Electrical distribution networks<\/a><\/li>\n\t\t<li class=\"page_item page-item-4387\"><a href=\"https:\/\/www.eve.eus\/en\/energy-projects\/renewables-networks\/wind-power\/\">Wind Power<\/a><\/li>\n\t\t<li class=\"page_item page-item-24511\"><a href=\"https:\/\/www.eve.eus\/en\/energy-projects\/renewables-networks\/solar-photovoltaic\/\">Solar photovoltaic<\/a><\/li>\n\t\t<li class=\"page_item page-item-24516\"><a href=\"https:\/\/www.eve.eus\/en\/energy-projects\/renewables-networks\/self-consumption\/\">Self-consumption<\/a><\/li>\n\t\t<li class=\"page_item page-item-24356\"><a href=\"https:\/\/www.eve.eus\/en\/energy-projects\/renewables-networks\/energy-storage\/\">Energy storage<\/a><\/li>\n\t\t<li class=\"page_item page-item-24493\"><a href=\"https:\/\/www.eve.eus\/en\/energy-projects\/renewables-networks\/energy-communities\/\">Energy Communities<\/a><\/li>\n\t\t<li class=\"page_item page-item-4349\"><a href=\"https:\/\/www.eve.eus\/en\/energy-projects\/renewables-networks\/marine-energy\/\">Marine energy<\/a><\/li>\n\t\t<li class=\"page_item page-item-4418\"><a href=\"https:\/\/www.eve.eus\/en\/energy-projects\/renewables-networks\/geothermal-energy\/\">Geothermal energy<\/a><\/li>\n\t<\/ul>\n<\/li>\n\t<li class=\"page_item page-item-24483 page_item_has_children\"><a href=\"https:\/\/www.eve.eus\/en\/energy-projects\/molecule\/\">Molecule<\/a>\n\t<ul class=\"children\">\n\t\t<li class=\"page_item page-item-4306\"><a href=\"https:\/\/www.eve.eus\/en\/energy-projects\/molecule\/biomethane\/\">Biomethane<\/a><\/li>\n\t\t<li class=\"page_item page-item-24488\"><a href=\"https:\/\/www.eve.eus\/en\/energy-projects\/molecule\/renewable-hydrogen\/\">Renewable hydrogen<\/a><\/li>\n\t\t<li class=\"page_item page-item-24464\"><a href=\"https:\/\/www.eve.eus\/en\/energy-projects\/molecule\/co2\/\">CO2<\/a><\/li>\n\t<\/ul>\n<\/li>\n\t<li class=\"page_item page-item-24447 page_item_has_children\"><a href=\"https:\/\/www.eve.eus\/en\/energy-projects\/other-activities\/\">Other activities<\/a>\n\t<ul class=\"children\">\n\t\t<li class=\"page_item page-item-4415\"><a href=\"https:\/\/www.eve.eus\/en\/energy-projects\/other-activities\/geology-and-mining\/\">Geology and mining<\/a><\/li>\n\t\t<li class=\"page_item page-item-5453 page_item_has_children\"><a href=\"https:\/\/www.eve.eus\/en\/energy-projects\/other-activities\/european-projects\/\">European Projects<\/a>\n\t\t<ul class=\"children\">\n\t\t\t<li class=\"page_item page-item-23582\"><a href=\"https:\/\/www.eve.eus\/en\/energy-projects\/other-activities\/european-projects\/charge\/\">CHARGE<\/a><\/li>\n\t\t\t<li class=\"page_item page-item-5242\"><a href=\"https:\/\/www.eve.eus\/en\/energy-projects\/other-activities\/european-projects\/atelier\/\">ATELIER<\/a><\/li>\n\t\t\t<li class=\"page_item page-item-5251\"><a href=\"https:\/\/www.eve.eus\/en\/energy-projects\/other-activities\/european-projects\/birtuoss-opengela\/\">BIRTUOSS (OPENGELA)<\/a><\/li>\n\t\t\t<li class=\"page_item page-item-5261\"><a href=\"https:\/\/www.eve.eus\/en\/energy-projects\/other-activities\/european-projects\/cetp\/\">CETP<\/a><\/li>\n\t\t\t<li class=\"page_item page-item-5281\"><a href=\"https:\/\/www.eve.eus\/en\/energy-projects\/other-activities\/european-projects\/europewave\/\">EUROPEWAVE<\/a><\/li>\n\t\t\t<li class=\"page_item page-item-5292\"><a href=\"https:\/\/www.eve.eus\/en\/energy-projects\/other-activities\/european-projects\/octopus\/\">Octopus<\/a><\/li>\n\t\t\t<li class=\"page_item page-item-5307\"><a href=\"https:\/\/www.eve.eus\/en\/energy-projects\/other-activities\/european-projects\/phyrene\/\">Phyrene<\/a><\/li>\n\t\t\t<li class=\"page_item page-item-5325\"><a href=\"https:\/\/www.eve.eus\/en\/energy-projects\/other-activities\/european-projects\/sirenergy\/\">SIRENERGY<\/a><\/li>\n\t\t\t<li class=\"page_item page-item-5343\"><a href=\"https:\/\/www.eve.eus\/en\/energy-projects\/other-activities\/european-projects\/urban-klima-2050\/\">Urban Klima 2050<\/a><\/li>\n\t\t<\/ul>\n<\/li>\n\t<\/ul>\n<\/li>\n<\/ul>\n<\/li>\n<li class=\"page_item page-item-5418\"><a href=\"https:\/\/www.eve.eus\/en\/get-to-know-energy\/\">Get To Know Energy<\/a><\/li>\n<li class=\"page_item page-item-3473\"><a href=\"https:\/\/www.eve.eus\/en\/\">Inicio<\/a><\/li>\n<li class=\"page_item page-item-16318\"><a href=\"https:\/\/www.eve.eus\/en\/internal-information-system\/\">Internal Information System<\/a><\/li>\n<li class=\"page_item page-item-4082\"><a href=\"https:\/\/www.eve.eus\/en\/legal-disclaimer\/\">Legal disclaimer<\/a><\/li>\n<li class=\"page_item page-item-12046 current_page_parent\"><a href=\"https:\/\/www.eve.eus\/en\/news\/\">News<\/a><\/li>\n<li class=\"page_item page-item-15933\"><a href=\"https:\/\/www.eve.eus\/en\/newsletter\/\">Newsletter<\/a><\/li>\n<li class=\"page_item page-item-5464 page_item_has_children\"><a href=\"https:\/\/www.eve.eus\/en\/transparency\/\">Transparency<\/a>\n<ul class=\"children\">\n\t<li class=\"page_item page-item-5503\"><a href=\"https:\/\/www.eve.eus\/en\/transparency\/ente-vasco-de-la-energia\/\">Ente Vasco de la Energ\u00eda<\/a><\/li>\n\t<li class=\"page_item page-item-5603\"><a href=\"https:\/\/www.eve.eus\/en\/transparency\/cadem\/\">CADEM<\/a><\/li>\n\t<li class=\"page_item page-item-5639\"><a href=\"https:\/\/www.eve.eus\/en\/transparency\/shesa\/\">SHESA<\/a><\/li>\n\t<li class=\"page_item page-item-5850\"><a href=\"https:\/\/www.eve.eus\/en\/transparency\/bimep\/\">BIMEP<\/a><\/li>\n\t<li class=\"page_item page-item-5899\"><a href=\"https:\/\/www.eve.eus\/en\/transparency\/harana-kontrasta\/\">Harana Kontrasta<\/a><\/li>\n<\/ul>\n<\/li>\n<li class=\"page_item page-item-4250\"><a href=\"https:\/\/www.eve.eus\/en\/actions\/public-administrations\/\">Public administrations<\/a><\/li>\n\t<\/ul>\n<\/section>","protected":false},"excerpt":{"rendered":"","protected":false},"author":1,"featured_media":0,"parent":0,"menu_order":0,"comment_status":"closed","ping_status":"closed","template":"templates\/page-with-container.php","meta":{"_acf_changed":false,"footnotes":""},"class_list":["post-25325","page","type-page","status-publish","hentry"],"acf":[],"_links":{"self":[{"href":"https:\/\/www.eve.eus\/en\/wp-json\/wp\/v2\/pages\/25325","targetHints":{"allow":["GET"]}}],"collection":[{"href":"https:\/\/www.eve.eus\/en\/wp-json\/wp\/v2\/pages"}],"about":[{"href":"https:\/\/www.eve.eus\/en\/wp-json\/wp\/v2\/types\/page"}],"author":[{"embeddable":true,"href":"https:\/\/www.eve.eus\/en\/wp-json\/wp\/v2\/users\/1"}],"replies":[{"embeddable":true,"href":"https:\/\/www.eve.eus\/en\/wp-json\/wp\/v2\/comments?post=25325"}],"version-history":[{"count":1,"href":"https:\/\/www.eve.eus\/en\/wp-json\/wp\/v2\/pages\/25325\/revisions"}],"predecessor-version":[{"id":25621,"href":"https:\/\/www.eve.eus\/en\/wp-json\/wp\/v2\/pages\/25325\/revisions\/25621"}],"wp:attachment":[{"href":"https:\/\/www.eve.eus\/en\/wp-json\/wp\/v2\/media?parent=25325"}],"curies":[{"name":"wp","href":"https:\/\/api.w.org\/{rel}","templated":true}]}}