{"id":21092,"date":"2026-01-13T13:33:58","date_gmt":"2026-01-13T12:33:58","guid":{"rendered":"https:\/\/www.eve.eus\/ezagutu-energia\/ezagutzen-duzu\/redes-de-distribucion-electrica-el-eje-de-la-descarbonizacion-del-sistema-electrico\/"},"modified":"2026-04-08T12:13:26","modified_gmt":"2026-04-08T10:13:26","slug":"elektrizitatea-banatzeko-sarea-sistema-elektrikoaren-deskarbonizazioaren-ardatza","status":"publish","type":"page","link":"https:\/\/www.eve.eus\/eu\/aliantzak-sortzen-ditugu\/baliozko-zerbitzuak\/herritarrak\/ezagutzen-duzu\/elektrizitatea-banatzeko-sarea-sistema-elektrikoaren-deskarbonizazioaren-ardatza\/","title":{"rendered":"Elektrizitatea banatzeko sarea: sistema elektrikoaren deskarbonizazioaren ardatza"},"content":{"rendered":"<div class=\"row\">\r\n<div class=\"col-md-6 align-self-center\"><img alt=\"Central nuclear\" data-src=\"\/assets\/media\/iStock-1172149372.jpg\" class=\" lazyload\"><\/div>\r\n\r\n<div class=\"col-md-6 align-self-center\">\r\n<p><strong>Elektrizitatea banatzeko sareak<\/strong> elektrizitatea sorkuntza-zentroetatik (zentral elektrikoak eta sorkuntza banatua) azken kontsumitzaileengana (etxeak, enpresak eta industriak) eramaten duten azpiegiturak dira. Honako hauek bereizi behar dira: <strong>garraio-sareak<\/strong>, goi-tentsioko energia-bolumen handiak eramaten dituztenak zentral elektrikoen eta transformazio-azpiestazioen artean, eta tentsio txikiagoan jarduten duten <strong>banaketa-sareak<\/strong>, elektrizitatea azpiestazioetatik azken erabiltzaileengana hurbiltzeko. Funtsezkoak dira energia elektrikoaren hornidura segurua eta etengabea bermatzeko, energia berriztagarriak integratzeko eta deskarbonizatutako ekonomia bateranzko trantsizio energetikoan aurrera egiteko.<\/p>\r\n\r\n<p><strong>Red El\u00e9ctrica de Espa\u00f1a Redeia Corporacion SArena<\/strong> da, eta legez, goi-tentsioko elektrizitatea <strong>garraiatzeko sarea<\/strong> kudeatzeaz eta sistema elektriko nazionalean jarduteaz arduratzen den enpresa bakarra da.  <\/p>\r\n\r\n<p>Bestalde, <strong>banaketa-sareak<\/strong> enpresa pribatuek kudeatzen dituzte, eta haien merkatua eremu geografikoen arabera araututa eta esleituta dago. <strong>Bost banatzaile handi<\/strong> daude, lurraldearen zatirik handiena hartzen dutenak, baita tokiko 300 banatzaile txiki inguru ere.<\/p>\r\n<\/div>\r\n<div class=\"col-md-12\" style=\"margin-top:20px;\">\r\n<p>La energ\u00eda nuclear destaca por su <strong>alta capacidad de generaci\u00f3n continua sin emisiones directas de CO\u2082<\/strong>, lo que la convierte en una aliada para la descarbonizaci\u00f3n y la estabilidad del suministro. Sin embargo, sus <strong>inconvenientes<\/strong> incluyen la gesti\u00f3n de residuos radiactivos, riesgos en caso de accidentes y elevados costes de construcci\u00f3n y desmantelamiento, factores que requieren estricta regulaci\u00f3n y avances tecnol\u00f3gicos.<\/p>\r\n<ul>\t<li>\r\n\u2022\tE-Distribuci\u00f3n (Endesa)<\/li>\r\n\r\n\t<li>\u2022\ti-DE Redes Inteligentes (Iberdrola)<\/li>\r\n\r\n\t<li>\u2022\tUFD Distribuci\u00f3n (Naturgy)<\/li>\r\n\r\n\t<li>\u2022\tE-Redes (EDP)<\/li>\r\n\r\n\t<li>\u2022\tViesgo Distribuci\u00f3n (Repsol)<\/li>\r\n\r\n<\/ul>\r\n\r\n<\/div>\r\n<\/div>\r\n\r\n<div class=\"row\">\r\n<div class=\"col-md-12 m-auto\">\r\n<div class=\"module-title text-center\">\r\n<h2 class=\"sidelines\"><span>Sare-motak, tentsioaren arabera:<\/span><\/h2>\r\n<\/div>\r\n<\/div>\r\n\r\n\r\n<div class=\"row\">\r\n<div class=\"col-md-12\">\r\n<ul>\r\n\t<li>\u2022\t<strong>Goi-tentsioa (GT):<\/strong>\r\n<ul>\r\n\t<li>36 kV-tik gora. Normalean, 66 kV eta 220 kV artean eskualdeko garraiorako, eta 220 kV-tik gora garraio nazional eta interkonexioetarako; zentro handiak eta azpiestazioak konektatzen dituzte.<\/li>\r\n<\/ul>\r\n\r\n<\/li>\r\n\r\n\t<li>\u2022\t<strong>Erdi-tentsioa (ET):<\/strong>\r\n<ul>\r\n\t<li>1 kV eta 36 kV artean; energia banatzen dute hiri- eta industria-eremuetara eta kontsumitzaile handiengana.<\/li>\r\n<\/ul>\r\n\r\n<\/li>\r\n\r\n\t<li>\u2022\t<strong>Behe-tentsioa (BT):<\/strong>\r\n<ul>\r\n\t<li>1 kV-tik behera. 230 V eta 400 V artean izan ohi dira etxeko hornidurarako, eta energia erabiltzaileei helarazten die zuzenean.<\/li>\r\n<\/ul>\r\n\r\n<\/li>\r\n\r\n<\/ul>\r\n<p>Sareek, gainera, <strong>transformazio-zentroak<\/strong> dituzte; tentsio elektrikoa murrizten duten instalazioak dira, etxeko edo industriako kontsumorako egokitzeko, eta kalitatea eta segurtasuna bermatzen dute.<\/p>\r\n<\/div>\r\n\r\n<div class=\"col-md-6\">\r\n\r\n<p>Sare elektrikoekin lotuta, honako hau da <strong>legeria<\/strong> nagusia:<\/p>\r\n<ul>\r\n\t<li>\u2022\t24\/2013 Legea, abenduaren 26koa, Sektore elektrikoari buruzkoa<\/li>\r\n\r\n\t<li>\u2022\t1183\/2020 Errege Dekretua, abenduaren 29koa, Energia elektrikoaren garraio- eta banaketa-sareetarako sarbidearena eta konexioarena.<\/li>\r\n\r\n\t<li>\u2022\t314\/2023 Errege Dekretua, apirilaren 25ekoa, Energia elektrikoa banatzeko sare itxien administrazio-baimena emateko prozedura eta baldintzak garatzen dituena.<\/li>\r\n\r\n\t<li>\u2022\t1\/2021 Zirkularra, urtarrilaren 20koa, Merkatuen eta Lehiaren Batzorde Nazionalarena, Energia elektrikoaren ekoizpen-instalazioen garraio- eta banaketa-sareetara iristeko eta haiekin lotzeko metodologia eta baldintzak ezartzen dituena.<\/li>\r\n\r\n\t<li>\u2022\t1\/2024 Zirkularra, irailaren 27koa, Merkatuen eta Lehiaren Batzorde Nazionalarena, Energia elektrikoaren eskaera-instalazioen garraio- eta banaketa-sareetara iristeko eta haiekin lotzeko metodologia eta baldintzak ezartzen dituena.<\/li>\r\n\r\n\t<li>\u2022\t7\/2025 Errege Lege Dekretua, ekainaren 24koa, Sistema elektrikoa indartzeko presazko neurriak onesten dituena, abenduaren 29ko 1183\/2020 Errege Dekretua aldatzen duena.<\/li>\r\n\r\n<\/ul>\r\n\r\n<\/div>\r\n<div class=\"col-md-6 align-self-center\"><img alt=\"Central nuclear\" data-src=\"\/assets\/media\/iStock-836674570.jpg\" class=\" lazyload\"><\/div>\r\n<\/div><\/div>","protected":false},"excerpt":{"rendered":"<p>Elektrizitatea banatzeko sareak elektrizitatea sorkuntza-zentroetatik (zentral elektrikoak eta sorkuntza banatua) azken kontsumitzaileengana (etxeak, enpresak eta industriak) eramaten duten azpiegiturak dira. Honako hauek bereizi behar dira: garraio-sareak, goi-tentsioko energia-bolumen handiak eramaten dituztenak zentral elektrikoen eta transformazio-azpiestazioen artean, eta tentsio txikiagoan jarduten duten banaketa-sareak, elektrizitatea azpiestazioetatik azken erabiltzaileengana hurbiltzeko. Funtsezkoak dira energia elektrikoaren hornidura segurua eta etengabea [&hellip;]<\/p>\n","protected":false},"author":1,"featured_media":21066,"parent":5437,"menu_order":150,"comment_status":"closed","ping_status":"closed","template":"templates\/page-with-container.php","meta":{"_acf_changed":false,"footnotes":""},"class_list":["post-21092","page","type-page","status-publish","has-post-thumbnail","hentry"],"acf":[],"_links":{"self":[{"href":"https:\/\/www.eve.eus\/eu\/wp-json\/wp\/v2\/pages\/21092","targetHints":{"allow":["GET"]}}],"collection":[{"href":"https:\/\/www.eve.eus\/eu\/wp-json\/wp\/v2\/pages"}],"about":[{"href":"https:\/\/www.eve.eus\/eu\/wp-json\/wp\/v2\/types\/page"}],"author":[{"embeddable":true,"href":"https:\/\/www.eve.eus\/eu\/wp-json\/wp\/v2\/users\/1"}],"replies":[{"embeddable":true,"href":"https:\/\/www.eve.eus\/eu\/wp-json\/wp\/v2\/comments?post=21092"}],"version-history":[{"count":2,"href":"https:\/\/www.eve.eus\/eu\/wp-json\/wp\/v2\/pages\/21092\/revisions"}],"predecessor-version":[{"id":21094,"href":"https:\/\/www.eve.eus\/eu\/wp-json\/wp\/v2\/pages\/21092\/revisions\/21094"}],"up":[{"embeddable":true,"href":"https:\/\/www.eve.eus\/eu\/wp-json\/wp\/v2\/pages\/5437"}],"wp:featuredmedia":[{"embeddable":true,"href":"https:\/\/www.eve.eus\/eu\/wp-json\/wp\/v2\/media\/21066"}],"wp:attachment":[{"href":"https:\/\/www.eve.eus\/eu\/wp-json\/wp\/v2\/media?parent=21092"}],"curies":[{"name":"wp","href":"https:\/\/api.w.org\/{rel}","templated":true}]}}