{"id":6237,"date":"2024-12-18T13:29:32","date_gmt":"2024-12-18T12:29:32","guid":{"rendered":"https:\/\/www.eve.eus\/contacto\/"},"modified":"2025-01-30T16:56:05","modified_gmt":"2025-01-30T15:56:05","slug":"kontaktua","status":"publish","type":"page","link":"https:\/\/www.eve.eus\/eu\/kontaktua\/","title":{"rendered":"Kontaktua"},"content":{"rendered":"<section class=\"page-contacto__module\">\r\n  <div class=\"container\">\r\n    <article class=\"page-contacto__card\">\n<div class=\"wpcf7 no-js\" id=\"wpcf7-f5-o1\" lang=\"es-ES\" dir=\"ltr\" data-wpcf7-id=\"5\">\n<div class=\"screen-reader-response\"><p role=\"status\" aria-live=\"polite\" aria-atomic=\"true\"><\/p> <ul><\/ul><\/div>\n<form action=\"\/eu\/wp-json\/wp\/v2\/pages\/6237#wpcf7-f5-o1\" method=\"post\" class=\"wpcf7-form init\" aria-label=\"Contact form\" novalidate=\"novalidate\" data-status=\"init\">\n<fieldset class=\"hidden-fields-container\"><input type=\"hidden\" name=\"_wpcf7\" value=\"5\"><input type=\"hidden\" name=\"_wpcf7_version\" value=\"6.1.5\"><input type=\"hidden\" name=\"_wpcf7_locale\" value=\"es_ES\"><input type=\"hidden\" name=\"_wpcf7_unit_tag\" value=\"wpcf7-f5-o1\"><input type=\"hidden\" name=\"_wpcf7_container_post\" value=\"0\"><input type=\"hidden\" name=\"_wpcf7_posted_data_hash\" value=\"\">\n<\/fieldset>\n<article class=\"cb-cf7-field field-underline field-nombre\">\n\t<div class=\"label-field\">\n\t\t<p><span class=\"only-es\">Nombre *<\/span><span class=\"only-en\">Name *<\/span><span class=\"only-eu\">Izena *<\/span><span class=\"only-fr\">Nom *<\/span>\n\t\t<\/p>\n\t<\/div>\n\t<div class=\"cb-cf7-field__inner\">\n\t\t<p><span class=\"wpcf7-form-control-wrap\" data-name=\"contacto-nombre\"><input size=\"40\" maxlength=\"400\" class=\"wpcf7-form-control wpcf7-text wpcf7-validates-as-required\" aria-required=\"true\" aria-invalid=\"false\" placeholder=\"Izena\" value=\"\" type=\"text\" name=\"contacto-nombre\"><\/span>\n\t\t<\/p>\n\t<\/div>\n<\/article>\n<article class=\"cb-cf7-field field-underline field-apellidos\">\n\t<div class=\"label-field\">\n\t\t<p><span class=\"only-es\">Apellidos *<\/span><span class=\"only-en\">Surnames *<\/span><span class=\"only-eu\">Abizenak *<\/span><span class=\"only-fr\">Noms de famille *<\/span>\n\t\t<\/p>\n\t<\/div>\n\t<div class=\"cb-cf7-field__inner\">\n\t\t<p><span class=\"wpcf7-form-control-wrap\" data-name=\"contacto-apellidos\"><input size=\"40\" maxlength=\"400\" class=\"wpcf7-form-control wpcf7-text wpcf7-validates-as-required\" aria-required=\"true\" aria-invalid=\"false\" placeholder=\"Abizenak\" value=\"\" type=\"text\" name=\"contacto-apellidos\"><\/span>\n\t\t<\/p>\n\t<\/div>\n<\/article>\n<article class=\"cb-cf7-field field-underline field-email\">\n\t<div class=\"label-field\">\n\t\t<p><span class=\"only-es\">Email *<\/span><span class=\"only-en\">Email *<\/span><span class=\"only-eu\">Posta elektronikoa *<\/span><span class=\"only-fr\">Email *<\/span>\n\t\t<\/p>\n\t<\/div>\n\t<div class=\"cb-cf7-field__inner\">\n\t\t<p><span class=\"wpcf7-form-control-wrap\" data-name=\"contacto-email\"><input size=\"40\" maxlength=\"400\" class=\"wpcf7-form-control wpcf7-email wpcf7-validates-as-required wpcf7-text wpcf7-validates-as-email\" aria-required=\"true\" aria-invalid=\"false\" placeholder=\"E-posta\" value=\"\" type=\"email\" name=\"contacto-email\"><\/span>\n\t\t<\/p>\n\t<\/div>\n<\/article>\n<article class=\"cb-cf7-field field-underline field-telefono\">\n\t<div class=\"label-field\">\n\t\t<p><span class=\"only-es\">Tel\u00e9fono *<\/span><span class=\"only-en\">Phone *<\/span><span class=\"only-eu\">Telefonoa *<\/span><span class=\"only-fr\">T\u00e9l\u00e9phone *<\/span>\n\t\t<\/p>\n\t<\/div>\n\t<div class=\"cb-cf7-field__inner\">\n\t\t<p><span class=\"wpcf7-form-control-wrap\" data-name=\"contacto-telefono\"><input size=\"40\" maxlength=\"400\" class=\"wpcf7-form-control wpcf7-tel wpcf7-validates-as-required wpcf7-text wpcf7-validates-as-tel\" aria-required=\"true\" aria-invalid=\"false\" placeholder=\"Tel\u00e9fono\" value=\"\" type=\"tel\" name=\"contacto-telefono\"><\/span>\n\t\t<\/p>\n\t<\/div>\n<\/article>\n<article class=\"cb-cf7-field field-underline field-tipo\">\n\t<div class=\"label-field\">\n\t\t<p><span class=\"only-es\">\u00bfEn qu\u00e9 podemos ayudarle? *<\/span><span class=\"only-en\">How can we help you? *<\/span><span class=\"only-eu\">Nola lagundu dezakegu? *<\/span><span class=\"only-fr\">Comment pouvons-nous vous aider ? *<\/span>\n\t\t<\/p>\n\t<\/div>\n\t<div class=\"cb-cf7-field__inner\">\n\t\t<p><span class=\"wpcf7-form-control-wrap\" data-name=\"contacto-select-tipo\"><select class=\"wpcf7-form-control wpcf7-select wpcf7-validates-as-required\" aria-required=\"true\" aria-invalid=\"false\" name=\"contacto-select-tipo\"><option value=\"\">Elija una opci\u00f3n<\/option><option value=\"ayudas\">Dirulaguntzak<\/option><option value=\"solicitud-informacion\">Informazioa eskatzea<\/option><option value=\"sugerencia\">Sugerencia<\/option><option value=\"agradecimiento\">Agradecimiento<\/option><option value=\"queja\">Queja<\/option><\/select><\/span>\n\t\t<\/p>\n\t<\/div>\n<\/article>\n<article class=\"cb-cf7-field field-underline field-asunto\">\n\t<div class=\"label-field\">\n\t\t<p><span class=\"only-es\">Asunto *<\/span><span class=\"only-en\">Affair *<\/span><span class=\"only-eu\">Afera *<\/span><span class=\"only-fr\">Affaire *<\/span>\n\t\t<\/p>\n\t<\/div>\n\t<div class=\"cb-cf7-field__inner\">\n\t\t<p><span class=\"wpcf7-form-control-wrap\" data-name=\"contacto-asunto\"><input size=\"40\" maxlength=\"400\" class=\"wpcf7-form-control wpcf7-text wpcf7-validates-as-required\" aria-required=\"true\" aria-invalid=\"false\" placeholder=\"Asunto\" value=\"\" type=\"text\" name=\"contacto-asunto\"><\/span>\n\t\t<\/p>\n\t<\/div>\n<\/article>\n<article class=\"cb-cf7-field field-underline\">\n\t<div class=\"label-field\">\n\t\t<p><span class=\"only-es\">Mensaje *<\/span><span class=\"only-en\">Message *<\/span><span class=\"only-eu\">Mezua *<\/span><span class=\"only-fr\">Message *<\/span>\n\t\t<\/p>\n\t<\/div>\n\t<div class=\"cb-cf7-field__inner\">\n\t\t<p><span class=\"wpcf7-form-control-wrap\" data-name=\"contacto-mensaje\"><textarea cols=\"40\" rows=\"10\" maxlength=\"2000\" class=\"wpcf7-form-control wpcf7-textarea wpcf7-validates-as-required\" aria-required=\"true\" aria-invalid=\"false\" placeholder=\"Mensaje\" name=\"contacto-mensaje\"><\/textarea><\/span>\n\t\t<\/p>\n\t<\/div>\n<\/article>\n<article class=\"cb-cf7-field\">\n\t<p><label for=\"field-politica-privacidad\" class=\"custom-checkbox\"><span class=\"wpcf7-form-control-wrap\" data-name=\"politica-privacidad\"><span class=\"wpcf7-form-control wpcf7-acceptance\"><span class=\"wpcf7-list-item\"><input type=\"checkbox\" name=\"politica-privacidad\" value=\"1\" class=\"check-politica custom-checkbox-cf\" id=\"field-politica-privacidad\" aria-invalid=\"false\"><\/span><\/span><\/span><span class=\"only-es\">He le\u00eddo y acepto la<a href=\"\/politica-de-privacidad\/\" target=\"_blank\">Pol\u00edtica de Privacidad<\/a><\/span><span class=\"only-en\">I accept the<a href=\"\/en\/privacy-policy\/\" target=\"_blank\">privacy terms<\/a><\/span><span class=\"only-eu\"><a href=\"\/eu\/pribatutasun-politika\/\" target=\"_blank\">Pribatutasun Politika<\/a>irakurri eta onartzen dut<\/span><span class=\"only-fr\">J'ai lu et accept\u00e9 la<a href=\"\/fr\/politique-de-confidentialite\/\" target=\"_blank\">politique de confidentialit\u00e9<\/a><\/span><\/label>\n\t<\/p>\n<\/article>\n<article class=\"cb-cf7-field\">\n\t<p><section class=\"custom-captcha__section\">\t\r\n\t<main class=\"custom-captcha__card\">\r\n\t\t<label class=\"custom-captcha__label\">Mesedez, bete captcha, idatzi zenbakiak eta letrak irudian<\/label>\r\n\t\t<img alt=\"captcha\" data-src=\"https:\/\/www.eve.eus\/assets\/themes\/core-base-child\/partials\/captcha\/create-image-captcha.php?meta=82&amp;keys=16-d-12-f-10-2-1d-b\" class=\" lazyload\">\r\n\t\t<div class=\"custom-captcha__cta\">\r\n\t\t\t<input class=\"custom-captcha__input\" name=\"custom-captcha\" placeholder=\"Idatzi captcha\">\r\n\t\t\t<button title=\"Berriz kargatu captcha\" id=\"cb_captcha_reload\"><\/button>\r\n\t\t<\/div>\r\n\t<\/main>\t\r\n<\/section>\r\n<span class=\"wpcf7-form-control-wrap\" data-name=\"false-captcha\"><input size=\"40\" maxlength=\"400\" class=\"wpcf7-form-control wpcf7-text\" id=\"false-captcha\" aria-invalid=\"false\" value=\"\" type=\"text\" name=\"false-captcha\"><\/span>\n\t<\/p>\n<\/article>\n<article class=\"cb-cf7-field field-submit\">\n\t<div class=\"field-submit__inner\">\n\t\t<p><input class=\"wpcf7-form-control wpcf7-submit btn-submit-cf7\" type=\"submit\" value=\"Bidali\">\n\t\t<\/p>\n\t<\/div>\n<\/article>\n<p><section class=\"textoLegal col-md-12 m-auto\">\r\n<p>En cumplimiento de lo dispuesto en la normativa vigente en materia de Protecci\u00f3n de Datos de Car\u00e1cter Personal, el Responsable del Tratamiento es el ENTE VASCO DE ENERGIA (en adelante, \u201cEVE\u201d), NIF: Q5150001E, direcci\u00f3n: Alameda de Urquijo, 36, 1\u00aa Planta, 48011, Bilbao (Bizkaia), tel\u00e9fono: <a href=\"tel:0034944035600\">+34944035600<\/a>, e-mail: <a href=\"mailto:comunicacion@eve.eus\">comunicacion@eve.eus<\/a><\/p>\r\n<p>La base para el tratamiento de los datos es el consentimiento del usuario y la finalidad del tratamiento es la de atender su consulta, solicitud o sugerencia.<\/p>\r\n<p>Los datos se conservar\u00e1n mientras se mantenga la relaci\u00f3n y no se solicite su supresi\u00f3n y en cualquier caso en cumplimiento de plazos legales de prescripci\u00f3n que le resulten de aplicaci\u00f3n.<\/p>\r\n<p>No se ceder\u00e1n datos a terceros, salvo obligaci\u00f3n legal ni se prev\u00e9n transferencias internacionales de dichos datos.<\/p>\r\n<p>Puede ejercitar sus derechos de acceso, rectificaci\u00f3n, supresi\u00f3n, portabilidad y la limitaci\u00f3n u oposici\u00f3n mediante comunicaci\u00f3n escrita, acompa\u00f1ada de copia de un documento identificativo v\u00e1lido al EVE, a la direcci\u00f3n del Delegado de Protecci\u00f3n de Datos dpd@eve.eus , indicando la referencia \u201cEjercicio derechos protecci\u00f3n de datos\u201d. Tambi\u00e9n tiene derecho a reclamar ante la Autoridad de Control (Agencia Espa\u00f1ola de Protecci\u00f3n de Datos: <a href=\"https:\/\/www.agpd.es\" target=\"_blank\">www.agpd.es<\/a> o  Agencia Vasca de Protecci\u00f3n de Datos <a href=\"http:\/\/www.avpd.euskadi.eus\/s04-5213\/es\/\" target=\"_blank\">http:\/\/www.avpd.euskadi.eus\/s04-5213\/es\/<\/a>).<\/p>\r\n<\/section>\n<\/p><div class=\"wpcf7-response-output\" aria-hidden=\"true\"><\/div>\n<\/form>\n<\/div>\n<\/article>\r\n  <\/div>\r\n<\/section>\r\n<section class=\"container\">\r\n   <div class=\"module-title text-center\">\r\n      <h2>Nola iritsi<\/h2>\r\n   <\/div>\r\n<\/section>\r\n<section class=\"cb-map__limit-height\" style=\"height:350px;\"><section class=\"cb-map__wrapper\">\r\n\t\t<article class=\"cb-map__canvas\">\r\n\t\t<span class=\"cb-map__ratio\"><\/span>\r\n\t\t\t\t<div id=\"cb-map-5875\" class=\"cb-map\" data-zoom=\"8.8\" data-lat=\"43.0608018558372\" data-lon=\"-2.66671817414034\" data-markers='[{\"marker_lat\":\"43.26080185583719\",\"marker_lon\":\"-2.9367181741403368\",\"marker_id\":\"map-5875-marker-01\",\"marker_icon\":\"https:\\\/\\\/www.eve.eus\\\/assets\\\/themes\\\/core-base-child\\\/assets\\\/images\\\/map-marker-white-32.png\",\"marker_color\":\"#1fa465\",\"marker_tooltip\":\"&lt;div style=\\\"line-height : 140%;\\\"&gt;Alameda de Urquijo, 36 - 1\\u00ba&lt;br&gt;\\r\\nEdificio Plaza Bizkaia&lt;br&gt;\\r\\n48011 BILBAO&lt;br&gt;\\r\\nTel.: &lt;a href=\\\"tel:0034944035600\\\"&gt;(34) 944 035 600&lt;\\\/a&gt;&lt;\\\/div&gt;\"}]' data-tile-url=\"https:\/\/server.arcgisonline.com\/ArcGIS\/rest\/services\/Canvas\/World_Light_Gray_Base\/MapServer\/tile\/{z}\/{y}\/{x}\">\r\n\t\t\t<div id=\"cb-map__info-5875\" class=\"cb-map__info\"><\/div>\r\n\t\t<\/div>\r\n\t<\/article>\t\r\n<\/section>\t<\/section>","protected":false},"excerpt":{"rendered":"<p>Nola iritsi<\/p>\n","protected":false},"author":1,"featured_media":12260,"parent":0,"menu_order":0,"comment_status":"closed","ping_status":"closed","template":"","meta":{"_acf_changed":false,"footnotes":""},"class_list":["post-6237","page","type-page","status-publish","has-post-thumbnail","hentry"],"acf":[],"_links":{"self":[{"href":"https:\/\/www.eve.eus\/eu\/wp-json\/wp\/v2\/pages\/6237","targetHints":{"allow":["GET"]}}],"collection":[{"href":"https:\/\/www.eve.eus\/eu\/wp-json\/wp\/v2\/pages"}],"about":[{"href":"https:\/\/www.eve.eus\/eu\/wp-json\/wp\/v2\/types\/page"}],"author":[{"embeddable":true,"href":"https:\/\/www.eve.eus\/eu\/wp-json\/wp\/v2\/users\/1"}],"replies":[{"embeddable":true,"href":"https:\/\/www.eve.eus\/eu\/wp-json\/wp\/v2\/comments?post=6237"}],"version-history":[{"count":3,"href":"https:\/\/www.eve.eus\/eu\/wp-json\/wp\/v2\/pages\/6237\/revisions"}],"predecessor-version":[{"id":12223,"href":"https:\/\/www.eve.eus\/eu\/wp-json\/wp\/v2\/pages\/6237\/revisions\/12223"}],"wp:featuredmedia":[{"embeddable":true,"href":"https:\/\/www.eve.eus\/eu\/wp-json\/wp\/v2\/media\/12260"}],"wp:attachment":[{"href":"https:\/\/www.eve.eus\/eu\/wp-json\/wp\/v2\/media?parent=6237"}],"curies":[{"name":"wp","href":"https:\/\/api.w.org\/{rel}","templated":true}]}}