{"id":23126,"date":"2026-01-26T10:02:17","date_gmt":"2026-01-26T09:02:17","guid":{"rendered":"https:\/\/www.eve.eus\/actions\/projets-europeens\/charge\/"},"modified":"2026-01-26T10:12:54","modified_gmt":"2026-01-26T09:12:54","slug":"charge","status":"publish","type":"page","link":"https:\/\/www.eve.eus\/fr\/actions\/projets-europeens\/charge\/","title":{"rendered":"CHARGE"},"content":{"rendered":"<div class=\"row\">\r\n\r\n\t<div class=\"col-md-7 align-self-center\">\r\n\t\t<p>CHARGE (Powering Green Transition) est un projet europ\u00e9en financ\u00e9 par le programme Interreg Europe 2021-2027, dirig\u00e9 par le Baltic Institute of Finland, auquel participe l\u2019Ente Vasco de la Energ\u00eda (EVE) aux c\u00f4t\u00e9s de partenaires issus de sept r\u00e9gions europ\u00e9ennes. Le projet se d\u00e9roulera entre 2025 et 2029.<\/p> \r\n\t\t<p>L\u2019objectif de CHARGE est d\u2019am\u00e9liorer les politiques r\u00e9gionales li\u00e9es aux batteries, en encourageant leur d\u00e9veloppement et leur utilisation de mani\u00e8re innovante, s\u00fbre et durable, afin de soutenir la nouvelle r\u00e9glementation europ\u00e9enne sur les batteries et la transition vers une \u00e9conomie circulaire \u00e0 faible \u00e9mission de carbone. Le projet met particuli\u00e8rement l\u2019accent sur le r\u00f4le des batteries en tant que technologie cl\u00e9 pour le stockage de l\u2019\u00e9nergie renouvelable, la flexibilit\u00e9 et la stabilit\u00e9 des syst\u00e8mes \u00e9lectriques.<\/p>\r\n\t\t<p>Le d\u00e9veloppement du projet poursuit \u00e9galement les objectifs sp\u00e9cifiques suivants :<\/p>\r\n\t\t<ul>\r\n\t\t\t<li>Promouvoir la coop\u00e9ration interr\u00e9gionale et l\u2019\u00e9change de bonnes pratiques dans le domaine des batteries.<\/li>\r\n\t\t\t<li>Renforcer les \u00e9cosyst\u00e8mes r\u00e9gionaux li\u00e9s \u00e0 la cha\u00eene de valeur des batteries.<\/li>\r\n\t\t\t<li>Am\u00e9liorer la capacit\u00e9 des entreprises, des centres technologiques et des administrations \u00e0 s\u2019adapter aux nouvelles exigences r\u00e9glementaires europ\u00e9ennes.<\/li>\r\n\t\t\t<li>Soutenir la conception de politiques publiques favorisant le stockage \u00e9nerg\u00e9tique, la gestion du r\u00e9seau et l\u2019\u00e9conomie circulaire.<\/li>\r\n\t\t<\/ul>\r\n\t\t<p>Depuis le Pays basque, EVE contribue au projet en alignant les enseignements tir\u00e9s de CHARGE sur la strat\u00e9gie de transition \u00e9nerg\u00e9tique et de lutte contre le changement climatique, renfor\u00e7ant ainsi le r\u00f4le des batteries dans le syst\u00e8me \u00e9nerg\u00e9tique basque.<\/p>\r\n\t\t<p><a href=\"https:\/\/www.interregeurope.eu\/charge\" target=\"_blank\">Plus d\u2019informations<\/a><\/p>\r\n\t<\/div>\r\n\r\n\t<div class=\"col-md-5\">\r\n\t\t<img alt=\"\" width=\"390\" height=\"260\" class=\"alignnone size-full wp-image-23089 lazyload\" data-src=\"https:\/\/www.eve.eus\/assets\/media\/logo-charge.jpg\" srcset=\"https:\/\/www.eve.eus\/assets\/media\/logo-charge.jpg 390w, https:\/\/www.eve.eus\/assets\/media\/logo-charge-150x100.jpg 150w, https:\/\/www.eve.eus\/assets\/media\/logo-charge-300x200.jpg 300w\" sizes=\"(max-width: 390px) 100vw, 390px\" \/>\r\n\t<\/div>\r\n\t\r\n<\/div>","protected":false},"excerpt":{"rendered":"<p>CHARGE (Powering Green Transition) est un projet europ\u00e9en financ\u00e9 par le programme Interreg Europe 2021-2027, dirig\u00e9 par le Baltic Institute of Finland, auquel participe l\u2019Ente Vasco de la Energ\u00eda (EVE) aux c\u00f4t\u00e9s de partenaires issus de sept r\u00e9gions europ\u00e9ennes. Le projet se d\u00e9roulera entre 2025 et 2029. L\u2019objectif de CHARGE est d\u2019am\u00e9liorer les politiques r\u00e9gionales [&hellip;]<\/p>\n","protected":false},"author":4,"featured_media":23122,"parent":5456,"menu_order":0,"comment_status":"closed","ping_status":"closed","template":"templates\/page-with-container.php","meta":{"_acf_changed":false,"footnotes":""},"class_list":["post-23126","page","type-page","status-publish","has-post-thumbnail","hentry"],"acf":[],"_links":{"self":[{"href":"https:\/\/www.eve.eus\/fr\/wp-json\/wp\/v2\/pages\/23126","targetHints":{"allow":["GET"]}}],"collection":[{"href":"https:\/\/www.eve.eus\/fr\/wp-json\/wp\/v2\/pages"}],"about":[{"href":"https:\/\/www.eve.eus\/fr\/wp-json\/wp\/v2\/types\/page"}],"author":[{"embeddable":true,"href":"https:\/\/www.eve.eus\/fr\/wp-json\/wp\/v2\/users\/4"}],"replies":[{"embeddable":true,"href":"https:\/\/www.eve.eus\/fr\/wp-json\/wp\/v2\/comments?post=23126"}],"version-history":[{"count":2,"href":"https:\/\/www.eve.eus\/fr\/wp-json\/wp\/v2\/pages\/23126\/revisions"}],"predecessor-version":[{"id":23140,"href":"https:\/\/www.eve.eus\/fr\/wp-json\/wp\/v2\/pages\/23126\/revisions\/23140"}],"up":[{"embeddable":true,"href":"https:\/\/www.eve.eus\/fr\/wp-json\/wp\/v2\/pages\/5456"}],"wp:featuredmedia":[{"embeddable":true,"href":"https:\/\/www.eve.eus\/fr\/wp-json\/wp\/v2\/media\/23122"}],"wp:attachment":[{"href":"https:\/\/www.eve.eus\/fr\/wp-json\/wp\/v2\/media?parent=23126"}],"curies":[{"name":"wp","href":"https:\/\/api.w.org\/{rel}","templated":true}]}}