{"id":24363,"date":"2025-12-29T16:01:35","date_gmt":"2025-12-29T15:01:35","guid":{"rendered":"https:\/\/www.eve.eus\/almacenamiento-energetico\/"},"modified":"2026-03-26T09:52:58","modified_gmt":"2026-03-26T08:52:58","slug":"le-stockage-energetique","status":"publish","type":"page","link":"https:\/\/www.eve.eus\/fr\/projets-energetiques\/energies-renouvelables-reseaux\/le-stockage-energetique\/","title":{"rendered":"Le stockage \u00e9nerg\u00e9tique"},"content":{"rendered":"<div class=\"row\">\r\n<div class=\"col-md-7 align-self-center\">\r\n<h2>Actions pour stimuler le stockage \u00e9nerg\u00e9tique<\/h2>\r\n<p>L\u2019Organisme Basque de l\u2019\u00c9nergie (l\u2019Ente Vasco de la Energ\u00eda \u2013 EVE) encourage le d\u00e9ploiement du stockage d\u2019\u00e9nergie \u00e0 travers des programmes publics d\u2019aides et la participation \u00e0 des projets dans ce domaine.<\/p>\r\n<p>Dans le cadre des programmes d\u2019aides, il convient de souligner le \u00ab Programme d\u2019incitations li\u00e9es \u00e0 l\u2019autoconsommation et au stockage \u00bb r\u00e9glement\u00e9 par le RD 477\/2021, dont la convocation au Pays Basque a \u00e9t\u00e9 approuv\u00e9e et g\u00e9r\u00e9e par l\u2019EVE, avec un budget total de 106 M\u20ac.<\/p>\r\n<p>De plus, l\u2019EVE maintient des programmes d\u2019aides qui assurent la continuit\u00e9 de l\u2019impulsion de l\u2019autoconsommation et qui permettent, le cas \u00e9ch\u00e9ant, d\u2019incorporer le stockage \u00e9lectrique dans des batteries associ\u00e9 aux installations. En particulier, le \u00ab Programme d\u2019aides \u00e0 la production d\u2019\u00e9lectricit\u00e9 pour l\u2019autoconsommation et l\u2019\u00e9lectrification des consommations thermiques par des \u00e9nergies renouvelables \u00bb, qui pr\u00e9voit des actions d\u2019autoconsommation renouvelable et d\u2019\u00e9lectrification des consommations thermiques, avec une dotation globale de 80 M\u20ac.<\/p>\r\n<p>De m\u00eame, l\u2019EVE promeut directement de nouvelles installations de production avec stockage, comme celle promue sur le pont du Bilbao Exhibition Centre \u00e0 Barakaldo, qui disposera d\u2019une centrale photovolta\u00efque de 2,7 MW avec et syst\u00e8me de stockage en batterie de 1,2 MWh destin\u00e9 \u00e0 l\u2019autoconsommation de l\u2019enceinte.<\/p>\r\n\r\n<\/div>\r\n\r\n<div class=\"col-md-5 m-b-20\"><img alt=\"Almacenamiento energ\u00e9tico\" data-src=\"https:\/\/www.eve.eus\/assets\/media\/arcelor-mittal.jpg\" class=\" lazyload\"><\/div>\r\n<\/div>\r\n\r\n<div class=\"row\">\r\n<div class=\"col-md-12\">\r\n<p>Dans le domaine de la recherche, l\u2019EVE compl\u00e8te ces actions par la collaboration avec le tissu industriel et chercheur basque, comme le CIC energiGUNE, centre de recherche en stockage d\u2019\u00e9nergie \u00e9lectrochimique et thermique. CIC energiGUNE d\u00e9veloppe des technologies de stockage \u00e9lectrochimique et thermique et oriente ses r\u00e9sultats vers le transfert au tissu entrepreneurial basque.<\/p>\r\n<p>De mani\u00e8re compl\u00e9mentaire, l\u2019EVE maintient d\u2019autres appels et services de soutien qui facilitent le d\u00e9ploiement du stockage en combinaison avec des \u00e9nergies renouvelables et avec l\u2019\u00e9lectrification des consommations thermiques (par exemple des Programme d\u2019aides \u00e0 la production d\u2019\u00e9lectricit\u00e9 pour l\u2019autoconsommation et \u00e0 l\u2019\u00e9lectrification des consommations thermiques 2025\u20112026, programmes d\u2019audits \u00e9nerg\u00e9tiques et GAUZATU ENERGIA pour les investissements publics locaux). <\/p>\r\n<p>L\u2019ensemble des actions cit\u00e9es encouragent l\u2019adoption des technologies de stockage, en promouvant leur int\u00e9gration s\u00fbre dans le r\u00e9seau et dans les consommations finales, en consolidant un \u00e9cosyst\u00e8me de projets, de financement et de support technique en Euskadi.<\/p>\r\n\r\n<\/div>\r\n\r\n<\/div>\r\n\r\n","protected":false},"excerpt":{"rendered":"<p>Actions pour stimuler le stockage \u00e9nerg\u00e9tique L\u2019Organisme Basque de l\u2019\u00c9nergie (l\u2019Ente Vasco de la Energ\u00eda \u2013 EVE) encourage le d\u00e9ploiement du stockage d\u2019\u00e9nergie \u00e0 travers des programmes publics d\u2019aides et la participation \u00e0 des projets dans ce domaine. Dans le cadre des programmes d\u2019aides, il convient de souligner le \u00ab Programme d\u2019incitations li\u00e9es \u00e0 l\u2019autoconsommation [&hellip;]<\/p>\n","protected":false},"author":1,"featured_media":22562,"parent":24475,"menu_order":60,"comment_status":"closed","ping_status":"closed","template":"templates\/page-with-container.php","meta":{"_acf_changed":false,"footnotes":""},"class_list":["post-24363","page","type-page","status-publish","has-post-thumbnail","hentry"],"acf":[],"_links":{"self":[{"href":"https:\/\/www.eve.eus\/fr\/wp-json\/wp\/v2\/pages\/24363","targetHints":{"allow":["GET"]}}],"collection":[{"href":"https:\/\/www.eve.eus\/fr\/wp-json\/wp\/v2\/pages"}],"about":[{"href":"https:\/\/www.eve.eus\/fr\/wp-json\/wp\/v2\/types\/page"}],"author":[{"embeddable":true,"href":"https:\/\/www.eve.eus\/fr\/wp-json\/wp\/v2\/users\/1"}],"replies":[{"embeddable":true,"href":"https:\/\/www.eve.eus\/fr\/wp-json\/wp\/v2\/comments?post=24363"}],"version-history":[{"count":5,"href":"https:\/\/www.eve.eus\/fr\/wp-json\/wp\/v2\/pages\/24363\/revisions"}],"predecessor-version":[{"id":24570,"href":"https:\/\/www.eve.eus\/fr\/wp-json\/wp\/v2\/pages\/24363\/revisions\/24570"}],"up":[{"embeddable":true,"href":"https:\/\/www.eve.eus\/fr\/wp-json\/wp\/v2\/pages\/24475"}],"wp:featuredmedia":[{"embeddable":true,"href":"https:\/\/www.eve.eus\/fr\/wp-json\/wp\/v2\/media\/22562"}],"wp:attachment":[{"href":"https:\/\/www.eve.eus\/fr\/wp-json\/wp\/v2\/media?parent=24363"}],"curies":[{"name":"wp","href":"https:\/\/api.w.org\/{rel}","templated":true}]}}