{"id":24467,"date":"2026-03-24T12:34:22","date_gmt":"2026-03-24T11:34:22","guid":{"rendered":"https:\/\/www.eve.eus\/co2\/"},"modified":"2026-03-26T10:20:24","modified_gmt":"2026-03-26T09:20:24","slug":"co2","status":"publish","type":"page","link":"https:\/\/www.eve.eus\/fr\/projets-energetiques\/molecule\/co2\/","title":{"rendered":"CO2"},"content":{"rendered":"<div class=\"row\">\r\n\r\n<div class=\"col-md-12 align-self-center\">\r\n\r\n<h2>Actions pour stimuler la cha\u00eene de valeur des technologies de captage, transport, utilisation et stockage du CO2 (CCUS)<\/h2>\r\n<h3>HUB NORD \u2013 Un projet de r\u00e9f\u00e9rence pour la d\u00e9carbonisation industrielle<\/h3>\r\n\r\n<p>L\u2019Organisme Basque de l\u2019\u00c9nergie (EVE) impulse, avec Enag\u00e1s et certaines des principales industries d\u2019Euskadi, de Navarre et de Cantabrie, le d\u00e9veloppement du Hub Nord, un projet strat\u00e9gique visant \u00e0 cr\u00e9er la premi\u00e8re grande infrastructure int\u00e9gr\u00e9e pour la capture, le transport, l\u2019utilisation et le stockage du CO\u2082 (CCUS) sur la corniche Cantabrique. Son objectif est de faciliter la d\u00e9carbonisation des secteurs industriels avec des \u00e9missions difficiles \u00e0 abattre, en s\u2019alignant sur les objectifs climatiques europ\u00e9ens et avec des initiatives telles que <em>Hard to Zero<\/em>, encadr\u00e9es dans le Plan d\u2019Industrie du Pays Basque 2030.<\/p>\r\n<p>Le Hub Nord propose une conception coordonn\u00e9e de l\u2019ensemble de la cha\u00eene de valeur du CO\u2082, depuis le captage dans les installations industrielles jusqu\u2019\u00e0 son transport par des infrastructures logistiques sp\u00e9cifiques \u2013 y compris des gazoducs d\u00e9di\u00e9s, un terminal de stockage temporaire et de liqu\u00e9faction, et les infrastructures maritimes associ\u00e9es \u2013 pour le stockage g\u00e9ologique et\/ou la valorisation. Cette approche int\u00e9grale permettra d\u2019optimiser les co\u00fbts, d\u2019am\u00e9liorer la viabilit\u00e9 des projets de capture et de renforcer la comp\u00e9titivit\u00e9 industrielle du territoire.<\/p>\r\n<p>Le projet sera progressivement \u00e9tendu \u00e0 d\u2019autres industries et r\u00e9gions du nord, dans le cadre du Hub COnet2 Nord, inclus dans la liste provisoire des projets d\u2019int\u00e9r\u00eat commun (PCI) de l\u2019Union europ\u00e9enne, ce qui souligne son importance strat\u00e9gique dans la transition \u00e9nerg\u00e9tique \u00e9tatique et europ\u00e9enne. <\/p>\r\n<\/div>\r\n<\/div>\r\n\r\n\r\n\r\n<div class=\"row\">\r\n<div class=\"col-md-12 m-auto\">\r\n<div class=\"module-title text-center\">\r\n<h2 class=\"sidelines\"><span>Leadership partag\u00e9 et r\u00f4le de l\u2019EVE<\/span><\/h2>\r\n<\/div>\r\n<\/div>\r\n<\/div>\r\n\r\n<div class=\"row\">\r\n\r\n\r\n\r\n<div class=\"col-md-6 align-self-center\">\r\n\r\n\r\n<p>La conception des infrastructures logistiques du CO\u2082 sera men\u00e9e conjointement par Enag\u00e1s et le Gouvernement basque \u00e0 travers l\u2019EVE, sur la base du r\u00e9seau d\u2019Enag\u00e1s Transporte del Norte (ETN) et de l\u2019usine de Bah\u00eda de Bizkaia Gas (BBG), deux soci\u00e9t\u00e9s d\u00e9tenues par Enag\u00e1s et EVE.<\/p>\r\n<p>Ce travail se d\u00e9veloppe \u00e9galement en coordination avec Nortegas, renfor\u00e7ant le caract\u00e8re collaboratif et multisectoriel de l\u2019initiative. <\/p>\r\n<p>Parall\u00e8lement, les entreprises industrielles impliqu\u00e9es \u2013 Petronor, Heidelberg, Calcinor et Terresis Centro de Magnesitas Navarras \u2013 avancent dans leurs propres projets de captage, tandis que certaines d\u2019entre elles \u00e9tudient \u00e9galement des technologies de valorisation du CO\u2082, renfor\u00e7ant la dimension circulaire du Hub Nord et ouvrant de nouvelles opportunit\u00e9s industrielles pour le territoire. <\/p>\r\n\t\r\n<h3>Un mod\u00e8le de partenariat public priv\u00e9<\/h3>\r\n\r\n<p>Le Hub Nord repr\u00e9sente un jalon de collaboration entre l\u2019administration, l\u2019op\u00e9rateur d\u2019infrastructure et l\u2019industrie, visant \u00e0 construire un corridor strat\u00e9gique de gestion du CO\u2082 dans le nord de l\u2019Espagne. Cette structure commune permet:<\/p>\r\n\r\n<ul>\r\n  <li>D\u00e9velopper une infrastructure logistique efficace et coh\u00e9rente.<\/li>\r\n  <li>Optimiser les co\u00fbts de transport et de stockage du CO\u2082.<\/li>\r\n  <li>Am\u00e9liorer la comp\u00e9titivit\u00e9 et la viabilit\u00e9 des projets industriels li\u00e9s.<\/li>\r\n  <li>Soumettre des candidatures conjointes \u00e0 des instruments de financement europ\u00e9ens tels que le M\u00e9canisme pour l\u2019interconnexion en Europe (CEF) et le Fonds d\u2019innovation. <\/li>\r\n\r\n<\/ul>\r\n\r\n\r\n<h3>Align\u00e9 sur la strat\u00e9gie \u00e9nerg\u00e9tique du Pays Basque<\/h3>\r\n\r\n<p>La participation de l\u2019EVE au Hub Nord s\u2019inscrit dans son r\u00f4le d\u2019agence \u00e9nerg\u00e9tique du Gouvernement basque, responsable de la promotion des politiques d\u2019efficacit\u00e9 \u00e9nerg\u00e9tique, d\u2019\u00e9lectrification, de diversification de l\u2019approvisionnement et de d\u00e9veloppement de nouveaux vecteurs \u00e9nerg\u00e9tiques. Leur participation renforce le pari sur des solutions innovantes permettant d\u2019avancer vers un mod\u00e8le industriel viable, durable et align\u00e9 sur la neutralit\u00e9 climatique. <\/p>\r\n\r\n<\/div>\r\n\r\n\r\n<div class=\"col-md-6\"><img alt=\"Vehiculo GLP\" style=\"margin-bottom:20px;\" data-src=\"https:\/\/www.eve.eus\/assets\/media\/paneles-solares-1.jpg\" class=\" lazyload\"> <img alt=\"Vehiculo GLP\" class=\"m-b-20 lazyload\" data-src=\"https:\/\/www.eve.eus\/assets\/media\/camiones.jpg\"><\/div>\r\n<\/div>\r\n\r\n\r\n<div class=\"row\">\r\n<div class=\"col-md-12 m-auto\">\r\n<div class=\"module-title text-center\">\r\n<h2 class=\"sidelines\"><span>D\u00e9veloppement de l\u2019infrastructure de transport de CO\u2082<\/span><\/h2>\r\n<\/div>\r\n<\/div>\r\n<\/div>\r\n\r\n\r\n<div class=\"row\">\r\n<div class=\"col-md-12\">\r\n\r\n<p>L\u2019Organisme Basque de l\u2019\u00c9nergie (EVE) a sign\u00e9, avec Enag\u00e1s et Scale Green Energy (SGE), un <strong>M\u00e9morandum d\u2019Entente (MoU)<\/strong> visant \u00e0 promouvoir le d\u00e9veloppement coordonn\u00e9 de l\u2019infrastructure de transport terrestre du <strong>Hub de CO\u2082 \u201cCOnet2 Nord\u201d<\/strong>, un projet cl\u00e9 pour avancer dans la d\u00e9carbonisation de l\u2019industrie du Pays Basque et des communaut\u00e9s limitrophes. Cet accord \u00e9tablit le cadre de collaboration pour analyser, concevoir et pr\u00e9parer le futur r\u00e9seau de <strong>c\u00e9oducs<\/strong>, ainsi que le <strong>terminal de liqu\u00e9faction et d\u2019exportation de CO\u2082 dans le port de Bilbao<\/strong>, \u00e9l\u00e9ments fondamentaux de la cha\u00eene de valeur CCUS en Euskadi.<\/p>\r\n\t\r\n<h3>Un cadre commun pour promouvoir la d\u00e9carbonisation industrielle<\/h3>\r\n<p>Cette infrastructure reliera les <strong>usines \u00e9mettrices et d\u2019utilisation de CO\u2082<\/strong> au terminal portuaire pour leur <strong>liqu\u00e9faction et exportation<\/strong>, permettant ainsi de mettre en place un couloir de transport s\u00fbr et efficace de CO\u2082 dans la r\u00e9gion.<\/p>\r\n<p>Le d\u00e9ploiement envisag\u00e9 couvre la Communaut\u00e9 autonome du Pays basque et pourra s\u2019\u00e9tendre aux territoires voisins, tout en conservant la flexibilit\u00e9 d\u2019incorporer de nouvelles usines \u00e9mettrices et de nouveaux projets industriels qui contribueront \u00e0 am\u00e9liorer la viabilit\u00e9 de l\u2019ensemble.<\/p>\r\n\t\r\n<h3>Le r\u00f4le de la MVE<\/h3>\r\n<p>En tant qu\u2019agence \u00e9nerg\u00e9tique du Gouvernement basque, l\u2019EVE participe \u00e0 cet accord en apportant sa <strong>connaissance technique, \u00e9conomique et r\u00e9glementaire<\/strong>, en plus d\u2019exercer un r\u00f4le de <strong>coordination institutionnelle<\/strong> essentielle pour assurer que le d\u00e9veloppement du projet s\u2019aligne sur les priorit\u00e9s \u00e9nerg\u00e9tiques et climatiques du Pays Basque.<\/p>\r\n<p>Le r\u00f4le de l\u2019EVE est donc renforc\u00e9 dans le <strong>Projet Transformateur \u201cVall\u00e9e de D\u00e9carbonisation 2025\u20112032\u201d<\/strong>, dans lequel l\u2019organisme dirige le d\u00e9veloppement d\u2019infrastructures cl\u00e9s pour la d\u00e9carbonisation industrielle, comme le Hub Nord lui-m\u00eame et le r\u00e9seau de conduits de CO\u2082 qui y est inclus.<\/p>\r\n\t\r\n<h3>Gouvernance conjointe et structure future<\/h3>\r\n<p>L\u2019accord pr\u00e9voit la possibilit\u00e9 de d\u00e9velopper l\u2019infrastructure en tirant parti de l\u2019exp\u00e9rience et des actifs de <strong>Bah\u00eda de Bizkaia Gas (BBG)<\/strong> et d\u2019<strong>Enag\u00e1s Transportes del Norte (ETN)<\/strong>, soci\u00e9t\u00e9s co-d\u00e9tenues par EVE et Enag\u00e1s. Au cas o\u00f9 cette voie ne serait pas viable sur le plan r\u00e9glementaire, il est pr\u00e9vu de cr\u00e9er de <strong>nouvelles soci\u00e9t\u00e9s de v\u00e9hicules (SPV)<\/strong> avec une participation conjointe entre le Groupe Enag\u00e1s et le Groupe EVE pour aborder le d\u00e9veloppement tant des c\u00e9oducs terrestres que du terminal de liqu\u00e9faction dans le port de Bilbao. <\/p>\r\n\t\r\n<h3>Engagements de durabilit\u00e9 et bonnes pratiques<\/h3>\r\n<p>L\u2019accord int\u00e8gre des engagements forts en mati\u00e8re d\u2019<strong>\u00e9thique, de durabilit\u00e9, de droits de l\u2019homme, d\u2019environnement et de cybers\u00e9curit\u00e9<\/strong>, garantissant que toutes les actions du projet se d\u00e9rouleront selon les normes internationales les plus \u00e9lev\u00e9es. Ces garanties s\u2019\u00e9tendent \u00e9galement \u00e0 la cha\u00eene de valeur, renfor\u00e7ant la responsabilit\u00e9 partag\u00e9e dans la transition \u00e9nerg\u00e9tique du territoire.<\/p>\r\n<\/div>\r\n<\/div>\r\n\r\n\r\n<div class=\"row\">\r\n<div class=\"col-md-12 m-auto\">\r\n<div class=\"module-title text-center\">\r\n<h2 class=\"sidelines\"><span>Autres actions en mati\u00e8re de CCUS<\/span><\/h2>\r\n<\/div>\r\n<\/div>\r\n<\/div>\r\n\r\n\r\n<div class=\"row\">\r\n<div class=\"col-md-12\">\r\n<h3>Projet de valorisation du CO\u2082 biog\u00e9nique dans l\u2019Ecoparc d\u2019Artigas<\/h3>\r\n<p>L\u2019Organisme Basque de l\u2019\u00c9nergie (EVE), \u00e0 travers sa participation dans la soci\u00e9t\u00e9 publique constitu\u00e9e avec <strong>Garbiker<\/strong> et <strong>PreZero<\/strong>, encourage le d\u00e9veloppement d\u2019un projet strat\u00e9gique orient\u00e9 vers la <strong>production de biom\u00e9thane et la valorisation du CO\u2082 biog\u00e9nique<\/strong> g\u00e9n\u00e9r\u00e9 dans l\u2019Ecoparc d\u2019Artigas, \u00e0 Alonsotegi\u2011Bilbao. La soci\u00e9t\u00e9 est compos\u00e9e de Garbiker (26%), EVE\/CADEM (25%) et PreZero (49%), alliant des capacit\u00e9s publiques et priv\u00e9es pour acc\u00e9l\u00e9rer des solutions avanc\u00e9es de d\u00e9carbonisation.<\/p>\r\n<h3>Objectifs du projet<\/h3>\r\n<p>L\u2019initiative poursuit trois objectifs principaux:<\/p>\r\n<ul>\r\n  <li><strong>Construction d\u2019une usine de biom\u00e9thanisation<\/strong> permettant d\u2019obtenir du biom\u00e9thane \u00e0 partir des d\u00e9chets organiques trait\u00e9s dans l\u2019Ecoparc.<\/li>\r\n  <li><strong>Injection du biom\u00e9thane<\/strong> dans le r\u00e9seau de transport de gaz naturel exploit\u00e9 par <strong>Enag\u00e1s Transporte del Norte<\/strong>, favorisant le remplacement des combustibles fossiles par du gaz renouvelable d\u2019origine locale.<\/li>\r\n  <li><strong>R\u00e9cup\u00e9ration et valorisation du CO\u2082 biog\u00e9nique<\/strong>, permettant son utilisation dans des applications industrielles et \u00e9nerg\u00e9tiques qui contribuent \u00e0 l\u2019\u00e9conomie circulaire et \u00e0 la r\u00e9duction des \u00e9missions.<\/li>\r\n\r\n\r\n<\/ul>\r\n\r\n\r\n<h3>Technologie et \u00e9tapes pr\u00e9vues<\/h3>\r\n<p>Le projet est actuellement en <strong>phase d\u2019\u00e9tude et d\u2019analyse de faisabilit\u00e9<\/strong>, \u00e9valuant diff\u00e9rentes alternatives technologiques pour assurer son efficacit\u00e9 et sa conformit\u00e9 r\u00e9glementaire. Le processus \u00e9tudi\u00e9 comprend plusieurs \u00e9tapes cl\u00e9s:<\/p>\r\n<ul>\r\n  <li>Filtration du gaz.<\/li>\r\n  <li>Compression du CO\u2082.<\/li>\r\n  <li>S\u00e9chage du CO\u2082.<\/li>\r\n  <li>Colonne d\u2019adsorption (<em>stripping<\/em>).<\/li>\r\n  <li>R\u00e9frig\u00e9ration.<\/li>\r\n  <li>Stockage de CO\u2082 liquide, y compris l\u2019installation d\u2019un r\u00e9servoir cryog\u00e9nique de 50 m\u00b3.<\/li>\r\n  <li>Exp\u00e9dition du CO\u2082 en citerne pour un transport s\u00fbr.<\/li>\r\n  <li>Respect de la r\u00e9glementation des \u00e9quipements sous pression, indispensable pour ce type d\u2019installations.<\/li>\r\n\r\n\r\n<\/ul>\r\n<p>Cette approche technologique permettra de disposer de CO\u2082 biog\u00e9nique dans des conditions optimales pour son utilisation industrielle ou pour son int\u00e9gration future dans des r\u00e9seaux de transport.<\/p>\r\n\r\n\r\n<h3>Utilisations possibles du CO\u2082 biog\u00e9nique<\/h3>\r\n<p>Le CO\u2082 r\u00e9cup\u00e9r\u00e9 et conditionn\u00e9 pourrait \u00eatre utilis\u00e9 pour diverses applications strat\u00e9giques pour la d\u00e9carbonisation du tissu productif:<\/p>\r\n\r\n<ul>\r\n  <li><strong>Usine de d\u00e9monstration de min\u00e9ralisation \u201cEco\u00e1rios\u201d du Port de Bilbao<\/strong>, o\u00f9 le CO\u2082 serait utilis\u00e9 dans des processus de carbonatation acc\u00e9l\u00e9r\u00e9e.<\/li>\r\n  <li><strong>Production de carburants synth\u00e9tiques \u00e0 l\u2019usine de d\u00e9monstration du port de Bilbao<\/strong>, en combinant du CO\u2082 biog\u00e9nique avec de l\u2019hydrog\u00e8ne vert.<\/li>\r\n  <li><strong>Connexion future avec le r\u00e9seau de CO\u2082 d\u2019Euskadi<\/strong>, en s\u2019int\u00e9grant dans l\u2019infrastructure de transport du Hub Nord et en contribuant \u00e0 sa consolidation en tant que corridor r\u00e9gional de gestion du CO\u2082.<\/li>\r\n\r\n<\/ul>\r\n\r\n<\/div>\r\n<\/div>","protected":false},"excerpt":{"rendered":"<p>Actions pour stimuler la cha\u00eene de valeur des technologies de captage, transport, utilisation et stockage du CO2 (CCUS) HUB NORD \u2013 Un projet de r\u00e9f\u00e9rence pour la d\u00e9carbonisation industrielle L\u2019Organisme Basque de l\u2019\u00c9nergie (EVE) impulse, avec Enag\u00e1s et certaines des principales industries d\u2019Euskadi, de Navarre et de Cantabrie, le d\u00e9veloppement du Hub Nord, un projet [&hellip;]<\/p>\n","protected":false},"author":1,"featured_media":24392,"parent":24526,"menu_order":90,"comment_status":"closed","ping_status":"closed","template":"templates\/page-with-container.php","meta":{"_acf_changed":false,"footnotes":""},"class_list":["post-24467","page","type-page","status-publish","has-post-thumbnail","hentry"],"acf":[],"_links":{"self":[{"href":"https:\/\/www.eve.eus\/fr\/wp-json\/wp\/v2\/pages\/24467","targetHints":{"allow":["GET"]}}],"collection":[{"href":"https:\/\/www.eve.eus\/fr\/wp-json\/wp\/v2\/pages"}],"about":[{"href":"https:\/\/www.eve.eus\/fr\/wp-json\/wp\/v2\/types\/page"}],"author":[{"embeddable":true,"href":"https:\/\/www.eve.eus\/fr\/wp-json\/wp\/v2\/users\/1"}],"replies":[{"embeddable":true,"href":"https:\/\/www.eve.eus\/fr\/wp-json\/wp\/v2\/comments?post=24467"}],"version-history":[{"count":3,"href":"https:\/\/www.eve.eus\/fr\/wp-json\/wp\/v2\/pages\/24467\/revisions"}],"predecessor-version":[{"id":24581,"href":"https:\/\/www.eve.eus\/fr\/wp-json\/wp\/v2\/pages\/24467\/revisions\/24581"}],"up":[{"embeddable":true,"href":"https:\/\/www.eve.eus\/fr\/wp-json\/wp\/v2\/pages\/24526"}],"wp:featuredmedia":[{"embeddable":true,"href":"https:\/\/www.eve.eus\/fr\/wp-json\/wp\/v2\/media\/24392"}],"wp:attachment":[{"href":"https:\/\/www.eve.eus\/fr\/wp-json\/wp\/v2\/media?parent=24467"}],"curies":[{"name":"wp","href":"https:\/\/api.w.org\/{rel}","templated":true}]}}