{"id":24475,"date":"2025-12-29T15:55:14","date_gmt":"2025-12-29T14:55:14","guid":{"rendered":"https:\/\/www.eve.eus\/projets-energetiques\/renovables-redes\/"},"modified":"2026-03-25T15:51:09","modified_gmt":"2026-03-25T14:51:09","slug":"energies-renouvelables-reseaux","status":"publish","type":"page","link":"https:\/\/www.eve.eus\/fr\/projets-energetiques\/energies-renouvelables-reseaux\/","title":{"rendered":"\u00c9nergies renouvelables \/ R\u00e9seaux"},"content":{"rendered":"<section class=\"row m-b-40 text-uppercase\">\r\n\r\n <div class=\"col-md-4 text-center m-b-10\">\r\n    <a href=\"https:\/\/www.eve.eus\/en\/energy-storage\/\">\r\n    <img alt=\"Almacenamiento energ\u00e9tico\" style=\"width: 289px; margin-bottom:10px;\" data-src=\"\/assets\/media\/almacenamiento-energetico-thumb-1.jpg\" class=\" lazyload\">\r\n    <\/a>\r\n    <h4 class=\"mt-2\" style=\"margin-bottom:40px;\">\r\n      <a href=\"https:\/\/www.eve.eus\/en\/energy-storage\/\">Almacenamiento energ\u00e9tico<\/a>\r\n    <\/h4>\r\n  <\/div>\r\n\r\n <div class=\"col-md-4 text-center m-b-10\">\r\n    <a href=\"https:\/\/www.eve.eus\/fr\/projets-energetiques\/energies-renouvelables-reseaux\/autoconsumo\/\">\r\n    <img alt=\"Autoconsumo el\u00e9ctrico\" style=\"width: 289px; margin-bottom:10px;\" data-src=\"\/assets\/media\/autoconsumo-thumb-1.jpg\" class=\" lazyload\">\r\n    <\/a>\r\n    <h4 class=\"mt-2\" style=\"margin-bottom:40px;\">\r\n      <a href=\"https:\/\/www.eve.eus\/fr\/projets-energetiques\/energies-renouvelables-reseaux\/autoconsumo\/\">Autoconsumo<\/a>\r\n    <\/h4>\r\n  <\/div>\r\n\r\n <div class=\"col-md-4 text-center m-b-10\">\r\n    <a href=\"https:\/\/www.eve.eus\/fr\/projets-energetiques\/energies-renouvelables-reseaux\/comunidades-energeticas\/\">\r\n    <img alt=\"Comunidades energ\u00e9ticas\" style=\"width: 289px; margin-bottom:10px;\" data-src=\"\/assets\/media\/comunidades-energeticas-thumb-1.jpg\" class=\" lazyload\">\r\n    <\/a>\r\n    <h4 class=\"mt-2\" style=\"margin-bottom:40px;\">\r\n      <a href=\"https:\/\/www.eve.eus\/fr\/projets-energetiques\/energies-renouvelables-reseaux\/comunidades-energeticas\/\">Comunidades Energ\u00e9ticas<\/a>\r\n    <\/h4>\r\n  <\/div>\r\n\r\n<div class=\"col-md-4 text-center m-b-10\">\r\n    <a href=\"https:\/\/www.eve.eus\/en\/actions\/wind-power\/\">\r\n    <img alt=\"Energ\u00eda E\u00f3lica\" style=\"width: 289px; margin-bottom:10px;\" data-src=\"\/assets\/media\/energia-eolica-thumb.jpg\" class=\" lazyload\">\r\n    <\/a>\r\n    <h4 class=\"mt-2\" style=\"margin-bottom:40px;\">\r\n      <a href=\"https:\/\/www.eve.eus\/en\/actions\/wind-power\/\">Energ\u00eda e\u00f3lica<\/a>\r\n    <\/h4>\r\n  <\/div>\r\n\r\n<div class=\"col-md-4 text-center m-b-10\">\r\n    <a href=\"https:\/\/www.eve.eus\/en\/actions\/marine-energies\/\">\r\n    <img alt=\"Energias oce\u00e1nicas\" style=\"width: 289px; margin-bottom:10px;\" data-src=\"\/assets\/media\/energias-oceanicas-thumb-1.jpg\" class=\" lazyload\">\r\n    <\/a>\r\n    <h4 class=\"mt-2\" style=\"margin-bottom:40px;\">\r\n      <a href=\"https:\/\/www.eve.eus\/en\/actions\/marine-energies\/\">Energ\u00edas oce\u00e1nicas<\/a>\r\n    <\/h4>\r\n  <\/div>\r\n\r\n<div class=\"col-md-4 text-center m-b-10\">\r\n    <a href=\"https:\/\/www.eve.eus\/en\/actions\/geothermal-energy\/\">\r\n    <img alt=\"Geot\u00e9rmia\" style=\"width: 289px; margin-bottom:10px;\" data-src=\"\/assets\/media\/geotermia-thumb-1.jpg\" class=\" lazyload\">\r\n    <\/a>\r\n    <h4 class=\"mt-2\" style=\"margin-bottom:40px;\">\r\n      <a href=\"https:\/\/www.eve.eus\/en\/actions\/geothermal-energy\/\">Geotermia<\/a>\r\n    <\/h4>\r\n  <\/div>\r\n\r\n<div class=\"col-md-4 text-center m-b-10\">\r\n    <a href=\"https:\/\/www.eve.eus\/en\/electrical-distribution-networks\/\">\r\n    <img alt=\"Redes de distribuci\u00f3n el\u00e9ctrica \" style=\"width: 289px; margin-bottom:10px;\" data-src=\"\/assets\/media\/redes-electricas-thumb.jpg\" class=\" lazyload\">\r\n    <\/a>\r\n    <h4 class=\"mt-2\" style=\"margin-bottom:40px;\">\r\n      <a href=\"https:\/\/www.eve.eus\/en\/electrical-distribution-networks\/\">Redes de distribuci\u00f3n el\u00e9ctrica <\/a>\r\n    <\/h4>\r\n  <\/div>\r\n\r\n\r\n<div class=\"col-md-4 text-center m-b-10\">\r\n    <a href=\"https:\/\/www.eve.eus\/fr\/projets-energetiques\/energies-renouvelables-reseaux\/solar-fotovoltaica\/\">\r\n    <img alt=\"Solar fotovoltaica\" style=\"width: 289px; margin-bottom:10px;\" data-src=\"\/assets\/media\/solar-fotovoltaico-thumb.jpg\" class=\" lazyload\">\r\n    <\/a>\r\n    <h4 class=\"mt-2\" style=\"margin-bottom:40px;\">\r\n      <a href=\"https:\/\/www.eve.eus\/fr\/projets-energetiques\/energies-renouvelables-reseaux\/solar-fotovoltaica\/\">Solar fotovoltaica<\/a>\r\n    <\/h4>\r\n  <\/div>\r\n\r\n<div class=\"col-md-4 text-center m-b-10\">\r\n    <a href=\"https:\/\/www.eve.eus\/en\/co2\/\">\r\n    <img alt=\"CO2\" width=\"300\" height=\"200\" class=\"alignnone size-size_300 wp-image-24389 lazyload\" style=\"width: 289px; margin-bottom:10px;\" data-src=\"https:\/\/www.eve.eus\/assets\/media\/\/eve-hero-co2-v2-300x200.jpg\" srcset=\"https:\/\/www.eve.eus\/assets\/media\/eve-hero-co2-v2-300x200.jpg 300w, https:\/\/www.eve.eus\/assets\/media\/eve-hero-co2-v2-150x100.jpg 150w, https:\/\/www.eve.eus\/assets\/media\/eve-hero-co2-v2-400x267.jpg 400w, https:\/\/www.eve.eus\/assets\/media\/eve-hero-co2-v2-480x320.jpg 480w, https:\/\/www.eve.eus\/assets\/media\/eve-hero-co2-v2-550x367.jpg 550w, https:\/\/www.eve.eus\/assets\/media\/eve-hero-co2-v2-768x512.jpg 768w, https:\/\/www.eve.eus\/assets\/media\/eve-hero-co2-v2-992x661.jpg 992w, https:\/\/www.eve.eus\/assets\/media\/eve-hero-co2-v2-1200x800.jpg 1200w, https:\/\/www.eve.eus\/assets\/media\/eve-hero-co2-v2.jpg 1920w\" sizes=\"(max-width: 300px) 100vw, 300px\" \/>\r\n    <\/a>\r\n    <h4 class=\"mt-2\" style=\"margin-bottom:40px;\">\r\n      <a href=\"https:\/\/www.eve.eus\/en\/co2\/\">CO2<\/a>\r\n    <\/h4>\r\n  <\/div>\r\n\r\n<\/section>","protected":false},"excerpt":{"rendered":"<p>Almacenamiento energ\u00e9tico Autoconsumo Comunidades Energ\u00e9ticas Energ\u00eda e\u00f3lica Energ\u00edas oce\u00e1nicas Geotermia Redes de distribuci\u00f3n el\u00e9ctrica Solar fotovoltaica CO2<\/p>\n","protected":false},"author":1,"featured_media":294,"parent":24368,"menu_order":10,"comment_status":"closed","ping_status":"closed","template":"templates\/page-with-container.php","meta":{"_acf_changed":false,"footnotes":""},"class_list":["post-24475","page","type-page","status-publish","has-post-thumbnail","hentry"],"acf":[],"_links":{"self":[{"href":"https:\/\/www.eve.eus\/fr\/wp-json\/wp\/v2\/pages\/24475","targetHints":{"allow":["GET"]}}],"collection":[{"href":"https:\/\/www.eve.eus\/fr\/wp-json\/wp\/v2\/pages"}],"about":[{"href":"https:\/\/www.eve.eus\/fr\/wp-json\/wp\/v2\/types\/page"}],"author":[{"embeddable":true,"href":"https:\/\/www.eve.eus\/fr\/wp-json\/wp\/v2\/users\/1"}],"replies":[{"embeddable":true,"href":"https:\/\/www.eve.eus\/fr\/wp-json\/wp\/v2\/comments?post=24475"}],"version-history":[{"count":2,"href":"https:\/\/www.eve.eus\/fr\/wp-json\/wp\/v2\/pages\/24475\/revisions"}],"predecessor-version":[{"id":24477,"href":"https:\/\/www.eve.eus\/fr\/wp-json\/wp\/v2\/pages\/24475\/revisions\/24477"}],"up":[{"embeddable":true,"href":"https:\/\/www.eve.eus\/fr\/wp-json\/wp\/v2\/pages\/24368"}],"wp:featuredmedia":[{"embeddable":true,"href":"https:\/\/www.eve.eus\/fr\/wp-json\/wp\/v2\/media\/294"}],"wp:attachment":[{"href":"https:\/\/www.eve.eus\/fr\/wp-json\/wp\/v2\/media?parent=24475"}],"curies":[{"name":"wp","href":"https:\/\/api.w.org\/{rel}","templated":true}]}}