{"id":24531,"date":"2025-12-30T10:10:00","date_gmt":"2025-12-30T09:10:00","guid":{"rendered":"https:\/\/www.eve.eus\/projets-energetiques\/molecule\/hidrogeno-renovable\/"},"modified":"2026-03-26T10:03:44","modified_gmt":"2026-03-26T09:03:44","slug":"hydrogene-renouvelable","status":"publish","type":"page","link":"https:\/\/www.eve.eus\/fr\/projets-energetiques\/molecule\/hydrogene-renouvelable\/","title":{"rendered":"Hydrog\u00e8ne renouvelable"},"content":{"rendered":"<div class=\"row\">\r\n<div class=\"col-md-7 align-self-center\">\r\n\r\n<p>Le Pays basque avance r\u00e9solument vers la d\u00e9carbonation gr\u00e2ce \u00e0 des projets strat\u00e9giques qui placent le territoire \u00e0 la pointe de l\u2019hydrog\u00e8ne renouvelable. Ces actions font partie de la <strong>Strat\u00e9gie basque de l\u2019hydrog\u00e8ne<\/strong> et du <strong>Corridor basque de l\u2019hydrog\u00e8ne (BH2C)<\/strong>, des initiatives visant \u00e0 int\u00e9grer ce vecteur \u00e9nerg\u00e9tique dans l\u2019industrie, la mobilit\u00e9 et la production de carburants propres.<\/p>\r\n\r\n<p>L\u2019un des jalons les plus importants est <strong>Basque Hydrogen<\/strong>, une soci\u00e9t\u00e9 \u00e0 laquelle participe l\u2019Agence \u00e9nerg\u00e9tique du gouvernement basque (EVE) dans le cadre d\u2019une collaboration public-priv\u00e9. Ce projet pr\u00e9voit l\u2019installation d\u2019un <strong>\u00e9lectrolyseur de 10 MW dans le port de Bilbao<\/strong>, capable de produire jusqu\u2019\u00e0 <strong>1 600 tonnes par an d\u2019hydrog\u00e8ne vert<\/strong> \u00e0 partir d\u2019\u00e9lectricit\u00e9 renouvelable. La majeure partie de cet hydrog\u00e8ne sera destin\u00e9e \u00e0 la production de carburants de synth\u00e8se dans l\u2019usine de Synkedia, situ\u00e9e \u00e9galement dans le port de Bilbao. Ces carburants, obtenus par la combinaison d\u2019hydrog\u00e8ne vert et de CO2 captur\u00e9, constituent une alternative durable aux d\u00e9riv\u00e9s du p\u00e9trole, en particulier dans les secteurs o\u00f9 l\u2019\u00e9lectrification directe n\u2019est pas viable, comme l\u2019aviation ou le transport maritime.<\/p>\r\n\r\n<p>Dans le domaine de la mobilit\u00e9, <strong>IBIL<\/strong>, soci\u00e9t\u00e9 dans laquelle l\u2019EVE d\u00e9tient une participation de 50 %, est \u00e0 la t\u00eate de la mise en place d\u2019infrastructures pour l\u2019approvisionnement en hydrog\u00e8ne renouvelable. Deux stations d\u2019hydrog\u00e8ne se distinguent : l\u2019une dans l\u2019<strong>Energy Intelligence Center (EIC)<\/strong>, dans le Parc Technologique d\u2019Abanto, et l\u2019autre \u00e0 l\u2019<strong>a\u00e9roport de Bilbao<\/strong>, qui permettra de d\u00e9carboner la ligne d\u2019autobus reliant le terminal \u00e0 la capitale. Ces installations fourniront de l\u2019hydrog\u00e8ne \u00e0 350 et 700 bars, ce qui facilitera l\u2019adoption des v\u00e9hicules \u00e0 pile \u00e0 combustible et favorisera une mobilit\u00e9 plus durable.<\/p>\r\n\r\n<p>De plus, au niveau international, l\u2019EVE participe en tant que partenaire au projet europ\u00e9en <strong>PHYRENE<\/strong>, dont l\u2019objectif est de <strong>d\u00e9velopper et consolider la cha\u00eene de valeur de l\u2019hydrog\u00e8ne renouvelable \u00e0 l\u2019\u00e9chelle transfrontali\u00e8re dans la r\u00e9gion des Pyr\u00e9n\u00e9es<\/strong>. Cette initiative, inscrite dans le programme INTERREG VI-A Espagne-France-Andorre (POCTEFA 2021-2027), vise \u00e0 g\u00e9n\u00e9rer des synergies entre les entreprises, les centres de recherche et les institutions afin de promouvoir la transition \u00e9nerg\u00e9tique et de renforcer la coop\u00e9ration entre territoires.<\/p>\r\n\r\n<p>Avec ces actions, le Pays basque renforce son engagement pour la transition \u00e9nerg\u00e9tique, en cr\u00e9ant un \u00e9cosyst\u00e8me qui int\u00e8gre la production, la distribution et l\u2019utilisation de l\u2019hydrog\u00e8ne renouvelable pour avancer vers un avenir \u00e9nerg\u00e9tiquement durable et \u00e0 plus faibles \u00e9missions.<\/p>\r\n\r\n<\/div>\r\n\r\n<div class=\"col-md-5 align-self-center\"><img alt=\"Hidr\u00f3geno renovable\" data-src=\"https:\/\/www.eve.eus\/assets\/media\/hidrogeno-verde.jpg\" class=\" lazyload\"><br><br><img alt=\"Hidr\u00f3geno renovable\" data-src=\"https:\/\/www.eve.eus\/assets\/media\/vehiculo-hidrogeno.jpg\" class=\" lazyload\"><\/div>\r\n<\/div>\r\n","protected":false},"excerpt":{"rendered":"<p>Le Pays basque avance r\u00e9solument vers la d\u00e9carbonation gr\u00e2ce \u00e0 des projets strat\u00e9giques qui placent le territoire \u00e0 la pointe de l\u2019hydrog\u00e8ne renouvelable. Ces actions font partie de la Strat\u00e9gie basque de l\u2019hydrog\u00e8ne et du Corridor basque de l\u2019hydrog\u00e8ne (BH2C), des initiatives visant \u00e0 int\u00e9grer ce vecteur \u00e9nerg\u00e9tique dans l\u2019industrie, la mobilit\u00e9 et la production [&hellip;]<\/p>\n","protected":false},"author":1,"featured_media":22650,"parent":24526,"menu_order":20,"comment_status":"closed","ping_status":"closed","template":"templates\/page-with-container.php","meta":{"_acf_changed":false,"footnotes":""},"class_list":["post-24531","page","type-page","status-publish","has-post-thumbnail","hentry"],"acf":[],"_links":{"self":[{"href":"https:\/\/www.eve.eus\/fr\/wp-json\/wp\/v2\/pages\/24531","targetHints":{"allow":["GET"]}}],"collection":[{"href":"https:\/\/www.eve.eus\/fr\/wp-json\/wp\/v2\/pages"}],"about":[{"href":"https:\/\/www.eve.eus\/fr\/wp-json\/wp\/v2\/types\/page"}],"author":[{"embeddable":true,"href":"https:\/\/www.eve.eus\/fr\/wp-json\/wp\/v2\/users\/1"}],"replies":[{"embeddable":true,"href":"https:\/\/www.eve.eus\/fr\/wp-json\/wp\/v2\/comments?post=24531"}],"version-history":[{"count":4,"href":"https:\/\/www.eve.eus\/fr\/wp-json\/wp\/v2\/pages\/24531\/revisions"}],"predecessor-version":[{"id":24576,"href":"https:\/\/www.eve.eus\/fr\/wp-json\/wp\/v2\/pages\/24531\/revisions\/24576"}],"up":[{"embeddable":true,"href":"https:\/\/www.eve.eus\/fr\/wp-json\/wp\/v2\/pages\/24526"}],"wp:featuredmedia":[{"embeddable":true,"href":"https:\/\/www.eve.eus\/fr\/wp-json\/wp\/v2\/media\/22650"}],"wp:attachment":[{"href":"https:\/\/www.eve.eus\/fr\/wp-json\/wp\/v2\/media?parent=24531"}],"curies":[{"name":"wp","href":"https:\/\/api.w.org\/{rel}","templated":true}]}}