{"id":24535,"date":"2025-12-29T17:29:15","date_gmt":"2025-12-29T16:29:15","guid":{"rendered":"https:\/\/www.eve.eus\/projets-energetiques\/energies-renouvelables-reseaux\/comunidades-energeticas\/"},"modified":"2026-03-25T17:45:21","modified_gmt":"2026-03-25T16:45:21","slug":"communautes-energetiques","status":"publish","type":"page","link":"https:\/\/www.eve.eus\/fr\/projets-energetiques\/energies-renouvelables-reseaux\/communautes-energetiques\/","title":{"rendered":"Communaut\u00e9s \u00e9nerg\u00e9tiques"},"content":{"rendered":"<div class=\"row\">\r\n<div class=\"col-md-12\">\r\n<h2>Vers l\u2019autonomisation \u00e9nerg\u00e9tique des citoyens<\/h2>\r\n<p>Depuis 2020, l\u2019Agence \u00e9nerg\u00e9tique du gouvernement basque soutient la cr\u00e9ation de communaut\u00e9s \u00e9nerg\u00e9tiques au Pays basque avec diff\u00e9rents outils et initiatives. Parmi celles-ci, Ekiola est une initiative pionni\u00e8re de <strong>communaut\u00e9s \u00e9nerg\u00e9tiques locales dans un format coop\u00e9ratif<\/strong> pour g\u00e9n\u00e9rer et consommer de l\u2019\u00e9nergie renouvelable. <strong>Ekiola<\/strong> est n\u00e9e dans le but de promouvoir la transition \u00e9nerg\u00e9tique et l\u2019autonomisation des citoyens.<\/p>\r\n\r\n<p>Le mod\u00e8le consiste en l\u2019installation de <strong>parcs solaires photovolta\u00efques<\/strong> dans les municipalit\u00e9s, dont l\u2019\u00e9nergie est destin\u00e9e \u00e0 la consommation des personnes membres de la coop\u00e9rative. Chaque participant acquiert une part proportionnelle \u00e0 sa consommation, garantissant des prix <strong>stables et comp\u00e9titifs<\/strong> pendant plusieurs d\u00e9cennies. Les centrales ont g\u00e9n\u00e9ralement des puissances de <strong>1 MW \u00e0 1,5 MW<\/strong>, capables de produire entre <strong>1 400 et 2 100 MWh\/an<\/strong>, couvrant les besoins de centaines de familles.<\/p>\r\n\r\n<p>\u00c0 ce jour, un total de 10 Ekiolas ont \u00e9t\u00e9 promues dans autant de municipalit\u00e9s. Dans le territoire historique d\u2019Araba, fonctionnent les Ekiolas de <strong>Mendialdea<\/strong> (Arraia-Maeztu), <strong>Gorbeialdea<\/strong> (Etxebarri-Ibi\u00f1a) et <strong>Lautada<\/strong> (Agurain). Au Guipuscoa, sont en op\u00e9ration les Ekiolas <strong>Ekindar<\/strong> (Azpeitia) et <strong>Leintz-Bailara<\/strong> (Arrasate). Quant en Biscaye, l\u2019Ekiola de <strong>Lea-Artibai<\/strong> (Etxebarria) est \u00e9galement en fonctionnement. De plus, 4 Ekiolas sont en phase de construction : <strong>Egutera<\/strong> (Zumaia), <strong>Urretxu<\/strong> (Urretxu), <strong>Elgoibar<\/strong> et <strong>Mendaro<\/strong> (Elgoibar) et <strong>Aiara<\/strong> (Amurrio).<\/p>\r\n\r\n<p>L\u2019Agence \u00e9nerg\u00e9tique du gouvernement basque <strong>soutient \u00e9galement d\u2019autres initiatives<\/strong> priv\u00e9es et entrepreneuriales des communaut\u00e9s \u00e9nerg\u00e9tiques au Pays basque, en apportant un soutien technique et financier aux promoteurs par le biais de subventions aux investissements dans des installations d\u2019autoconsommation collective, dans le but d\u2019encourager la participation citoyenne, la production d\u2019\u00e9nergie renouvelable locale et la r\u00e9duction de l\u2019empreinte carbone.<\/p>\r\n\r\n\r\n<\/div>\r\n<\/div>","protected":false},"excerpt":{"rendered":"<p>Vers l\u2019autonomisation \u00e9nerg\u00e9tique des citoyens Depuis 2020, l\u2019Agence \u00e9nerg\u00e9tique du gouvernement basque soutient la cr\u00e9ation de communaut\u00e9s \u00e9nerg\u00e9tiques au Pays basque avec diff\u00e9rents outils et initiatives. Parmi celles-ci, Ekiola est une initiative pionni\u00e8re de communaut\u00e9s \u00e9nerg\u00e9tiques locales dans un format coop\u00e9ratif pour g\u00e9n\u00e9rer et consommer de l\u2019\u00e9nergie renouvelable. Ekiola est n\u00e9e dans le but de [&hellip;]<\/p>\n","protected":false},"author":1,"featured_media":22602,"parent":24475,"menu_order":70,"comment_status":"closed","ping_status":"closed","template":"templates\/page-with-container.php","meta":{"_acf_changed":false,"footnotes":""},"class_list":["post-24535","page","type-page","status-publish","has-post-thumbnail","hentry"],"acf":[],"_links":{"self":[{"href":"https:\/\/www.eve.eus\/fr\/wp-json\/wp\/v2\/pages\/24535","targetHints":{"allow":["GET"]}}],"collection":[{"href":"https:\/\/www.eve.eus\/fr\/wp-json\/wp\/v2\/pages"}],"about":[{"href":"https:\/\/www.eve.eus\/fr\/wp-json\/wp\/v2\/types\/page"}],"author":[{"embeddable":true,"href":"https:\/\/www.eve.eus\/fr\/wp-json\/wp\/v2\/users\/1"}],"replies":[{"embeddable":true,"href":"https:\/\/www.eve.eus\/fr\/wp-json\/wp\/v2\/comments?post=24535"}],"version-history":[{"count":2,"href":"https:\/\/www.eve.eus\/fr\/wp-json\/wp\/v2\/pages\/24535\/revisions"}],"predecessor-version":[{"id":24537,"href":"https:\/\/www.eve.eus\/fr\/wp-json\/wp\/v2\/pages\/24535\/revisions\/24537"}],"up":[{"embeddable":true,"href":"https:\/\/www.eve.eus\/fr\/wp-json\/wp\/v2\/pages\/24475"}],"wp:featuredmedia":[{"embeddable":true,"href":"https:\/\/www.eve.eus\/fr\/wp-json\/wp\/v2\/media\/22602"}],"wp:attachment":[{"href":"https:\/\/www.eve.eus\/fr\/wp-json\/wp\/v2\/media?parent=24535"}],"curies":[{"name":"wp","href":"https:\/\/api.w.org\/{rel}","templated":true}]}}