{"id":24561,"date":"2025-12-30T10:04:59","date_gmt":"2025-12-30T09:04:59","guid":{"rendered":"https:\/\/www.eve.eus\/projets-energetiques\/energies-renouvelables-reseaux\/solar-fotovoltaica\/"},"modified":"2026-03-26T09:44:25","modified_gmt":"2026-03-26T08:44:25","slug":"solaire-photovoltaique","status":"publish","type":"page","link":"https:\/\/www.eve.eus\/fr\/projets-energetiques\/energies-renouvelables-reseaux\/solaire-photovoltaique\/","title":{"rendered":"Solaire photovolta\u00efque"},"content":{"rendered":"<div class=\"row\">\r\n<div class=\"col-md-7 align-self-center\">\r\n<h2>Grandes installations solaires photovolta\u00efques au Pays basque<\/h2>\r\n\r\n\r\n<p>L\u2019\u00e9nergie solaire photovolta\u00efque s\u2019est consolid\u00e9e comme l\u2019un des piliers de la transition \u00e9nerg\u00e9tique au Pays basque. L\u2019Agence \u00e9nerg\u00e9tique du gouvernement basque soutient des projets \u00e0 grande \u00e9chelle qui contribuent \u00e0 r\u00e9duire les \u00e9missions, \u00e0 augmenter la production d\u2019\u00e9nergie renouvelable et \u00e0 progresser vers un mod\u00e8le \u00e9nerg\u00e9tique plus durable et comp\u00e9titif.<\/p>\r\n\r\n<p>Parmi les initiatives les plus embl\u00e9matiques, se trouve BEC Solar, situ\u00e9e au Bilbao Exhibition Centre. Cette installation a \u00e9t\u00e9 mise en service en 2023 et apr\u00e8s sa derni\u00e8re extension, atteindra une puissance de pr\u00e8s de 3 MW, avec de nouveaux syst\u00e8mes de stockage par batteries pour optimiser l\u2019autoconsommation et am\u00e9liorer la gestion de l\u2019\u00e9nergie produite.<\/p>\r\n\r\n<p>Une autre r\u00e9f\u00e9rence est le parc solaire Ekian, inaugur\u00e9 en 2020 \u00e0 Arasur, avec plus de 67 000 panneaux solaires et 24 MW install\u00e9s. Sa production annuelle avoisine les 40 000 MWh, suffisante pour couvrir la consommation \u00e9lectrique d\u2019environ 15 000 foyers. Un autre parc solaire en cours de d\u00e9veloppement est Ekienea, qui avec 100 MW de puissance install\u00e9e sera la plus grande centrale solaire du Pays basque. Enfin, Eguzkind est op\u00e9rationnel depuis 2023 et dispose d\u2019une puissance de 21 MW r\u00e9partis sur plusieurs installations.<\/p>\r\n\r\n<p>En outre, les programmes de subventions de l\u2019EVE ont favoris\u00e9 l\u2019installation de syst\u00e8mes photovolta\u00efques sur des toitures industrielles, avec des puissances allant de 1,5 MW \u00e0 4 MW, encourageant la production distribu\u00e9e et la participation des entreprises \u00e0 la transition \u00e9nerg\u00e9tique.<\/p>\r\n\r\n<p>Le photovolta\u00efque ne se d\u00e9veloppe pas seulement en taille, mais aussi en technologie. Les progr\u00e8s des panneaux \u00e0 haut rendement tels que les panneaux bifaciaux, permettent de produire plus d\u2019\u00e9nergie dans un espace contraint. Le stockage sur batterie est devenu un \u00e9l\u00e9ment cl\u00e9 pour garantir la stabilit\u00e9 et tirer parti de la production pendant les heures sans soleil. \u00c0 cela s\u2019ajoutent la num\u00e9risation et la surveillance intelligente, qui optimisent la performance et facilitent la maintenance pr\u00e9dictive. Ces tendances, ainsi que l\u2019int\u00e9gration dans les environnements urbains et la r\u00e9duction des co\u00fbts, consolident l\u2019\u00e9nergie solaire comme un pilier fondamental de la transition \u00e9nerg\u00e9tique au Pays basque.<\/p>\r\n\r\n<\/div>\r\n\r\n<div class=\"col-md-5 align-self-center\"><img alt=\"fotovoltaica\" data-src=\"https:\/\/www.eve.eus\/assets\/media\/BEC-paneles-fotovoltaicos.jpg\" class=\" lazyload\"><br><br><img alt=\"fotovoltaica\" data-src=\"https:\/\/www.eve.eus\/assets\/media\/EkiolaGorbeialdea.jpg\" class=\" lazyload\"><\/div>\r\n<\/div>\r\n","protected":false},"excerpt":{"rendered":"<p>Grandes installations solaires photovolta\u00efques au Pays basque L\u2019\u00e9nergie solaire photovolta\u00efque s\u2019est consolid\u00e9e comme l\u2019un des piliers de la transition \u00e9nerg\u00e9tique au Pays basque. L\u2019Agence \u00e9nerg\u00e9tique du gouvernement basque soutient des projets \u00e0 grande \u00e9chelle qui contribuent \u00e0 r\u00e9duire les \u00e9missions, \u00e0 augmenter la production d\u2019\u00e9nergie renouvelable et \u00e0 progresser vers un mod\u00e8le \u00e9nerg\u00e9tique plus durable [&hellip;]<\/p>\n","protected":false},"author":1,"featured_media":22575,"parent":24475,"menu_order":40,"comment_status":"closed","ping_status":"closed","template":"templates\/page-with-container.php","meta":{"_acf_changed":false,"footnotes":""},"class_list":["post-24561","page","type-page","status-publish","has-post-thumbnail","hentry"],"acf":[],"_links":{"self":[{"href":"https:\/\/www.eve.eus\/fr\/wp-json\/wp\/v2\/pages\/24561","targetHints":{"allow":["GET"]}}],"collection":[{"href":"https:\/\/www.eve.eus\/fr\/wp-json\/wp\/v2\/pages"}],"about":[{"href":"https:\/\/www.eve.eus\/fr\/wp-json\/wp\/v2\/types\/page"}],"author":[{"embeddable":true,"href":"https:\/\/www.eve.eus\/fr\/wp-json\/wp\/v2\/users\/1"}],"replies":[{"embeddable":true,"href":"https:\/\/www.eve.eus\/fr\/wp-json\/wp\/v2\/comments?post=24561"}],"version-history":[{"count":2,"href":"https:\/\/www.eve.eus\/fr\/wp-json\/wp\/v2\/pages\/24561\/revisions"}],"predecessor-version":[{"id":24563,"href":"https:\/\/www.eve.eus\/fr\/wp-json\/wp\/v2\/pages\/24561\/revisions\/24563"}],"up":[{"embeddable":true,"href":"https:\/\/www.eve.eus\/fr\/wp-json\/wp\/v2\/pages\/24475"}],"wp:featuredmedia":[{"embeddable":true,"href":"https:\/\/www.eve.eus\/fr\/wp-json\/wp\/v2\/media\/22575"}],"wp:attachment":[{"href":"https:\/\/www.eve.eus\/fr\/wp-json\/wp\/v2\/media?parent=24561"}],"curies":[{"name":"wp","href":"https:\/\/api.w.org\/{rel}","templated":true}]}}