{"id":24566,"date":"2025-12-29T16:26:55","date_gmt":"2025-12-29T15:26:55","guid":{"rendered":"https:\/\/www.eve.eus\/projets-energetiques\/energies-renouvelables-reseaux\/autoconsumo\/"},"modified":"2026-03-26T09:49:44","modified_gmt":"2026-03-26T08:49:44","slug":"autoconsommation","status":"publish","type":"page","link":"https:\/\/www.eve.eus\/fr\/projets-energetiques\/energies-renouvelables-reseaux\/autoconsommation\/","title":{"rendered":"Autoconsommation"},"content":{"rendered":"<div class=\"row\">\r\n\r\n<div class=\"col-md-12\">\r\n<h2>Autoconsommation \u00e9lectrique gr\u00e2ce \u00e0 des panneaux solaires photovolta\u00efques<\/h2>\r\n<p>Depuis toujours, l\u2019Agence \u00e9nerg\u00e9tique du gouvernement basque mise sur la production d\u2019\u00e9nergie renouvelable gr\u00e2ce \u00e0 des installations solaires photovolta\u00efques en encourageant les investissements dans diff\u00e9rentes administrations du Pays basque.<\/p>\r\n<p>Ainsi, plus de <strong>170 centrales photovolta\u00efques<\/strong> d\u2019une puissance moyenne de 5 kWc ont \u00e9t\u00e9 install\u00e9es sur les toits des principaux lyc\u00e9es publics du Pays basque.  <\/p>\r\n<p>Par la suite, l\u2019Agence \u00e9nerg\u00e9tique du gouvernement basque a \u00e9tendu cette op\u00e9ration \u00e0 d\u2019autres administrations publiques du Pays basque, avec le r\u00e9sultat de la mise en service de plus de <strong>50 centrales photovolta\u00efques<\/strong> de diff\u00e9rentes puissances sur les toits des b\u00e2timents publics et dans les parkings publics, appartenant \u00e0 la fois au gouvernement basque et aux administrations locales. Au total, la puissance install\u00e9e d\u00e9passe 5 MWc.<\/p>\r\n<p>Dans l\u2019ensemble, ces installations ont permis de produire plus de 5 850 MWh et d\u2019\u00e9viter le rejet dans l\u2019atmosph\u00e8re de plus de 2 900 tonnes de CO2 par an. <\/p>\r\n<p>En outre, par l\u2019interm\u00e9diaire de la soci\u00e9t\u00e9 Bilbao Exhibition Centre Solar, S.L., une installation photovolta\u00efque destin\u00e9e \u00e0 l\u2019autoconsommation a \u00e9t\u00e9 d\u00e9velopp\u00e9e en deux phases : la premi\u00e8re mise en service en mai 2023 avec une puissance de 0,9 MWc, et la seconde, en juin 2024, a augment\u00e9 la puissance totale \u00e0 1,5 MWc. <\/p>\r\n\r\n<\/div>\r\n\r\n\r\n<\/div>\r\n\r\n<div class=\"row\">\r\n<div class=\"col-md-7 align-self-center\">\r\n<p>Situ\u00e9e sur le toit du pavillon 6 du BEC, cette installation compte 2 700 panneaux solaires et 13 onduleurs de 110 kW chacun. Elle occupe une superficie de 6 975 m\u00b2 et a une production estim\u00e9e \u00e0 1 500 MWh par an, ce qui permet de couvrir environ 17 % de la demande \u00e9lectrique du BEC avec une autoconsommation de 99,6 %. Gr\u00e2ce \u00e0 cette installation, 497 tonnes de CO\u2082 sont \u00e9vit\u00e9es chaque ann\u00e9e. <\/p>\r\n<p>Outre ces actions, l\u2019EVE dispose d\u2019un programme de subventions pratiquement ininterrompu depuis sa cr\u00e9ation dans les ann\u00e9es 80 pour soutenir les installations de production d\u2019\u00e9lectricit\u00e9 \u00e0 partir de sources renouvelables pour l\u2019autoconsommation, promues tant par des initiatives priv\u00e9es que publiques.<\/p>\r\n<p>L\u2019Agence \u00e9nerg\u00e9tique du gouvernement basque a allou\u00e9 des dizaines de millions d\u2019euros d\u2019aides pour promouvoir la cr\u00e9ation de milliers d\u2019installations d\u2019autoconsommation, qui totalisent plus de 180 MWc de puissance install\u00e9e. Gr\u00e2ce \u00e0 cette production renouvelable, des dizaines de milliers de tonnes de CO\u2082 ne sont pas rejet\u00e9es dans l\u2019atmosph\u00e8re chaque ann\u00e9e, ce qui contribue de mani\u00e8re significative \u00e0 la transition \u00e9nerg\u00e9tique et \u00e0 la durabilit\u00e9 au Pays basque.<\/p>\r\n\r\n<\/div>\r\n<div class=\"col-md-5 m-b-20\"><img alt=\"Almacenamiento energ\u00e9tico\" data-src=\"https:\/\/www.eve.eus\/assets\/media\/BEC-paneles-fotovoltaicos.jpg\" class=\" lazyload\"><\/div>\r\n<\/div>\r\n","protected":false},"excerpt":{"rendered":"<p>Autoconsommation \u00e9lectrique gr\u00e2ce \u00e0 des panneaux solaires photovolta\u00efques Depuis toujours, l\u2019Agence \u00e9nerg\u00e9tique du gouvernement basque mise sur la production d\u2019\u00e9nergie renouvelable gr\u00e2ce \u00e0 des installations solaires photovolta\u00efques en encourageant les investissements dans diff\u00e9rentes administrations du Pays basque. Ainsi, plus de 170 centrales photovolta\u00efques d\u2019une puissance moyenne de 5 kWc ont \u00e9t\u00e9 install\u00e9es sur les toits [&hellip;]<\/p>\n","protected":false},"author":1,"featured_media":22575,"parent":24475,"menu_order":50,"comment_status":"closed","ping_status":"closed","template":"templates\/page-with-container.php","meta":{"_acf_changed":false,"footnotes":""},"class_list":["post-24566","page","type-page","status-publish","has-post-thumbnail","hentry"],"acf":[],"_links":{"self":[{"href":"https:\/\/www.eve.eus\/fr\/wp-json\/wp\/v2\/pages\/24566","targetHints":{"allow":["GET"]}}],"collection":[{"href":"https:\/\/www.eve.eus\/fr\/wp-json\/wp\/v2\/pages"}],"about":[{"href":"https:\/\/www.eve.eus\/fr\/wp-json\/wp\/v2\/types\/page"}],"author":[{"embeddable":true,"href":"https:\/\/www.eve.eus\/fr\/wp-json\/wp\/v2\/users\/1"}],"replies":[{"embeddable":true,"href":"https:\/\/www.eve.eus\/fr\/wp-json\/wp\/v2\/comments?post=24566"}],"version-history":[{"count":2,"href":"https:\/\/www.eve.eus\/fr\/wp-json\/wp\/v2\/pages\/24566\/revisions"}],"predecessor-version":[{"id":24568,"href":"https:\/\/www.eve.eus\/fr\/wp-json\/wp\/v2\/pages\/24566\/revisions\/24568"}],"up":[{"embeddable":true,"href":"https:\/\/www.eve.eus\/fr\/wp-json\/wp\/v2\/pages\/24475"}],"wp:featuredmedia":[{"embeddable":true,"href":"https:\/\/www.eve.eus\/fr\/wp-json\/wp\/v2\/media\/22575"}],"wp:attachment":[{"href":"https:\/\/www.eve.eus\/fr\/wp-json\/wp\/v2\/media?parent=24566"}],"curies":[{"name":"wp","href":"https:\/\/api.w.org\/{rel}","templated":true}]}}