{"id":25234,"date":"2026-03-27T11:55:28","date_gmt":"2026-03-27T10:55:28","guid":{"rendered":"https:\/\/www.eve.eus\/fiscalidad\/art-65\/"},"modified":"2026-04-09T11:58:04","modified_gmt":"2026-04-09T09:58:04","slug":"art-65-degrevements-fiscaux","status":"publish","type":"page","link":"https:\/\/www.eve.eus\/fr\/aides-et-services-de-valeur\/fiscalite\/art-65-degrevements-fiscaux\/","title":{"rendered":"Art 65 &#8211; D\u00e9gr\u00e8vements fiscaux"},"content":{"rendered":"<div class=\"row\">\r\n   <div class=\"col-md-7\">\r\n\r\n<p>Les d\u00e9ductions fiscales sur l\u2019investissement de projets li\u00e9s, entre autres, \u00e0 l\u2019efficacit\u00e9 \u00e9nerg\u00e9tique, aux \u00e9nergies renouvelables et aux nouveaux vecteurs \u00e9nerg\u00e9tiques, dont la <strong><a href=\"https:\/\/www.eve.eus\/fr\/ayudas-y-servicios-de-valor\/fiscalidad\/liste-basque-des-technologies-propres\/\" target=\"_blank\">Liste basque des technologies propres<\/a><\/strong>, ont \u00e9t\u00e9 consolid\u00e9es comme un instrument pour acc\u00e9l\u00e9rer la transition \u00e9nerg\u00e9tique et climatique. Gr\u00e2ce \u00e0 la fiscalit\u00e9, les administrations peuvent orienter les d\u00e9cisions d\u2019investissement du secteur priv\u00e9, r\u00e9duire les co\u00fbts associ\u00e9s aux technologies propres et favoriser l\u2019adoption de solutions \u00e9nerg\u00e9tiques plus efficaces, durables et \u00e0 faible \u00e9mission de carbone. Dans ce contexte, la politique fiscale cesse d\u2019\u00eatre un \u00e9l\u00e9ment neutre pour devenir un levier actif de transformation \u00e9conomique et environnementale.<\/p>\r\n \r\n<p>Au Pays Basque, l\u2019article 65 de la Norme Forale de l\u2019Imp\u00f4t sur les Soci\u00e9t\u00e9s \u00e9tablit un r\u00e9gime de d\u00e9ductions fiscales pour les investissements qui contribuent directement \u00e0 la transition \u00e9nerg\u00e9tique et \u00e0 l\u2019am\u00e9lioration environnementale de l\u2019activit\u00e9 \u00e9conomique. Gr\u00e2ce \u00e0 cet article, les Haciendas Forales reconnaissent et soutiennent fiscalement l\u2019effort d\u2019investissement des entreprises qui misent sur les \u00e9nergies renouvelables, l\u2019efficacit\u00e9 \u00e9nerg\u00e9tique et les processus de production avec un impact environnemental moindre.<\/p>\r\n\r\n<p>La pertinence de cette norme est strat\u00e9gique pour le Pays Basque. D\u2019une part, il aligne la fiscalit\u00e9 sur les objectifs de d\u00e9carbonisation, de comp\u00e9titivit\u00e9 industrielle et de durabilit\u00e9 d\u00e9finis par les institutions basques. D\u2019autre part, il r\u00e9duit le co\u00fbt r\u00e9el d\u2019investissements cl\u00e9s pour le tissu entrepreneurial, permettant ainsi aux secteurs industriels \u00e0 forte intensit\u00e9 \u00e9nerg\u00e9tique de moderniser leurs processus sans perdre en comp\u00e9titivit\u00e9.<\/p>\r\n \r\n<p>Dans l\u2019ensemble, l\u2019article 65 renforce le r\u00f4le de la fiscalit\u00e9 comme outil essentiel de la transition \u00e9nerg\u00e9tique, en pla\u00e7ant l\u2019entreprise comme agent central du changement vers un mod\u00e8le de production plus durable, innovant et r\u00e9silient dans notre pays.<\/p>\r\n\r\n\r\n\r\n\r\n   <\/div>\r\n   <div class=\"col-md-5\">\r\n<img alt=\"Desgravaciones fiscales\" data-src=\"https:\/\/www.eve.eus\/assets\/media\/panel-solar-edificio.jpg\" class=\" lazyload\">\r\n\r\n   <\/div>\r\n\r\n<\/div>\r\n","protected":false},"excerpt":{"rendered":"<p>Les d\u00e9ductions fiscales sur l\u2019investissement de projets li\u00e9s, entre autres, \u00e0 l\u2019efficacit\u00e9 \u00e9nerg\u00e9tique, aux \u00e9nergies renouvelables et aux nouveaux vecteurs \u00e9nerg\u00e9tiques, dont la Liste basque des technologies propres, ont \u00e9t\u00e9 consolid\u00e9es comme un instrument pour acc\u00e9l\u00e9rer la transition \u00e9nerg\u00e9tique et climatique. Gr\u00e2ce \u00e0 la fiscalit\u00e9, les administrations peuvent orienter les d\u00e9cisions d\u2019investissement du secteur priv\u00e9, [&hellip;]<\/p>\n","protected":false},"author":1,"featured_media":0,"parent":25227,"menu_order":20,"comment_status":"closed","ping_status":"closed","template":"templates\/page-with-container.php","meta":{"_acf_changed":false,"footnotes":""},"class_list":["post-25234","page","type-page","status-publish","hentry"],"acf":[],"_links":{"self":[{"href":"https:\/\/www.eve.eus\/fr\/wp-json\/wp\/v2\/pages\/25234","targetHints":{"allow":["GET"]}}],"collection":[{"href":"https:\/\/www.eve.eus\/fr\/wp-json\/wp\/v2\/pages"}],"about":[{"href":"https:\/\/www.eve.eus\/fr\/wp-json\/wp\/v2\/types\/page"}],"author":[{"embeddable":true,"href":"https:\/\/www.eve.eus\/fr\/wp-json\/wp\/v2\/users\/1"}],"replies":[{"embeddable":true,"href":"https:\/\/www.eve.eus\/fr\/wp-json\/wp\/v2\/comments?post=25234"}],"version-history":[{"count":2,"href":"https:\/\/www.eve.eus\/fr\/wp-json\/wp\/v2\/pages\/25234\/revisions"}],"predecessor-version":[{"id":25584,"href":"https:\/\/www.eve.eus\/fr\/wp-json\/wp\/v2\/pages\/25234\/revisions\/25584"}],"up":[{"embeddable":true,"href":"https:\/\/www.eve.eus\/fr\/wp-json\/wp\/v2\/pages\/25227"}],"wp:attachment":[{"href":"https:\/\/www.eve.eus\/fr\/wp-json\/wp\/v2\/media?parent=25234"}],"curies":[{"name":"wp","href":"https:\/\/api.w.org\/{rel}","templated":true}]}}