{"id":25263,"date":"2026-03-27T12:25:34","date_gmt":"2026-03-27T11:25:34","guid":{"rendered":"https:\/\/www.eve.eus\/servicios-de-valor\/administracion-publica\/"},"modified":"2026-04-13T11:30:05","modified_gmt":"2026-04-13T09:30:05","slug":"administration-publique","status":"publish","type":"page","link":"https:\/\/www.eve.eus\/fr\/aides-et-services-de-valeur\/services-de-valeur\/administration-publique\/","title":{"rendered":"Administration publique"},"content":{"rendered":"<section class=\"row\">\r\n   <article class=\"col-md-12\">\r\n<p>Les administrations publiques ont un r\u00f4le cl\u00e9 \u00e0 jouer dans la transition \u00e9nerg\u00e9tique, \u00e0 la fois en raison de leur grande marge d\u2019am\u00e9lioration de l\u2019efficacit\u00e9 et de l\u2019\u00e9conomie et de leur capacit\u00e9 \u00e0 influencer l\u2019ensemble de la soci\u00e9t\u00e9. La modernisation de l\u2019\u00e9clairage, la mobilit\u00e9 durable des flottes ou l\u2019implantation d\u2019\u00e9nergies renouvelables et tout particuli\u00e8rement les installations d\u2019autoconsommation et les r\u00e9seaux de chaleur et de froid, etc., sont des mesures qui r\u00e9duisent les d\u00e9penses \u00e9nerg\u00e9tiques et renforcent l\u2019engagement institutionnel en faveur de la durabilit\u00e9.<\/p>\r\n<p>Chez EVE, nous encourageons et accompagnons ces avanc\u00e9es afin que chaque administration puisse atteindre des niveaux \u00e9lev\u00e9s d\u2019efficacit\u00e9 et d\u2019exemplarit\u00e9. Leur leadership est fondamental : lorsqu\u2019une institution publique agit, elle inspire les citoyens, oriente le secteur priv\u00e9 et cr\u00e9e un effet multiplicateur. Une gestion efficace et durable r\u00e9duit non seulement les \u00e9missions et les co\u00fbts, mais devient une r\u00e9f\u00e9rence pour l\u2019ensemble de la communaut\u00e9.<\/p>\r\n   <\/article>\r\n<\/section>","protected":false},"excerpt":{"rendered":"<p>Les administrations publiques ont un r\u00f4le cl\u00e9 \u00e0 jouer dans la transition \u00e9nerg\u00e9tique, \u00e0 la fois en raison de leur grande marge d\u2019am\u00e9lioration de l\u2019efficacit\u00e9 et de l\u2019\u00e9conomie et de leur capacit\u00e9 \u00e0 influencer l\u2019ensemble de la soci\u00e9t\u00e9. La modernisation de l\u2019\u00e9clairage, la mobilit\u00e9 durable des flottes ou l\u2019implantation d\u2019\u00e9nergies renouvelables et tout particuli\u00e8rement les [&hellip;]<\/p>\n","protected":false},"author":1,"featured_media":0,"parent":25240,"menu_order":30,"comment_status":"closed","ping_status":"closed","template":"templates\/page-with-container.php","meta":{"_acf_changed":false,"footnotes":""},"class_list":["post-25263","page","type-page","status-publish","hentry"],"acf":[],"_links":{"self":[{"href":"https:\/\/www.eve.eus\/fr\/wp-json\/wp\/v2\/pages\/25263","targetHints":{"allow":["GET"]}}],"collection":[{"href":"https:\/\/www.eve.eus\/fr\/wp-json\/wp\/v2\/pages"}],"about":[{"href":"https:\/\/www.eve.eus\/fr\/wp-json\/wp\/v2\/types\/page"}],"author":[{"embeddable":true,"href":"https:\/\/www.eve.eus\/fr\/wp-json\/wp\/v2\/users\/1"}],"replies":[{"embeddable":true,"href":"https:\/\/www.eve.eus\/fr\/wp-json\/wp\/v2\/comments?post=25263"}],"version-history":[{"count":2,"href":"https:\/\/www.eve.eus\/fr\/wp-json\/wp\/v2\/pages\/25263\/revisions"}],"predecessor-version":[{"id":25722,"href":"https:\/\/www.eve.eus\/fr\/wp-json\/wp\/v2\/pages\/25263\/revisions\/25722"}],"up":[{"embeddable":true,"href":"https:\/\/www.eve.eus\/fr\/wp-json\/wp\/v2\/pages\/25240"}],"wp:attachment":[{"href":"https:\/\/www.eve.eus\/fr\/wp-json\/wp\/v2\/media?parent=25263"}],"curies":[{"name":"wp","href":"https:\/\/api.w.org\/{rel}","templated":true}]}}