{"id":25328,"date":"2025-12-30T13:34:10","date_gmt":"2025-12-30T12:34:10","guid":{"rendered":"https:\/\/www.eve.eus\/ayudas-y-servicios-de-valor\/"},"modified":"2026-04-10T11:58:33","modified_gmt":"2026-04-10T09:58:33","slug":"aides-et-services-de-valeur","status":"publish","type":"page","link":"https:\/\/www.eve.eus\/fr\/aides-et-services-de-valeur\/","title":{"rendered":"Aides et services de valeur"},"content":{"rendered":"<section class=\"page-header-html-menu\">\r\n<!-- contenido del html-menu-content part --><section class=\"menu-description\">\r\n   <div class=\"menu-description__title\">Ayudas y Servicios de valor<\/div>\r\n   <div class=\"menu-description__content\">\r\n<p>El Ente Vasco de la Energ\u00eda es una agencia aliada de la industria, las administraciones p\u00fablicas y la ciudadan\u00eda.<\/p>\r\n<ul>\r\n\t<li><strong>Industria<\/strong>: Apoyo al cambio de modelo energ\u00e9tico industrial mediante el autoconsumo y la eficiencia energ\u00e9tica.<\/li>\r\n\t<li><strong>Administraciones p\u00fablicas<\/strong>: A trav\u00e9s de un acompa\u00f1amiento a proyectos renovables y de eficiencia energ\u00e9tica que sean referenciales y tractores en la sociedad.<\/li>\r\n\t<li><strong>Ciudadan\u00eda<\/strong>: Facilitando herramientas para que las personas consumidoras est\u00e9n en el centro de la toma de decisiones.<\/li>\r\n<\/ul>\r\n\r\n    <\/div>\r\n<\/section>\r\n<\/section>\r\n\r\n<!-- shortcode para submenu paginas como en offcanvas --><section class=\"submenu-pages\">\n\t<ul class=\"submenu-pages__ul\">\n\t\t<li class=\"page_item page-item-25328 page_item_has_children\"><a href=\"https:\/\/www.eve.eus\/fr\/aides-et-services-de-valeur\/\">Aides et services de valeur<\/a>\n<ul class=\"children\">\n\t<li class=\"page_item page-item-25082 page_item_has_children\"><a href=\"https:\/\/www.eve.eus\/fr\/aides-et-services-de-valeur\/programme-daide\/\">Programme d\u2019aide<\/a>\n\t<ul class=\"children\">\n\t\t<li class=\"page_item page-item-25211\"><a href=\"https:\/\/www.eve.eus\/fr\/aides-et-services-de-valeur\/programme-daide\/ayudas\/\">Ayudas<\/a><\/li>\n\t\t<li class=\"page_item page-item-25217\"><a href=\"https:\/\/www.eve.eus\/fr\/aides-et-services-de-valeur\/programme-daide\/carta-de-servicios\/\">Carta de servicios<\/a><\/li>\n\t<\/ul>\n<\/li>\n\t<li class=\"page_item page-item-25227 page_item_has_children\"><a href=\"https:\/\/www.eve.eus\/fr\/aides-et-services-de-valeur\/fiscalite\/\">Fiscalit\u00e9<\/a>\n\t<ul class=\"children\">\n\t\t<li class=\"page_item page-item-4800\"><a href=\"https:\/\/www.eve.eus\/fr\/aides-et-services-de-valeur\/fiscalite\/liste-basque-des-technologies-propres\/\">Liste Basque des Technologies Propres<\/a><\/li>\n\t\t<li class=\"page_item page-item-25234\"><a href=\"https:\/\/www.eve.eus\/fr\/aides-et-services-de-valeur\/fiscalite\/art-65-degrevements-fiscaux\/\">Art 65 \u2013 D\u00e9gr\u00e8vements fiscaux<\/a><\/li>\n\t<\/ul>\n<\/li>\n\t<li class=\"page_item page-item-6178\"><a href=\"https:\/\/www.eve.eus\/fr\/aides-et-services-de-valeur\/certificats-deconomies-denergie-cee\/\">Certificats d\u2019\u00c9conomies d\u2019\u00c9nergie (CEE)<\/a><\/li>\n\t<li class=\"page_item page-item-25240 page_item_has_children\"><a href=\"https:\/\/www.eve.eus\/fr\/aides-et-services-de-valeur\/services-de-valeur\/\">Services de valeur<\/a>\n\t<ul class=\"children\">\n\t\t<li class=\"page_item page-item-25246 page_item_has_children\"><a href=\"https:\/\/www.eve.eus\/fr\/aides-et-services-de-valeur\/services-de-valeur\/industrie\/\">Industrie<\/a>\n\t\t<ul class=\"children\">\n\t\t\t<li class=\"page_item page-item-25268\"><a href=\"https:\/\/www.eve.eus\/fr\/aides-et-services-de-valeur\/services-de-valeur\/industrie\/autoconsommation-industrielle\/\">Autoconsommation industrielle<\/a><\/li>\n\t\t<\/ul>\n<\/li>\n\t\t<li class=\"page_item page-item-25252 page_item_has_children\"><a href=\"https:\/\/www.eve.eus\/fr\/aides-et-services-de-valeur\/services-de-valeur\/citoyennete\/\">Citoyennet\u00e9<\/a>\n\t\t<ul class=\"children\">\n\t\t\t<li class=\"page_item page-item-6110 page_item_has_children\"><a href=\"https:\/\/www.eve.eus\/fr\/aides-et-services-de-valeur\/services-de-valeur\/citoyennete\/conseils-pour-economiser\/\">Conseils pour \u00e9conomiser<\/a>\n\t\t\t<ul class=\"children\">\n\t\t\t\t<li class=\"page_item page-item-6023\"><a href=\"https:\/\/www.eve.eus\/fr\/aides-et-services-de-valeur\/services-de-valeur\/citoyennete\/conseils-pour-economiser\/le-logement\/\">Le logement<\/a><\/li>\n\t\t\t\t<li class=\"page_item page-item-6038\"><a href=\"https:\/\/www.eve.eus\/fr\/aides-et-services-de-valeur\/services-de-valeur\/citoyennete\/conseils-pour-economiser\/lequipement-du-logement\/\">L\u2019\u00e9quipement du logement<\/a><\/li>\n\t\t\t\t<li class=\"page_item page-item-6052\"><a href=\"https:\/\/www.eve.eus\/fr\/aides-et-services-de-valeur\/services-de-valeur\/citoyennete\/conseils-pour-economiser\/la-poubelle-domestique\/\">La poubelle domestique<\/a><\/li>\n\t\t\t\t<li class=\"page_item page-item-6072\"><a href=\"https:\/\/www.eve.eus\/fr\/aides-et-services-de-valeur\/services-de-valeur\/citoyennete\/conseils-pour-economiser\/le-transport\/\">Le transport<\/a><\/li>\n\t\t\t\t<li class=\"page_item page-item-6150\"><a href=\"https:\/\/www.eve.eus\/fr\/aides-et-services-de-valeur\/services-de-valeur\/citoyennete\/conseils-pour-economiser\/le-bureau\/\">Le bureau<\/a><\/li>\n\t\t\t<\/ul>\n<\/li>\n\t\t\t<li class=\"page_item page-item-5444 page_item_has_children\"><a href=\"https:\/\/www.eve.eus\/fr\/aides-et-services-de-valeur\/services-de-valeur\/citoyennete\/que-savez-vous-sur\/\">Que savez-vous sur\u2026?<\/a>\n\t\t\t<ul class=\"children\">\n\t\t\t\t<li class=\"page_item page-item-25495\"><a href=\"https:\/\/www.eve.eus\/fr\/aides-et-services-de-valeur\/services-de-valeur\/citoyennete\/que-savez-vous-sur\/stockage-denergie\/\">Stockage d\u2019\u00e9nergie<\/a><\/li>\n\t\t\t\t<li class=\"page_item page-item-25500\"><a href=\"https:\/\/www.eve.eus\/fr\/aides-et-services-de-valeur\/services-de-valeur\/citoyennete\/que-savez-vous-sur\/lautoconsommation\/\">L\u2019Autoconsommation<\/a><\/li>\n\t\t\t\t<li class=\"page_item page-item-25504\"><a href=\"https:\/\/www.eve.eus\/fr\/aides-et-services-de-valeur\/services-de-valeur\/citoyennete\/que-savez-vous-sur\/les-communautes-energetiques\/\">Les Communaut\u00e9s \u00c9nerg\u00e9tiques<\/a><\/li>\n\t\t\t\t<li class=\"page_item page-item-5166\"><a href=\"https:\/\/www.eve.eus\/fr\/aides-et-services-de-valeur\/services-de-valeur\/citoyennete\/que-savez-vous-sur\/le-gaz-naturel\/\">Le gaz naturel<\/a><\/li>\n\t\t\t\t<li class=\"page_item page-item-5186\"><a href=\"https:\/\/www.eve.eus\/fr\/aides-et-services-de-valeur\/services-de-valeur\/citoyennete\/que-savez-vous-sur\/lhydrogene\/\">L\u2019hydrog\u00e8ne<\/a><\/li>\n\t\t\t\t<li class=\"page_item page-item-5099\"><a href=\"https:\/\/www.eve.eus\/fr\/aides-et-services-de-valeur\/services-de-valeur\/citoyennete\/que-savez-vous-sur\/la-biomasse\/\">La biomasse<\/a><\/li>\n\t\t\t\t<li class=\"page_item page-item-25508\"><a href=\"https:\/\/www.eve.eus\/fr\/aides-et-services-de-valeur\/services-de-valeur\/citoyennete\/que-savez-vous-sur\/la-pompe-a-chaleur\/\">La pompe \u00e0 chaleur<\/a><\/li>\n\t\t\t\t<li class=\"page_item page-item-5128\"><a href=\"https:\/\/www.eve.eus\/fr\/aides-et-services-de-valeur\/services-de-valeur\/citoyennete\/que-savez-vous-sur\/lenergie-eolienne\/\">L\u2019\u00e9nergie \u00e9olienne<\/a><\/li>\n\t\t\t\t<li class=\"page_item page-item-5024\"><a href=\"https:\/\/www.eve.eus\/fr\/aides-et-services-de-valeur\/services-de-valeur\/citoyennete\/que-savez-vous-sur\/lenergie-hydraulique\/\">L\u2019\u00e9nergie hydraulique<\/a><\/li>\n\t\t\t\t<li class=\"page_item page-item-5209\"><a href=\"https:\/\/www.eve.eus\/fr\/aides-et-services-de-valeur\/services-de-valeur\/citoyennete\/que-savez-vous-sur\/lenergie-nucleaire\/\">L\u2019\u00e9nergie nucl\u00e9aire<\/a><\/li>\n\t\t\t\t<li class=\"page_item page-item-5080\"><a href=\"https:\/\/www.eve.eus\/fr\/aides-et-services-de-valeur\/services-de-valeur\/citoyennete\/que-savez-vous-sur\/lenergie-solaire\/\">L\u2019\u00e9nergie solaire<\/a><\/li>\n\t\t\t\t<li class=\"page_item page-item-25845\"><a href=\"https:\/\/www.eve.eus\/fr\/aides-et-services-de-valeur\/services-de-valeur\/citoyennete\/que-savez-vous-sur\/energies-oceaniques\/\">\u00c9nergies oc\u00e9aniques<\/a><\/li>\n\t\t\t\t<li class=\"page_item page-item-5199\"><a href=\"https:\/\/www.eve.eus\/fr\/aides-et-services-de-valeur\/services-de-valeur\/citoyennete\/que-savez-vous-sur\/les-hydrocarbures\/\">Les hydrocarbures<\/a><\/li>\n\t\t\t\t<li class=\"page_item page-item-25512\"><a href=\"https:\/\/www.eve.eus\/fr\/aides-et-services-de-valeur\/services-de-valeur\/citoyennete\/que-savez-vous-sur\/reseaux-de-chaleur-et-de-froid\/\">R\u00e9seaux de chaleur et de froid<\/a><\/li>\n\t\t\t\t<li class=\"page_item page-item-25517\"><a href=\"https:\/\/www.eve.eus\/fr\/aides-et-services-de-valeur\/services-de-valeur\/citoyennete\/que-savez-vous-sur\/les-reseaux-de-distribution-electrique\/\">Les r\u00e9seaux de distribution \u00e9lectrique<\/a><\/li>\n\t\t\t\t<li class=\"page_item page-item-25807\"><a href=\"https:\/\/www.eve.eus\/fr\/aides-et-services-de-valeur\/services-de-valeur\/citoyennete\/que-savez-vous-sur\/la-voiture-electrique-2\/\">La voiture \u00e9lectrique<\/a><\/li>\n\t\t\t<\/ul>\n<\/li>\n\t\t\t<li class=\"page_item page-item-7872\"><a href=\"https:\/\/www.eve.eus\/fr\/aides-et-services-de-valeur\/services-de-valeur\/citoyennete\/infographies\/\">Infographies<\/a><\/li>\n\t\t<\/ul>\n<\/li>\n\t\t<li class=\"page_item page-item-25263\"><a href=\"https:\/\/www.eve.eus\/fr\/aides-et-services-de-valeur\/services-de-valeur\/administration-publique\/\">Administration publique<\/a><\/li>\n\t<\/ul>\n<\/li>\n<\/ul>\n<\/li>\n<li class=\"page_item page-item-16320\"><a href=\"https:\/\/www.eve.eus\/fr\/barne-informazio-sistema\/\">Barne Informazio Sistema<\/a><\/li>\n<li class=\"page_item page-item-5415\"><a href=\"https:\/\/www.eve.eus\/fr\/connaissez-lenergie\/\">Connaissez L\u2019\u00c9nergie<\/a><\/li>\n<li class=\"page_item page-item-6243\"><a href=\"https:\/\/www.eve.eus\/fr\/contact\/\">Contact<\/a><\/li>\n<li class=\"page_item page-item-3471\"><a href=\"https:\/\/www.eve.eus\/fr\/\">Inicio<\/a><\/li>\n<li class=\"page_item page-item-24605 page_item_has_children\"><a href=\"https:\/\/www.eve.eus\/fr\/les-moteurs-de-la-transition\/\">Les moteurs de la transition<\/a>\n<ul class=\"children\">\n\t<li class=\"page_item page-item-5431 page_item_has_children\"><a href=\"https:\/\/www.eve.eus\/fr\/les-moteurs-de-la-transition\/lenergie-au-pays-basque\/\">L\u2019Energie Au Pays Basque<\/a>\n\t<ul class=\"children\">\n\t\t<li class=\"page_item page-item-25304\"><a href=\"https:\/\/www.eve.eus\/fr\/les-moteurs-de-la-transition\/lenergie-au-pays-basque\/plan-dindustrie-euskadi-2030\/\">Plan d\u2019Industrie \u2013 Euskadi 2030<\/a><\/li>\n\t\t<li class=\"page_item page-item-4849\"><a href=\"https:\/\/www.eve.eus\/fr\/les-moteurs-de-la-transition\/lenergie-au-pays-basque\/loi-sur-la-transition-energetique-et-le-changement-climatique\/\">Loi sur la Transition \u00c9nerg\u00e9tique et le Changement Climatique<\/a><\/li>\n\t\t<li class=\"page_item page-item-4733\"><a href=\"https:\/\/www.eve.eus\/fr\/les-moteurs-de-la-transition\/lenergie-au-pays-basque\/strategie-3e2030\/\">Strat\u00e9gie 3E2030<\/a><\/li>\n\t\t<li class=\"page_item page-item-4781\"><a href=\"https:\/\/www.eve.eus\/fr\/les-moteurs-de-la-transition\/lenergie-au-pays-basque\/strategie-basque-du-hydrogene\/\">Strat\u00e9gie Basque du Hydrog\u00e8ne<\/a><\/li>\n\t\t<li class=\"page_item page-item-25361\"><a href=\"https:\/\/www.eve.eus\/fr\/les-moteurs-de-la-transition\/lenergie-au-pays-basque\/acceso-a-la-energia\/\">Acceso a la energ\u00eda<\/a><\/li>\n\t\t<li class=\"page_item page-item-4752\"><a href=\"https:\/\/www.eve.eus\/fr\/les-moteurs-de-la-transition\/lenergie-au-pays-basque\/strategie-energibasque\/\">Strat\u00e9gie \u00c9nergiBasque<\/a><\/li>\n\t\t<li class=\"page_item page-item-25670\"><a href=\"https:\/\/www.eve.eus\/fr\/les-moteurs-de-la-transition\/lenergie-au-pays-basque\/carte-eve-des-energies-renouvelables\/\">Carte EVE des \u00e9nergies renouvelables<\/a><\/li>\n\t\t<li class=\"page_item page-item-4623\"><a href=\"https:\/\/www.eve.eus\/fr\/les-moteurs-de-la-transition\/lenergie-au-pays-basque\/histoire-recente-du-systeme-energetique-basque\/\">Histoire r\u00e9cente du syst\u00e8me \u00e9nerg\u00e9tique basque<\/a><\/li>\n\t<\/ul>\n<\/li>\n\t<li class=\"page_item page-item-25343 page_item_has_children\"><a href=\"https:\/\/www.eve.eus\/fr\/les-moteurs-de-la-transition\/donnees-energetiques\/\">Donn\u00e9es \u00e9nerg\u00e9tiques<\/a>\n\t<ul class=\"children\">\n\t\t<li class=\"page_item page-item-25369\"><a href=\"https:\/\/www.eve.eus\/fr\/les-moteurs-de-la-transition\/donnees-energetiques\/observatorio-de-coyuntura-energetica\/\">Observatoire de conjoncture \u00e9nerg\u00e9tique<\/a><\/li>\n\t\t<li class=\"page_item page-item-25347\"><a href=\"https:\/\/www.eve.eus\/fr\/les-moteurs-de-la-transition\/donnees-energetiques\/donnees-energetiques-deuskadi\/\">Donn\u00e9es \u00e9nerg\u00e9tiques d\u2019Euskadi<\/a><\/li>\n\t<\/ul>\n<\/li>\n<\/ul>\n<\/li>\n<li class=\"page_item page-item-4085\"><a href=\"https:\/\/www.eve.eus\/fr\/mentions-legales\/\">Mentions l\u00e9gales<\/a><\/li>\n<li class=\"page_item page-item-15940\"><a href=\"https:\/\/www.eve.eus\/fr\/newsletter\/\">Newsletter<\/a><\/li>\n<li class=\"page_item page-item-12050 current_page_parent\"><a href=\"https:\/\/www.eve.eus\/fr\/nouvelles\/\">Nouvelles<\/a><\/li>\n<li class=\"page_item page-item-4093\"><a href=\"https:\/\/www.eve.eus\/fr\/politique-de-confidentialite\/\">Politique de confidentialit\u00e9<\/a><\/li>\n<li class=\"page_item page-item-4104\"><a href=\"https:\/\/www.eve.eus\/fr\/politique-de-cookies\/\">Politique de cookies<\/a><\/li>\n<li class=\"page_item page-item-5467 page_item_has_children\"><a href=\"https:\/\/www.eve.eus\/fr\/portail-de-la-transparence\/\">Portail de la transparence<\/a>\n<ul class=\"children\">\n\t<li class=\"page_item page-item-5572\"><a href=\"https:\/\/www.eve.eus\/fr\/portail-de-la-transparence\/ente-vasco-de-la-energia\/\">Ente Vasco de la Energ\u00eda<\/a><\/li>\n\t<li class=\"page_item page-item-5608\"><a href=\"https:\/\/www.eve.eus\/fr\/portail-de-la-transparence\/cadem\/\">CADEM<\/a><\/li>\n\t<li class=\"page_item page-item-5794\"><a href=\"https:\/\/www.eve.eus\/fr\/portail-de-la-transparence\/shesa\/\">SHESA<\/a><\/li>\n\t<li class=\"page_item page-item-5869\"><a href=\"https:\/\/www.eve.eus\/fr\/portail-de-la-transparence\/bimep\/\">BIMEP<\/a><\/li>\n\t<li class=\"page_item page-item-5914\"><a href=\"https:\/\/www.eve.eus\/fr\/portail-de-la-transparence\/harana-kontrasta\/\">Harana Kontrasta<\/a><\/li>\n<\/ul>\n<\/li>\n<li class=\"page_item page-item-3579 page_item_has_children\"><a href=\"https:\/\/www.eve.eus\/fr\/profil-du-contractant\/\">Profil du Contractant<\/a>\n<ul class=\"children\">\n\t<li class=\"page_item page-item-4026\"><a href=\"https:\/\/www.eve.eus\/fr\/profil-du-contractant\/comite-des-marches-publics-reglementation-et-composition\/\">Comit\u00e9 des March\u00e9s Publics, R\u00e9glementation et Composition<\/a><\/li>\n\t<li class=\"page_item page-item-3582\"><a href=\"https:\/\/www.eve.eus\/fr\/profil-du-contractant\/description\/\">Description<\/a><\/li>\n\t<li class=\"page_item page-item-3596\"><a href=\"https:\/\/www.eve.eus\/fr\/profil-du-contractant\/information-generale\/\">Information G\u00e9n\u00e9rale<\/a><\/li>\n\t<li class=\"page_item page-item-4049\"><a href=\"https:\/\/www.eve.eus\/fr\/profil-du-contractant\/conditions-generales-des-achats-et-des-marches-publics\/\">Conditions G\u00e9n\u00e9rales des Achats et des March\u00e9s Publics<\/a><\/li>\n\t<li class=\"page_item page-item-4115\"><a href=\"https:\/\/www.eve.eus\/fr\/profil-du-contractant\/appels-doffres\/\">Appels D\u2019Offres<\/a><\/li>\n\t<li class=\"page_item page-item-4130\"><a href=\"https:\/\/www.eve.eus\/fr\/profil-du-contractant\/marches-publics-mineurs\/\">March\u00e9s Publics Mineurs<\/a><\/li>\n\t<li class=\"page_item page-item-4137\"><a href=\"https:\/\/www.eve.eus\/fr\/profil-du-contractant\/commandes-passees-a-nos-propres-services\/\">Commandes Pass\u00e9es \u00e0 nos Propres Services<\/a><\/li>\n\t<li class=\"page_item page-item-4150\"><a href=\"https:\/\/www.eve.eus\/fr\/profil-du-contractant\/plan-annuel-des-marches-publics\/\">Plan Annuel des March\u00e9s Publics<\/a><\/li>\n<\/ul>\n<\/li>\n<li class=\"page_item page-item-24368 page_item_has_children\"><a href=\"https:\/\/www.eve.eus\/fr\/projets-energetiques\/\">Projets \u00e9nerg\u00e9tiques<\/a>\n<ul class=\"children\">\n\t<li class=\"page_item page-item-24475 page_item_has_children\"><a href=\"https:\/\/www.eve.eus\/fr\/projets-energetiques\/energies-renouvelables-reseaux\/\">\u00c9nergies renouvelables \/ R\u00e9seaux<\/a>\n\t<ul class=\"children\">\n\t\t<li class=\"page_item page-item-25897\"><a href=\"https:\/\/www.eve.eus\/fr\/projets-energetiques\/energies-renouvelables-reseaux\/carte-eve-des-energies-renouvelables\/\">Carte EVE des \u00e9nergies renouvelables<\/a><\/li>\n\t\t<li class=\"page_item page-item-4508\"><a href=\"https:\/\/www.eve.eus\/fr\/projets-energetiques\/energies-renouvelables-reseaux\/reseaux-de-distribution-electrique\/\">R\u00e9seaux de distribution \u00e9lectrique<\/a><\/li>\n\t\t<li class=\"page_item page-item-4391\"><a href=\"https:\/\/www.eve.eus\/fr\/projets-energetiques\/energies-renouvelables-reseaux\/energie-eolienne\/\">\u00c9nergie \u00e9olienne<\/a><\/li>\n\t\t<li class=\"page_item page-item-24561\"><a href=\"https:\/\/www.eve.eus\/fr\/projets-energetiques\/energies-renouvelables-reseaux\/solaire-photovoltaique\/\">Solaire photovolta\u00efque<\/a><\/li>\n\t\t<li class=\"page_item page-item-24566\"><a href=\"https:\/\/www.eve.eus\/fr\/projets-energetiques\/energies-renouvelables-reseaux\/autoconsommation\/\">Autoconsommation<\/a><\/li>\n\t\t<li class=\"page_item page-item-24363\"><a href=\"https:\/\/www.eve.eus\/fr\/projets-energetiques\/energies-renouvelables-reseaux\/le-stockage-energetique\/\">Le stockage \u00e9nerg\u00e9tique<\/a><\/li>\n\t\t<li class=\"page_item page-item-24535\"><a href=\"https:\/\/www.eve.eus\/fr\/projets-energetiques\/energies-renouvelables-reseaux\/communautes-energetiques\/\">Communaut\u00e9s \u00e9nerg\u00e9tiques<\/a><\/li>\n\t\t<li class=\"page_item page-item-4362\"><a href=\"https:\/\/www.eve.eus\/fr\/projets-energetiques\/energies-renouvelables-reseaux\/energies-oceaniques\/\">\u00c9nergies oc\u00e9aniques<\/a><\/li>\n\t\t<li class=\"page_item page-item-4437\"><a href=\"https:\/\/www.eve.eus\/fr\/projets-energetiques\/energies-renouvelables-reseaux\/geothermie\/\">G\u00e9othermie<\/a><\/li>\n\t<\/ul>\n<\/li>\n\t<li class=\"page_item page-item-24526 page_item_has_children\"><a href=\"https:\/\/www.eve.eus\/fr\/projets-energetiques\/molecule\/\">Mol\u00e9cule<\/a>\n\t<ul class=\"children\">\n\t\t<li class=\"page_item page-item-4334\"><a href=\"https:\/\/www.eve.eus\/fr\/projets-energetiques\/molecule\/biomethane\/\">Biom\u00e9thane<\/a><\/li>\n\t\t<li class=\"page_item page-item-24531\"><a href=\"https:\/\/www.eve.eus\/fr\/projets-energetiques\/molecule\/hydrogene-renouvelable\/\">Hydrog\u00e8ne renouvelable<\/a><\/li>\n\t\t<li class=\"page_item page-item-24467\"><a href=\"https:\/\/www.eve.eus\/fr\/projets-energetiques\/molecule\/co2\/\">CO2<\/a><\/li>\n\t<\/ul>\n<\/li>\n\t<li class=\"page_item page-item-24453 page_item_has_children\"><a href=\"https:\/\/www.eve.eus\/fr\/projets-energetiques\/autres-activites\/\">Autres activit\u00e9s<\/a>\n\t<ul class=\"children\">\n\t\t<li class=\"page_item page-item-4412\"><a href=\"https:\/\/www.eve.eus\/fr\/projets-energetiques\/autres-activites\/geologie-et-mines\/\">G\u00e9ologie et mines<\/a><\/li>\n\t\t<li class=\"page_item page-item-5456 page_item_has_children\"><a href=\"https:\/\/www.eve.eus\/fr\/projets-energetiques\/autres-activites\/projets-europeens\/\">Projets europ\u00e9ens<\/a>\n\t\t<ul class=\"children\">\n\t\t\t<li class=\"page_item page-item-23583\"><a href=\"https:\/\/www.eve.eus\/fr\/projets-energetiques\/autres-activites\/projets-europeens\/charge\/\">CHARGE<\/a><\/li>\n\t\t\t<li class=\"page_item page-item-5245\"><a href=\"https:\/\/www.eve.eus\/fr\/projets-energetiques\/autres-activites\/projets-europeens\/atelier\/\">ATELIER<\/a><\/li>\n\t\t\t<li class=\"page_item page-item-5255\"><a href=\"https:\/\/www.eve.eus\/fr\/projets-energetiques\/autres-activites\/projets-europeens\/birtuoss-opengela\/\">BIRTUOSS (OPENGELA)<\/a><\/li>\n\t\t\t<li class=\"page_item page-item-5264\"><a href=\"https:\/\/www.eve.eus\/fr\/projets-energetiques\/autres-activites\/projets-europeens\/cetp\/\">CETP<\/a><\/li>\n\t\t\t<li class=\"page_item page-item-5285\"><a href=\"https:\/\/www.eve.eus\/fr\/projets-energetiques\/autres-activites\/projets-europeens\/europewave\/\">EUROPEWAVE<\/a><\/li>\n\t\t\t<li class=\"page_item page-item-5298\"><a href=\"https:\/\/www.eve.eus\/fr\/projets-energetiques\/autres-activites\/projets-europeens\/octopus\/\">Octopus<\/a><\/li>\n\t\t\t<li class=\"page_item page-item-5310\"><a href=\"https:\/\/www.eve.eus\/fr\/projets-energetiques\/autres-activites\/projets-europeens\/phyrene\/\">Phyrene<\/a><\/li>\n\t\t\t<li class=\"page_item page-item-5333\"><a href=\"https:\/\/www.eve.eus\/fr\/projets-energetiques\/autres-activites\/projets-europeens\/sirenergy\/\">SIRENERGY<\/a><\/li>\n\t\t\t<li class=\"page_item page-item-5347\"><a href=\"https:\/\/www.eve.eus\/fr\/projets-energetiques\/autres-activites\/projets-europeens\/urban-klima-2050\/\">Urban Klima 2050<\/a><\/li>\n\t\t<\/ul>\n<\/li>\n\t<\/ul>\n<\/li>\n<\/ul>\n<\/li>\n<li class=\"page_item page-item-3518 page_item_has_children\"><a href=\"https:\/\/www.eve.eus\/fr\/qui-sommes-nous\/\">Qui sommes-nous ?<\/a>\n<ul class=\"children\">\n\t<li class=\"page_item page-item-3525\"><a href=\"https:\/\/www.eve.eus\/fr\/qui-sommes-nous\/organigramme\/\">Organigramme<\/a><\/li>\n\t<li class=\"page_item page-item-3566\"><a href=\"https:\/\/www.eve.eus\/fr\/qui-sommes-nous\/societes-participees\/\">Soci\u00e9t\u00e9s Particip\u00e9es<\/a><\/li>\n<\/ul>\n<\/li>\n<li class=\"page_item page-item-4254\"><a href=\"https:\/\/www.eve.eus\/fr\/actions\/administrations-publiques\/\">Administrations publiques<\/a><\/li>\n\t<\/ul>\n<\/section>","protected":false},"excerpt":{"rendered":"","protected":false},"author":1,"featured_media":0,"parent":0,"menu_order":0,"comment_status":"closed","ping_status":"closed","template":"templates\/page-with-container.php","meta":{"_acf_changed":false,"footnotes":""},"class_list":["post-25328","page","type-page","status-publish","hentry"],"acf":[],"_links":{"self":[{"href":"https:\/\/www.eve.eus\/fr\/wp-json\/wp\/v2\/pages\/25328","targetHints":{"allow":["GET"]}}],"collection":[{"href":"https:\/\/www.eve.eus\/fr\/wp-json\/wp\/v2\/pages"}],"about":[{"href":"https:\/\/www.eve.eus\/fr\/wp-json\/wp\/v2\/types\/page"}],"author":[{"embeddable":true,"href":"https:\/\/www.eve.eus\/fr\/wp-json\/wp\/v2\/users\/1"}],"replies":[{"embeddable":true,"href":"https:\/\/www.eve.eus\/fr\/wp-json\/wp\/v2\/comments?post=25328"}],"version-history":[{"count":1,"href":"https:\/\/www.eve.eus\/fr\/wp-json\/wp\/v2\/pages\/25328\/revisions"}],"predecessor-version":[{"id":25623,"href":"https:\/\/www.eve.eus\/fr\/wp-json\/wp\/v2\/pages\/25328\/revisions\/25623"}],"wp:attachment":[{"href":"https:\/\/www.eve.eus\/fr\/wp-json\/wp\/v2\/media?parent=25328"}],"curies":[{"name":"wp","href":"https:\/\/api.w.org\/{rel}","templated":true}]}}