{"id":25347,"date":"2024-12-18T17:35:07","date_gmt":"2024-12-18T16:35:07","guid":{"rendered":"https:\/\/www.eve.eus\/les-moteurs-de-la-transition\/datos-energeticos\/datos-energeticos-euskadi\/"},"modified":"2026-04-10T13:21:55","modified_gmt":"2026-04-10T11:21:55","slug":"donnees-energetiques-deuskadi","status":"publish","type":"page","link":"https:\/\/www.eve.eus\/fr\/les-moteurs-de-la-transition\/donnees-energetiques\/donnees-energetiques-deuskadi\/","title":{"rendered":"Donn\u00e9es \u00e9nerg\u00e9tiques d&rsquo;Euskadi"},"content":{"rendered":"<div class=\"row\">\r\n  <div class=\"col-md-12\">\r\n    <p>Esta secci\u00f3n presenta la serie de datos sobre la estructura energ\u00e9tica vasca recogidas desde el a\u00f1o 1982, e incluye los \u00faltimos datos m\u00e1s actualizados disponibles. Se muestran a trav\u00e9s de la herramienta Power-Bi que permite interactuar y seleccionar los par\u00e1metros que se deseen visualizar.<\/p>\r\n    <p>La informaci\u00f3n base del informe se ha obtenido de diferentes distribuidores energ\u00e9ticos, productores, transformadores de energ\u00eda y grandes consumidores, as\u00ed como a trav\u00e9s de an\u00e1lisis propios.<\/p>\r\n  <\/div>\r\n<\/div>\r\n<div class=\"row p-t-50 datos-energeticos-euskadi\">\r\n  <div class=\"col-md-3 p-0\">\r\n    <div aria-orientation=\"vertical\" class=\"nav flex-column nav-tabs\" id=\"v-pills-tab\" role=\"tablist\">\r\n      <a class=\"nav-link active show\" data-bs-toggle=\"tab\" href=\"#tab-1\" id=\"nav-tab-1\" role=\"presentation\">Balance energ\u00e9tico de Euskadi<\/a>\r\n      <a class=\"nav-link\" data-bs-toggle=\"tab\" href=\"#tab-2\" id=\"nav-tab-2\" role=\"presentation\">Consumo interior bruto y mix energ\u00e9tico<\/a>\r\n      <a class=\"nav-link\" data-bs-toggle=\"tab\" href=\"#tab-3\" id=\"nav-tab-3\" role=\"presentation\">Consumo final<\/a>\r\n      <a class=\"nav-link\" data-bs-toggle=\"tab\" href=\"#tab-4\" id=\"nav-tab-4\" role=\"presentation\">Consumo de energ\u00eda sectorial<\/a>\r\n      <a class=\"nav-link\" data-bs-toggle=\"tab\" href=\"#tab-5\" id=\"nav-tab-5\" role=\"presentation\">Intensidad energ\u00e9tica<\/a>\r\n      <a class=\"nav-link\" data-bs-toggle=\"tab\" href=\"#tab-6\" id=\"nav-tab-6\" role=\"presentation\">Mix el\u00e9ctrico<\/a>\r\n      <a class=\"nav-link\" data-bs-toggle=\"tab\" href=\"#tab-7\" id=\"nav-tab-7\" role=\"presentation\">Energ\u00edas renovables<\/a>\r\n      <a class=\"nav-link\" data-bs-toggle=\"tab\" href=\"#tab-8\" id=\"nav-tab-8\" role=\"presentation\">Factura energ\u00e9tica<\/a>\r\n      <a class=\"nav-link\" data-bs-toggle=\"tab\" href=\"#tab-9\" id=\"nav-tab-9\" role=\"presentation\">Uni\u00f3n europea<\/a>\r\n      <a class=\"nav-link\" data-bs-toggle=\"tab\" href=\"#tab-10\" id=\"nav-tab-10\" role=\"presentation\">Glosario de t\u00e9rminos<\/a>\r\n    <\/div>\r\n  <\/div>\r\n  <div class=\"col-md-9\">\r\n    <div class=\"tab-content\" id=\"v-pills-tabContent\">\r\n      <div class=\"tab-pane fade show active\" id=\"tab-1\" role=\"tabpanel\">\r\n        <h3>Balance energ\u00e9tico de Euskadi<\/h3>\r\n        <p>El balance energ\u00e9tico de Euskadi es una representaci\u00f3n de la producci\u00f3n, transformaci\u00f3n y consumo de energ\u00eda en Euskadi. Las diferentes energ\u00edas empleadas en el territorio son indicadas en columnas, mientras que las filas indican el proceso en el que participa cada una de ellas. Estos balances est\u00e1n elaborados de acuerdo con la metodolog\u00eda desarrollada por la Oficina de Estad\u00edstica de las Comunidades Europeas -EUROSTAT<\/p>\r\n        <iframe loading=\"lazy\" allowfullscreen=\"true\" frameborder=\"0\" height=\"450\" src=\"https:\/\/app.powerbi.com\/view?r=eyJrIjoiMjk5YjI2M2MtNmIyOC00YWU3LTgyOTktMjlmNmRmNGU5ZWE1IiwidCI6ImIwMmZmMTE0LWU1YTktNGJlNy1hNzBiLTZmZGU4Yjc3MjUxMCIsImMiOjl9\" title=\"Euskadi energ\u00eda - 1.Balances energ\u00e9ticos\" width=\"100%\"><\/iframe>\r\n      <\/div>\r\n      <div class=\"tab-pane fade\" id=\"tab-2\" role=\"tabpanel\">\r\n        <h3>Consumo interior bruto y mix energ\u00e9tico<\/h3>\r\n        <p>La energ\u00eda necesaria para el consumo final, es decir, la energ\u00eda en su \u00faltimo formato (gasolina, gas\u00f3leo, electricidad, gas natural, etc.) consumido en los puntos finales (hogares, locales de hosteler\u00eda, instalaciones industriales, etc.), junto a la requerida para su transformaci\u00f3n (ej. transformaci\u00f3n de gas natural a electricidad en centrales termoel\u00e9ctricas) constituye el consumo interior bruto. Se denomina mix energ\u00e9tico de Euskadi al reparto por energ\u00eda del consumo interior bruto.<\/p>\r\n        <p>Seguidamente se muestra el consumo interior bruto y el mix energ\u00e9tico de Euskadi, su evoluci\u00f3n y su reparto por tipos energ\u00eda. Esta informaci\u00f3n se puede mostrar por cada uno de los Territorios Hist\u00f3ricos en diferentes a\u00f1os y unidades.<\/p>\r\n        <iframe loading=\"lazy\" allowfullscreen=\"true\" frameborder=\"0\" height=\"450\" src=\"https:\/\/app.powerbi.com\/view?r=eyJrIjoiZjhhMDAwZTItMmZiYy00ZjczLWI4NmEtZmVhODRmOTNmMmZiIiwidCI6ImIwMmZmMTE0LWU1YTktNGJlNy1hNzBiLTZmZGU4Yjc3MjUxMCIsImMiOjl9\" title=\"Euskadi energ\u00eda - 2.Consumo interior bruto y mix energ\u00e9tico\" width=\"100%\"><\/iframe>\r\n      <\/div>\r\n      <div class=\"tab-pane fade\" id=\"tab-3\" role=\"tabpanel\">\r\n        <h3>Consumo final<\/h3>\r\n        <p>El consumo final es la energ\u00eda en su \u00faltimo formato (gasolina, gas\u00f3leo, electricidad, gas natural, etc.) consumido en los puntos finales (hogares, locales de hosteler\u00eda, instalaciones industriales, etc.) que, a su vez, se pueden dividir entre los sectores industria, transporte, servicios, residencial y primario.<\/p>\r\n        <p>Seguidamente se muestra el consumo final, su evoluci\u00f3n y su reparto por energ\u00eda y sector a lo largo del tiempo. Esta informaci\u00f3n se puede mostrar por cada uno de los Territorios Hist\u00f3ricos en diferentes a\u00f1os y unidades.<\/p>\r\n        <iframe loading=\"lazy\" allowfullscreen=\"true\" frameborder=\"0\" height=\"450\" src=\"https:\/\/app.powerbi.com\/view?r=eyJrIjoiZjZkNTE3N2ItMTYxNS00NTk2LTljY2ItMzNjYjE0ZmI1ODBjIiwidCI6ImIwMmZmMTE0LWU1YTktNGJlNy1hNzBiLTZmZGU4Yjc3MjUxMCIsImMiOjl9\" title=\"Euskadi energ\u00eda - 3.Consumo final\" width=\"100%\"><\/iframe>\r\n      <\/div>\r\n      <div class=\"tab-pane fade\" id=\"tab-4\" role=\"tabpanel\">\r\n        <h3>Consumo de energ\u00eda sectorial<\/h3>\r\n        <p>La energ\u00eda consumida en Euskadi es utilizada directamente en los sectores finales (industria, transporte, agricultura\/pesca, servicios y residencial) o es transformada para convertirse en otra energ\u00eda a trav\u00e9s del sector energ\u00e9tico.<\/p>\r\n        <p>En la siguiente tabla se indican los consumos de las energ\u00edas (en columnas) en cada uno de los sectores previamente mencionados. Los gr\u00e1ficos, por otro lado, muestran los consumos de cada sector divididos por energ\u00eda y los consumos de cada energ\u00eda divididos por sector. Estos resultados pueden mostrarse por cada Territorio Hist\u00f3rico en diferentes a\u00f1os y unidades.<\/p>\r\n        <iframe loading=\"lazy\" allowfullscreen=\"true\" frameborder=\"0\" height=\"450\" src=\"https:\/\/app.powerbi.com\/view?r=eyJrIjoiNDk3MDViOGEtOTBjOS00NjY0LWFlZDMtOTk1ZTI4NWUyOTIxIiwidCI6ImIwMmZmMTE0LWU1YTktNGJlNy1hNzBiLTZmZGU4Yjc3MjUxMCIsImMiOjl9\" title=\"Euskadi energ\u00eda - 4.Consumo energ\u00eda-sectores\" width=\"100%\"><\/iframe>\r\n      <\/div>\r\n      <div class=\"tab-pane fade\" id=\"tab-5\" role=\"tabpanel\">\r\n        <h3>Intensidad energ\u00e9tica<\/h3>\r\n        <p>La intensidad energ\u00e9tica es un indicador de la eficiencia energ\u00e9tica de un sistema, calculado como el consumo energ\u00e9tico por unidad de PIB generado (MWh\/\u20ac). Cuanto mayor es este indicador, m\u00e1s consumo es requerido para la producci\u00f3n de una unidad de PIB, es decir, menos eficiente es el sistema analizado. Este indicador tambi\u00e9n puede ser calculado por sector, as\u00ed, la intensidad energ\u00e9tica del sector industrial representa el consumo necesario para la producci\u00f3n de una unidad de VAB industrial (Valor A\u00f1adido Bruto).<\/p>\r\n        <p>En el caso del sector residencial, el cual no genera PIB, la eficiencia se calcula como el consumo sectorial dividido entre el n\u00famero de hogares o habitantes.<\/p>\r\n        <iframe loading=\"lazy\" allowfullscreen=\"true\" frameborder=\"0\" height=\"450\" src=\"https:\/\/app.powerbi.com\/view?r=eyJrIjoiMjdmZjkyM2UtM2ZhNi00ZTEyLWJkMjMtNmRkZWMzMjFlNzIyIiwidCI6ImIwMmZmMTE0LWU1YTktNGJlNy1hNzBiLTZmZGU4Yjc3MjUxMCIsImMiOjl9\" title=\"Euskadi energ\u00eda - 5.Intensidad energ\u00e9tica\" width=\"100%\"><\/iframe>\r\n      <\/div>\r\n      <div class=\"tab-pane fade\" id=\"tab-6\" role=\"tabpanel\">\r\n        <h3>Mix el\u00e9ctrico<\/h3>\r\n        <p>La generaci\u00f3n el\u00e9ctrica se realiza a trav\u00e9s de diferentes tecnolog\u00edas, por ejemplo, los parques e\u00f3licos o las centrales de ciclo combinado que emplean gas natural. Las centrales de generaci\u00f3n el\u00e9ctrica ubicadas en la CAPV producen electricidad en funci\u00f3n de las condiciones del mercado el\u00e9ctrico estatal (pool), por lo tanto, no dependen del consumo o demanda que se de exclusivamente en Euskadi. Hist\u00f3ricamente las centrales ubicadas en Euskadi han generado al a\u00f1o menos electricidad de la que han consumido los consumidores vascos en el mismo periodo, lo que ha requerido de la importaci\u00f3n de electricidad de las comunidades aut\u00f3nomas colindantes. Teniendo en cuenta el peso que la generaci\u00f3n el\u00e9ctrica renovable tiene en el sistema el\u00e9ctrico estatal, se puede considerar que parte de esta electricidad importada es producida a partir de fuentes energ\u00e9ticas renovables.<\/p>\r\n        <p>En los siguientes gr\u00e1ficos se muestra el peso de cada fuente energ\u00e9tica y la evoluci\u00f3n que este reparto ha sufrido durante los \u00faltimos a\u00f1os. La energ\u00eda el\u00e9ctrica importada del sistema estatal se divide entre renovable y no renovable seg\u00fan el peso que la generaci\u00f3n renovable haya tenido en el mix el\u00e9ctrico estatal.<\/p>\r\n        <iframe loading=\"lazy\" allowfullscreen=\"true\" frameborder=\"0\" height=\"450\" src=\"https:\/\/app.powerbi.com\/view?r=eyJrIjoiYjFhZDUyZDEtNjVmMy00N2EzLTkxNGYtYmUxYjFiY2NlZTk4IiwidCI6ImIwMmZmMTE0LWU1YTktNGJlNy1hNzBiLTZmZGU4Yjc3MjUxMCIsImMiOjl9\" title=\"Euskadi energ\u00eda - 6.Mix el\u00e9ctrico\" width=\"100%\"><\/iframe>\r\n      <\/div>\r\n      <div class=\"tab-pane fade\" id=\"tab-7\" role=\"tabpanel\">\r\n        <h3>Energ\u00edas renovables<\/h3>\r\n        <p>Las energ\u00edas renovables no generan emisiones de gases de efecto invernadero por lo que se las considera sostenibles. Las fuentes renovables pueden agruparse en dos tipolog\u00edas: renovables t\u00e9rmicas empleadas para generar calor (geotermia, solar t\u00e9rmica, etc.), y renovables el\u00e9ctricas, empleadas para generar electricidad (fotovoltaica, e\u00f3lica, hidr\u00e1ulica, etc.).<\/p>\r\n        <p>En la primera pesta\u00f1a se muestra la aportaci\u00f3n energ\u00e9tica que realiza cada renovable para el abastecimiento energ\u00e9tico de renovables de Euskadi, pudiendo filtrar la informaci\u00f3n por Territorio Hist\u00f3rico.<\/p> Los gr\u00e1ficos de la segunda pesta\u00f1a, por otro lado, indican las potencias de energ\u00edas renovables que hay instaladas en Euskadi y su evoluci\u00f3n, mostrando esta <p>informaci\u00f3n para cada territorio hist\u00f3rico y sector. Adem\u00e1s, esta potencia se divide por tecnolog\u00eda en el a\u00f1o escogido.<\/p>\r\n        <iframe loading=\"lazy\" allowfullscreen=\"true\" frameborder=\"0\" height=\"450\" src=\"https:\/\/app.powerbi.com\/view?r=eyJrIjoiNGE3Njc0ZGItOTVjMS00MDNhLWFjYjctNThmMThkOTVjZTcwIiwidCI6ImIwMmZmMTE0LWU1YTktNGJlNy1hNzBiLTZmZGU4Yjc3MjUxMCIsImMiOjl9\" title=\"Euskadi energ\u00eda - 7.Renovables\" width=\"100%\"><\/iframe>\r\n      <\/div>\r\n      <div class=\"tab-pane fade\" id=\"tab-8\" role=\"tabpanel\">\r\n        <h3>Factura energ\u00e9tica<\/h3>\r\n        <p>La factura energ\u00e9tica es el coste generado por el consumo de las diferentes energ\u00edas en los diferentes sectores finales. Para ello, a cada energ\u00eda consumida en los sectores finales se le aplica un precio medio anual.<\/p>\r\n        <p>En los siguientes gr\u00e1ficos se muestra el reparto de la factura energ\u00e9tica y su evoluci\u00f3n, indicando el peso de cada sector y pudiendo seleccionar el Territorio Hist\u00f3rico y el a\u00f1o de an\u00e1lisis.<\/p>\r\n        <iframe loading=\"lazy\" allowfullscreen=\"true\" frameborder=\"0\" height=\"450\" src=\"https:\/\/app.powerbi.com\/view?r=eyJrIjoiNzNlNjRjOWUtMDZlMi00NDJiLWI1NDUtNTQ1YWYwNzM5OWIyIiwidCI6ImIwMmZmMTE0LWU1YTktNGJlNy1hNzBiLTZmZGU4Yjc3MjUxMCIsImMiOjl9\" title=\"Euskadi energ\u00eda - 8.Factura energ\u00e9tica\" width=\"100%\"><\/iframe>\r\n      <\/div>\r\n      <div class=\"tab-pane fade\" id=\"tab-9\" role=\"tabpanel\">\r\n        <h3>Uni\u00f3n europea<\/h3>\r\n        <p>La Oficina de Estad\u00edstica de las Comunidades Europeas \u2013EUROSTAT recoge los balances energ\u00e9ticos de todos los pa\u00edses de la Uni\u00f3n Europea. A partir de estos balances elabora una serie de indicadores y realiza una comparativa entre los pa\u00edses. A partir de esta informaci\u00f3n es posible realizar una comparativa entre Euskadi y algunos pa\u00edses europeos.<\/p>\r\n        <p>En los siguientes gr\u00e1ficos se muestran las estructuras del consumo interior bruto y consumo final de Euskadi y algunos pa\u00edses europeos, repartidos por energ\u00edas y sectores respectivamente.<\/p>\r\n        <iframe loading=\"lazy\" allowfullscreen=\"true\" frameborder=\"0\" height=\"450\" src=\"https:\/\/app.powerbi.com\/view?r=eyJrIjoiMWI5NWVhZjQtNWIyZC00ZWM1LThkZDItYjJkNTE2MjRlYjhlIiwidCI6ImIwMmZmMTE0LWU1YTktNGJlNy1hNzBiLTZmZGU4Yjc3MjUxMCIsImMiOjl9\" title=\"Euskadi energ\u00eda - 9.Uni\u00f3n Europea\" width=\"100%\"><\/iframe>\r\n      <\/div>\r\n      <div class=\"tab-pane fade\" id=\"tab-10\" role=\"tabpanel\">\r\n        <h3>Glosario de t\u00e9rminos<\/h3>\r\n        <p>A continuaci\u00f3n, se muestra un listado de conceptos empleados en la herramienta y sus definiciones.<\/p>\r\n        <iframe loading=\"lazy\" allowfullscreen=\"true\" frameborder=\"0\" height=\"450\" src=\"https:\/\/app.powerbi.com\/view?r=eyJrIjoiYjY4ODFkYTYtYzhhZi00MDEzLWI3NTctMDNlMGJlNDUwNDMyIiwidCI6ImIwMmZmMTE0LWU1YTktNGJlNy1hNzBiLTZmZGU4Yjc3MjUxMCIsImMiOjl9\" title=\"Euskadi energ\u00eda - 10.Glosario de t\u00e9rminos\" width=\"100%\"><\/iframe>\r\n      <\/div>\r\n    <\/div>\r\n  <\/div>\r\n<\/div>","protected":false},"excerpt":{"rendered":"<p>Esta secci\u00f3n presenta la serie de datos sobre la estructura energ\u00e9tica vasca recogidas desde el a\u00f1o 1982, e incluye los \u00faltimos datos m\u00e1s actualizados disponibles. Se muestran a trav\u00e9s de la herramienta Power-Bi que permite interactuar y seleccionar los par\u00e1metros que se deseen visualizar. La informaci\u00f3n base del informe se ha obtenido de diferentes distribuidores [&hellip;]<\/p>\n","protected":false},"author":1,"featured_media":294,"parent":25343,"menu_order":20,"comment_status":"closed","ping_status":"closed","template":"templates\/page-with-container.php","meta":{"_acf_changed":false,"footnotes":""},"class_list":["post-25347","page","type-page","status-publish","has-post-thumbnail","hentry"],"acf":[],"_links":{"self":[{"href":"https:\/\/www.eve.eus\/fr\/wp-json\/wp\/v2\/pages\/25347","targetHints":{"allow":["GET"]}}],"collection":[{"href":"https:\/\/www.eve.eus\/fr\/wp-json\/wp\/v2\/pages"}],"about":[{"href":"https:\/\/www.eve.eus\/fr\/wp-json\/wp\/v2\/types\/page"}],"author":[{"embeddable":true,"href":"https:\/\/www.eve.eus\/fr\/wp-json\/wp\/v2\/users\/1"}],"replies":[{"embeddable":true,"href":"https:\/\/www.eve.eus\/fr\/wp-json\/wp\/v2\/comments?post=25347"}],"version-history":[{"count":2,"href":"https:\/\/www.eve.eus\/fr\/wp-json\/wp\/v2\/pages\/25347\/revisions"}],"predecessor-version":[{"id":25661,"href":"https:\/\/www.eve.eus\/fr\/wp-json\/wp\/v2\/pages\/25347\/revisions\/25661"}],"up":[{"embeddable":true,"href":"https:\/\/www.eve.eus\/fr\/wp-json\/wp\/v2\/pages\/25343"}],"wp:featuredmedia":[{"embeddable":true,"href":"https:\/\/www.eve.eus\/fr\/wp-json\/wp\/v2\/media\/294"}],"wp:attachment":[{"href":"https:\/\/www.eve.eus\/fr\/wp-json\/wp\/v2\/media?parent=25347"}],"curies":[{"name":"wp","href":"https:\/\/api.w.org\/{rel}","templated":true}]}}