{"id":25495,"date":"2026-01-13T13:33:57","date_gmt":"2026-01-13T12:33:57","guid":{"rendered":"https:\/\/www.eve.eus\/ayudas-y-servicios-de-valor\/servicios-de-valor\/ciudadania\/que-savez-vous-sur\/almacenamiento-energetico\/"},"modified":"2026-04-15T13:16:25","modified_gmt":"2026-04-15T11:16:25","slug":"stockage-denergie","status":"publish","type":"page","link":"https:\/\/www.eve.eus\/fr\/aides-et-services-de-valeur\/services-de-valeur\/citoyennete\/que-savez-vous-sur\/stockage-denergie\/","title":{"rendered":"Stockage d\u2019\u00e9nergie"},"content":{"rendered":"<div class=\"row\">\r\n<div class=\"col-md-12 m-auto\">\r\n<div class=\"module-title text-center\">\r\n<h2 class=\"sidelines\"><span>Technologies permettant de g\u00e9rer la demande et d\u2019exploiter la production d\u2019\u00e9nergie renouvelable<\/span><\/h2>\r\n<\/div>\r\n<\/div>\r\n<\/div>\r\n\r\n<div class=\"row\">\r\n<div class=\"col-md-12 align-self-center\">\r\n<p>Le stockage \u00e9nerg\u00e9tique permet d\u2019emmagasiner l\u2019\u00e9nergie produite \u00e0 partir de sources renouvelables ou issue de proc\u00e9d\u00e9s industriels afin de l\u2019utiliser ult\u00e9rieurement, lorsque cela s\u2019av\u00e8re plus avantageux sur le plan technique ou \u00e9conomique. Ceci permet de mieux exploiter l\u2019\u00e9nergie renouvelable disponible. <\/p>\r\n<p>Au sens large, le stockage d\u2019\u00e9nergie peut prendre les formes suivantes : <\/p>\r\n<ul>\r\n  <li>Le stockage \u00e9lectrochimique (<strong>batteries<\/strong>) consiste \u00e0 accumuler de l\u2019\u00e9nergie par des r\u00e9actions chimiques. Il est tr\u00e8s utilis\u00e9 dans les b\u00e2timents et l\u2019industrie, en lien avec les installations solaires destin\u00e9es \u00e0 l\u2019autoconsommation. Il est \u00e9galement de plus en plus r\u00e9pandu dans les grandes centrales solaires de production. Sa dur\u00e9e de stockage typique est de plusieurs heures ou jours.\u00a0 <br>\r\n\r\n    <div class=\"col-md-12 text-center\" style=\"margin-top:10px;\"><img alt=\"almacenamiento electroqu\u00edmicoa\" class=\"m-b-20 lazyload\" data-src=\"\/assets\/media\/almacenamiento-electroquimico.jpg\"><\/div>\r\n  <\/li>\r\n\r\n  <li>Les <strong>Centrales Hydro\u00e9lectriques R\u00e9versibles sont un type de stockage qui consiste<\/strong> \u00e0 pomper de l\u2019eau vers un r\u00e9servoir sup\u00e9rieur afin de stocker de l\u2019\u00e9nergie, puis \u00e0 la faire passer par une turbine hydraulique afin de produire de l\u2019\u00e9lectricit\u00e9 lorsque cela est n\u00e9cessaire. Elles sont les plus r\u00e9pandues \u00e0 grande \u00e9chelle et permettent un stockage d\u2019\u00e9nergie \u00e0 long terme ; pendant des jours, des semaines, voire des mois. <br>\r\n  \r\n    <div class=\"col-md-12 text-center\" style=\"margin-top:10px;\"><img alt=\"Bombeo hidr\u00e1ulico\" class=\"m-b-20 lazyload\" data-src=\"\/assets\/media\/bombeo-hidraulico.jpg\"><\/div>\r\n  <\/li>\r\n\r\n  <li>Les installations de<strong> stockage thermique<\/strong> permettent d\u2019emmagasiner la chaleur ou le froid pour les utiliser ult\u00e9rieurement, par exemple dans des proc\u00e9d\u00e9s industriels ou des syst\u00e8mes de climatisation. Parmi celles-ci, on distingue notamment : \r\n\t\r\n  <ul>\r\n    <li>Les installations bas\u00e9es sur la chaleur latente exploitent la chaleur absorb\u00e9e\/lib\u00e9r\u00e9e lors d\u2019un changement d\u2019\u00e9tat. <\/li>\r\n    <li>Les installations bas\u00e9es sur la chaleur sensible stockent l\u2019\u00e9nergie en augmentant la temp\u00e9rature d\u2019un mat\u00e9riau sans changement d\u2019\u00e9tat.<\/li>\r\n    <li>Les installations \u00e0 sels fondus utilisent le stockage de chaleur sensible \u00e0 haute temp\u00e9rature. <\/li>\r\n  <\/ul>\t\r\n\t\r\n\t<\/li>\r\n<\/ul>\r\n\r\n\r\n\r\n\r\n<ul>\r\n  <li>\r\n    \r\n    \r\n    \r\n    <div class=\"col-md-12 text-center\" style=\"margin-top:10px;\"><img alt=\"Almacenamiento t\u00e9rmico\" class=\"m-b-20 lazyload\" data-src=\"\/assets\/media\/almacenamiento-termico.jpg\"><\/div>\r\n  <\/li>\r\n  <li>Il existe \u00e9galement <strong>d\u2019autres syst\u00e8mes m\u00e9caniques<\/strong>, tels que les volants d\u2019inertie ou l\u2019air comprim\u00e9, qui stockent l\u2019\u00e9nergie sous forme de mouvement ou de pression. Ces syst\u00e8mes sont encore en phase pr\u00e9-commerciale.\u00a0 <\/li>\r\n  \r\n  \r\n<\/ul>\r\n<p>L\u2019int\u00e9gration de syst\u00e8mes de stockage pr\u00e9sente de grands avantages et opportunit\u00e9s tant pour le syst\u00e8me \u00e9lectrique que pour les consommateurs finaux :<\/p>\r\n<ul>\r\n  <li>Elle permet un plus      grand degr\u00e9 d\u2019int\u00e9gration des sources renouvelables dans le syst\u00e8me, ce      qui limite l\u2019impact de la variabilit\u00e9 des ressources renouvelables sur le      syst\u00e8me \u00e9lectrique.\u00a0 <\/li>\r\n  <li>Elle permet de d\u00e9coupler      la production d\u2019\u00e9lectricit\u00e9 renouvelable et la consommation d\u2019\u00e9nergie ce      qui facilite le fonctionnement et la planification du syst\u00e8me \u00e9lectrique. <\/li>\r\n  <li>Elle ouvre la voie \u00e0 des      \u00e9conomies pour les consommateurs finaux, qui peuvent r\u00e9duire leur      consommation aux heures o\u00f9 les prix du march\u00e9 sont les plus \u00e9lev\u00e9s. <\/li>\r\n\r\n  <li>Le stockage thermique permet d\u2019am\u00e9liorer l\u2019efficacit\u00e9 \u00e9nerg\u00e9tique et \u00e9conomique de nombreux processus industriels. <\/li>\r\n\r\n  <li>Les      centrales hydro\u00e9lectriques r\u00e9versibles fournissent une puissance synchrone      au syst\u00e8me, contribuant ainsi \u00e0 l\u2019\u00e9quilibre et \u00e0 la fiabilit\u00e9 du syst\u00e8me      \u00e9lectrique.\u00a0 <\/li>\r\n\r\n  \r\n<\/ul>\r\n<p>En d\u00e9finitive, le stockage permet un mix \u00e9nerg\u00e9tique plus durable et moins d\u2019\u00e9missions, et il est appel\u00e9 \u00e0 devenir un \u00e9l\u00e9ment cl\u00e9 dans la transition vers un mod\u00e8le \u00e9nerg\u00e9tique plus propre, plus efficace et plus s\u00fbr.\u00a0 <\/p>\r\n<\/div>\r\n<\/div>","protected":false},"excerpt":{"rendered":"<p>Technologies permettant de g\u00e9rer la demande et d\u2019exploiter la production d\u2019\u00e9nergie renouvelable Le stockage \u00e9nerg\u00e9tique permet d\u2019emmagasiner l\u2019\u00e9nergie produite \u00e0 partir de sources renouvelables ou issue de proc\u00e9d\u00e9s industriels afin de l\u2019utiliser ult\u00e9rieurement, lorsque cela s\u2019av\u00e8re plus avantageux sur le plan technique ou \u00e9conomique. Ceci permet de mieux exploiter l\u2019\u00e9nergie renouvelable disponible. Au sens large, [&hellip;]<\/p>\n","protected":false},"author":1,"featured_media":22445,"parent":5444,"menu_order":10,"comment_status":"closed","ping_status":"closed","template":"templates\/page-with-container.php","meta":{"_acf_changed":false,"footnotes":""},"class_list":["post-25495","page","type-page","status-publish","has-post-thumbnail","hentry"],"acf":[],"_links":{"self":[{"href":"https:\/\/www.eve.eus\/fr\/wp-json\/wp\/v2\/pages\/25495","targetHints":{"allow":["GET"]}}],"collection":[{"href":"https:\/\/www.eve.eus\/fr\/wp-json\/wp\/v2\/pages"}],"about":[{"href":"https:\/\/www.eve.eus\/fr\/wp-json\/wp\/v2\/types\/page"}],"author":[{"embeddable":true,"href":"https:\/\/www.eve.eus\/fr\/wp-json\/wp\/v2\/users\/1"}],"replies":[{"embeddable":true,"href":"https:\/\/www.eve.eus\/fr\/wp-json\/wp\/v2\/comments?post=25495"}],"version-history":[{"count":3,"href":"https:\/\/www.eve.eus\/fr\/wp-json\/wp\/v2\/pages\/25495\/revisions"}],"predecessor-version":[{"id":25818,"href":"https:\/\/www.eve.eus\/fr\/wp-json\/wp\/v2\/pages\/25495\/revisions\/25818"}],"up":[{"embeddable":true,"href":"https:\/\/www.eve.eus\/fr\/wp-json\/wp\/v2\/pages\/5444"}],"wp:featuredmedia":[{"embeddable":true,"href":"https:\/\/www.eve.eus\/fr\/wp-json\/wp\/v2\/media\/22445"}],"wp:attachment":[{"href":"https:\/\/www.eve.eus\/fr\/wp-json\/wp\/v2\/media?parent=25495"}],"curies":[{"name":"wp","href":"https:\/\/api.w.org\/{rel}","templated":true}]}}