{"id":25504,"date":"2026-01-13T13:33:57","date_gmt":"2026-01-13T12:33:57","guid":{"rendered":"https:\/\/www.eve.eus\/ayudas-y-servicios-de-valor\/servicios-de-valor\/ciudadania\/que-savez-vous-sur\/comunidades-energeticas\/"},"modified":"2026-04-15T13:12:30","modified_gmt":"2026-04-15T11:12:30","slug":"les-communautes-energetiques","status":"publish","type":"page","link":"https:\/\/www.eve.eus\/fr\/aides-et-services-de-valeur\/services-de-valeur\/citoyennete\/que-savez-vous-sur\/les-communautes-energetiques\/","title":{"rendered":"Les Communaut\u00e9s \u00c9nerg\u00e9tiques"},"content":{"rendered":"\t<div class=\"row\">\r\n<div class=\"col-md-6 align-self-center\">\r\n<p>Une <strong>communaut\u00e9 \u00e9nerg\u00e9tique<\/strong> est une <strong>entit\u00e9 juridique<\/strong> constitu\u00e9e de personnes physiques, de PME ou de collectivit\u00e9s d\u2019administrations locales qui s\u2019associent pour produire, consommer, stocker et g\u00e9rer collectivement de l\u2019\u00e9nergie renouvelable. Son objectif n\u2019est pas la rentabilit\u00e9 financi\u00e8re, mais plut\u00f4t de g\u00e9n\u00e9rer des b\u00e9n\u00e9fices sociaux, environnementaux et \u00e9conomiques pour ses membres et l\u2019environnement local.<\/p>\r\n<p>Il existe deux principaux types de communaut\u00e9s \u00e9nerg\u00e9tiques, conform\u00e9ment \u00e0 la r\u00e9glementation europ\u00e9enne :<\/p>\r\n<ul>\r\n  <li><strong>Communaut\u00e9s d\u2019\u00e9nergie renouvelable<\/strong> (CER) : r\u00e9glement\u00e9es par la directive europ\u00e9enne 2018\/2001, elles se concentrent sur la production et la consommation d\u2019\u00e9nergies renouvelables telles que l\u2019\u00e9nergie solaire, \u00e9olienne ou la biomasse.<\/li>\r\n  <li><strong>Communaut\u00e9s \u00e9nerg\u00e9tiques citoyennes<\/strong> (CCE<a name=\"_Int_N0ExlMBj\">) :<\/a> d\u00e9finies dans la directive europ\u00e9enne 2019\/944, elles englobent des activit\u00e9s plus larges telles que le stockage, la gestion et la vente d\u2019\u00e9nergie \u00e9lectrique.<\/li>\r\n\r\n<\/ul>\r\n<p>La l\u00e9gislation nationale a transpos\u00e9 ces directives europ\u00e9ennes par le biais de divers textes r\u00e9glementaires, notamment :<\/p>\r\n<ul>\r\n  <li><strong>Le D\u00e9cret royal 244\/2019<\/strong>, qui \u00e9tablit les conditions administratives, techniques et \u00e9conomiques de l\u2019autoconsommation \u00e9lectrique, individuelle et collective, base pour les communaut\u00e9s \u00e9nerg\u00e9tiques.<\/li>\r\n  <li><strong>Le D\u00e9cret-loi royal 23\/2020<\/strong>, qui introduit les CER dans la loi sur le Secteur \u00c9lectrique, avec une participation ouverte et volontaire.<\/li>\r\n  <li><strong>Le D\u00e9cret-loi royal 5\/2023<\/strong>, qui reconna\u00eet l\u00e9galement les CCE.<\/li>\r\n\r\n<\/ul>\r\n<\/div>\r\n<div class=\"col-md-6 text-center\"><img alt=\"Tabla comparativa\" class=\"m-b-20 lazyload\" data-src=\"\/assets\/media\/iStock-2169827707.jpg\"><\/div>\r\n<div class=\"col-md-12 align-self-center\">\r\n<p>Les communaut\u00e9s \u00e9nerg\u00e9tiques peuvent offrir \u00e0 leurs membres une <strong>large gamme de services<\/strong>, tels que l\u2019autoconsommation partag\u00e9e d\u2019\u00e9nergie solaire photovolta\u00efque, la gestion intelligente de la demande, le stockage collectif d\u2019\u00e9nergie, l\u2019installation et la maintenance d\u2019infrastructures renouvelables et de bornes de recharge pour v\u00e9hicules \u00e9lectriques, des investissements collectifs pour l\u2019am\u00e9lioration de l\u2019efficacit\u00e9 \u00e9nerg\u00e9tique, des conseils \u00e9nerg\u00e9tiques personnalis\u00e9s ou la participation aux march\u00e9s locaux de l\u2019\u00e9nergie. Elles peuvent \u00e9galement faciliter l\u2019acc\u00e8s au financement ou aux subventions publiques, et promouvoir la sensibilisation \u00e0 l\u2019\u00e9nergie et la coh\u00e9sion sociale au niveau local. <\/p>\r\n<p>Parmi les principaux avantages pour les membres des communaut\u00e9s \u00e9nerg\u00e9tiques, on peut citer : <\/p>\r\n<ul>\r\n    <li>La cr\u00e9ation d\u2019une communaut\u00e9 locale. <\/li>\r\n    <li>La r\u00e9duction sur la facture d\u2019\u00e9lectricit\u00e9. <\/li>\r\n    <li>Une r\u00e9duction des \u00e9missions de CO\u2082.<\/li>\r\n    <li>Une plus grande ind\u00e9pendance \u00e9nerg\u00e9tique. <\/li>\r\n    <li>Une participation active des citoyens \u00e0 la      transition \u00e9nerg\u00e9tique. <\/li>\r\n<\/ul>\r\n\r\n<p>En d\u00e9finitive, les communaut\u00e9s \u00e9nerg\u00e9tiques constituent un outil essentiel pour <strong>d\u00e9mocratiser<\/strong> l\u2019acc\u00e8s \u00e0 l\u2019\u00e9nergie renouvelable et progresser vers un mod\u00e8le \u00e9nerg\u00e9tique plus juste et plus durable.<\/p>\r\n<\/div>\r\n\r\n<\/div>","protected":false},"excerpt":{"rendered":"<p>Une communaut\u00e9 \u00e9nerg\u00e9tique est une entit\u00e9 juridique constitu\u00e9e de personnes physiques, de PME ou de collectivit\u00e9s d\u2019administrations locales qui s\u2019associent pour produire, consommer, stocker et g\u00e9rer collectivement de l\u2019\u00e9nergie renouvelable. Son objectif n\u2019est pas la rentabilit\u00e9 financi\u00e8re, mais plut\u00f4t de g\u00e9n\u00e9rer des b\u00e9n\u00e9fices sociaux, environnementaux et \u00e9conomiques pour ses membres et l\u2019environnement local. Il existe [&hellip;]<\/p>\n","protected":false},"author":1,"featured_media":21764,"parent":5444,"menu_order":30,"comment_status":"closed","ping_status":"closed","template":"templates\/page-with-container.php","meta":{"_acf_changed":false,"footnotes":""},"class_list":["post-25504","page","type-page","status-publish","has-post-thumbnail","hentry"],"acf":[],"_links":{"self":[{"href":"https:\/\/www.eve.eus\/fr\/wp-json\/wp\/v2\/pages\/25504","targetHints":{"allow":["GET"]}}],"collection":[{"href":"https:\/\/www.eve.eus\/fr\/wp-json\/wp\/v2\/pages"}],"about":[{"href":"https:\/\/www.eve.eus\/fr\/wp-json\/wp\/v2\/types\/page"}],"author":[{"embeddable":true,"href":"https:\/\/www.eve.eus\/fr\/wp-json\/wp\/v2\/users\/1"}],"replies":[{"embeddable":true,"href":"https:\/\/www.eve.eus\/fr\/wp-json\/wp\/v2\/comments?post=25504"}],"version-history":[{"count":3,"href":"https:\/\/www.eve.eus\/fr\/wp-json\/wp\/v2\/pages\/25504\/revisions"}],"predecessor-version":[{"id":25815,"href":"https:\/\/www.eve.eus\/fr\/wp-json\/wp\/v2\/pages\/25504\/revisions\/25815"}],"up":[{"embeddable":true,"href":"https:\/\/www.eve.eus\/fr\/wp-json\/wp\/v2\/pages\/5444"}],"wp:featuredmedia":[{"embeddable":true,"href":"https:\/\/www.eve.eus\/fr\/wp-json\/wp\/v2\/media\/21764"}],"wp:attachment":[{"href":"https:\/\/www.eve.eus\/fr\/wp-json\/wp\/v2\/media?parent=25504"}],"curies":[{"name":"wp","href":"https:\/\/api.w.org\/{rel}","templated":true}]}}