{"id":25517,"date":"2026-01-13T13:33:58","date_gmt":"2026-01-13T12:33:58","guid":{"rendered":"https:\/\/www.eve.eus\/ayudas-y-servicios-de-valor\/servicios-de-valor\/ciudadania\/que-savez-vous-sur\/redes-de-distribucion-electrica-el-eje-de-la-descarbonizacion-del-sistema-electrico\/"},"modified":"2026-04-15T16:59:29","modified_gmt":"2026-04-15T14:59:29","slug":"les-reseaux-de-distribution-electrique","status":"publish","type":"page","link":"https:\/\/www.eve.eus\/fr\/aides-et-services-de-valeur\/services-de-valeur\/citoyennete\/que-savez-vous-sur\/les-reseaux-de-distribution-electrique\/","title":{"rendered":"Les r\u00e9seaux de distribution \u00e9lectrique"},"content":{"rendered":"<div class=\"row\">\r\n<div class=\"col-md-6 align-self-center\"><img alt=\"Central nuclear\" data-src=\"\/assets\/media\/iStock-1172149372.jpg\" class=\" lazyload\"><\/div>\r\n\r\n<div class=\"col-md-6 align-self-center\">\r\n<p>Les <strong>r\u00e9seaux de distribution \u00e9lectrique<\/strong> sont les infrastructures qui acheminent l\u2019\u00e9lectricit\u00e9 depuis les centres de production (centrales \u00e9lectriques et production distribu\u00e9e) jusqu\u2019aux consommateurs finaux (foyers, entreprises et industries). Il convient de distinguer les <strong>r\u00e9seaux de transport<\/strong>, qui acheminent de grands volumes d\u2019\u00e9nergie \u00e0 haute tension entre les centrales \u00e9lectriques et les sous-stations de transformation, et les <strong>r\u00e9seaux de distribution<\/strong>, qui fonctionnent \u00e0 plus basse tension et acheminent l\u2019\u00e9lectricit\u00e9 depuis les sous-stations jusqu\u2019aux utilisateurs finaux. Ils sont essentiels pour garantir un approvisionnement s\u00fbr et continu en \u00e9nergie \u00e9lectrique, l\u2019int\u00e9gration des \u00e9nergies renouvelables et la progression de la transition \u00e9nerg\u00e9tique vers une \u00e9conomie d\u00e9carbon\u00e9e.<\/p>\r\n<p><strong>Red El\u00e9ctrica de Espa\u00f1a<\/strong>, appartenant \u00e0 <strong>Redeia Corporaci\u00f3n S.A<\/strong>., est l\u00e9galement la seule entreprise charg\u00e9e de g\u00e9rer le <strong>r\u00e9seau de transport<\/strong> d\u2019\u00e9lectricit\u00e9 \u00e0 haute tension et d\u2019exploiter le syst\u00e8me \u00e9lectrique national.<\/p>\r\n<p>Les <strong>r\u00e9seaux de distribution<\/strong> sont quant \u00e0 eux, g\u00e9r\u00e9s par des entreprises priv\u00e9es, dont le march\u00e9 est r\u00e9glement\u00e9 et r\u00e9parti par zones g\u00e9ographiques. Il existe <strong>cinq grands distributeurs<\/strong> qui couvrent la majeure partie du territoire, ainsi qu\u2019environ 300 petits distributeurs locaux.<\/p>\r\n<\/div>\r\n<div class=\"col-md-12\" style=\"margin-top:20px;\">\r\n\r\n<ul>\r\n  <li>E-Distribuci\u00f3n      (Endesa)<\/li>\r\n  <li>i-DE      Redes Inteligentes (Iberdrola)<\/li>\r\n  <li>UFD      Distribuci\u00f3n (Naturgy)<\/li>\r\n  <li>E-Redes      (EDP)<\/li>\r\n  <li>Viesgo      Distribuci\u00f3n (Repsol)<\/li>\r\n<\/ul>\r\n\r\n\r\n<\/div>\r\n<\/div>\r\n\r\n<div class=\"row\">\r\n<div class=\"col-md-12 m-auto\">\r\n<div class=\"module-title text-center\">\r\n<h2 class=\"sidelines\"><span>Types de r\u00e9seaux selon la tension : <\/span><\/h2>\r\n<\/div>\r\n<\/div>\r\n\r\n\r\n<div class=\"row\">\r\n<div class=\"col-md-12\">\r\n<ul>\r\n  <li><strong>Haute      tension (HT<a name=\"_Int_Yszn40ub\">) :<\/a><\/strong><\/li>\r\n  <ul type=\"circle\">\r\n    <li>Sup\u00e9rieure \u00e0 36 kV. G\u00e9n\u00e9ralement comprise entre 66       kV et 220 kV pour le transport r\u00e9gional et sup\u00e9rieure \u00e0 220 kV pour le       transport national et les interconnexions, ils relient les grands centres       et les sous-stations. <\/li>\r\n  <\/ul>\r\n  <li><strong>Moyenne      tension (MT<a name=\"_Int_qkqcJE4h\">) :<\/a><\/strong><\/li>\r\n  <ul type=\"circle\">\r\n    <li>Entre 1 kV et 36 kV, ils distribuent l\u2019\u00e9nergie aux       zones urbaines et industrielles et aux grands consommateurs. <\/li>\r\n  <\/ul>\r\n  <li><strong>Basse      tension (BT<a name=\"_Int_S20xKCGo\">) :<\/a><\/strong><\/li>\r\n  <ul type=\"circle\">\r\n    <li>Inf\u00e9rieure \u00e0 1 kV. G\u00e9n\u00e9ralement entre 230 V et 400       V pour l\u2019alimentation domestique, ils acheminent l\u2019\u00e9nergie directement       aux utilisateurs. <\/li><\/ul><\/ul>\r\n\r\n<p>Les r\u00e9seaux disposent \u00e9galement de <strong>centres de transformation<\/strong>, qui sont des installations qui r\u00e9duisent la tension \u00e9lectrique pour l\u2019adapter \u00e0 la consommation domestique ou industrielle, garantissant ainsi la qualit\u00e9 et la s\u00e9curit\u00e9. <\/p>\r\n<\/div>\r\n\r\n<div class=\"col-md-6\">\r\n\r\n<p>La principale <strong>l\u00e9gislation <\/strong>relative aux r\u00e9seaux \u00e9lectriques est la suivante :<\/p>\r\n<ul>\r\n  <li><strong>Loi 24\/2013<\/strong> du 26 d\u00e9cembre relative au Secteur \u00c9lectrique. <\/li>\r\n  <li><strong>D\u00e9cret royal 1183\/2020<\/strong>, du 29 d\u00e9cembre, relatif \u00e0 l\u2019acc\u00e8s et au raccordement aux r\u00e9seaux de transport et de distribution d\u2019\u00e9nergie \u00e9lectrique.\u00a0 <\/li>\r\n  <li><strong>D\u00e9cret royal 314\/2023<\/strong>, du 25 avril, qui d\u00e9veloppe la proc\u00e9dure et les conditions requises pour l\u2019octroi de l\u2019autorisation administrative des r\u00e9seaux ferm\u00e9s de distribution d\u2019\u00e9nergie \u00e9lectrique. <\/li>\r\n  <li><strong>Circulaire 1\/2021<\/strong>, du 20 janvier, de la Commission nationale des march\u00e9s et de la concurrence, \u00e9tablissant la m\u00e9thodologie et les conditions d\u2019acc\u00e8s et de raccordement aux r\u00e9seaux de transport et de distribution des installations de production d\u2019\u00e9nergie \u00e9lectrique. <\/li>\r\n  <li><strong>Circulaire 1\/2024,<\/strong> du 27 septembre, de la Commission Nationale des March\u00e9s et de la Concurrence, \u00e9tablissant la m\u00e9thodologie et les conditions d\u2019acc\u00e8s et de raccordement aux r\u00e9seaux de transport et de distribution des installations de demande d\u2019\u00e9nergie \u00e9lectrique. <\/li>\r\n  <li><strong>D\u00e9cret-loi royal 7\/2025<\/strong>, du 24 juin, approuvant des mesures urgentes pour le renforcement du syst\u00e8me \u00e9lectrique, qui modifie le D\u00e9cret Royal 1183\/2020, du 29 d\u00e9cembre.<\/li>\r\n\r\n<\/ul>\r\n\r\n<\/div>\r\n<div class=\"col-md-6 align-self-center\"><img alt=\"Central nuclear\" data-src=\"\/assets\/media\/iStock-836674570.jpg\" class=\" lazyload\"><\/div>\r\n<\/div><\/div>","protected":false},"excerpt":{"rendered":"<p>Les r\u00e9seaux de distribution \u00e9lectrique sont les infrastructures qui acheminent l\u2019\u00e9lectricit\u00e9 depuis les centres de production (centrales \u00e9lectriques et production distribu\u00e9e) jusqu\u2019aux consommateurs finaux (foyers, entreprises et industries). Il convient de distinguer les r\u00e9seaux de transport, qui acheminent de grands volumes d\u2019\u00e9nergie \u00e0 haute tension entre les centrales \u00e9lectriques et les sous-stations de transformation, et [&hellip;]<\/p>\n","protected":false},"author":1,"featured_media":21068,"parent":5444,"menu_order":150,"comment_status":"closed","ping_status":"closed","template":"templates\/page-with-container.php","meta":{"_acf_changed":false,"footnotes":""},"class_list":["post-25517","page","type-page","status-publish","has-post-thumbnail","hentry"],"acf":[],"_links":{"self":[{"href":"https:\/\/www.eve.eus\/fr\/wp-json\/wp\/v2\/pages\/25517","targetHints":{"allow":["GET"]}}],"collection":[{"href":"https:\/\/www.eve.eus\/fr\/wp-json\/wp\/v2\/pages"}],"about":[{"href":"https:\/\/www.eve.eus\/fr\/wp-json\/wp\/v2\/types\/page"}],"author":[{"embeddable":true,"href":"https:\/\/www.eve.eus\/fr\/wp-json\/wp\/v2\/users\/1"}],"replies":[{"embeddable":true,"href":"https:\/\/www.eve.eus\/fr\/wp-json\/wp\/v2\/comments?post=25517"}],"version-history":[{"count":3,"href":"https:\/\/www.eve.eus\/fr\/wp-json\/wp\/v2\/pages\/25517\/revisions"}],"predecessor-version":[{"id":25853,"href":"https:\/\/www.eve.eus\/fr\/wp-json\/wp\/v2\/pages\/25517\/revisions\/25853"}],"up":[{"embeddable":true,"href":"https:\/\/www.eve.eus\/fr\/wp-json\/wp\/v2\/pages\/5444"}],"wp:featuredmedia":[{"embeddable":true,"href":"https:\/\/www.eve.eus\/fr\/wp-json\/wp\/v2\/media\/21068"}],"wp:attachment":[{"href":"https:\/\/www.eve.eus\/fr\/wp-json\/wp\/v2\/media?parent=25517"}],"curies":[{"name":"wp","href":"https:\/\/api.w.org\/{rel}","templated":true}]}}