{"id":25845,"date":"2026-01-13T13:33:58","date_gmt":"2026-01-13T12:33:58","guid":{"rendered":"https:\/\/www.eve.eus\/aides-et-services-de-valeur\/services-de-valeur\/citoyennete\/que-savez-vous-sur\/energias-oceanicas\/"},"modified":"2026-04-15T16:42:34","modified_gmt":"2026-04-15T14:42:34","slug":"energies-oceaniques","status":"publish","type":"page","link":"https:\/\/www.eve.eus\/fr\/aides-et-services-de-valeur\/services-de-valeur\/citoyennete\/que-savez-vous-sur\/energies-oceaniques\/","title":{"rendered":"\u00c9nergies oc\u00e9aniques"},"content":{"rendered":"<div class=\"row\">\r\n<div class=\"col-md-12\">\r\n<h2>Des technologies permettant d\u2019exploiter les ressources marines <\/h2>\r\n<p>Les \u00e9nergies oc\u00e9aniques exploitent l\u2019\u00e9nergie contenue dans les vagues, les mar\u00e9es, les courants marins et les gradients thermiques et salins de l\u2019oc\u00e9an pour produire de l\u2019\u00e9lectricit\u00e9 ou de la chaleur utile. Il s\u2019agit de sources renouvelables \u00e0 fort potentiel, compl\u00e9mentaires de l\u2019\u00e9nergie \u00e9olienne et solaire, qui peuvent contribuer \u00e0 la stabilit\u00e9 du syst\u00e8me \u00e9lectrique et au d\u00e9veloppement des \u00e9conomies portuaires et c\u00f4ti\u00e8res.<\/p>\r\n<\/div>\r\n<div class=\"col-md-12 text-center\"><img alt=\"Tabla comparativa\" class=\"m-b-20 lazyload\" style=\"height:500px; width:auto;\" data-src=\"\/assets\/media\/energia-oceanica.jpg\"><\/div>\r\n<div class=\"col-md-12\">\r\n<p>Au sens large, les \u00e9nergies marines peuvent \u00eatre class\u00e9es comme suit : <\/p>\r\n<p>L\u2019\u00e9nergie des vagues (<strong>\u00e9nergie houlomotrice<\/strong>) convertit le mouvement des vagues en \u00e9lectricit\u00e9. Le principe est commun : les vagues induisent un d\u00e9placement qui se transforme en \u00e9nergie m\u00e9canique, puis en \u00e9nergie \u00e9lectrique. Elle se mat\u00e9rialise dans des dispositifs tels que la colonne d\u2019eau oscillante (une chambre o\u00f9 la force des vagues comprime et d\u00e9comprime l\u2019air pour faire tourner une turbine), les absorbeurs ponctuels et les att\u00e9nuateurs (flotteurs qui convertissent le va-et-vient des particules d\u2019eau en rotation ou en translation) ou les syst\u00e8mes de d\u00e9versement qui \u00e9l\u00e8vent l\u2019eau vers un r\u00e9servoir et la font passer par des turbines. Il existe des prototypes et des installations pilotes connect\u00e9s au r\u00e9seau, mais la technologie n\u2019a pas encore atteint sa pleine maturit\u00e9 commerciale ; son d\u00e9ploiement n\u00e9cessite des conceptions robustes et fiables face aux conditions extr\u00eames des temp\u00eates, ainsi que des strat\u00e9gies de maintenance optimis\u00e9es. L\u2019hybridation avec l\u2019\u00e9olienne marine et l\u2019alimentation de proc\u00e9d\u00e9s c\u00f4tiers, tels que le dessalement, sont des domaines d\u2019application.<\/p>\r\n<p>L\u2019\u00e9nergie <strong>mar\u00e9motrice<\/strong> exploite l\u2019\u00e9nergie provenant des grands d\u00e9placements de masse d\u2019eau provoqu\u00e9s par les mar\u00e9es. Elle se d\u00e9veloppe de deux mani\u00e8res : en exploitant l\u2019amplitude des mar\u00e9es \u00e0 l\u2019aide de digues ou de barrages qui g\u00e9n\u00e8rent une diff\u00e9rence de niveau entre la mar\u00e9e haute et la mar\u00e9e basse, et, de mani\u00e8re plus importante, \u00e0 l\u2019aide de turbines mar\u00e9motrices, flottantes ou fix\u00e9es au fond, qui sont install\u00e9es dans des canaux ou des estuaires o\u00f9 la vitesse du courant est suffisante. Les premiers projets commerciaux multi-m\u00e9gawatts bas\u00e9s sur les courants sont en cours de d\u00e9veloppement et offrent une production stable et pr\u00e9visible tout au long de l\u2019ann\u00e9e.<\/p>\r\n<p>Les zones tropicales concentrent la majeure partie du potentiel<strong> gradient thermique ou salin<\/strong> mondial, et ces technologies en sont encore au stade de la recherche pr\u00e9liminaire.<\/p>\r\n<p>Dans l\u2019ensemble, l\u2019\u00e9nergie houlomotrice et mar\u00e9motrice disposent d\u2019une ressource abondante et, dans le cas des mar\u00e9es, d\u2019une grande pr\u00e9visibilit\u00e9. Malgr\u00e9 cela, elles en sont encore au stade pr\u00e9-commercial. Leurs principaux d\u00e9fis sont la r\u00e9duction des co\u00fbts d\u2019investissement et d\u2019exploitation, la fiabilit\u00e9 et la durabilit\u00e9 des composants dans l\u2019environnement marin exigeant. Gr\u00e2ce \u00e0 des programmes de R&amp;D&amp;I, des essais en mer et une collaboration avec la cha\u00eene de valeur navale et portuaire, ces technologies ont le potentiel de contribuer \u00e0 un mix \u00e9nerg\u00e9tique plus diversifi\u00e9 et plus r\u00e9silient. <\/p>\r\n<\/div>\r\n<\/div>","protected":false},"excerpt":{"rendered":"<p>Des technologies permettant d\u2019exploiter les ressources marines Les \u00e9nergies oc\u00e9aniques exploitent l\u2019\u00e9nergie contenue dans les vagues, les mar\u00e9es, les courants marins et les gradients thermiques et salins de l\u2019oc\u00e9an pour produire de l\u2019\u00e9lectricit\u00e9 ou de la chaleur utile. Il s\u2019agit de sources renouvelables \u00e0 fort potentiel, compl\u00e9mentaires de l\u2019\u00e9nergie \u00e9olienne et solaire, qui peuvent contribuer [&hellip;]<\/p>\n","protected":false},"author":1,"featured_media":21597,"parent":5444,"menu_order":120,"comment_status":"closed","ping_status":"closed","template":"templates\/page-with-container.php","meta":{"_acf_changed":false,"footnotes":""},"class_list":["post-25845","page","type-page","status-publish","has-post-thumbnail","hentry"],"acf":[],"_links":{"self":[{"href":"https:\/\/www.eve.eus\/fr\/wp-json\/wp\/v2\/pages\/25845","targetHints":{"allow":["GET"]}}],"collection":[{"href":"https:\/\/www.eve.eus\/fr\/wp-json\/wp\/v2\/pages"}],"about":[{"href":"https:\/\/www.eve.eus\/fr\/wp-json\/wp\/v2\/types\/page"}],"author":[{"embeddable":true,"href":"https:\/\/www.eve.eus\/fr\/wp-json\/wp\/v2\/users\/1"}],"replies":[{"embeddable":true,"href":"https:\/\/www.eve.eus\/fr\/wp-json\/wp\/v2\/comments?post=25845"}],"version-history":[{"count":2,"href":"https:\/\/www.eve.eus\/fr\/wp-json\/wp\/v2\/pages\/25845\/revisions"}],"predecessor-version":[{"id":25847,"href":"https:\/\/www.eve.eus\/fr\/wp-json\/wp\/v2\/pages\/25845\/revisions\/25847"}],"up":[{"embeddable":true,"href":"https:\/\/www.eve.eus\/fr\/wp-json\/wp\/v2\/pages\/5444"}],"wp:featuredmedia":[{"embeddable":true,"href":"https:\/\/www.eve.eus\/fr\/wp-json\/wp\/v2\/media\/21597"}],"wp:attachment":[{"href":"https:\/\/www.eve.eus\/fr\/wp-json\/wp\/v2\/media?parent=25845"}],"curies":[{"name":"wp","href":"https:\/\/api.w.org\/{rel}","templated":true}]}}