{"id":26441,"date":"2026-04-23T12:43:51","date_gmt":"2026-04-23T10:43:51","guid":{"rendered":"https:\/\/www.eve.eus\/portail-de-la-transparence\/bec-solar\/"},"modified":"2026-05-04T13:32:44","modified_gmt":"2026-05-04T11:32:44","slug":"bec-solar","status":"publish","type":"page","link":"https:\/\/www.eve.eus\/fr\/portail-de-la-transparence\/bec-solar\/","title":{"rendered":"BEC Solar"},"content":{"rendered":"\t<table cellspacing=\"0\" class=\"TabControlTable\">\r\n<tbody>\r\n<tr class=\"TabControlRow\">\r\n<td id=\"TabLeft_0\" class=\"TabControlLeft\">\u00a0<\/td>\r\n<td id=\"TabItem_0\" class=\"TabControl\"><a id=\"TabLink_0\" class=\"TabControlLink\" href=\"\/portal-de-la-transparencia\/ente-vasco-de-la-energia\/\">Ente Vasco de la Energ\u00eda<\/a><\/td>\r\n\r\n<td id=\"TabRight_0\" class=\"TabControlRight\">\u00a0<\/td><td id=\"TabLeft_1\" class=\"TabControlLeft\">\u00a0<\/td>\r\n\r\n<td id=\"TabItem_1\" class=\"TabControl\"><a id=\"TabLink_1\" class=\"TabControlLink\" href=\"\/portal-de-la-transparencia\/cadem\/\">CADEM<\/a><\/td>\r\n\r\n<td id=\"TabRight_1\" class=\"TabControlRight\">\u00a0<\/td><td id=\"TabLeft_2\" class=\"TabControlLeft\">\u00a0<\/td>\r\n\r\n<td id=\"TabItem_2\" class=\"TabControl\"><a id=\"TabLink_2\" class=\"TabControlLink\" href=\"\/portal-de-la-transparencia\/shesa\/\">SHESA<\/a><\/td>\r\n\r\n<td id=\"TabRight_2\" class=\"TabControlRight\">\u00a0<\/td><td id=\"TabLeft_3\" class=\"TabControlLeft\">\u00a0<\/td>\r\n\r\n<td id=\"TabItem_3\" class=\"TabControl\"><a id=\"TabLink_3\" class=\"TabControlLink\" href=\"\/portal-de-la-transparencia\/bimep\/\">BIMEP<\/a><\/td>\r\n\r\n<td id=\"TabRight_2\" class=\"TabControlRight\">\u00a0<\/td><td id=\"TabLeft_3\" class=\"TabControlLeft\">\u00a0<\/td>\r\n\r\n<td id=\"TabItem_4\" class=\"TabControl\"><a id=\"TabLink_4\" class=\"TabControlLink\" href=\"\/portal-de-la-transparencia\/harana-kontrasta\/\">Harana Kontrasta<\/a><\/td>\r\n\r\n<td id=\"TabRight_2\" class=\"TabControlRight\">\u00a0<\/td><td id=\"TabLeft_3\" class=\"TabControlLeft\">\u00a0<\/td>\r\n\r\n<td id=\"TabItem_5\" class=\"TabControl\"><a id=\"TabLink_4\" class=\"TabControlLink\" href=\"\/portal-de-la-transparencia\/bec-solar\/\">BEC Solar<\/a><\/td>\r\n\r\n<td id=\"TabRight_2\" class=\"TabControlRight\">\u00a0<\/td><td id=\"TabLeft_3\" class=\"TabControlLeft\">\u00a0<\/td>\r\n\r\n<\/tr><\/tbody><\/table>\r\n\r\n<div class=\"row\">\r\n<div class=\"col-md-12\">\r\n<h2>BEC Solar<\/h2>\r\n\r\n<table class=\"transparencia\">\r\n\t<thead>\r\n\t\t<tr>\r\n\t\t\t<th><strong>1. Information institutionnelle et organisationnelle<\/strong><\/th>\r\n\t\t\t<th><strong>PDF \/ Liens<\/strong><\/th>\r\n\t\t<\/tr>\r\n\t<\/thead>\r\n\t<tbody>\r\n\t\t<tr>\r\n\t\t\t<td>Acte constitutif<\/td>\r\n\t\t\t<td><a href=\"https:\/\/www.eve.eus\/assets\/media\/01.-BEC_ESC_20040115_Escritura-constitucion.pdf\" target=\"_blank\"><i class=\"fa-regular fa-file-pdf fa-2x\"><\/i><\/a><\/td>\r\n\t\t<\/tr>\r\n\t\t<tr>\r\n\r\n\t\t\t<td>Conseil d\u2019administration<\/td>\r\n\t\t\t<td><a href=\"https:\/\/www.eve.eus\/assets\/media\/03.-Consejo-Administracion-BEC-SOLAR.pdf\" target=\"_blank\"><i class=\"fa-regular fa-file-pdf fa-2x\"><\/i><\/a><\/td>\r\n\t\t<\/tr>\r\n\r\n\t\t<tr>\r\n\t\t\t<td>Frais publics<\/td>\r\n\t\t\t<td>Ils n\u2019existent pas<\/td>\r\n\t\t<\/tr>\r\n\t\t<tr>\r\n\t\t\t<td>Personnel<\/td>\r\n\t\t\t<td>Aucun mod\u00e8le<\/td>\r\n\t\t<\/tr>\r\n\r\n\t\t<tr>\r\n\t\t\t<td>Fonctions d\u00e9velopp\u00e9es<\/td>\r\n\t\t\t<td><a href=\"https:\/\/www.eve.eus\/assets\/media\/04.-Funciones-BECSOLAR.pdf\" target=\"_blank\"><i class=\"fa-regular fa-file-pdf fa-2x\"><\/i><\/a><\/td>\r\n\t\t<\/tr>\r\n\t\t<tr>\r\n\t\t\t<td>Legegunea, r\u00e8glementation du Pays Basque<\/td>\r\n\t\t\t<td><a href=\"https:\/\/www.legegunea.euskadi.eus\/webleg00-home\/es\/\" target=\"_blank\"><i class=\"fa fa-external-link\">\u00a0<\/i><\/a><\/td>\r\n\t\t<\/tr>\r\n\t\t<tr>\r\n\t\t\t<td>R\u00e9solution d\u2019autorisation ou reconnaissance de la compatibilit\u00e9<\/td>\r\n\t\t\t<td>Ils n\u2019existent pas<\/td>\r\n\t\t<\/tr>\r\n\t\t<tr>\r\n\t\t\t<td>Registre des activit\u00e9s de traitement (RAT) des donn\u00e9es personnelles<\/td>\r\n\t\t\t<td><a href=\"https:\/\/www.eve.eus\/assets\/media\/05.-RAT_BECSOLAR.pdf\" target=\"_blank\"><i class=\"fa-regular fa-file-pdf fa-2x\"><\/i><\/a><\/td>\r\n\t\t<\/tr>\r\n\t<\/tbody>\r\n<\/table>\r\n\r\n<table class=\"transparencia\">\r\n\t<thead>\r\n\t\t<tr>\r\n\t\t\t<th><strong>2. Information sur planification et \u00e9valuation<\/strong><\/th>\r\n\t\t\t<th><strong>PDF \/ Liens<\/strong><\/th>\r\n\t\t<\/tr>\r\n\t<\/thead>\r\n\t<tbody>\r\n\t\t<tr>\r\n\t\t\t<td>Strat\u00e9gie \u00c9nerg\u00e9tique 3E2030<\/td>\r\n\t\t\t<td><a href=\"https:\/\/www.eve.eus\/fr\/les-moteurs-de-la-transition\/lenergie-au-pays-basque\/strategie-3e2030\/\" target=\"_blank\"><i class=\"fa fa-external-link\">\u00a0<\/i><\/a><\/td>\r\n\t\t<\/tr>\r\n\t\r\n\t\t\r\n\t\t<tr>\r\n\t\t\t<td>Loi 1\/2024 du 8 f\u00e9vrier sur la transition \u00e9nerg\u00e9tique et le changement climatique<\/td>\r\n\t\t\t<td><a href=\"https:\/\/www.eve.eus\/fr\/les-moteurs-de-la-transition\/lenergie-au-pays-basque\/loi-sur-la-transition-energetique-et-le-changement-climatique\/\" target=\"_blank\"><i class=\"fa fa-external-link\">\u00a0<\/i><\/a><\/td>\r\n\t\t<\/tr>\r\n\t\t<tr>\r\n\t\t\t<td>Plan d\u2019Industrie \u2013 Euskadi 2030 <\/td>\r\n\t\t\t<td><a href=\"https:\/\/www.eve.eus\/fr\/les-moteurs-de-la-transition\/lenergie-au-pays-basque\/plan-dindustrie-euskadi-2030\/\" target=\"_blank\"><i class=\"fa fa-external-link\">\u00a0<\/i><\/a><\/td>\r\n\t\t<\/tr>\r\n\t<\/tbody>\r\n\r\n<\/table>\r\n\r\n<table class=\"transparencia\">\r\n\t<thead>\r\n\t\t<tr>\r\n\t\t\t<th><strong>3. Information sur l\u2019impact \u00e9conomique de l\u2019activit\u00e9<\/strong><\/th>\r\n\t\t\t<th><strong>PDF \/ Liens<\/strong><\/th>\r\n\t\t<\/tr>\r\n\t<\/thead>\r\n\t<tbody>\r\n\t\t<tr>\r\n\t\t\t<td>Aides et subventions<\/td>\r\n\t\t\t<td>Ils ne sont pas accord\u00e9s<\/td>\r\n\t\t<\/tr>\r\n\t\t<tr>\r\n\t\t\t<td>Urbanklima<\/td>\r\n\t\t\t<td><a href=\"https:\/\/www.eve.eus\/assets\/media\/06.-Urbanklima.pdf\" target=\"_blank\"><i class=\"fa-regular fa-file-pdf fa-2x\"><\/i><\/a><\/td>\r\n\t\t<\/tr>\r\n\t\t<tr>\r\n\t\t\t<td>Contrats<\/td>\r\n\t\t\t<td><a href=\"https:\/\/www.eve.eus\/assets\/media\/07.-BEC-SOLAR-Contratos.pdf\" target=\"_blank\"><i class=\"fa-regular fa-file-pdf fa-2x\"><\/i><\/a><\/td>\r\n\t\t<\/tr>\r\n\t\t<tr>\r\n\t\t\t<td>Conventions<\/td>\r\n\t\t\t<td><a href=\"https:\/\/www.eve.eus\/assets\/media\/08.-BEC-SOLAR-Convenios.pdf\" target=\"_blank\"><i class=\"fa-regular fa-file-pdf fa-2x\"><\/i><\/a><\/td>\r\n\t\t<\/tr>\r\n\t\t<tr>\r\n\t\t\t<td>Ordres de gestion<\/td>\r\n\t\t\t<td><a href=\"https:\/\/www.eve.eus\/assets\/media\/09.-BEC-SOLAR-Encargos.pdf\" target=\"_blank\"><i class=\"fa-regular fa-file-pdf fa-2x\"><\/i><\/a><\/td>\r\n\t\t<\/tr>\r\n\t\t\r\n\t\t<tr>\r\n\t\t\t<td>Syst\u00e8me interne d\u2019information (SII)<\/td>\r\n\t\t\t<td><a href=\"https:\/\/portaldetransparencia.bilbaoexhibitioncentre.com\/sii\/\" target=\"_blank\"><i class=\"fa fa-external-link\">\u00a0<\/i><\/a><\/td>\r\n\t\t<\/tr>\r\n\t<\/tbody>\r\n\t<tbody>\r\n\t<\/tbody>\r\n<\/table>\r\n\r\n<table class=\"transparencia\">\r\n\t<thead>\r\n\t\t<tr>\r\n\t\t\t<th><strong>4. Information sur activit\u00e9 publique<\/strong><\/th>\r\n\t\t\t<th><strong>PDF \/ Liens<\/strong><\/th>\r\n\t\t<\/tr>\r\n\t<\/thead>\r\n\t<tbody>\r\n\t\t\r\n\t\t<tr>\r\n\t\t\t<td>Gouvernement Basque\u2013Eusko Jaurlaritza<\/td>\r\n\t\t\t<td><a href=\"https:\/\/www.euskadi.eus\/inicio\/\" target=\"_blank\"><i class=\"fa fa-external-link\">\u00a0<\/i><\/a><\/td>\r\n\t\t<\/tr>\r\n\t\t<tr>\r\n\t\t\t<td>Irekia<\/td>\r\n\t\t\t<td><a href=\"https:\/\/www.irekia.euskadi.eus\/?locale=es\" target=\"_blank\"><i class=\"fa fa-external-link\">\u00a0<\/i><\/a><\/td>\r\n\t\t<\/tr>\r\n\t<\/tbody>\r\n\t<tbody>\r\n\t<\/tbody>\r\n<\/table>\r\n\r\n<table class=\"transparencia\">\r\n\t<thead>\r\n\t\t<tr>\r\n\t\t\t<th><strong>5. Information \u00e9conomique, budg\u00e9taire et patrimoniale<\/strong><\/th>\r\n\t\t\t<th><strong>PDF \/ Liens<\/strong><\/th>\r\n\t\t<\/tr>\r\n\t<\/thead>\r\n\t<tbody>\r\n\t\t<tr>\r\n\t\t\t<td>Budget et liquidation du Budget<\/td>\r\n\t\t\t<td>\r\n\t\t\t  <a href=\"https:\/\/www.eve.eus\/assets\/media\/10.-Presupuesto-y-liquidacion-ppto.pdf\" target=\"_blank\"><i class=\"fa-regular fa-file-pdf fa-2x\"><\/i><\/a>\r\n\t\t\t<\/td>\r\n\t\t<\/tr>\r\n\t\t<tr>\r\n\t\t\t<td>Audit des Comptes Annuels, R\u00e8glement des budgets de capital et d\u2019exploitation et M\u00e9moire de r\u00e9alisation des objectifs programm\u00e9s<\/td>\r\n\t\t\t<td>\r\n\t\t\t\t<a href=\"https:\/\/www.eve.eus\/assets\/media\/11.-CCAA-BEC-SOLAR-2024-firmadas.pdf\" target=\"_blank\"><i class=\"fa-regular fa-file-pdf fa-2x\"><\/i><\/a> \u2022 \r\n\t\t\t\t<a href=\"https:\/\/www.eve.eus\/assets\/media\/12.-CCAA-Bec-Solar-2023-firmadas.pdf\" target=\"_blank\"><i class=\"fa-regular fa-file-pdf fa-2x\"><\/i><\/a> \u2022 \r\n\t\t\t\t<a href=\"https:\/\/www.eve.eus\/assets\/media\/13.-CCAA-BEC-SOLAR-2022.pdf\" target=\"_blank\"><i class=\"fa-regular fa-file-pdf fa-2x\"><\/i><\/a> \r\n\t\t\t<\/td>\r\n\t\t<\/tr>\r\n\t\t<tr>\r\n\t\t\t<td>Biens immobiliers en propi\u00e9t\u00e9<\/td>\r\n\t\t\t<td>\r\n\t\t\t  <a href=\"https:\/\/www.eve.eus\/assets\/media\/14.-Bienes-inmuebles.pdf\" target=\"_blank\"><i class=\"fa-regular fa-file-pdf fa-2x\"><\/i><\/a>\r\n\t\t\t<\/td>\r\n\t\t<\/tr>\r\n\t\t<tr>\r\n\t\t\t<td>R\u00e9mun\u00e9rations aux cadres et aux hauts responsables<\/td>\r\n\t\t\t<td><a href=\"https:\/\/opendata.euskadi.eus\/catalogo\/-\/retribuciones-altos-cargos-y-personal-eventual-gobierno-vasco-y-organismos-autonomos-y-entes-publicos\/\" target=\"_blank\"><i class=\"fa fa-external-link\">\u00a0<\/i><\/a><\/td>\r\n\t\t<\/tr>\r\n\t\t<tr>\r\n\t\t\t<td>Indemnisations<\/td>\r\n\t\t\t<td><a href=\"https:\/\/opendata.euskadi.eus\/catalogo\/-\/indemnizaciones-de-directivos-de-sociedades-y-entes-publicos-desde-el-ano-2006\/\" target=\"_blank\"><i class=\"fa fa-external-link\">\u00a0<\/i><\/a><\/td>\r\n\t\t<\/tr>\r\n\t\t<tr>\r\n\t\t\t<td>D\u00e9clarations annuelles de biens et d\u2019activit\u00e9s<\/td>\r\n\t\t\t<td><a href=\"https:\/\/www.euskadi.eus\/web01-a2funpub\/es\/contenidos\/informacion\/indicador_actividad_bienes\/es_def\/index.shtml\" target=\"_blank\"><i class=\"fa fa-external-link\">\u00a0<\/i><\/a><\/td>\r\n\t\t<\/tr>\r\n\t\t\r\n\t<\/tbody>\r\n\t<tbody>\r\n\t<\/tbody>\r\n<\/table>\r\n\r\n<table class=\"transparencia\">\r\n\t<thead>\r\n\t\t<tr>\r\n\t\t\t<th><strong>6. Information g\u00e9n\u00e9rale<\/strong><\/th>\r\n\t\t\t<th><strong>PDF \/ Liens<\/strong><\/th>\r\n\t\t<\/tr>\r\n\t<\/thead>\r\n\t<tbody>\r\n\t\t<tr>\r\n\t\t\t<td>Soci\u00e9t\u00e9s de Participation<\/td>\r\n\t\t\t<td><a href=\"https:\/\/www.eve.eus\/fr\/qui-sommes-nous\/societes-participees\/\" target=\"_blank\"><i class=\"fa fa-external-link\">\u00a0<\/i><\/a><\/td>\r\n\t\t<\/tr>\r\n\t\t\r\n\t\t<tr>\r\n\t\t\t<td>Contact<\/td>\r\n\t\t\t<td><a href=\"https:\/\/www.eve.eus\/fr\/contact\/\" target=\"_blank\"><i class=\"fa fa-external-link\">\u00a0<\/i><\/a><\/td>\r\n\t\t<\/tr>\r\n\t<\/tbody>\r\n\t<tbody>\r\n\t<\/tbody>\r\n<\/table>\r\n\r\n<table class=\"transparencia\">\r\n\t<thead>\r\n\t\t<tr>\r\n\t\t\t<th><strong>7. Acc\u00e8s \u00e0 l\u2019information publique<\/strong><\/th>\r\n\t\t\t\r\n\t\t\t<th><strong>PDF \/ Liens<\/strong><\/th>\r\n\t\t<\/tr>\r\n\t<\/thead>\r\n\t<tbody>\r\n\t<\/tbody>\r\n\t<tbody>\r\n\t\t<tr>\r\n\t\t\t<td>Exercer ses droits d\u2019acc\u00e8s \u00e0 l\u2019information publique<\/td>\r\n\t\t\t<td><a href=\"https:\/\/www.euskadi.eus\/web01-sede\/es\/contenidos\/interaccion_ciudadania\/s_intc_201493016510958\/es_def\/index.shtml\" target=\"_blank\"><i class=\"fa fa-external-link\">\u00a0<\/i><\/a><\/td>\r\n\t\t\t\r\n\t\t<\/tr>\r\n\t\t<tr>\r\n\t\t\t<td>GARDENA \u2013 Portail de la Transparence du Gouvernement Basque<\/td>\r\n\t\t\t<td><a href=\"https:\/\/www.gardena.euskadi.eus\/inicio\/\" target=\"_blank\"><i class=\"fa fa-external-link\">\u00a0<\/i><\/a><\/td>\r\n\t\t\t\r\n\t\t<\/tr>\r\n\t<\/tbody>\r\n<\/table>\r\n<\/div>\r\n<\/div>","protected":false},"excerpt":{"rendered":"<p>BEC Solar 1. Information institutionnelle et organisationnelle PDF \/ Liens Acte constitutif Conseil d\u2019administration Frais publics Ils n\u2019existent pas Personnel Aucun mod\u00e8le Fonctions d\u00e9velopp\u00e9es Legegunea, r\u00e8glementation du Pays Basque \u00a0 R\u00e9solution d\u2019autorisation ou reconnaissance de la compatibilit\u00e9 Ils n\u2019existent pas Registre des activit\u00e9s de traitement (RAT) des donn\u00e9es personnelles 2. Information sur planification et \u00e9valuation [&hellip;]<\/p>\n","protected":false},"author":1,"featured_media":0,"parent":5467,"menu_order":0,"comment_status":"closed","ping_status":"closed","template":"templates\/page-with-container.php","meta":{"_acf_changed":false,"footnotes":""},"class_list":["post-26441","page","type-page","status-publish","hentry"],"acf":[],"_links":{"self":[{"href":"https:\/\/www.eve.eus\/fr\/wp-json\/wp\/v2\/pages\/26441","targetHints":{"allow":["GET"]}}],"collection":[{"href":"https:\/\/www.eve.eus\/fr\/wp-json\/wp\/v2\/pages"}],"about":[{"href":"https:\/\/www.eve.eus\/fr\/wp-json\/wp\/v2\/types\/page"}],"author":[{"embeddable":true,"href":"https:\/\/www.eve.eus\/fr\/wp-json\/wp\/v2\/users\/1"}],"replies":[{"embeddable":true,"href":"https:\/\/www.eve.eus\/fr\/wp-json\/wp\/v2\/comments?post=26441"}],"version-history":[{"count":1,"href":"https:\/\/www.eve.eus\/fr\/wp-json\/wp\/v2\/pages\/26441\/revisions"}],"predecessor-version":[{"id":26442,"href":"https:\/\/www.eve.eus\/fr\/wp-json\/wp\/v2\/pages\/26441\/revisions\/26442"}],"up":[{"embeddable":true,"href":"https:\/\/www.eve.eus\/fr\/wp-json\/wp\/v2\/pages\/5467"}],"wp:attachment":[{"href":"https:\/\/www.eve.eus\/fr\/wp-json\/wp\/v2\/media?parent=26441"}],"curies":[{"name":"wp","href":"https:\/\/api.w.org\/{rel}","templated":true}]}}