{"id":4085,"date":"2024-12-18T15:13:51","date_gmt":"2024-12-18T14:13:51","guid":{"rendered":"https:\/\/www.eve.eus\/aviso-legal\/"},"modified":"2025-01-27T13:44:42","modified_gmt":"2025-01-27T12:44:42","slug":"mentions-legales","status":"publish","type":"page","link":"https:\/\/www.eve.eus\/fr\/mentions-legales\/","title":{"rendered":"Mentions l\u00e9gales"},"content":{"rendered":"Les pr\u00e9sentes Mentions l\u00e9gales r\u00e9gissent l\u2019utilisation du Site www.eve.eus (ci-apr\u00e8s, <em>\u00ab\u00a0le Site\u00a0\u00bb<\/em>), propri\u00e9t\u00e9 de l\u2019ENTE VASCO DE ENERGIA (ci-apr\u00e8s, <em>\u00ab\u00a0EVE\u00a0\u00bb<\/em>), NIF\u00a0: Q5150001E, dont le si\u00e8ge social est sis Alameda de Urquijo, 36, 1er \u00e9tage, 48011, Bilbao (Biscaye, Espagne), t\u00e9l.: +34 944 03 56 00, courriel: <a href=\"mailto:comunicacion@eve.eus\">comunicacion@eve.eus<\/a>.<br>\r\n\u00a0<br>\r\nAvant d\u2019utiliser ce Site, l\u2019utilisateur doit accepter express\u00e9ment toutes les clauses indiqu\u00e9es dans les pr\u00e9sentes Mentions l\u00e9gales, ainsi que tous les avertissements ou toutes les clauses sp\u00e9cifiques \u00e9tablies pour b\u00e9n\u00e9ficier de certains produits ou services ou acc\u00e9der \u00e0 certaines rubriques du Site.<br>\r\n\u00a0<br>\r\nL\u2019utilisateur qui ne souhaite pas accepter les dispositions des pr\u00e9sentes Mentions l\u00e9gales doit donc renoncer a\u0300 acc\u00e9der et\/ou utiliser les services et\/ou contenus du Site et donc quitter le Site.<br>\r\n\u00a0\r\n<h3>UTILISATION DU SITE<\/h3>\r\nL'utilisateur s'engage \u00e0 ne pas utiliser le Site pour r\u00e9aliser des activit\u00e9s contraires aux lois, aux bonnes m\u0153urs, \u00e0 l'ordre public et, en g\u00e9n\u00e9ral, \u00e0 en faire un usage conforme aux conditions pr\u00e9vues dans ces Mentions l\u00e9gales. De m\u00eame, il s'oblige \u00e0 ne pas r\u00e9aliser d'activit\u00e9s publicitaires ou d'exploitation commerciale en envoyant des messages sous une fausse identit\u00e9.<br>\r\n\u00a0<br>\r\nL'EVE agit exclusivement en tant que responsable du Site, en tant que prestataire d'un service d'information sur ses propres services. Il ne peut donc pas \u00eatre tenu responsable des contenus qui, en violation des pr\u00e9sentes conditions g\u00e9n\u00e9rales, pourraient \u00eatre envoy\u00e9es par les utilisateurs, qui restent les seuls responsables de la v\u00e9racit\u00e9 et de la l\u00e9galit\u00e9 de ceux-ci.<br>\r\n\u00a0<br>\r\nEn cas d\u2019utilisation du Site ou de l'un des services qui y sont propos\u00e9s contraire aux dispositions des pr\u00e9sentes Mentions l\u00e9gales, l'EVE pourra interrompre l\u2019activit\u00e9 du Site utilis\u00e9 par l'utilisateur et mettre fin imm\u00e9diatement \u00e0 la relation avec celui-ci.<br>\r\n\u00a0\r\n<h3>PROPRI\u00c9T\u00c9 INTELLECTUELLE ET INDUSTRIELLE<\/h3>\r\nL\u2019ensemble des contenus de ce Site, \u00e0 savoir les textes, images, marques, graphiques, logos, boutons, fichiers logiciels, associations de couleurs, ainsi que la structure, la s\u00e9lection, l\u2019organisation et la pr\u00e9sentation de ses contenus, sont prot\u00e9g\u00e9s par la l\u00e9gislation en mati\u00e8re de propri\u00e9t\u00e9 intellectuelle et industrielle. Toute reproduction, distribution, communication publique et transformation est donc interdite, sauf pour un usage personnel et priv\u00e9.<br>\r\n\u00a0<br>\r\nL\u2019EVE ne saurait voir sa responsabilite\u0301 engag\u00e9e pour des erreurs ou omissions dans le contenu du Site ou des atteintes aux droits de tiers r\u00e9sultant du libre usage de ceux-ci. Les Utilisateurs sont les seuls resposnables de la bonne ou la mauvaise utilisation de ce Site et de son contenu.<br>\r\n\u00a0<br>\r\nToute reproduction, retransmission, copie, cession ou rediffusion, totale ou partielle des informations contenues dans ce Site, pour quelque finalit\u00e9 que ce soit et sur un quelconque support, est interdite, sauf accord pr\u00e9alable de l\u2019EVE.<br>\r\n\u00a0\r\n<h3>HYPERLIENS<\/h3>\r\nLe Site peut inclure des liens ou <em>links<\/em> vers des sites tiers. Les sites appartenant \u00e0 des tiers n'ont pas \u00e9t\u00e9 examin\u00e9s et ne sont pas contr\u00f4l\u00e9s par l\u2019EVE. En tout \u00e9tat de cause, l\u2019EVE ne saurait \u00eatre tenu responsable du contenu de ces sites ni des mesures adopt\u00e9es par ces sites en ce qui concerne le respect de votre vie priv\u00e9e ou le traitement de vos donn\u00e9es \u00e0 caract\u00e8re personnel.<br>\r\n\u00a0<br>\r\nL'EVE vous recommande de lire attentivement les conditions d\u2019usage et la politique de protection des donn\u00e9es personnelles de ces sites.<br>\r\n\u00a0<br>\r\nSi vous souhaitez activer un lien vers l'une des pages de notre Site, vous devez le communiquer, en obtenant l\u2019autorisation explicite pour cr\u00e9er le lien. L'EVE se r\u00e9serve le droit de s'opposer \u00e0 l'activation de liens vers son Site.<br>\r\n\u00a0\r\n<h3>MINEURS<\/h3>\r\nL'EVE rappelle aux utilisateurs majeurs responsables de mineurs qu'ils sont les seuls responsables de d\u00e9terminer quels sont les services et\/ou contenus qui ne sont pas adapt\u00e9s \u00e0 ceux-ci.<br>\r\n\u00a0<br>\r\nIl existe des logiciels permettant de filtrer et de bloquer l'acc\u00e8s \u00e0 certains contenus et services, afin que les parents ou tuteurs, par exemple, puissent d\u00e9cider quels sont les contenus et les services Internet auxquels les mineurs peuvent acc\u00e9der ou pas.<br>\r\n\u00a0\r\n<h3>RESPONSABILIT\u00c9S<\/h3>\r\nL'EVE ne peut \u00eatre tenu responsable, directement ou subsidiairement\u00a0:<br>\r\n\u00a0\r\n<ul>\r\n\t<li>De la qualit\u00e9 du service, la vitesse d'acc\u00e8s, le bon fonctionnement, la disponibilit\u00e9 ou la continuit\u00e9 du fonctionnement du Site.<\/li>\r\n\t<li>Des dommages caus\u00e9s \u00e0 l'\u00e9quipement de l'utilisateur en raison de l'utilisation du Site.<\/li>\r\n\t<li>Des cas dans lesquels un tiers, en violation des mesures de s\u00e9curit\u00e9 \u00e9tablies, acc\u00e8derait aux messages ou les utiliserait pour l\u2019envoi de virus informatiques.<\/li>\r\n\t<li>Des vices et d\u00e9fauts de toute nature des contenus transmis, diffus\u00e9s, stock\u00e9s ou mis \u00e0 disposition.<\/li>\r\n\t<li>De la l\u00e9galit\u00e9, la fiabilit\u00e9 et l'utilit\u00e9 des contenus transmis par les utilisateurs lors de l'utilisation du Site ou des services propos\u00e9s, ainsi que de la v\u00e9racit\u00e9 ou exactitude de ceux-ci. L\u2019EVE ne contr\u00f4lant pas l'utilisation que les utilisateurs font du Site, il ne peut donc pas garantir leur usage est conforme aux dispositions de ces Mentions l\u00e9gales.<\/li>\r\n<\/ul>\r\nL'utilisateur est responsable \u2014\u00a0\u00e0 titre indicatif et non pas limitatif\u00a0\u2014\u00a0:<br>\r\n\u00a0\r\n<ul>\r\n\t<li>Du contenu fourni, en particulier des donn\u00e9es et des informations saisies et envoy\u00e9es \u00e0 EVE \u00e0 travers le Site ou sur le Site.<\/li>\r\n\t<li>De tout type d\u2019action illicite, attentatoire aux droits, nuisible et\/ou pr\u00e9judiciable.<\/li>\r\n\t<li>De la v\u00e9racit\u00e9 ou l\u2019exactitude des donn\u00e9es fournies.<\/li>\r\n<\/ul>\r\n\u00a0\r\n\r\n<h3>L\u00c9GISLATION APPLICABLE<\/h3>\r\nLes pr\u00e9sentes Mentions l\u00e9gales sont soumises \u00e0 la l\u00e9gislation en vigueur. Pour tout litige pouvant survenir concernant l'utilisation des services offerts ou le contenu du Site, les parties, acceptant les dispositions des pr\u00e9sentes Mentions l\u00e9gales, se soumettent \u00e0 la juridiction des tribunaux de Bilbao (Espagne).<br>\r\n\u00a0","protected":false},"excerpt":{"rendered":"<p>Les pr\u00e9sentes Mentions l\u00e9gales r\u00e9gissent l\u2019utilisation du Site www.eve.eus (ci-apr\u00e8s, \u00ab\u00a0le Site\u00a0\u00bb), propri\u00e9t\u00e9 de l\u2019ENTE VASCO DE ENERGIA (ci-apr\u00e8s, \u00ab\u00a0EVE\u00a0\u00bb), NIF\u00a0: Q5150001E, dont le si\u00e8ge social est sis Alameda de Urquijo, 36, 1er \u00e9tage, 48011, Bilbao (Biscaye, Espagne), t\u00e9l.: +34 944 03 56 00, courriel: comunicacion@eve.eus. \u00a0 Avant d\u2019utiliser ce Site, l\u2019utilisateur doit accepter express\u00e9ment [&hellip;]<\/p>\n","protected":false},"author":1,"featured_media":294,"parent":0,"menu_order":0,"comment_status":"closed","ping_status":"closed","template":"templates\/page-with-container.php","meta":{"_acf_changed":false,"footnotes":""},"class_list":["post-4085","page","type-page","status-publish","has-post-thumbnail","hentry"],"acf":[],"_links":{"self":[{"href":"https:\/\/www.eve.eus\/fr\/wp-json\/wp\/v2\/pages\/4085","targetHints":{"allow":["GET"]}}],"collection":[{"href":"https:\/\/www.eve.eus\/fr\/wp-json\/wp\/v2\/pages"}],"about":[{"href":"https:\/\/www.eve.eus\/fr\/wp-json\/wp\/v2\/types\/page"}],"author":[{"embeddable":true,"href":"https:\/\/www.eve.eus\/fr\/wp-json\/wp\/v2\/users\/1"}],"replies":[{"embeddable":true,"href":"https:\/\/www.eve.eus\/fr\/wp-json\/wp\/v2\/comments?post=4085"}],"version-history":[{"count":1,"href":"https:\/\/www.eve.eus\/fr\/wp-json\/wp\/v2\/pages\/4085\/revisions"}],"predecessor-version":[{"id":4086,"href":"https:\/\/www.eve.eus\/fr\/wp-json\/wp\/v2\/pages\/4085\/revisions\/4086"}],"wp:featuredmedia":[{"embeddable":true,"href":"https:\/\/www.eve.eus\/fr\/wp-json\/wp\/v2\/media\/294"}],"wp:attachment":[{"href":"https:\/\/www.eve.eus\/fr\/wp-json\/wp\/v2\/media?parent=4085"}],"curies":[{"name":"wp","href":"https:\/\/api.w.org\/{rel}","templated":true}]}}