{"id":4093,"date":"2024-12-18T15:14:06","date_gmt":"2024-12-18T14:14:06","guid":{"rendered":"https:\/\/www.eve.eus\/politica-de-privacidad\/"},"modified":"2025-01-27T13:44:49","modified_gmt":"2025-01-27T12:44:49","slug":"politique-de-confidentialite","status":"publish","type":"page","link":"https:\/\/www.eve.eus\/fr\/politique-de-confidentialite\/","title":{"rendered":"Politique de confidentialit\u00e9"},"content":{"rendered":"<h2>Politique de confidentialit\u00e9 et de protection des donn\u00e9es personnelles<\/h2>\r\nL\u2019Ente Vasco de la Energ\u00eda, conform\u00e9ment \u00e0 la l\u00e9gislation en vigueur relative \u00e0 la Protection des Donn\u00e9es \u00e0 Caract\u00e8re Personnel, informe les utilisateurs du Site www.eve.eus (ci-apr\u00e8s, <em>\u00ab\u00a0le Site\u00a0\u00bb<\/em>) de la Politique de confidentialit\u00e9 et de protection des donn\u00e9es qui sera appliqu\u00e9e au traitement des donn\u00e9es personnelles que l'utilisateur fournit volontairement lorsqu'il acc\u00e8de \u00e0 son Site.<br>\r\n\u00a0<br>\r\nL'Utilisateur, en fournissant \u00e0 l'EVE ses donn\u00e9es \u00e0 caract\u00e8re personnel via les formulaires \u00e9lectroniques du Site et de la rubrique Contact et, le cas \u00e9ch\u00e9ant, en cochant la case d'acceptation concern\u00e9e, accepte express\u00e9ment que l'EVE traite ces donn\u00e9es conform\u00e9ment aux termes de cette clause de la Politique de confidentialit\u00e9 et de protection des donn\u00e9es et aux fins indiqu\u00e9es ici.<br>\r\n\u00a0<br>\r\nL'EVE informe les utilisateurs du Site que leurs donn\u00e9es \u00e0 caract\u00e8re personnel ne peuvent \u00eatre collect\u00e9es pour leur traitement que lorsqu'elles sont ad\u00e9quates, pertinentes et non excessives par rapport \u00e0 la port\u00e9e et aux finalit\u00e9s d\u00e9termin\u00e9es, explicites et l\u00e9gitimes pour lesquelles elles ont \u00e9t\u00e9 collect\u00e9es. Ces donn\u00e9es seront annul\u00e9es d\u00e8s qu'elles ne seront plus n\u00e9cessaires ou pertinentes pour les fins pour lesquelles elles ont \u00e9t\u00e9 recueillies ou lorsque le titulaire, dans l'exercide de son droit d\u2019annulation, en fera la demande.<br>\r\n\u00a0<br>\r\nL'EVE s'engage \u00e0 respecter, \u00e0 tout moment, la l\u00e9gislation en vigueur en mati\u00e8re de protection des donn\u00e9es.<br>\r\n\u00a0<br>\r\nLes donn\u00e9es personnelles fournies sont trait\u00e9es par l\u2019EVE et utilis\u00e9es conform\u00e9ment aux informations suivantes.<br>\r\n\u00a0\r\n<h3>Quelles sont les donn\u00e9es \u00e0 caract\u00e8re personnel recueillies sur notre Site?<\/h3>\r\nNous collectons ou recevons vos donn\u00e9es lorsque vous visitez notre Site ou que vous interagissez avec nous en remplissant et en envoyant le formulaire de contact, ou bien lorsque vous interagissez avec nous sur les r\u00e9seaux sociaux identifi\u00e9s sur notre Site.<br>\r\n\u00a0<br>\r\nDans certains cas, les donn\u00e9es \u00e0 caract\u00e8re personnel sont fournies directement par vous lorsque vous vous abonnez \u00e0 notre Newsletter, lorsque vous nous contactez via les canaux activ\u00e9s, vous r\u00e9pondez \u00e0 des sondages, vous vous abonnez \u00e0 nos profils de r\u00e9seaux sociaux ou vous interagissez avec nous \u00e0 travers de tels profils en partageant avec nous vos commentaires, votre opinion ou les contenus publi\u00e9s dans chaque profil.<br>\r\n\u00a0<br>\r\nDans d'autres cas, vos donn\u00e9es personnelles sont obtenues indirectement aupr\u00e8s de l'utilisateur \u00e0 des fins purement statistiques, en vue d'analyser l\u2019usage qui est fait de notre Site \u00e0 l\u2019aide de cookies ou pour vous proposer des services \u00e0 valeur ajout\u00e9e, tels que l\u2019emplacement de nos bureaux (consultez notre Politique de cookies).<br>\r\n\u00a0<br>\r\nVous trouverez, dans le tableau ci-dessous, plus d\u2019informations sur le traitement de vos donn\u00e9es \u00e0 caract\u00e8re personnel, notamment en ce qui concerne les aspects suivants\u00a0:\r\n<ul>\r\n\t<li>Finalit\u00e9s du traitement\u00a0: Le but dans lequel vos donn\u00e9es sont collect\u00e9es, ce pourquoi vos informations sont trait\u00e9es.<\/li>\r\n\t<li>Int\u00e9r\u00eat l\u00e9gitime\u00a0: Le motif qui nous autorise \u00e0 traiter vos donn\u00e9es.<\/li>\r\n\t<li>Dur\u00e9e de conservation\u00a0: La dur\u00e9e pr\u00e9cise de conservation ou les crit\u00e8res qui d\u00e9terminent cette dur\u00e9e sont identifi\u00e9s.<\/li>\r\n\t<li>Destinataires\u00a0: Avec qui nous partagerons, le cas \u00e9ch\u00e9ant, vos donn\u00e9es de mani\u00e8re l\u00e9gitime.<\/li>\r\n\t<li>Droits des int\u00e9ress\u00e9s\u00a0: Les droits dont vous b\u00e9n\u00e9ficiez en tant qu'int\u00e9ress\u00e9 au traitement de vos donn\u00e9es \u00e0 caract\u00e8re personnel.<\/li>\r\n\t<li>\u00c9tudes statistiques pour l'\u00e9laboration et la d\u00e9finition de politiques publiques en mati\u00e8re d'\u00e9galit\u00e9 et d'euskera.<\/li>\r\n<\/ul>\r\n\r\n<h4>INFORMATION SUR LA PROTECTION DES DONN\u00c9ES \u00c0 CARACT\u00c8RE PERSONNEL<\/h4>\r\n\r\n<p><strong>\u00a0(En application du R\u00e8glement UE 2016\/679 sur la protection des donn\u00e9es)<\/strong><\/p>\r\n\r\n<table border=\"0\" cellpadding=\"0\" cellspacing=\"0\" class=\"table-striped\">\r\n\t<tbody>\r\n\t\t<tr>\r\n\t\t\t<td><span lang=\"FR\" style='font-size:11.0pt;line-height:107%;\r\nfont-family:\"Lato\",\"sans-serif\";mso-fareast-font-family:Lato;mso-bidi-font-family:\r\nLato;border:none;mso-ansi-language:FR;mso-fareast-language:EN-US;mso-bidi-language:\r\nAR-SA'>Responsable du traitement<\/span><\/td>\r\n\t\t\t<td>ENTE VASCO DE ENERGIA (EVE)<br>\r\n\t\t\tNIF: Q5150001E, <span lang=\"FR\" style='font-size:11.0pt;line-height:107%;\r\nfont-family:\"Lato\",\"sans-serif\";mso-fareast-font-family:Lato;mso-bidi-font-family:\r\nLato;border:none;mso-ansi-language:FR;mso-fareast-language:EN-US;mso-bidi-language:\r\nAR-SA'>si\u00e8ge social\u00a0: Alameda de Urquijo, 36, 1er \u00e9tage, 48011, Bilbao (Biscaye, Espagne).<\/span><br>\r\n\t\t\ttel\u00e9fono: +34944035600<br>\r\n\t\t\te-mail: <a href=\"mailto:comunicacion@eve.eus\">comunicacion@eve.eus<\/a><br>\r\n\t\t\tcontacto DPD: <a href=\"mailto:dpd@eve.eus\">dpd@eve.eus<\/a><\/td>\r\n\t\t<\/tr>\r\n\t\t<tr>\r\n\t\t\t<td><span lang=\"FR\" style='font-size:11.0pt;line-height:107%;\r\nfont-family:\"Lato\",\"sans-serif\";mso-fareast-font-family:Lato;mso-bidi-font-family:\r\nLato;border:none;mso-ansi-language:FR;mso-fareast-language:EN-US;mso-bidi-language:\r\nAR-SA'>Finalit\u00e9<\/span><\/td>\r\n\t\t\t<td>\r\n\t\t\t<ul>\r\n\t\t\t\t<li>R\u00e9pondre \u00e0 la demande d'informations demand\u00e9es via le formulaire de contact.<\/li>\r\n\t\t\t\t<li>Cookies : fournir des statistiques relatives \u00e0 l\u2019utilisation du Site.<\/li>\r\n\t\t\t\t<li>Envoi d'une lettre d'information, sur demande expresse.<\/li>\r\n\t\t\t\t<li>Proc\u00e9der \u00e0 l'inscription en tant qu'utilisateur de notre site pour l'acc\u00e8s \u00e0 certains services tels que l'achat de livres ou l'inscription \u00e0 des cours et des journ\u00e9es.<\/li>\r\n\t\t\t\t<li>Utilisation des images (photographies et\/ou vid\u00e9os) prises au cours des cours et des journ\u00e9es \u00e0 des fins promotionnelles et de diffusion sur le site web, les r\u00e9seaux sociaux ou d\u2019autres supports g\u00e9r\u00e9s par le groupe EVE.<\/li>\r\n\t\t\t\t<li>Utilisation des coordonn\u00e9es pour la transmission d\u2019informations de cours et de journ\u00e9es organis\u00e9es ou coorganis\u00e9es par le groupe EVE.<\/li>\r\n\t\t\t\t<li>Analyse statistique dans le d\u00e9veloppement et la d\u00e9finition des politiques publiques en mati\u00e8re d'\u00e9galit\u00e9 et d'euskera.<\/li>\r\n\t\t\t<\/ul>\r\n\t\t\t<\/td>\r\n\t\t<\/tr>\r\n\t\t<tr>\r\n\t\t\t<td><span lang=\"FR\" style='font-size:11.0pt;line-height:107%;\r\nfont-family:\"Lato\",\"sans-serif\";mso-fareast-font-family:Lato;mso-bidi-font-family:\r\nLato;border:none;mso-ansi-language:FR;mso-fareast-language:EN-US;mso-bidi-language:\r\nAR-SA'>L\u00e9gitimit\u00e9 et conservation<\/span><\/td>\r\n\t\t\t<td>\r\n\t\t\t<p><span lang=\"FR\" style='font-size:11.0pt;line-height:107%;\r\nfont-family:\"Lato\",\"sans-serif\";mso-fareast-font-family:Lato;mso-bidi-font-family:\r\nLato;border:none;mso-ansi-language:FR;mso-fareast-language:EN-US;mso-bidi-language:\r\nAR-SA'>L<\/span>a base du traitement des donn\u00e9es est le consentement exprim\u00e9 lors de l\u2019\u00e9tablissement des donn\u00e9es, lors du codage de la case d\u2019acceptation et de l\u2019envoi des diff\u00e9rents formulaires.<br>\r\n\t\t\t<br>\r\n\t\t\tLes donn\u00e9es de contact et d'inscription en tant qu'utilisateur du site seront conserv\u00e9es pendant que la relation est maintenue et qu'aucune suppression n'est demand\u00e9e. Veuillez consulter notre politique de cookies pour identifier la validit\u00e9 de chaque cookie.<\/p>\r\n\t\t\t<\/td>\r\n\t\t<\/tr>\r\n\t\t<tr>\r\n\t\t\t<td><span lang=\"FR\" style='font-size:11.0pt;line-height:107%;\r\nfont-family:\"Lato\",\"sans-serif\";mso-fareast-font-family:Lato;mso-bidi-font-family:\r\nLato;border:none;mso-ansi-language:FR;mso-fareast-language:EN-US;mso-bidi-language:\r\nAR-SA'>Destinataires de cessions et transferts internationaux <\/span><\/td>\r\n\t\t\t<td>\r\n\t\t\t<ul>\r\n\t\t\t\t<li>Aucun transfert de vos donn\u00e9es \u00e0 des tiers n\u2019est pr\u00e9vu.<\/li>\r\n\t\t\t\t<li>Responsable des services d'analyse Web: Le Site a activ\u00e9 les services Google Analytics fournis par Google LLC. L'interaction avec les utilisateurs par l'utilisation de cet outil implique le transfert international de donn\u00e9es, de type analytique et technique par rapport au Site. Veuillez consulter notre politique de cookies pour plus d'informations.<\/li>\r\n\t\t\t<\/ul>\r\n\t\t\t<\/td>\r\n\t\t<\/tr>\r\n\t\t<tr>\r\n\t\t\t<td><span lang=\"FR\" style='font-size:11.0pt;line-height:107%;\r\nfont-family:\"Lato\",\"sans-serif\";mso-fareast-font-family:Lato;mso-bidi-font-family:\r\nLato;border:none;mso-ansi-language:FR;mso-fareast-language:EN-US;mso-bidi-language:\r\nAR-SA'>Droits des interess\u00e9s<\/span><\/td>\r\n\t\t\t<td><span lang=\"FR\" style='font-size:11.0pt;line-height:107%;\r\nfont-family:\"Lato\",\"sans-serif\";mso-fareast-font-family:Lato;mso-bidi-font-family:\r\nLato;border:none;mso-ansi-language:FR;mso-fareast-language:EN-US;mso-bidi-language:\r\nAR-SA'>Vous pouvez exercer vos droits d'acc\u00e8s, de rectification, de suppression, de portabilit\u00e9, de limitation ou d'opposition de vos donn\u00e9es en nous contactant \u00e0 l\u2019adresse indiqu\u00e9e ci-dessus.<\/span><br>\r\n\t\t\t<span lang=\"FR\" style='font-size:11.0pt;line-height:107%;\r\nfont-family:\"Lato\",\"sans-serif\";mso-fareast-font-family:Lato;mso-bidi-font-family:\r\nLato;border:none;mso-ansi-language:FR;mso-fareast-language:EN-US;mso-bidi-language:\r\nAR-SA'>Les int\u00e9ress\u00e9s ont le droit de retirer l\u2019autorisation donn\u00e9e.<\/span><br>\r\n\t\t\t<span lang=\"FR\" style='font-size:11.0pt;line-height:107%;\r\nfont-family:\"Lato\",\"sans-serif\";mso-fareast-font-family:Lato;mso-bidi-font-family:\r\nLato;border:none;mso-ansi-language:FR;mso-fareast-language:EN-US;mso-bidi-language:\r\nAR-SA'>Les int\u00e9ress\u00e9s ont le droit de porter plainte aupr\u00e8s de l'autorit\u00e9 de contr\u00f4le (Agence espagnole de protection des donn\u00e9es\u00a0: <a href=\"http:\/\/www.agpd.es\"><span style=\"color:windowtext;text-decoration:none;\r\ntext-underline:none\">www.agpd.es<\/span><\/a> ou l\u2019Agence basque de protection des donn\u00e9es <\/span> <a href=\"http:\/\/www.avpd.euskadi.eus\/s04-5213\/es\/\" target=\"_blank\">http:\/\/www.avpd.euskadi.eus\/s04-5213\/es\/<\/a>).<\/td>\r\n\t\t<\/tr>\r\n\t<\/tbody>\r\n<\/table>\r\nL'utilisateur est seul responsable de la v\u00e9racit\u00e9 des donn\u00e9es fournies \u00e0 l'EVE.<br>\r\n\u00a0<br>\r\nL'EVE adopte les mesures techniques et organisationnelles n\u00e9cessaires pour garantir la s\u00e9curit\u00e9 des donn\u00e9es \u00e0 caract\u00e8re personnel qui y sont contenues et pour emp\u00eacher l\u2019alt\u00e9ration, la perte, le traitement ou l\u2019acc\u00e8s non autoris\u00e9 \u00e0 ces donn\u00e9es, compte tenu de l'\u00e9tat de la technologie, de la nature des donn\u00e9es et des risques auxquels elles sont soumises.<br>\r\n\u00a0<br>\r\nLe Site est couvert par le certificat SSL (Secure Socket Layer)<em>,<\/em> dans le but de garantir la s\u00e9curit\u00e9 dans la transmission des donn\u00e9es entre votre navigateur et notre Site.<br>\r\n\u00a0<br>\r\nLe serveur s\u00e9curis\u00e9 \u00e9tablit une connexion afin que les informations soient transmises de fa\u00e7on crypt\u00e9e, ce qui garantit qu\u2019elles ne sont intelligibles que pour le terminal de l\u2019utilisateur et celui du Site. L\u2019utilisation du protocole SSL garantit\u00a0:<br>\r\n\u00a0\r\n<ul>\r\n\t<li>Que l'utilisateur communique ses donn\u00e9es exclusivement au serveur du Site.<\/li>\r\n\t<li>Que les donn\u00e9es transmises entre l'utilisateur et le Site sont crypt\u00e9es, \u00e9vitant ainsi une \u00e9ventuelle lecture ou manipulation par des tiers.<\/li>\r\n<\/ul>\r\nPour v\u00e9rifier que vous vous trouvez dans un environnement s\u00e9curis\u00e9, v\u00e9rifiez que l'adresse de la page de v\u00e9rification commence par https: \/\/<br>\r\n\u00a0<br>\r\nDe m\u00eame, un Site est s\u00e9curis\u00e9 lorsqu'une ic\u00f4ne cadenas appara\u00eet dans la barre d'adresse de votre navigateur.<br>\r\n\u00a0<br>\r\nEnfin, vous pouvez \u00e9galement vous assurer de la pr\u00e9sence du certificat SSL en v\u00e9rifiant les propri\u00e9t\u00e9s de du Site sur votre navigateur\u00a0; vous devrez pour cela consulter les caract\u00e9ristiques de celui-ci.<br>\r\n\u00a0<br>\r\nToute modification de notre Charte de confidentialit\u00e9 et des pratiques de gestion des informations sera refl\u00e9t\u00e9e en temps utile, l\u2019EVE se r\u00e9servant le droit d'amender, modifier ou supprimer ladite charte de confidentialit\u00e9.<br>\r\n\u00a0<br>\r\nEn aucun cas l\u2019EVE modifiera ses politiques ou ses pratiques pour les rendre moins efficaces dans la protection des donn\u00e9es personnelles stock\u00e9es de ses clients sans leur consentement pr\u00e9alable.","protected":false},"excerpt":{"rendered":"<p>Politique de confidentialit\u00e9 et de protection des donn\u00e9es personnelles L\u2019Ente Vasco de la Energ\u00eda, conform\u00e9ment \u00e0 la l\u00e9gislation en vigueur relative \u00e0 la Protection des Donn\u00e9es \u00e0 Caract\u00e8re Personnel, informe les utilisateurs du Site www.eve.eus (ci-apr\u00e8s, \u00ab\u00a0le Site\u00a0\u00bb) de la Politique de confidentialit\u00e9 et de protection des donn\u00e9es qui sera appliqu\u00e9e au traitement des donn\u00e9es [&hellip;]<\/p>\n","protected":false},"author":1,"featured_media":294,"parent":0,"menu_order":0,"comment_status":"closed","ping_status":"closed","template":"templates\/page-with-container.php","meta":{"_acf_changed":false,"footnotes":""},"class_list":["post-4093","page","type-page","status-publish","has-post-thumbnail","hentry"],"acf":[],"_links":{"self":[{"href":"https:\/\/www.eve.eus\/fr\/wp-json\/wp\/v2\/pages\/4093","targetHints":{"allow":["GET"]}}],"collection":[{"href":"https:\/\/www.eve.eus\/fr\/wp-json\/wp\/v2\/pages"}],"about":[{"href":"https:\/\/www.eve.eus\/fr\/wp-json\/wp\/v2\/types\/page"}],"author":[{"embeddable":true,"href":"https:\/\/www.eve.eus\/fr\/wp-json\/wp\/v2\/users\/1"}],"replies":[{"embeddable":true,"href":"https:\/\/www.eve.eus\/fr\/wp-json\/wp\/v2\/comments?post=4093"}],"version-history":[{"count":1,"href":"https:\/\/www.eve.eus\/fr\/wp-json\/wp\/v2\/pages\/4093\/revisions"}],"predecessor-version":[{"id":4094,"href":"https:\/\/www.eve.eus\/fr\/wp-json\/wp\/v2\/pages\/4093\/revisions\/4094"}],"wp:featuredmedia":[{"embeddable":true,"href":"https:\/\/www.eve.eus\/fr\/wp-json\/wp\/v2\/media\/294"}],"wp:attachment":[{"href":"https:\/\/www.eve.eus\/fr\/wp-json\/wp\/v2\/media?parent=4093"}],"curies":[{"name":"wp","href":"https:\/\/api.w.org\/{rel}","templated":true}]}}