{"id":4150,"date":"2024-12-18T15:24:39","date_gmt":"2024-12-18T14:24:39","guid":{"rendered":"https:\/\/www.eve.eus\/perfil-de-contratante\/plan-anual-de-contratacion\/"},"modified":"2025-12-19T11:46:08","modified_gmt":"2025-12-19T10:46:08","slug":"plan-annuel-des-marches-publics","status":"publish","type":"page","link":"https:\/\/www.eve.eus\/fr\/profil-du-contractant\/plan-annuel-des-marches-publics\/","title":{"rendered":"Plan Annuel des March\u00e9s Publics"},"content":{"rendered":"<div class=\"row\">\r\n<div class=\"col-md-12\">\r\n<p><i class=\"fa-regular fa-file-pdf \"><\/i><a href=\"https:\/\/www.eve.eus\/assets\/media\/Acuerdo-Aprobacion-Plan-Anual-Contratacion-2026_Grupo-EVE.pdf\" target=\"_blank\">  Plan annuel des march\u00e9s publics 2026 (janvier-d\u00e9cembre)<\/a><br>\r\nde l\u2019Organisme basque de l\u2019\u00c9nergie et des soci\u00e9t\u00e9s publiques (CADEM, SHESA, BIMEP et HARANA).<\/p>\r\n<\/div>\r\n<\/div>\r\n\r\n<div class=\"row\">\r\n<div class=\"col-md-12\">\r\n<p><i class=\"fa-regular fa-file-pdf \"><\/i><a href=\"https:\/\/www.eve.eus\/assets\/media\/Plan-Anual-Contratacion-2025_Grupo-EVE.pdf\" target=\"_blank\">  Plan annuel des march\u00e9s publics 2025 (janvier-d\u00e9cembre)<\/a><br>\r\nde l\u2019Organisme basque de l\u2019\u00c9nergie et des soci\u00e9t\u00e9s publiques (CADEM, SHESA, BIMEP et HARANA).<\/p>\r\n<\/div>\r\n<\/div>\r\n\r\n<div class=\"row\">\r\n<div class=\"col-md-12\">\r\n<p><i class=\"fa-regular fa-file-pdf \"><\/i><a href=\"\/assets\/media\/Acuerdo-Aprobacion-Plan-Anual-Contratacion-2024_cast.pdf\" target=\"_blank\">  Plan annuel des march\u00e9s publics 2024 (janvier-d\u00e9cembre)<\/a><br>\r\nde l\u2019Organisme basque de l\u2019\u00c9nergie et des soci\u00e9t\u00e9s publiques (CADEM, SHESA, BIMEP et HARANA).<\/p>\r\n<\/div>\r\n<\/div>\r\n\r\n<div class=\"row\">\r\n<div class=\"col-md-12\">\r\n<p><i class=\"fa-regular fa-file-pdf \"><\/i><a href=\"\/assets\/media\/Acuerdo-Aprobacion-Plan-Anual-Contratacion-2023_cast.pdf\" target=\"_blank\">  Plan annuel des march\u00e9s publics 2023 (janvier-d\u00e9cembre)<\/a><br>\r\nde l\u2019Organisme basque de l\u2019\u00c9nergie et des soci\u00e9t\u00e9s publiques (CADEM, SHESA, BIMEP et HARANA).<\/p>\r\n<\/div>\r\n<\/div>\r\n\r\n<div class=\"row\">\r\n<div class=\"col-md-12\">\r\n<p><i class=\"fa-regular fa-file-pdf \"><\/i><a href=\"\/assets\/media\/Plan-Anual-Contratacion-Cast.pdf\" target=\"_blank\">   Plan annuel des march\u00e9s publics 2022 (janvier-d\u00e9cembre)<\/a><br>\r\nde l\u2019Organisme basque de l\u2019\u00c9nergie et des soci\u00e9t\u00e9s publiques (CADEM, SHESA, BIMEP et HARANA).<\/p>\r\n<\/div>\r\n<\/div>\r\n\r\n<div class=\"row\">\r\n<div class=\"col-md-12\">\r\n<p><i class=\"fa-regular fa-file-pdf \"><\/i> <a href=\"\/assets\/media\/Plan-Anual-Contratacion-2021_cast.pdf\" target=\"_blank\">  Plan annuel des march\u00e9s publics 2021 (janvier-d\u00e9cembre)<\/a><br>\r\nde l\u2019Organisme basque de l\u2019\u00c9nergie et des soci\u00e9t\u00e9s publiques (CADEM, SHESA, BIMEP et HARANA).<\/p>\r\n<\/div>\r\n<\/div>\r\n\r\n<div class=\"row\">\r\n<div class=\"col-md-12\">\r\n<p><i class=\"fa-regular fa-file-pdf \"><\/i> <a href=\"\/assets\/media\/Plan-Anual-Contratacion-2020_cast.pdf\" target=\"_blank\">  Plan annuel des march\u00e9s publics 2020 (janvier-d\u00e9cembre)<\/a><br>\r\nde l\u2019Organisme basque de l\u2019\u00c9nergie et des soci\u00e9t\u00e9s publiques (CADEM, SHESA, BIMEP et HARANA).<\/p>\r\n<\/div>\r\n<\/div>\r\n\r\n<div class=\"row\">\r\n<div class=\"col-md-12\">\r\n<p><i class=\"fa-regular fa-file-pdf \"><\/i> <a href=\"\/assets\/media\/Plan-Anual-Contratacion-2019_cast.pdf\" target=\"_blank\">  Plan annuel des march\u00e9s publics 2019 (janvier-d\u00e9cembre)<\/a><br>\r\nde l\u2019Organisme basque de l\u2019\u00c9nergie et des soci\u00e9t\u00e9s publiques (CADEM, SHESA, BIMEP et HARANA).<\/p>\r\n<\/div>\r\n<\/div>\r\n\r\n<div class=\"row\">\r\n<div class=\"col-md-12\">\r\n<p><i class=\"fa-regular fa-file-pdf \"><\/i><a href=\"\/assets\/media\/Plan-Anual-Contratacion-2018_cast.pdf\" target=\"_blank\">   Plan annuel des march\u00e9s publics 2018 (janvier-d\u00e9cembre)<\/a><br>\r\nde l\u2019Organisme basque de l\u2019\u00c9nergie et des soci\u00e9t\u00e9s publiques (CADEM, SHESA, BIMEP et HARANA).<\/p>\r\n<\/div>\r\n<\/div>","protected":false},"excerpt":{"rendered":"<p>Plan annuel des march\u00e9s publics 2026 (janvier-d\u00e9cembre) de l\u2019Organisme basque de l\u2019\u00c9nergie et des soci\u00e9t\u00e9s publiques (CADEM, SHESA, BIMEP et HARANA). Plan annuel des march\u00e9s publics 2025 (janvier-d\u00e9cembre) de l\u2019Organisme basque de l\u2019\u00c9nergie et des soci\u00e9t\u00e9s publiques (CADEM, SHESA, BIMEP et HARANA). Plan annuel des march\u00e9s publics 2024 (janvier-d\u00e9cembre) de l\u2019Organisme basque de l\u2019\u00c9nergie et [&hellip;]<\/p>\n","protected":false},"author":1,"featured_media":294,"parent":3579,"menu_order":90,"comment_status":"closed","ping_status":"closed","template":"templates\/page-with-sidebar.php","meta":{"_acf_changed":false,"footnotes":""},"class_list":["post-4150","page","type-page","status-publish","has-post-thumbnail","hentry"],"acf":[],"_links":{"self":[{"href":"https:\/\/www.eve.eus\/fr\/wp-json\/wp\/v2\/pages\/4150","targetHints":{"allow":["GET"]}}],"collection":[{"href":"https:\/\/www.eve.eus\/fr\/wp-json\/wp\/v2\/pages"}],"about":[{"href":"https:\/\/www.eve.eus\/fr\/wp-json\/wp\/v2\/types\/page"}],"author":[{"embeddable":true,"href":"https:\/\/www.eve.eus\/fr\/wp-json\/wp\/v2\/users\/1"}],"replies":[{"embeddable":true,"href":"https:\/\/www.eve.eus\/fr\/wp-json\/wp\/v2\/comments?post=4150"}],"version-history":[{"count":5,"href":"https:\/\/www.eve.eus\/fr\/wp-json\/wp\/v2\/pages\/4150\/revisions"}],"predecessor-version":[{"id":20964,"href":"https:\/\/www.eve.eus\/fr\/wp-json\/wp\/v2\/pages\/4150\/revisions\/20964"}],"up":[{"embeddable":true,"href":"https:\/\/www.eve.eus\/fr\/wp-json\/wp\/v2\/pages\/3579"}],"wp:featuredmedia":[{"embeddable":true,"href":"https:\/\/www.eve.eus\/fr\/wp-json\/wp\/v2\/media\/294"}],"wp:attachment":[{"href":"https:\/\/www.eve.eus\/fr\/wp-json\/wp\/v2\/media?parent=4150"}],"curies":[{"name":"wp","href":"https:\/\/api.w.org\/{rel}","templated":true}]}}