{"id":4391,"date":"2025-01-07T16:42:19","date_gmt":"2025-01-07T15:42:19","guid":{"rendered":"https:\/\/www.eve.eus\/actuaciones\/eolica\/"},"modified":"2026-03-25T17:58:50","modified_gmt":"2026-03-25T16:58:50","slug":"energie-eolienne","status":"publish","type":"page","link":"https:\/\/www.eve.eus\/fr\/projets-energetiques\/energies-renouvelables-reseaux\/energie-eolienne\/","title":{"rendered":"\u00c9nergie \u00e9olienne"},"content":{"rendered":"<div class=\"row\">\r\n<div class=\"col-md-10 m-auto\">\r\n<div class=\"module-title text-center\">\r\n<h2 class=\"sidelines\"><span>Situation actuelle et perspectives<\/span><\/h2>\r\n<\/div>\r\n<\/div>\r\n<\/div>\r\n\r\n<div class=\"row\">\r\n<div class=\"col-md-12 align-self-center\">\r\n<p>Les pr\u00e9visions indiquent une croissance soutenue de la capacit\u00e9 mondiale install\u00e9e. Bien que l\u2019\u00e9nergie \u00e9olienne terrestre continue de repr\u00e9senter la majeure partie de l\u2019augmentation, l\u2019\u00e9olienne marine conna\u00eetra une forte progression gr\u00e2ce \u00e0 la r\u00e9duction des co\u00fbts et au d\u00e9veloppement de solutions flottantes pour les eaux profondes.<\/p>\r\n\r\n<p>La capacit\u00e9 \u00e9olienne mondiale d\u00e9passe actuellement le seuil du t\u00e9rawatt, ce qui la consolide comme l\u2019une des principales sources renouvelables. L\u2019\u00e9olienne terrestre continue de dominer, tandis que l\u2019\u00e9olienne repr\u00e9sente environ 7 % du total, avec des dizaines de gigawatts install\u00e9s, \u00e9quivalant \u00e0 la consommation de millions de foyers. Selon l\u2019Agence internationale de l\u2019\u00e9nergie (AIE), les pr\u00e9visions indiquent que la capacit\u00e9 mondiale des \u00e9nergies renouvelables \u2013 y compris l\u2019\u00e9olienne et solaire \u2013 pourrait se multiplier plusieurs fois au cours de la prochaine d\u00e9cennie, d\u00e9passant les milliers de gigawatts, stimul\u00e9e par la r\u00e9duction des co\u00fbts et le d\u00e9veloppement de technologies innovantes telles que l\u2019\u00e9olienne flottante.<\/p>\r\n\r\n<p>Apr\u00e8s des ann\u00e9es o\u00f9 l\u2019Europe a \u00e9t\u00e9 \u00e0 la pointe du d\u00e9veloppement de l\u2019\u00e9nergie \u00e9olienne, au cours de la derni\u00e8re d\u00e9cennie, elle a c\u00e9d\u00e9 du terrain face \u00e0 des pays comme la Chine et les \u00c9tats-Unis, qui sont actuellement des r\u00e9f\u00e9rences mondiales sur le march\u00e9 de l\u2019\u00e9olien terrestre. N\u00e9anmoins, l\u2019Europe maintient sa position de leader en mati\u00e8re d\u2019innovation technologique et dans l\u2019implantation d\u2019installations sur le march\u00e9 offshore, notamment dans les projets d\u2019\u00e9olienne marine flottante.<\/p>\r\n\r\n<\/div>\r\n\r\n\r\n<\/div>\r\n\r\n<div class=\"row\">\r\n<div class=\"col-md-10 m-auto\">\r\n<div class=\"module-title text-center\">\r\n<h2 class=\"sidelines\"><span>March\u00e9 et tendances technologiques<\/span><\/h2>\r\n<\/div>\r\n<\/div>\r\n<\/div>\r\n\r\n<div class=\"row\">\r\n<div class=\"col-md-12\">\r\n<p>Les tendances technologiques dans l\u2019\u00e9nergie \u00e9olienne se concentrent sur des <strong>\u00e9oliennes de plus grande taille et puissance<\/strong>, visant \u00e0 r\u00e9duire les co\u00fbts par m\u00e9gawatt install\u00e9, tout en cr\u00e9ant des d\u00e9fis dans la cha\u00eene d\u2019approvisionnement et la standardisation. L\u2019<strong>\u00e9olienne marine (offshore) flottante<\/strong> \u00e9merge comme une solution cl\u00e9 pour exploiter les ressources en eaux profondes, stimulant des projets pilotes et le d\u00e9veloppement industriel en Europe. De plus, la <strong>num\u00e9risation et l\u2019utilisation de syst\u00e8mes de contr\u00f4le<\/strong> avanc\u00e9s sont essentielles pour am\u00e9liorer l\u2019int\u00e9gration dans les r\u00e9seaux \u00e9lectriques, garantir la stabilit\u00e9 et optimiser l\u2019exploitation dans des environnements \u00e0 forte p\u00e9n\u00e9tration renouvelable. Enfin, on observe un engagement croissant en faveur des <strong>mat\u00e9riaux durables et du recyclage des pales<\/strong>, ainsi que des strat\u00e9gies pour renforcer la r\u00e9silience de la cha\u00eene d\u2019approvisionnement et la formation de personnel sp\u00e9cialis\u00e9.<\/p>\r\n\r\n<\/div>\r\n<\/div>\r\n\r\n<div class=\"row\">\r\n<div class=\"col-md-10 m-auto\">\r\n<div class=\"module-title text-center\">\r\n<h2 class=\"sidelines\"><span>L\u2019\u00e9nergie \u00e9olienne au Pays basque<\/span><\/h2>\r\n<\/div>\r\n<\/div>\r\n<\/div>\r\n\r\n<div class=\"row\">\r\n<div class=\"col-md-6 align-self-center\">\r\n<p>Le Pays basque dispose de <strong>parcs \u00e9oliens terrestres consolid\u00e9s d\u2019une puissance install\u00e9e de 143 MW<\/strong>, majoritairement construits dans les ann\u00e9es 2000 par E\u00f3licas de Euskadi, soci\u00e9t\u00e9 alors d\u00e9tenue en partie par l\u2019Agence \u00e9nerg\u00e9tique du gouvernement basque. Cependant, depuis 2007, aucun nouveau parc n\u2019a \u00e9t\u00e9 implant\u00e9, de sorte que la puissance install\u00e9e est limit\u00e9e par rapport \u00e0 d\u2019autres r\u00e9gions, ce qui a motiv\u00e9 des plans de <strong>renforcement<\/strong> et de nouveaux d\u00e9veloppements.\r\nLe <strong>Plan territorial sectoriel (PTS) des \u00e9nergies renouvelables<\/strong>, approuv\u00e9 provisoirement en 2024, d\u00e9finit les <strong>Zones de Localisation Singuli\u00e8re (ZLS)<\/strong> pour les projets \u00e9oliens et solaires, facilitant les d\u00e9marches administratives et la planification strat\u00e9gique.\r\n<\/p>\r\n\r\n<h3>Actions de l\u2019Agence basque de l\u2019\u00e9nergie<\/h3>\r\n<p>Depuis l\u2019EVE, de nouveaux projets d\u2019\u00e9olien terrestre (onshore) sont en cours de d\u00e9veloppement, tels que <strong>Labraza et Azazeta<\/strong>, de 40 MW chacun, via la soci\u00e9t\u00e9 particip\u00e9e <strong>Aixeindar, avec une mise en service pr\u00e9vue avant 2030<\/strong>.<\/p>\r\n<p>Dans le domaine de l\u2019<strong>\u00e9olien en mer flottant<\/strong>, le Pays basque se positionne comme une r\u00e9f\u00e9rence technologique gr\u00e2ce \u00e0 la plateforme <strong>BiMEP (Armintza)<\/strong>, o\u00f9 la premi\u00e8re \u00e9olienne flottante de 2 MW en Espagne a \u00e9t\u00e9 install\u00e9e en 2023. Ce projet consolide la r\u00e9gion en tant que p\u00f4le d\u2019innovation dans les technologies marines (offshore), avec un grand potentiel pour l\u2019industrie et la cr\u00e9ation d\u2019emplois sp\u00e9cialis\u00e9s.<\/p>\r\n<p>En r\u00e9sum\u00e9, le Pays basque doit relever des <strong>d\u00e9fis importants<\/strong> tels que la simplification administrative, l\u2019adaptation du cadre r\u00e9glementaire et l\u2019acceptation sociale, mais dispose \u00e9galement de <strong>grandes opportunit\u00e9s<\/strong> : un leadership dans l\u2019\u00e9olien en mer flottant, un d\u00e9veloppement industriel li\u00e9 aux \u00e9nergies renouvelables et la cr\u00e9ation d\u2019emplois qualifi\u00e9s. Ces actions placent le Pays basque dans une position strat\u00e9gique pour tirer parti de la transition \u00e9nerg\u00e9tique et consolider son r\u00f4le sur le march\u00e9 mondial.<\/p>\r\n\r\n\r\n<\/div>\r\n\r\n<div class=\"col-md-6\"><img alt=\"\" style=\"margin-bottom:20px;\" data-src=\"\/assets\/media\/aerogenerador-amanecer.jpg\" class=\" lazyload\"><\/div>\r\n<\/div>\r\n\r\n\r\n\r\n\r\n","protected":false},"excerpt":{"rendered":"<p>Situation actuelle et perspectives Les pr\u00e9visions indiquent une croissance soutenue de la capacit\u00e9 mondiale install\u00e9e. Bien que l\u2019\u00e9nergie \u00e9olienne terrestre continue de repr\u00e9senter la majeure partie de l\u2019augmentation, l\u2019\u00e9olienne marine conna\u00eetra une forte progression gr\u00e2ce \u00e0 la r\u00e9duction des co\u00fbts et au d\u00e9veloppement de solutions flottantes pour les eaux profondes. La capacit\u00e9 \u00e9olienne mondiale d\u00e9passe [&hellip;]<\/p>\n","protected":false},"author":1,"featured_media":2745,"parent":24475,"menu_order":30,"comment_status":"closed","ping_status":"closed","template":"templates\/page-with-container.php","meta":{"_acf_changed":false,"footnotes":""},"class_list":["post-4391","page","type-page","status-publish","has-post-thumbnail","hentry"],"acf":[],"_links":{"self":[{"href":"https:\/\/www.eve.eus\/fr\/wp-json\/wp\/v2\/pages\/4391","targetHints":{"allow":["GET"]}}],"collection":[{"href":"https:\/\/www.eve.eus\/fr\/wp-json\/wp\/v2\/pages"}],"about":[{"href":"https:\/\/www.eve.eus\/fr\/wp-json\/wp\/v2\/types\/page"}],"author":[{"embeddable":true,"href":"https:\/\/www.eve.eus\/fr\/wp-json\/wp\/v2\/users\/1"}],"replies":[{"embeddable":true,"href":"https:\/\/www.eve.eus\/fr\/wp-json\/wp\/v2\/comments?post=4391"}],"version-history":[{"count":6,"href":"https:\/\/www.eve.eus\/fr\/wp-json\/wp\/v2\/pages\/4391\/revisions"}],"predecessor-version":[{"id":24545,"href":"https:\/\/www.eve.eus\/fr\/wp-json\/wp\/v2\/pages\/4391\/revisions\/24545"}],"up":[{"embeddable":true,"href":"https:\/\/www.eve.eus\/fr\/wp-json\/wp\/v2\/pages\/24475"}],"wp:featuredmedia":[{"embeddable":true,"href":"https:\/\/www.eve.eus\/fr\/wp-json\/wp\/v2\/media\/2745"}],"wp:attachment":[{"href":"https:\/\/www.eve.eus\/fr\/wp-json\/wp\/v2\/media?parent=4391"}],"curies":[{"name":"wp","href":"https:\/\/api.w.org\/{rel}","templated":true}]}}