{"id":4412,"date":"2025-01-07T17:05:17","date_gmt":"2025-01-07T16:05:17","guid":{"rendered":"https:\/\/www.eve.eus\/actuaciones\/geologia-y-mineria\/"},"modified":"2026-03-25T10:06:06","modified_gmt":"2026-03-25T09:06:06","slug":"geologie-et-mines","status":"publish","type":"page","link":"https:\/\/www.eve.eus\/fr\/projets-energetiques\/autres-activites\/geologie-et-mines\/","title":{"rendered":"G\u00e9ologie et mines"},"content":{"rendered":"<div class=\"row\">\r\n<div class=\"col-md-7 align-self-center\">\r\n<h2>Service g\u00e9ologique minier du Pays basque<\/h2>\r\n<p>L\u2019activit\u00e9 d\u00e9velopp\u00e9e par l\u2019Organisme Basque de l\u2019\u00c9nergie a eu une grande r\u00e9percussion technique tout au long de son histoire, et a donn\u00e9 lieu \u00e0 une connaissance \u00e9tendue de la g\u00e9ologie du sous-sol du Pays Basque et du bassin Basque Cantabrique en g\u00e9n\u00e9ral.<\/p>\r\n\r\n<p>Les objectifs de ce service sont principalement ax\u00e9s sur quatre piliers:<\/p>\r\n\r\n<ul>\r\n\r\n\t<li>\u2022 Cr\u00e9ation, entretien et mise \u00e0 jour d\u2019infrastructures documentaires g\u00e9ologiques et mini\u00e8res du Pays Basque (cartographies g\u00e9ologiques et mini\u00e8res, sondages de reconnaissance g\u00e9ologique et mini\u00e8re, bases de donn\u00e9es contenant des informations sur les indices min\u00e9raux, m\u00e9talliques et industriels).<\/li>\r\n\r\n\r\n\t<li>\u2022 Recherche de ressources min\u00e9rales au Pays Basque.<\/li>\r\n\r\n\r\n\t<li>\u2022 Prestation de services d\u2019assistance technique, de conseil et de consultation en mati\u00e8re g\u00e9ologique et mini\u00e8re destin\u00e9s principalement au Gouvernement basque, \u00e0 d\u2019autres administrations publiques (conseils et mairies), ainsi qu\u2019aux soci\u00e9t\u00e9s participant \u00e0 l\u2019EVE (\u00e9tudes des risques associ\u00e9s aux anciennes structures mini\u00e8res, planifications sectorielles mini\u00e8res, publication par viseurs du cadastre minier, mise en valeur du patrimoine g\u00e9ologique et minier).<\/li>\r\n\r\n\r\n\t<li>\u2022 Surveillance de l\u2019activit\u00e9 sismique afin de conna\u00eetre la sismicit\u00e9 de base de l\u2019environnement, en apportant une connaissance g\u00e9ologique du sous-sol du Pays Basque et pouvant \u00eatre utile dans la planification d\u2019infrastructures urbanistiques. <\/li>\r\n\r\n<\/ul>\r\n\r\n<p>Compte tenu de la nature de toutes ces informations, il \u00e9tait n\u00e9cessaire de d\u00e9velopper un site Web sp\u00e9cifique qui pourrait h\u00e9berger et diffuser ce type de contenu num\u00e9rique. Pour ce faire, le Portail Geominero a \u00e9t\u00e9 cr\u00e9\u00e9, sur lequel sont mises \u00e0 la disposition du Gouvernement Basque lui-m\u00eame, des administrations publiques, des entreprises, des universit\u00e9s et des citoyens en g\u00e9n\u00e9ral toutes les informations publiques d\u00e9riv\u00e9es des projets r\u00e9alis\u00e9s par le Service G\u00e9ologique et Minier.<\/p>\r\n\r\n\r\n<p><a class=\"btn btn-lg btn-circle btn-brand\" href=\"https:\/\/geominero.eve.eus\/\" target=\"_blank\"><strong>Service G\u00e9ologique et Minier<\/strong><\/a><\/p>\r\n\r\n<\/div>\r\n\r\n<div class=\"col-md-5 align-self-center\"><img alt=\"Geolog\u00eda y miner\u00eda\" data-src=\"https:\/\/www.eve.eus\/assets\/media\/geologia1.jpg\" class=\" lazyload\"><br><br><img alt=\"Geolog\u00eda y miner\u00eda\" data-src=\"https:\/\/www.eve.eus\/assets\/media\/geologia2.jpg\" class=\" lazyload\"><\/div>\r\n<\/div>\r\n","protected":false},"excerpt":{"rendered":"<p>Service g\u00e9ologique minier du Pays basque L\u2019activit\u00e9 d\u00e9velopp\u00e9e par l\u2019Organisme Basque de l\u2019\u00c9nergie a eu une grande r\u00e9percussion technique tout au long de son histoire, et a donn\u00e9 lieu \u00e0 une connaissance \u00e9tendue de la g\u00e9ologie du sous-sol du Pays Basque et du bassin Basque Cantabrique en g\u00e9n\u00e9ral. Les objectifs de ce service sont principalement [&hellip;]<\/p>\n","protected":false},"author":1,"featured_media":22664,"parent":24453,"menu_order":10,"comment_status":"closed","ping_status":"closed","template":"templates\/page-with-container.php","meta":{"_acf_changed":false,"footnotes":""},"class_list":["post-4412","page","type-page","status-publish","has-post-thumbnail","hentry"],"acf":[],"_links":{"self":[{"href":"https:\/\/www.eve.eus\/fr\/wp-json\/wp\/v2\/pages\/4412","targetHints":{"allow":["GET"]}}],"collection":[{"href":"https:\/\/www.eve.eus\/fr\/wp-json\/wp\/v2\/pages"}],"about":[{"href":"https:\/\/www.eve.eus\/fr\/wp-json\/wp\/v2\/types\/page"}],"author":[{"embeddable":true,"href":"https:\/\/www.eve.eus\/fr\/wp-json\/wp\/v2\/users\/1"}],"replies":[{"embeddable":true,"href":"https:\/\/www.eve.eus\/fr\/wp-json\/wp\/v2\/comments?post=4412"}],"version-history":[{"count":4,"href":"https:\/\/www.eve.eus\/fr\/wp-json\/wp\/v2\/pages\/4412\/revisions"}],"predecessor-version":[{"id":24343,"href":"https:\/\/www.eve.eus\/fr\/wp-json\/wp\/v2\/pages\/4412\/revisions\/24343"}],"up":[{"embeddable":true,"href":"https:\/\/www.eve.eus\/fr\/wp-json\/wp\/v2\/pages\/24453"}],"wp:featuredmedia":[{"embeddable":true,"href":"https:\/\/www.eve.eus\/fr\/wp-json\/wp\/v2\/media\/22664"}],"wp:attachment":[{"href":"https:\/\/www.eve.eus\/fr\/wp-json\/wp\/v2\/media?parent=4412"}],"curies":[{"name":"wp","href":"https:\/\/api.w.org\/{rel}","templated":true}]}}