{"id":4437,"date":"2025-01-07T16:59:26","date_gmt":"2025-01-07T15:59:26","guid":{"rendered":"https:\/\/www.eve.eus\/actuaciones\/geotermia\/"},"modified":"2025-04-15T10:21:40","modified_gmt":"2025-04-15T08:21:40","slug":"energie-geothermique","status":"publish","type":"page","link":"https:\/\/www.eve.eus\/fr\/actions\/energie-geothermique\/","title":{"rendered":"\u00c9nergie g\u00e9othermique"},"content":{"rendered":"<section class=\"container\">\r\n<div class=\"row\">\r\n<div class=\"col-md-10 m-auto\">\r\n<div class=\"module-title text-center\">\r\n<h2 class=\"sidelines\"><span>Situation actuelle et perspectives<\/span><\/h2>\r\n<\/div>\r\n<\/div>\r\n<\/div>\r\n\r\n<div class=\"row\">\r\n<div class=\"col-md-6 align-self-center\">\r\n<p>La puissance totale install\u00e9e d'\u00e9nergie g\u00e9othermique dans le monde \u00e9tait de 82 GW en 2015. La plus grande part revient au d\u00e9ploiement d'installations g\u00e9othermiques peu profondes, avec environ 50 GW install\u00e9s dans le monde. En termes g\u00e9ographiques, la puissance install\u00e9e est principalement r\u00e9partie entre l'Am\u00e9rique (production d'\u00e9lectricit\u00e9), l'Europe (utilisation directe et g\u00e9othermie basse enthalpie \u2013 basse temp\u00e9rature \u2013) et l'Asie (r\u00e9partition uniforme entre toutes les technologies).<\/p>\r\n\r\n<p>La capacit\u00e9 install\u00e9e dans les centrales \u00e9lectriques devrait d\u00e9passer 16 GW d'ici 2020, avec une croissance annuelle moyenne de 4%. Quant \u00e0 l'\u00e9nergie \u00e0 usage direct, les donn\u00e9es de ces derni\u00e8res ann\u00e9es montrent une perte de poids sp\u00e9cifique de son application principale, les salles de bain et les piscines, en faveur du chauffage urbain, ce qui a suscit\u00e9 l'int\u00e9r\u00eat de nombreux pays europ\u00e9ens qui misent sur son installation ces derni\u00e8res ann\u00e9es.<\/p>\r\n\r\n<p>En ce qui concerne les installations g\u00e9othermiques \u00e0 faible enthalpie, le nombre d'installations au niveau mondial \u00e9tait de 4,16 millions en 2015, le march\u00e9 ayant connu une croissance annuelle moyenne de 8,5% sur la p\u00e9riode 2010-2015. En Europe, o\u00f9 les principaux march\u00e9s sont la Su\u00e8de, l'Allemagne et la France, le march\u00e9 de ce type d'installations devrait continuer \u00e0 cro\u00eetre gr\u00e2ce au soutien de la l\u00e9gislation europ\u00e9enne favorisant le d\u00e9veloppement de b\u00e2timents plus efficients et aux objectifs en mati\u00e8re d'\u00e9nergies renouvelables fix\u00e9s pour 2020.<\/p>\r\n<\/div>\r\n\r\n<div class=\"col-md-6 text-center\">\r\n<h5>Puissance install\u00e9e pour l'utilisation directe de l'\u00e9nergie g\u00e9othermique par application GWth ; 2015<\/h5>\r\n<img alt=\"\" data-src=\"\/assets\/media\/grafica-geotermia.jpg\" class=\" lazyload\">\r\n<p class=\"leyenda\"><em>Source : Ren21<\/em><\/p>\r\n<\/div>\r\n<\/div>\r\n\r\n<div class=\"row\">\r\n<div class=\"col-md-10 m-auto\">\r\n<div class=\"module-title text-center\">\r\n<h2 class=\"sidelines\"><span>Situation du march\u00e9 et tendances technologiques<\/span><\/h2>\r\n<\/div>\r\n<\/div>\r\n<\/div>\r\n\r\n<div class=\"row\">\r\n<div class=\"col-md-7 align-self-center\">\r\n<p>La taille de l'industrie g\u00e9othermique est plus petite que celle des autres industries renouvelables, avec peu d'entreprises actives sp\u00e9cialis\u00e9es dans sa cha\u00eene d'approvisionnement. Il s'agit d'un secteur domin\u00e9 par de grandes entreprises manufacturi\u00e8res qui ont opt\u00e9 pour l'int\u00e9gration verticale et qui sont pr\u00e9sentes \u00e0 de nombreux stades de la cha\u00eene de valeur de l'utilisation de l'\u00e9nergie g\u00e9othermique. Bon nombre de ces entreprises sont leaders dans une r\u00e9gion ou un pays et, au cours des derni\u00e8res ann\u00e9es, elles ont progress\u00e9 vers une expansion mondiale de leurs activit\u00e9s. \u00c0 certaines \u00e9tapes de la cha\u00eene de valeur, les entreprises optent pour une strat\u00e9gie diff\u00e9rente bas\u00e9e sur l'offre de services hautement sp\u00e9cialis\u00e9s, tels que le forage et l'ing\u00e9nierie g\u00e9othermique.<\/p>\r\n\r\n<p>En Europe, le march\u00e9 de la g\u00e9othermie peu profonde est pass\u00e9 d'une distribution atomis\u00e9e bas\u00e9e sur de petites entreprises locales, \u00e0 un march\u00e9 domin\u00e9 par de grands fabricants de syst\u00e8mes de chauffage et de climatisation. Ainsi, les pays d'origine des principaux fabricants du continent co\u00efncident avec les principaux march\u00e9s de la g\u00e9othermie peu profonde.<\/p>\r\n<\/div>\r\n\r\n<div class=\"col-md-5 align-self-center\"><img alt=\"\" data-src=\"\/assets\/media\/calderas-geotermia.jpg\" class=\" lazyload\"><\/div>\r\n<\/div>\r\n\r\n<div class=\"row\">\r\n<div class=\"col-md-10 m-auto\">\r\n<div class=\"module-title text-center\">\r\n<h2 class=\"sidelines\"><span>L'\u00e9nergie g\u00e9othermique en Euskadi<\/span><\/h2>\r\n<\/div>\r\n<\/div>\r\n<\/div>\r\n\r\n<div class=\"row\">\r\n<div class=\"col-md-12\">\r\n<p>L'\u00e9nergie g\u00e9othermique en Euskadi offre une puissance install\u00e9e de 17 MWg et une utilisation de 1 ktep (0,3% de toutes les \u00e9nergies renouvelables). Les plus de 700 installations existantes sur notre territoire ont \u00e9t\u00e9 mises en service au cours de la derni\u00e8re d\u00e9cennie, avec une \u00e9volution li\u00e9e au cycle de construction.<\/p>\r\n\r\n<p>Par secteur, 63 % de la consommation d'\u00e9nergie correspond au secteur r\u00e9sidentiel, 32 % au secteur tertiaire et 5 % \u00e0 l'industrie.<\/p>\r\n\r\n<p>Pour les prochaines ann\u00e9es, la Strat\u00e9gie \u00e9nerg\u00e9tique d'Euskadi 2030 (3E2030) fixe l'objectif de d\u00e9passer 40 MWg en 2020 et 250 MWg en 2030, en portant le poids de cette technologie dans la production locale d'\u00e9nergie renouvelable \u00e0 2%.<\/p>\r\n\r\n<p>Pour atteindre cet objectif, le potentiel de l'Euskadi est concentr\u00e9 dans l'utilisation thermique de l'\u00e9nergie g\u00e9othermique \u00e0 basse enthalpie. Il existe un potentiel moyen d'utilisation de l'hydrothermie et de l'a\u00e9rothermie, et \u00e0 long terme (horizon 2030), une utilisation possible de l'\u00e9lectricit\u00e9.<\/p>\r\n\r\n<p>Le d\u00e9veloppement technologique de la g\u00e9othermie \u00e0 basse enthalpie sera marqu\u00e9, \u00e0 court et moyen terme, par l'\u00e9tablissement de normes minimales de qualit\u00e9 \u00e0 respecter par les installations r\u00e9alis\u00e9es en Euskadi. La technologie requise pour implanter ce type de syst\u00e8me dans les maisons unifamiliales n'est pas complexe : \u00e9tude de la demande thermique du b\u00e2timent, estimation de la longueur du circuit d'\u00e9change pr\u00e9cis, et installation d'\u00e9quipements appropri\u00e9s \u00e0 la demande \u00e9tudi\u00e9e.<\/p>\r\n<\/div>\r\n<\/div>\r\n\r\n<\/section>\r\n\r\n<section class=\"module parallax\" style=\"margin-bottom:20px;\" data-background=\"\/assets\/media\/confort-geotermia.jpg\">\r\n<div class=\"container\">\r\n<div class=\"row\">\r\n<div class=\"col-md-6 m-auto altura-parallax\">\u00a0<\/div>\r\n<\/div>\r\n<\/div>\r\n<\/section>\r\n\r\n<section class=\"container m-t-20\">\r\n\r\n<div class=\"row\">\r\n<div class=\"col-md-12\">\r\n<p>Il est important de souligner que l'\u00e9nergie g\u00e9othermique, en plus d'\u00eatre consid\u00e9r\u00e9e comme une \u00e9nergie renouvelable, pr\u00e9sente par nature plusieurs avantages par rapport aux autres technologies :<\/p>\r\n\r\n<ul>\r\n\t<li><strong>Disponibilit\u00e9<\/strong>. Utilisation possible dans tous les environnements, ind\u00e9pendamment de leur situation (urbaine, rurale, industrielle, etc.) ou de leur caract\u00e8re g\u00e9ologique.<\/li>\r\n\t<li><strong>Polyvalence<\/strong>. Possibilit\u00e9 de chauffage, de refroidissement et m\u00eame de stockage en une seule installation.<\/li>\r\n\t<li><strong>Applicabilit\u00e9<\/strong>. Hybridation possible avec d'autres sources de production renouvelables, thermiques et \u00e9lectriques, ainsi qu'utilisation pour la \u00ab revalorisation \u00bb de chaleurs r\u00e9siduelles de faible enthalpie.<\/li>\r\n<\/ul>\r\n\r\n<p>Il s'agit donc d'une technologie importante, tant pour la gestion intelligente des flux de chaleur aux points de demande (industrie et services) que pour le stockage de la chaleur exc\u00e9dentaire en vue d'une utilisation ult\u00e9rieure.<\/p>\r\n<\/div>\r\n<\/div>\r\n\r\n<div class=\"row\">\r\n<div class=\"col-md-10 m-auto\">\r\n<div class=\"module-title text-center\">\r\n<h2 class=\"sidelines\"><span>Plan G\u00e9othermique basque 2017-2020<\/span><\/h2>\r\n<\/div>\r\n<\/div>\r\n<\/div>\r\n\r\n<div class=\"row\">\r\n<div class=\"col-md-12 p-t-50\">\r\n<p>Dans le but d'atteindre les objectifs fix\u00e9s dans la Strat\u00e9gie \u00c9nerg\u00e9tique Basque \u00e0 l'horizon 2030, un Plan G\u00e9othermique 2017-2020 a \u00e9t\u00e9 \u00e9labor\u00e9, qui comprend plusieurs lignes d'action regroup\u00e9es en deux grands axes : le d\u00e9veloppement \u00e9nerg\u00e9tique et la promotion industrielle.<\/p>\r\n\r\n<p>Dans le cas du d\u00e9veloppement \u00e9nerg\u00e9tique, les actions se concentrent sur la promotion de l'adoption de la technologie g\u00e9othermique dans les secteurs du b\u00e2timent et des services, ainsi que dans le secteur industriel, en recherchant des synergies avec le d\u00e9veloppement des infrastructures thermiques en Euskadi.<\/p>\r\n<\/div>\r\n<\/div>\r\n\r\n\r\n<\/section>\r\n\r\n","protected":false},"excerpt":{"rendered":"<p>Situation actuelle et perspectives La puissance totale install\u00e9e d&rsquo;\u00e9nergie g\u00e9othermique dans le monde \u00e9tait de 82 GW en 2015. La plus grande part revient au d\u00e9ploiement d&rsquo;installations g\u00e9othermiques peu profondes, avec environ 50 GW install\u00e9s dans le monde. En termes g\u00e9ographiques, la puissance install\u00e9e est principalement r\u00e9partie entre l&rsquo;Am\u00e9rique (production d&rsquo;\u00e9lectricit\u00e9), l&rsquo;Europe (utilisation directe et [&hellip;]<\/p>\n","protected":false},"author":1,"featured_media":2813,"parent":4264,"menu_order":0,"comment_status":"closed","ping_status":"closed","template":"","meta":{"_acf_changed":false,"footnotes":""},"class_list":["post-4437","page","type-page","status-publish","has-post-thumbnail","hentry"],"acf":[],"_links":{"self":[{"href":"https:\/\/www.eve.eus\/fr\/wp-json\/wp\/v2\/pages\/4437","targetHints":{"allow":["GET"]}}],"collection":[{"href":"https:\/\/www.eve.eus\/fr\/wp-json\/wp\/v2\/pages"}],"about":[{"href":"https:\/\/www.eve.eus\/fr\/wp-json\/wp\/v2\/types\/page"}],"author":[{"embeddable":true,"href":"https:\/\/www.eve.eus\/fr\/wp-json\/wp\/v2\/users\/1"}],"replies":[{"embeddable":true,"href":"https:\/\/www.eve.eus\/fr\/wp-json\/wp\/v2\/comments?post=4437"}],"version-history":[{"count":3,"href":"https:\/\/www.eve.eus\/fr\/wp-json\/wp\/v2\/pages\/4437\/revisions"}],"predecessor-version":[{"id":16769,"href":"https:\/\/www.eve.eus\/fr\/wp-json\/wp\/v2\/pages\/4437\/revisions\/16769"}],"up":[{"embeddable":true,"href":"https:\/\/www.eve.eus\/fr\/wp-json\/wp\/v2\/pages\/4264"}],"wp:featuredmedia":[{"embeddable":true,"href":"https:\/\/www.eve.eus\/fr\/wp-json\/wp\/v2\/media\/2813"}],"wp:attachment":[{"href":"https:\/\/www.eve.eus\/fr\/wp-json\/wp\/v2\/media?parent=4437"}],"curies":[{"name":"wp","href":"https:\/\/api.w.org\/{rel}","templated":true}]}}