{"id":4752,"date":"2024-12-18T17:32:59","date_gmt":"2024-12-18T16:32:59","guid":{"rendered":"https:\/\/www.eve.eus\/estrategia-energibasque\/"},"modified":"2025-01-27T13:40:18","modified_gmt":"2025-01-27T12:40:18","slug":"strategie-energibasque","status":"publish","type":"page","link":"https:\/\/www.eve.eus\/fr\/connaissez-lenergie\/lenergie-au-pays-basque\/strategie-energibasque\/","title":{"rendered":"Strat\u00e9gie \u00c9nergiBasque"},"content":{"rendered":"<div class=\"row\">\r\n<div class=\"col-md-7 align-self-center\">\r\n<p><strong>Energibasque est la strat\u00e9gie de d\u00e9veloppement technologique et industriel du Pays Basque, l'un des axes de d\u00e9ploiement de la <a href=\"\/Conoce-la-Energia\/Estrategia-E2030\">strat\u00e9gie \u00e9nerg\u00e9tique de l\u2019Euskadi \u00e0 l\u2019horizon 2020 (3E2020)<\/a>.<\/strong><\/p>\r\n\r\n<p><strong>Son objectif principal est de faire du Pays basque un p\u00f4le de connaissance et de r\u00e9f\u00e9rence pour le d\u00e9veloppement industriel du secteur de l'\u00e9nergie dans le monde.<\/strong><\/p>\r\n\r\n<p class=\"text-center p-t-50 p-b-50\"><strong><a class=\"btn btn-lg btn-circle btn-brand\" href=\"\/assets\/media\/EnergiBasque.pdf%20\" target=\"_blank\">En savoir plus<\/a><\/strong><\/p>\r\n<\/div>\r\n\r\n<div class=\"col-md-5\"><strong><img alt=\"Couverture de la publication Energibasque.\" style=\"width: 369px; height: 408px;\" data-src=\"https:\/\/www.eve.eus\/assets\/media\/dosier-energibasque.jpg\" class=\" lazyload\"><\/strong><\/div>\r\n<\/div>\r\n\r\n<div class=\"row\">\r\n<div class=\"col-md-10 m-auto\">\r\n<div class=\"module-title text-center\">\r\n<h2 class=\"sidelines\"><strong><span>Objectifs strat\u00e9giques<\/span><\/strong><\/h2>\r\n<\/div>\r\n<\/div>\r\n\r\n<div class=\"col-md-12\">\r\n<p class=\"text-center\"><strong>Les objectifs strat\u00e9giques d\u2019\u00c9nergibasque sont:<\/strong><\/p>\r\n<\/div>\r\n<\/div>\r\n\r\n<div class=\"row\">\r\n<div class=\"col-md-4 m-b-20\">\r\n<div class=\"icon-box text-center columna-coyuntura altura\">\r\n<div class=\"icon-box-icon\"><strong><span class=\"numero\">1<\/span><\/strong><\/div>\r\n\r\n<div class=\"icon-box-content\">\r\n<p><strong>Consolider les entreprises basques motrices en r\u00e9f\u00e9rents technologiques dans leur domaine \u00e9nerg\u00e9tique respectif, de fa\u00e7on \u00e0 cr\u00e9er un effet de traction tout au long de la cha\u00eene de valeur centr\u00e9 sur les produits \u00e0 haute valeur ajout\u00e9e.<\/strong><\/p>\r\n<\/div>\r\n<\/div>\r\n<\/div>\r\n\r\n<div class=\"col-md-4 m-b-20\">\r\n<div class=\"icon-box text-center columna-coyuntura altura\">\r\n<div class=\"icon-box-icon\"><strong><span class=\"numero\">2<\/span><\/strong><\/div>\r\n\r\n<div class=\"icon-box-content\">\r\n<p><strong>D\u00e9velopper l\u2019activit\u00e9 entrepreneuriale dans de nouveaux domaines \u00e9nerg\u00e9tiques \u00e9mergents, pour lesquels le tissu industriel et les agents scientifiques et technologiques disposent d\u00e9j\u00e0 d\u2019un socle technologique qui leur offre un bon point de d\u00e9part.<\/strong><\/p>\r\n<\/div>\r\n<\/div>\r\n<\/div>\r\n\r\n<div class=\"col-md-4 m-b-20\">\r\n<div class=\"icon-box text-center columna-coyuntura altura\">\r\n<div class=\"icon-box-icon\"><strong><span class=\"numero\">3<\/span><\/strong><\/div>\r\n\r\n<div class=\"icon-box-content\">\r\n<p><strong>\u00c0 partir des investissements r\u00e9alis\u00e9s dans la 3E2020, cr\u00e9er de nouvelles opportunit\u00e9s de march\u00e9 en \u00e9nergie dont puisse tirer parti le tissu industriel basque.<\/strong><\/p>\r\n<\/div>\r\n<\/div>\r\n<\/div>\r\n<\/div>\r\n\r\n<div class=\"col-md-10 m-auto\">\r\n<div class=\"module-title text-center\">\r\n<h2 class=\"sidelines\"><strong><span>D\u00e9partements technologiques s\u00e9lectionn\u00e9s<\/span><\/strong><\/h2>\r\n<\/div>\r\n<\/div>\r\n\r\n<div class=\"row\">\r\n<div class=\"col-md-12\">\r\n<p><strong>Pour le d\u00e9veloppement de ses contenus, EnergiBasque est structur\u00e9 en 7 domaines strat\u00e9giques, 2 domaines technologiques cl\u00e9s (KET) et trois Nouvelles Cha\u00eenes de Valeur (NCV) : Smart Grids, Offshore et Resource Efficient Manufacturing.<\/strong><\/p>\r\n\r\n<figure class=\"text-center\"><strong><img alt=\"Sch\u00e9ma de la strat\u00e9gie Energibasque\" style=\"width: 927px; height: 649px;\" data-src=\"\/assets\/media\/estrategia-energetica-fr.jpg\" class=\" lazyload\"><\/strong><\/figure>\r\n<\/div>\r\n<\/div>\r\n","protected":false},"excerpt":{"rendered":"<p>Energibasque est la strat\u00e9gie de d\u00e9veloppement technologique et industriel du Pays Basque, l&rsquo;un des axes de d\u00e9ploiement de la strat\u00e9gie \u00e9nerg\u00e9tique de l\u2019Euskadi \u00e0 l\u2019horizon 2020 (3E2020). Son objectif principal est de faire du Pays basque un p\u00f4le de connaissance et de r\u00e9f\u00e9rence pour le d\u00e9veloppement industriel du secteur de l&rsquo;\u00e9nergie dans le monde. En [&hellip;]<\/p>\n","protected":false},"author":1,"featured_media":1086,"parent":5431,"menu_order":40,"comment_status":"closed","ping_status":"closed","template":"templates\/page-with-container.php","meta":{"_acf_changed":false,"footnotes":""},"class_list":["post-4752","page","type-page","status-publish","has-post-thumbnail","hentry"],"acf":[],"_links":{"self":[{"href":"https:\/\/www.eve.eus\/fr\/wp-json\/wp\/v2\/pages\/4752","targetHints":{"allow":["GET"]}}],"collection":[{"href":"https:\/\/www.eve.eus\/fr\/wp-json\/wp\/v2\/pages"}],"about":[{"href":"https:\/\/www.eve.eus\/fr\/wp-json\/wp\/v2\/types\/page"}],"author":[{"embeddable":true,"href":"https:\/\/www.eve.eus\/fr\/wp-json\/wp\/v2\/users\/1"}],"replies":[{"embeddable":true,"href":"https:\/\/www.eve.eus\/fr\/wp-json\/wp\/v2\/comments?post=4752"}],"version-history":[{"count":3,"href":"https:\/\/www.eve.eus\/fr\/wp-json\/wp\/v2\/pages\/4752\/revisions"}],"predecessor-version":[{"id":4755,"href":"https:\/\/www.eve.eus\/fr\/wp-json\/wp\/v2\/pages\/4752\/revisions\/4755"}],"up":[{"embeddable":true,"href":"https:\/\/www.eve.eus\/fr\/wp-json\/wp\/v2\/pages\/5431"}],"wp:featuredmedia":[{"embeddable":true,"href":"https:\/\/www.eve.eus\/fr\/wp-json\/wp\/v2\/media\/1086"}],"wp:attachment":[{"href":"https:\/\/www.eve.eus\/fr\/wp-json\/wp\/v2\/media?parent=4752"}],"curies":[{"name":"wp","href":"https:\/\/api.w.org\/{rel}","templated":true}]}}