{"id":4800,"date":"2024-12-18T09:40:02","date_gmt":"2024-12-18T08:40:02","guid":{"rendered":"https:\/\/www.eve.eus\/listado-vasco-de-tecnologias-limpias\/"},"modified":"2025-01-27T13:40:10","modified_gmt":"2025-01-27T12:40:10","slug":"liste-basque-des-technologies-propres","status":"publish","type":"page","link":"https:\/\/www.eve.eus\/fr\/aides-et-services-de-valeur\/fiscalite\/liste-basque-des-technologies-propres\/","title":{"rendered":"Liste Basque des Technologies Propres"},"content":{"rendered":"<div class=\"row\">\r\n<div class=\"col-md-7 align-self-center\">\r\n<p>La Liste Basque des Technologies Propres est constitu\u00e9e d'une liste d'\u00e9quipements disponibles sur le march\u00e9 dont l'application est plus favorable du point de vue \u00e9nerg\u00e9tique et environnemental que d'autres technologies conventionnelles utilis\u00e9es \u00e0 la m\u00eame fin. Son acquisition de ceux-ci permet d'obtenir une d\u00e9duction fiscale de 30% du co\u00fbt d'investissement de l'\u00e9quipement sur la part de l'imp\u00f4t sur les soci\u00e9t\u00e9s de tous les territoires historiques du Pays Basque.<\/p>\r\n\r\n<p>Les entreprises basques disposent ainsi d'un instrument fiscal cl\u00e9 pour acc\u00e9l\u00e9rer le d\u00e9ploiement des objectifs de la transition \u00e9nerg\u00e9tique du Pays Basque gr\u00e2ce \u00e0 l'utilisation d'\u00e9quipements et de technologies \u00e0 haut rendement \u00e9nerg\u00e9tique.<\/p>\r\n\r\n<p><a href=\"https:\/\/www.ihobe.eus\/listado-vasco-tecnologias-limpias\" target=\"_blank\"><strong>Plus d'informations et acc\u00e9der \u00e0 la demande de rapport motiv\u00e9<\/strong><\/a><\/p>\r\n\r\n<p class=\"text-center p-t-50 p-b-50\"><a class=\"btn btn-lg btn-circle btn-brand\" href=\"\/assets\/media\/06-GENERAL-LVTL-ES.pdf\" target=\"_blank\">En savoir plus (PDF)<\/a><\/p>\r\n<\/div>\r\n\r\n<div class=\"col-md-5\"><img alt=\"Portada del Listado Vasco de Tecnolog\u00edas Limpias\" data-src=\"\/assets\/media\/tecnologias-limpias.jpg\" class=\" lazyload\"><\/div>\r\n<\/div>\r\n","protected":false},"excerpt":{"rendered":"<p>La Liste Basque des Technologies Propres est constitu\u00e9e d&rsquo;une liste d&rsquo;\u00e9quipements disponibles sur le march\u00e9 dont l&rsquo;application est plus favorable du point de vue \u00e9nerg\u00e9tique et environnemental que d&rsquo;autres technologies conventionnelles utilis\u00e9es \u00e0 la m\u00eame fin. Son acquisition de ceux-ci permet d&rsquo;obtenir une d\u00e9duction fiscale de 30% du co\u00fbt d&rsquo;investissement de l&rsquo;\u00e9quipement sur la part [&hellip;]<\/p>\n","protected":false},"author":1,"featured_media":1835,"parent":25227,"menu_order":10,"comment_status":"closed","ping_status":"closed","template":"templates\/page-with-container.php","meta":{"_acf_changed":false,"footnotes":""},"class_list":["post-4800","page","type-page","status-publish","has-post-thumbnail","hentry"],"acf":[],"_links":{"self":[{"href":"https:\/\/www.eve.eus\/fr\/wp-json\/wp\/v2\/pages\/4800","targetHints":{"allow":["GET"]}}],"collection":[{"href":"https:\/\/www.eve.eus\/fr\/wp-json\/wp\/v2\/pages"}],"about":[{"href":"https:\/\/www.eve.eus\/fr\/wp-json\/wp\/v2\/types\/page"}],"author":[{"embeddable":true,"href":"https:\/\/www.eve.eus\/fr\/wp-json\/wp\/v2\/users\/1"}],"replies":[{"embeddable":true,"href":"https:\/\/www.eve.eus\/fr\/wp-json\/wp\/v2\/comments?post=4800"}],"version-history":[{"count":1,"href":"https:\/\/www.eve.eus\/fr\/wp-json\/wp\/v2\/pages\/4800\/revisions"}],"predecessor-version":[{"id":4801,"href":"https:\/\/www.eve.eus\/fr\/wp-json\/wp\/v2\/pages\/4800\/revisions\/4801"}],"up":[{"embeddable":true,"href":"https:\/\/www.eve.eus\/fr\/wp-json\/wp\/v2\/pages\/25227"}],"wp:featuredmedia":[{"embeddable":true,"href":"https:\/\/www.eve.eus\/fr\/wp-json\/wp\/v2\/media\/1835"}],"wp:attachment":[{"href":"https:\/\/www.eve.eus\/fr\/wp-json\/wp\/v2\/media?parent=4800"}],"curies":[{"name":"wp","href":"https:\/\/api.w.org\/{rel}","templated":true}]}}