{"id":5024,"date":"2024-12-20T11:20:14","date_gmt":"2024-12-20T10:20:14","guid":{"rendered":"https:\/\/www.eve.eus\/la-energia-hidraulica\/"},"modified":"2025-01-27T13:44:34","modified_gmt":"2025-01-27T12:44:34","slug":"lenergie-hydraulique","status":"publish","type":"page","link":"https:\/\/www.eve.eus\/fr\/connaissez-lenergie\/que-savez-vous-sur\/lenergie-hydraulique\/","title":{"rendered":"L\u2019\u00e9nergie hydraulique"},"content":{"rendered":"<div class=\"row\">\r\n<div class=\"col-md-12\">\r\n<p><strong>L\u2019eau en mouvement des fleuves et des rivi\u00e8res contient une grande quantit\u00e9 d\u2019\u00e9nergie qui est exploit\u00e9e depuis des temps imm\u00e9moriaux. <\/strong><\/p>\r\n\r\n<p>Pendant des si\u00e8cles, l\u2019\u00e9volution des machines hydrauliques s\u2019est d\u00e9roul\u00e9e parall\u00e8lement \u00e0 celle de l\u2019histoire de l\u2019humanit\u00e9. Les \u00c9gyptiens, 3000 ans avant JC, semblent avoir \u00e9t\u00e9 les premiers \u00e0 exploiter l\u2019\u00e9nergie de l\u2019eau. Les Romains ont utilis\u00e9 la roue hydraulique ou le moulin romain. Au Moyen-\u00e2ge, le fonctionnement a \u00e9t\u00e9 perfectionn\u00e9 et a permis le d\u00e9veloppement de l\u2019industrie textile et m\u00e9tallurgique. Les turbines ont \u00e9t\u00e9 invent\u00e9es au XIXe si\u00e8cle. Aujourd\u2019hui, c'est une des \u00e9nergies renouvelables les plus importantes et efficaces.<\/p>\r\n<\/div>\r\n\r\n<div class=\"col-md-6\"><img alt=\"Repr\u00e9sentation d'une turbine.\" style=\"width: 448px; height: 316px;\" data-src=\"\/assets\/media\/e-hidraulica-1a.jpg\" class=\" lazyload\">\r\n<p class=\"small text-center m-t-10\">Rendement 30%<\/p>\r\n<\/div>\r\n\r\n<div class=\"col-md-6\"><img alt=\"Repr\u00e9sentation d'une turbine.\" style=\"width: 448px; height: 316px;\" data-src=\"\/assets\/media\/e-hidraulica-1b.jpg\" class=\" lazyload\">\r\n<p class=\"small text-center m-t-10\">Rendement 75%<\/p>\r\n<\/div>\r\n<\/div>\r\n\r\n<div class=\"row\">\r\n<div class=\"col-md-10 m-auto\">\r\n<div class=\"module-title text-center\">\r\n<h2 class=\"sidelines\"><span>Comment fonctionne une<br>\r\ncentrale mini-hydraulique <\/span><\/h2>\r\n<\/div>\r\n<\/div>\r\n<\/div>\r\n\r\n<div class=\"row\">\r\n<div class=\"col-md-12\">\r\n<p>Una centrale mini-hydraulique est constitu\u00e9e par un ensemble d\u2019installations hydrauliques (roue hydraulique ou barrage, canal, conduite forc\u00e9e, etc.) et d\u2019\u00e9quipements \u00e9lectrom\u00e9caniques (turbines, g\u00e9n\u00e9rateurs, syst\u00e8me \u00e9lectrique, etc.) n\u00e9cessaires pour transformer l\u2019\u00e9nergie de l\u2019eau en \u00e9nergie \u00e9lectrique. Tout cela, dans le but d\u2019exploiter la chute d\u2019eau \u00e0 partir d\u2019une certaine hauteur pour la transformer, d\u2019abord en \u00e9nergie m\u00e9canique et ensuite en \u00e9nergie \u00e9lectrique \u00e0 travers des g\u00e9n\u00e9rateurs. Quand l\u2019eau traverse la turbine, elle actionne une roue qui fait tourner l\u2019axe auquel elle est coupl\u00e9e.<\/p>\r\n<img alt=\"Sch\u00e8me\" style=\"width: 926px; height: 206px;\" data-src=\"\/assets\/media\/e-hidraulica-2.jpg\" class=\" lazyload\">\r\n<p>La quantit\u00e9 d\u2019\u00e9nergie g\u00e9n\u00e9r\u00e9e est fonction de la quantit\u00e9 d\u2019eau qui traverse la turbine par unit\u00e9 de temps (d\u00e9bit) et de la diff\u00e9rence de niveau entre le point de la prise d\u2019eau et le point du cours d\u2019eau en aval o\u00f9 l\u2019eau est rel\u00e2ch\u00e9e une fois turbin\u00e9e (H).<\/p>\r\n<\/div>\r\n\r\n<div class=\"col-md-6\">\r\n<p>Ainsi, la puissance \u00e9lectrique fournit par une mini-centrale est donn\u00e9e par :<\/p>\r\n\r\n<p class=\"h3 text-center\">P = 9,81 \u02d1 Q \u02d1 H \u02d1 \u0273<\/p>\r\n\r\n<p>O\u00f9:<\/p>\r\n\r\n<ul>\r\n\t<li>P : Puissance en kW<\/li>\r\n\t<li>Q : D\u00e9bit de l\u2019eau exprim\u00e9 en m\u00b3\/s<\/li>\r\n\t<li>H : Hauteur de chute en m\u00e8tre<\/li>\r\n\t<li>\u0273 : Rendement (turbine, g\u00e9n\u00e9rateur, transformateur)<\/li>\r\n<\/ul>\r\n<\/div>\r\n\r\n<div class=\"col-md-6\"><img alt=\"Sch\u00e9ma d'une centrale hydraulique.\" style=\"width: 448px; height: 316px;\" data-src=\"\/assets\/media\/e-hidraulica-3_fra.jpg\" class=\" lazyload\"><\/div>\r\n<\/div>\r\n\r\n<div class=\"row\">\r\n<div class=\"col-md-8 m-auto\">\r\n<div class=\"module-title text-center\">\r\n<h2 class=\"sidelines\"><span>Types de turbines<\/span><\/h2>\r\n<\/div>\r\n<\/div>\r\n<\/div>\r\n\r\n<div class=\"row\">\r\n<div class=\"col-md-6\">\r\n<p>Les turbines sont con\u00e7ues pour obtenir le plus grand rendement possible dans chaque emplacement sp\u00e9cifique en fonction du d\u00e9bit d\u2019eau \u00e0 turbiner et de la chute d\u2019eau disponible. Par cons\u00e9quent, ce ne sont pas des machines qui se fabriquent en s\u00e9rie. Ainsi, il existe des types de turbines qui sont tr\u00e8s diff\u00e9rents les uns des autres, tant par leurs dimensions et aspect ext\u00e9rieur, que par les divers \u00e9l\u00e9ments internes qui les composent. Il convient de distinguer les diff\u00e9rents types :<\/p>\r\n\r\n<ul>\r\n\t<li>Pelton (Hautes chutes ind\u00e9pendamment de la variation du d\u00e9bit),<\/li>\r\n\t<li>Francis (Grande vari\u00e9t\u00e9 de chutes et de variations de d\u00e9bit mod\u00e9r\u00e9es),<\/li>\r\n\t<li>Kaplan (Basses chutes et forts d\u00e9bits).<\/li>\r\n<\/ul>\r\n\r\n<p>Le suivant abaque sert \u00e0 choisir le type de turbine selon le d\u00e9bit et la hauteur de chute hydro\u00e9lectrique.<\/p>\r\n<img alt=\"Graphique: abaque.\" style=\"width: 448px; height: 316px;\" data-src=\"\/assets\/media\/e-hidraulica-4.jpg\" class=\" lazyload\"><\/div>\r\n\r\n<div class=\"col-md-6\">\r\n<p>La roue est l\u2019\u00e9l\u00e9ment de la turbine sur lequel le flux d\u2019eau, en passant, fait pression et oblige \u00e0 tourner l\u2019axe auquel elle coupl\u00e9e et qui, \u00e0 son tour, entraine le mouvement du g\u00e9n\u00e9rateur \u00e9lectrique. Elle pr\u00e9sente une grande vari\u00e9t\u00e9 de formes selon le type de turbine sur lequel elle est mont\u00e9e.<\/p>\r\n<img alt=\"Types de turbines.\" style=\"width: 448px; height: 316px;\" data-src=\"\/assets\/media\/e-hidraulica-5.jpg\" class=\" lazyload\">\r\n<p class=\"small text-center\">Forme de roue dans les diff\u00e9rents types de turbines<\/p>\r\n<\/div>\r\n<\/div>\r\n<div class=\"row\">\r\n<div class=\"col-md-8 m-auto\">\r\n<div class=\"module-title text-center\">\r\n<h2 class=\"sidelines\"><span>Avantages de l\u2019\u00e9nergie hydraulique <\/span><\/h2>\r\n<\/div>\r\n<\/div>\r\n<\/div>\r\n\r\n<div class=\"row\">\r\n<div class=\"col-md-12\">\r\n<p>L\u2019\u00e9nergie hydraulique est de loin, l\u2019\u00e9nergie renouvelable la plus utilis\u00e9e en raison de ses avantages, surtout quand elle est compar\u00e9e avec des sources d\u2019\u00e9nergie fossile et non renouvelables.<\/p>\r\n\r\n<ul>\r\n\t<li><strong>C\u2019est une source d\u2019\u00e9nergie propre<\/strong> qui utilise l\u2019eau comme \u00abcombustible\u00bb pour g\u00e9n\u00e9rer de l\u2019\u00e9lectricit\u00e9. Elle ne consomme pas l\u2019eau qu\u2019elle utilise. L\u2019eau est prise en amont et est rejet\u00e9e \u00e0 un niveau inf\u00e9rieur.<\/li>\r\n\t<li><strong>Elle ne g\u00e9n\u00e8re pas de chaleur ni d\u2019\u00e9missions polluantes<\/strong> Par cons\u00e9quent, elle ne contamine pas l\u2019air (pluie acide, effet de serre, etc.), n\u2019\u00e9met pas de d\u00e9chets dangereux durant la production puisqu\u2019aucune transformation chimique n\u2019est faite.<\/li>\r\n\t<li><strong>C\u2019est une source d\u2019\u00e9nergie renouvelable<\/strong> et in\u00e9puisable puisque son fonctionnement est bas\u00e9 sur le cycle naturel de l\u2019eau.<\/li>\r\n\t<li><strong>Elle est s\u00fbre <\/strong> pour tous les \u00eatres vivants.<\/li>\r\n\t<li><strong>Elle a une capacit\u00e9 de production fiable <\/strong> et quand elle est install\u00e9e au pied des barrages d\u2019approvisionnement en eau destin\u00e9e \u00e0 la consommation humaine, le d\u00e9bit et l\u2019\u00e9nergie fournie sont r\u00e9gularis\u00e9s.<\/li>\r\n<\/ul>\r\n\r\n<p>L\u2019\u00e9nergie qu\u2019elle g\u00e9n\u00e8re est respectueuse avec l\u2019environnement et ses impacts sont faibles. Cependant, il faut minimiser ces impacts avec des mesures appropri\u00e9es (passes \u00e0 poissons, d\u00e9bits \u00e9cologiques,\u2026).<\/p>\r\n<\/div>\r\n<\/div>\r\n","protected":false},"excerpt":{"rendered":"<p>L\u2019eau en mouvement des fleuves et des rivi\u00e8res contient une grande quantit\u00e9 d\u2019\u00e9nergie qui est exploit\u00e9e depuis des temps imm\u00e9moriaux. Pendant des si\u00e8cles, l\u2019\u00e9volution des machines hydrauliques s\u2019est d\u00e9roul\u00e9e parall\u00e8lement \u00e0 celle de l\u2019histoire de l\u2019humanit\u00e9. Les \u00c9gyptiens, 3000 ans avant JC, semblent avoir \u00e9t\u00e9 les premiers \u00e0 exploiter l\u2019\u00e9nergie de l\u2019eau. Les Romains ont [&hellip;]<\/p>\n","protected":false},"author":1,"featured_media":15792,"parent":5444,"menu_order":20,"comment_status":"closed","ping_status":"closed","template":"templates\/page-with-container.php","meta":{"_acf_changed":false,"footnotes":""},"class_list":["post-5024","page","type-page","status-publish","has-post-thumbnail","hentry"],"acf":[],"_links":{"self":[{"href":"https:\/\/www.eve.eus\/fr\/wp-json\/wp\/v2\/pages\/5024","targetHints":{"allow":["GET"]}}],"collection":[{"href":"https:\/\/www.eve.eus\/fr\/wp-json\/wp\/v2\/pages"}],"about":[{"href":"https:\/\/www.eve.eus\/fr\/wp-json\/wp\/v2\/types\/page"}],"author":[{"embeddable":true,"href":"https:\/\/www.eve.eus\/fr\/wp-json\/wp\/v2\/users\/1"}],"replies":[{"embeddable":true,"href":"https:\/\/www.eve.eus\/fr\/wp-json\/wp\/v2\/comments?post=5024"}],"version-history":[{"count":2,"href":"https:\/\/www.eve.eus\/fr\/wp-json\/wp\/v2\/pages\/5024\/revisions"}],"predecessor-version":[{"id":5026,"href":"https:\/\/www.eve.eus\/fr\/wp-json\/wp\/v2\/pages\/5024\/revisions\/5026"}],"up":[{"embeddable":true,"href":"https:\/\/www.eve.eus\/fr\/wp-json\/wp\/v2\/pages\/5444"}],"wp:featuredmedia":[{"embeddable":true,"href":"https:\/\/www.eve.eus\/fr\/wp-json\/wp\/v2\/media\/15792"}],"wp:attachment":[{"href":"https:\/\/www.eve.eus\/fr\/wp-json\/wp\/v2\/media?parent=5024"}],"curies":[{"name":"wp","href":"https:\/\/api.w.org\/{rel}","templated":true}]}}