{"id":5112,"date":"2024-12-20T12:07:51","date_gmt":"2024-12-20T11:07:51","guid":{"rendered":"https:\/\/www.eve.eus\/la-energia-geotermica\/"},"modified":"2025-04-15T13:18:59","modified_gmt":"2025-04-15T11:18:59","slug":"la-geothermie","status":"publish","type":"page","link":"https:\/\/www.eve.eus\/fr\/connaissez-lenergie\/que-savez-vous-sur\/la-geothermie\/","title":{"rendered":"La g\u00e9othermie"},"content":{"rendered":"<div class=\"row\">\r\n<div class=\"col-md-12\">\r\n<p><strong>L'\u00e9change g\u00e9othermique est une technologie tr\u00e8s efficace pour la climatisation des b\u00e2timents. Il permet de capter l'\u00e9nergie stock\u00e9e dans le sol en vue de la transformer en \u00e9nergie utile pour climatiser l'air dans les immeubles et les habitations.<\/strong><\/p>\r\n\r\n<p>Il est bas\u00e9 sur la temp\u00e9rature constante de la terre, o\u00f9, \u00e0 une profondeur de 10 m\u00e8tres, la chaleur stock\u00e9e ne varie pratiquement pas de temp\u00e9rature tout au long de l'ann\u00e9e. Il est principalement utilis\u00e9 dans le domaine r\u00e9sidentiel \u2013 mais aussi dans certains proc\u00e9d\u00e9s de production \u00e0 haute efficacit\u00e9 \u00e9nerg\u00e9tique \u2013 et il peut l'\u00eatre dans les syst\u00e8mes d'obtention d'eau chaude sanitaire ; apportant l'\u00e9nergie n\u00e9cessaire au chauffage, il permet aussi le refroidissement des b\u00e2timents, le tout avec une r\u00e9duction significative de la consommation d'\u00e9nergie.<\/p>\r\n<\/div>\r\n<\/div>\r\n\r\n<div class=\"row\">\r\n<div class=\"col-md-12 m-auto\">\r\n<div class=\"module-title text-center\">\r\n<h2 class=\"sidelines\"><span>Comment fonctionne une installation d'\u00e9change g\u00e9othermique ?<\/span><\/h2>\r\n<\/div>\r\n<\/div>\r\n<\/div>\r\n\r\n<div class=\"row\">\r\n<div class=\"col-md-6\"><img alt=\"\" data-src=\"\/assets\/media\/tubos-geotermia.jpg\" class=\" lazyload\"><\/div>\r\n\r\n<div class=\"col-md-6 align-self-center\">\r\n<p>L'\u00e9nergie du sol est capt\u00e9e par la circulation de l'eau dans un circuit enterr\u00e9. Ce syst\u00e8me est tr\u00e8s simple puisqu'il consiste en une s\u00e9rie de perforations dans le sol o\u00f9 sont install\u00e9es les canalisations souterraines \u00e0 travers lesquelles circule l'eau. Les perforations peuvent \u00eatre horizontales ou verticales, selon que l'\u00e9tude pr\u00e9alable montre quelle est la solution la plus pratique. Le fluide qui y circule absorbe la chaleur emmagasin\u00e9e dans le sol et l'injecte dans le syst\u00e8me de climatisation du b\u00e2timent \u00e0 l'aide d'une pompe \u00e0 chaleur.<\/p>\r\n<\/div>\r\n<\/div>\r\n\r\n<div class=\"row\">\r\n<div class=\"col-md-12 m-auto\">\r\n<div class=\"module-title text-center\">\r\n<h2 class=\"sidelines\"><span>Quels sont ses avantages par rapport \u00e0 d'autres syst\u00e8mes de climatisation ?<\/span><\/h2>\r\n<\/div>\r\n<\/div>\r\n<\/div>\r\n\r\n<div class=\"row\">\r\n<div class=\"col-md-6\">\r\n<p>Signalons tout d'abord qu'il s'agit d'une source d'\u00e9nergie renouvelable. L'\u00e9nergie g\u00e9othermique, associ\u00e9e \u00e0 d'autres sources de ce type, r\u00e9duit la d\u00e9pendance \u00e9nerg\u00e9tique vis-\u00e0-vis du p\u00e9trole en tirant parti des ressources locales propres. Elle contribue ainsi \u00e0 r\u00e9duire la consommation de combustibles fossiles pour le chauffage et, partant, \u00e0 minimiser les \u00e9missions de CO<sub>2<\/sub>.<\/p>\r\n\r\n<p>Gr\u00e2ce \u00e0 l'\u00e9change g\u00e9othermique, 3 kW g\u00e9othermiques renouvelables sont capt\u00e9s dans le sol pour chaque kW consomm\u00e9 du r\u00e9seau \u00e9lectrique pour le fonctionnement de l'\u00e9quipement. Il s'agit donc d'une utilisation d'\u00e9nergie renouvelable \u00e0 bilan \u00e9nerg\u00e9tique positif.<\/p>\r\n\r\n<p>Les syst\u00e8mes d'\u00e9change g\u00e9othermique pr\u00e9sentent, \u00e0 grands traits, les avantages suivants :<\/p>\r\n\r\n<ul>\r\n\t<li><strong>Source d'\u00e9nergie renouvelable<\/strong>. Bilan \u00e9nerg\u00e9tique int\u00e9gral positif et hautement efficient : 120%.<\/li>\r\n\t<li><strong>Efficience \u00e9nerg\u00e9tique dans la climatisation<\/strong>. Selon l'Environmental Protection Agency (EPA) des \u00c9tats-Unis, il s'agit de la technologie de climatisation des b\u00e2timents la plus efficace et la moins polluante. Elle permet des \u00e9conomies d'\u00e9nergie allant jusqu'\u00e0 70 % en mode chauffage et jusqu'\u00e0 50 % en mode refroidissement.<\/li>\r\n\t<li><strong>\u2013 R\u00e9duction cons\u00e9quente des \u00e9missions de CO<sub>2<\/sub><\/strong>, proportionnelles au gain \u00e9nerg\u00e9tique obtenu. \u00c0 titre d'exemple, une installation d'\u00e9change g\u00e9othermique pour la climatisation d'un immeuble de bureaux de 7.000 m2 \u00e9vite l'\u00e9mission de 60.000 kg annuels de CO2, ce qui correspond \u00e0 l'effort d\u00e9puratif d'une for\u00eat de 6 hectares.<\/li>\r\n\t<li><strong>Sans combustion ni d\u00e9p\u00f4ts<\/strong>. Un syst\u00e8me simple et propre.<\/li>\r\n\t<li><strong>Longue dur\u00e9e de vie des installations<\/strong>. Les forages offrent une vie utile sup\u00e9rieure \u00e0 50 ans.<\/li>\r\n\t<li><strong>Amortissable en moyenne en 10 ans.<\/strong><\/li>\r\n\t<li><strong>Co\u00fbt minimum sur tout le cycle de vie<\/strong>, tant au niveau des frais de maintenance qu'en termes de co\u00fbt d'exploitation.<\/li>\r\n\t<li><strong>Il favorise l'emploi local stable<\/strong>; un emploi qui en outre n'est pas d\u00e9localisable.<\/li>\r\n\t<li><strong>Il \u00e9vite les probl\u00e8mes de salubrit\u00e9<\/strong>. L'utilisation d'un syst\u00e8me en circuit ferm\u00e9 permet d'\u00e9viter les probl\u00e8mes de l\u00e9gionellose des autres syst\u00e8mes de climatisation conventionnels.<\/li>\r\n\t<li><strong>Syst\u00e8me facilement universalisable.<\/strong>.<\/li>\r\n\t<li><strong>Syst\u00e8me compatible avec d'autres sources d'\u00e9nergie renouvelables telles que l'\u00e9nergie solaire et qui les compl\u00e8te parfaitement<\/strong><\/li>\r\n<\/ul>\r\n\r\n<p>En Euskadi, plusieurs entreprises sont pr\u00eates \u00e0 cr\u00e9er des installations g\u00e9othermiques et leurs bons r\u00e9sultats sont visibles dans plusieurs installations.<\/p>\r\n<\/div>\r\n\r\n<div class=\"col-md-6\"><img alt=\"\" style=\"margin-bottom:20px;\" data-src=\"\/assets\/media\/taller-madreselva.jpg\" class=\" lazyload\"> <img alt=\"\" style=\"margin-bottom:20px;\" data-src=\"\/assets\/media\/instalacion-geotermia.jpg\" class=\" lazyload\"> <img alt=\"\" style=\"margin-bottom:20px;\" data-src=\"\/assets\/media\/tuberia-geotermia.jpg\" class=\" lazyload\"><\/div>\r\n<\/div>\r\n\r\n<div class=\"row m-t-30\">\r\n<div class=\"col-md-12 relacionado\">\r\n<p><i class=\"fa-regular fa-hand-point-right fa-2x me-2\"><\/i> <a href=\"https:\/\/www.eve.eus\/fr\/actions\/energie-geothermique\/\" target=\"_blank\">Voir action L\u2019\u00c9nergie g\u00e9othermique<\/a><\/p>\r\n<\/div>\r\n<\/div>\r\n","protected":false},"excerpt":{"rendered":"<p>L&rsquo;\u00e9change g\u00e9othermique est une technologie tr\u00e8s efficace pour la climatisation des b\u00e2timents. Il permet de capter l&rsquo;\u00e9nergie stock\u00e9e dans le sol en vue de la transformer en \u00e9nergie utile pour climatiser l&rsquo;air dans les immeubles et les habitations. Il est bas\u00e9 sur la temp\u00e9rature constante de la terre, o\u00f9, \u00e0 une profondeur de 10 m\u00e8tres, [&hellip;]<\/p>\n","protected":false},"author":1,"featured_media":3295,"parent":5444,"menu_order":0,"comment_status":"closed","ping_status":"closed","template":"templates\/page-with-container.php","meta":{"_acf_changed":false,"footnotes":""},"class_list":["post-5112","page","type-page","status-publish","has-post-thumbnail","hentry"],"acf":[],"_links":{"self":[{"href":"https:\/\/www.eve.eus\/fr\/wp-json\/wp\/v2\/pages\/5112","targetHints":{"allow":["GET"]}}],"collection":[{"href":"https:\/\/www.eve.eus\/fr\/wp-json\/wp\/v2\/pages"}],"about":[{"href":"https:\/\/www.eve.eus\/fr\/wp-json\/wp\/v2\/types\/page"}],"author":[{"embeddable":true,"href":"https:\/\/www.eve.eus\/fr\/wp-json\/wp\/v2\/users\/1"}],"replies":[{"embeddable":true,"href":"https:\/\/www.eve.eus\/fr\/wp-json\/wp\/v2\/comments?post=5112"}],"version-history":[{"count":6,"href":"https:\/\/www.eve.eus\/fr\/wp-json\/wp\/v2\/pages\/5112\/revisions"}],"predecessor-version":[{"id":16830,"href":"https:\/\/www.eve.eus\/fr\/wp-json\/wp\/v2\/pages\/5112\/revisions\/16830"}],"up":[{"embeddable":true,"href":"https:\/\/www.eve.eus\/fr\/wp-json\/wp\/v2\/pages\/5444"}],"wp:featuredmedia":[{"embeddable":true,"href":"https:\/\/www.eve.eus\/fr\/wp-json\/wp\/v2\/media\/3295"}],"wp:attachment":[{"href":"https:\/\/www.eve.eus\/fr\/wp-json\/wp\/v2\/media?parent=5112"}],"curies":[{"name":"wp","href":"https:\/\/api.w.org\/{rel}","templated":true}]}}