{"id":5298,"date":"2025-01-07T17:53:15","date_gmt":"2025-01-07T16:53:15","guid":{"rendered":"https:\/\/www.eve.eus\/octopus\/"},"modified":"2025-02-10T13:52:01","modified_gmt":"2025-02-10T12:52:01","slug":"octopus","status":"publish","type":"page","link":"https:\/\/www.eve.eus\/fr\/projets-energetiques\/autres-activites\/projets-europeens\/octopus\/","title":{"rendered":"Octopus"},"content":{"rendered":"<div class=\"row\">\r\n<div class=\"col-md-7 align-self-center\">\r\n<p>Le projet OCTOPUS vise \u00e0 renforcer la coop\u00e9ration entre les acteurs locaux et r\u00e9gionaux pour faciliter la transition \u00e9nerg\u00e9tique et climatique en Europe. En cr\u00e9ant des structures de soutien dans diff\u00e9rents territoires, le projet vise \u00e0 aider les autorit\u00e9s locales \u00e0 \u00e9laborer et \u00e0 mettre en \u0153uvre des politiques \u00e9nerg\u00e9tiques durables et adapt\u00e9es \u00e0 leurs besoins, en encourageant l\u2019adoption d\u2019\u00e9nergies renouvelables, l\u2019am\u00e9lioration de l\u2019efficacit\u00e9 \u00e9nerg\u00e9tique et l\u2019att\u00e9nuation du changement climatique. Ainsi, OCTOPUS aide les r\u00e9gions \u00e0 relever ces d\u00e9fis de mani\u00e8re plus coordonn\u00e9e et plus efficace.<\/p>\r\n\r\n<p>L\u2019Organisme Basque de l\u2019\u00c9nergie (EVE), en tant que leader du Work Package 4 (WP4), se concentre sur la durabilit\u00e9, la r\u00e9plication et le transfert des r\u00e9sultats du projet. Son r\u00f4le est de d\u00e9velopper une strat\u00e9gie pour garantir que les structures de soutien cr\u00e9\u00e9es pendant le projet puissent \u00eatre reproduites dans d\u2019autres r\u00e9gions, en assurant leur continuit\u00e9 et leur durabilit\u00e9 au-del\u00e0 de la dur\u00e9e du projet. En outre, EVE travaille en \u00e9troite collaboration avec ses partenaires pour promouvoir l\u2019\u00e9change de bonnes pratiques et veiller \u00e0 ce que les initiatives mises en \u0153uvre soient int\u00e9gr\u00e9es aux niveaux local et r\u00e9gional. Les partenaires du projet incluent, outre EVE, des entit\u00e9s de Chypre, Euskadi, Estr\u00e9madure, France, Mazovie (Pologne) et \u00dast\u00ed (R\u00e9publique tch\u00e8que), et le coordinateur du projet est AURA-EE (Agence de l'\u00e9nergie et de l'environnement d'Auvergne-Rh\u00f4ne-Alpes, FR).<\/p>\r\n<\/div>\r\n\r\n<div class=\"col-md-5\"><img alt=\"Octopus\" data-src=\"https:\/\/www.eve.eus\/assets\/media\/logo-octopus-2.jpg\" class=\" lazyload\"><\/div>\r\n<\/div>\r\n","protected":false},"excerpt":{"rendered":"<p>Le projet OCTOPUS vise \u00e0 renforcer la coop\u00e9ration entre les acteurs locaux et r\u00e9gionaux pour faciliter la transition \u00e9nerg\u00e9tique et climatique en Europe. En cr\u00e9ant des structures de soutien dans diff\u00e9rents territoires, le projet vise \u00e0 aider les autorit\u00e9s locales \u00e0 \u00e9laborer et \u00e0 mettre en \u0153uvre des politiques \u00e9nerg\u00e9tiques durables et adapt\u00e9es \u00e0 leurs [&hellip;]<\/p>\n","protected":false},"author":1,"featured_media":2872,"parent":5456,"menu_order":50,"comment_status":"closed","ping_status":"closed","template":"templates\/page-with-container.php","meta":{"_acf_changed":false,"footnotes":""},"class_list":["post-5298","page","type-page","status-publish","has-post-thumbnail","hentry"],"acf":[],"_links":{"self":[{"href":"https:\/\/www.eve.eus\/fr\/wp-json\/wp\/v2\/pages\/5298","targetHints":{"allow":["GET"]}}],"collection":[{"href":"https:\/\/www.eve.eus\/fr\/wp-json\/wp\/v2\/pages"}],"about":[{"href":"https:\/\/www.eve.eus\/fr\/wp-json\/wp\/v2\/types\/page"}],"author":[{"embeddable":true,"href":"https:\/\/www.eve.eus\/fr\/wp-json\/wp\/v2\/users\/1"}],"replies":[{"embeddable":true,"href":"https:\/\/www.eve.eus\/fr\/wp-json\/wp\/v2\/comments?post=5298"}],"version-history":[{"count":5,"href":"https:\/\/www.eve.eus\/fr\/wp-json\/wp\/v2\/pages\/5298\/revisions"}],"predecessor-version":[{"id":15346,"href":"https:\/\/www.eve.eus\/fr\/wp-json\/wp\/v2\/pages\/5298\/revisions\/15346"}],"up":[{"embeddable":true,"href":"https:\/\/www.eve.eus\/fr\/wp-json\/wp\/v2\/pages\/5456"}],"wp:featuredmedia":[{"embeddable":true,"href":"https:\/\/www.eve.eus\/fr\/wp-json\/wp\/v2\/media\/2872"}],"wp:attachment":[{"href":"https:\/\/www.eve.eus\/fr\/wp-json\/wp\/v2\/media?parent=5298"}],"curies":[{"name":"wp","href":"https:\/\/api.w.org\/{rel}","templated":true}]}}