{"id":5333,"date":"2025-01-08T09:03:42","date_gmt":"2025-01-08T08:03:42","guid":{"rendered":"https:\/\/www.eve.eus\/actuaciones\/sirenergy\/"},"modified":"2025-01-14T10:45:51","modified_gmt":"2025-01-14T09:45:51","slug":"sirenergy","status":"publish","type":"page","link":"https:\/\/www.eve.eus\/fr\/actions\/sirenergy\/","title":{"rendered":"SIRENERGY"},"content":{"rendered":"<div class=\"row\">\r\n<div class=\"col-md-7 align-self-center\">\r\n<p>IreNERGY INTERREG EUROPE (Innovation sociale dans les \u00e9nergies renouvelables) est un projet financ\u00e9 par le programme INTERREG Europe dirig\u00e9 par Leartibai Fundazioa et qui se d\u00e9roule entre mars 2023 et f\u00e9vrier 2027.<br>\r\n<br>\r\nL\u2019objectif du projet est d\u2019am\u00e9liorer les politiques r\u00e9gionales et nationales afin d\u2019accro\u00eetre la part de l'\u00e9nergie provenant de sources renouvelables dans les zones rurales, en am\u00e9liorant l\u2019information des consommateurs locaux et en donnant aux autoconsommateurs les moyens de produire, de stocker, de consommer et de vendre de l'\u00e9lectricit\u00e9.<\/p>\r\n\r\n<p>Le d\u00e9veloppement du projet poursuit \u00e9galement les objectifs sp\u00e9cifiques suivants:<\/p>\r\n\r\n<ul>\r\n\t<li>Int\u00e9grer les strat\u00e9gies d\u2019\u00e9nergie renouvelables dans les strat\u00e9gies de d\u00e9veloppement \u00e9conomique locales, r\u00e9gionales et nationales pour refl\u00e9ter le potentiel et les besoins locaux.<\/li>\r\n\t<li>Int\u00e9grer les \u00e9nergies renouvelables dans les principales cha\u00eenes d\u2019approvisionnement des zones rurales telles que l'agriculture, la sylviculture, l'industrie traditionnelle et l'\u00e9cotourisme.<\/li>\r\n\t<li>Garantir l\u2019acceptation de la soci\u00e9t\u00e9 locale en expliquant aux communaut\u00e9s locales les avantages de l\u2019utilisation des \u00e9nergies renouvelables comme \u00e9nergie alternative \u00e0 faible \u00e9mission de carbone et en les impliquant dans le processus de conception, de financement ou de gestion de ces \u00e9nergies.<\/li>\r\n\t<li>Accro\u00eetre la participation des consommateurs d\u2019\u00e9nergie en tant qu\u2019acteurs actifs dans le d\u00e9veloppement de nouvelles sources d\u2019\u00e9nergie renouvelables.<\/li>\r\n\t<li>Promouvoir des dynamiques synergiques dans la g\u00e9n\u00e9ration de projets d\u2019\u00e9nergies renouvelables, en tenant compte des ressources naturelles dans les zones rurales, de tous les acteurs impliqu\u00e9s et des autres projets en cours.<\/li>\r\n<\/ul>\r\n\r\n<p><a href=\"https:\/\/www.interregeurope.eu\/sirenergy\/\" target=\"_blank\">Plus d'informations<\/a><\/p>\r\n<\/div>\r\n\r\n<div class=\"col-md-5\"><img alt=\"Urban Klima 2050\" data-src=\"\/assets\/media\/logo-sirenergy.jpg\" class=\" lazyload\"><\/div>\r\n<\/div>\r\n","protected":false},"excerpt":{"rendered":"<p>IreNERGY INTERREG EUROPE (Innovation sociale dans les \u00e9nergies renouvelables) est un projet financ\u00e9 par le programme INTERREG Europe dirig\u00e9 par Leartibai Fundazioa et qui se d\u00e9roule entre mars 2023 et f\u00e9vrier 2027. L\u2019objectif du projet est d\u2019am\u00e9liorer les politiques r\u00e9gionales et nationales afin d\u2019accro\u00eetre la part de l&rsquo;\u00e9nergie provenant de sources renouvelables dans les zones [&hellip;]<\/p>\n","protected":false},"author":1,"featured_media":294,"parent":4264,"menu_order":0,"comment_status":"closed","ping_status":"closed","template":"templates\/page-with-container.php","meta":{"_acf_changed":false,"footnotes":""},"class_list":["post-5333","page","type-page","status-publish","has-post-thumbnail","hentry"],"acf":[],"_links":{"self":[{"href":"https:\/\/www.eve.eus\/fr\/wp-json\/wp\/v2\/pages\/5333","targetHints":{"allow":["GET"]}}],"collection":[{"href":"https:\/\/www.eve.eus\/fr\/wp-json\/wp\/v2\/pages"}],"about":[{"href":"https:\/\/www.eve.eus\/fr\/wp-json\/wp\/v2\/types\/page"}],"author":[{"embeddable":true,"href":"https:\/\/www.eve.eus\/fr\/wp-json\/wp\/v2\/users\/1"}],"replies":[{"embeddable":true,"href":"https:\/\/www.eve.eus\/fr\/wp-json\/wp\/v2\/comments?post=5333"}],"version-history":[{"count":1,"href":"https:\/\/www.eve.eus\/fr\/wp-json\/wp\/v2\/pages\/5333\/revisions"}],"predecessor-version":[{"id":5337,"href":"https:\/\/www.eve.eus\/fr\/wp-json\/wp\/v2\/pages\/5333\/revisions\/5337"}],"up":[{"embeddable":true,"href":"https:\/\/www.eve.eus\/fr\/wp-json\/wp\/v2\/pages\/4264"}],"wp:featuredmedia":[{"embeddable":true,"href":"https:\/\/www.eve.eus\/fr\/wp-json\/wp\/v2\/media\/294"}],"wp:attachment":[{"href":"https:\/\/www.eve.eus\/fr\/wp-json\/wp\/v2\/media?parent=5333"}],"curies":[{"name":"wp","href":"https:\/\/api.w.org\/{rel}","templated":true}]}}