{"id":6072,"date":"2025-01-07T12:36:34","date_gmt":"2025-01-07T11:36:34","guid":{"rendered":"https:\/\/www.eve.eus\/el-transporte\/"},"modified":"2025-01-27T13:43:58","modified_gmt":"2025-01-27T12:43:58","slug":"le-transport","status":"publish","type":"page","link":"https:\/\/www.eve.eus\/fr\/aides-et-services-de-valeur\/services-de-valeur\/citoyennete\/conseils-pour-economiser\/le-transport\/","title":{"rendered":"Le transport"},"content":{"rendered":"<table cellspacing=\"0\" class=\"TabControlTable\">\r\n<tbody>\r\n<tr class=\"TabControlRow\">\r\n<td id=\"TabLeft_0\" class=\"TabControlLeft\">\u00a0<\/td>\r\n<td id=\"TabItem_0\" class=\"TabControl\"><a id=\"TabLink_0\" class=\"TabControlLink\" href=\"https:\/\/www.eve.eus\/fr\/conseils-pour-economiser\/le-logement\/\">Le logement<\/a><\/td>\r\n\r\n<td id=\"TabRight_0\" class=\"TabControlRight\">\u00a0<\/td><td id=\"TabLeft_1\" class=\"TabControlLeft\">\u00a0<\/td>\r\n\r\n<td id=\"TabItem_1\" class=\"TabControl\"><a id=\"TabLink_1\" class=\"TabControlLink\" href=\"https:\/\/www.eve.eus\/fr\/conseils-pour-economiser\/lequipement-du-logement\/\">L\u2019\u00e9quipement du logement<\/a><\/td>\r\n\r\n<td id=\"TabRight_1\" class=\"TabControlRight\">\u00a0<\/td><td id=\"TabLeft_2\" class=\"TabControlLeft\">\u00a0<\/td>\r\n\r\n<td id=\"TabItem_2\" class=\"TabControl\"><a id=\"TabLink_2\" class=\"TabControlLink\" href=\"https:\/\/www.eve.eus\/fr\/conseils-pour-economiser\/la-poubelle-domestique\/\">La poubelle domestique<\/a><\/td>\r\n\r\n<td id=\"TabRight_2\" class=\"TabControlRight\">\u00a0<\/td><td id=\"TabLeft_3\" class=\"TabControlLeft\">\u00a0<\/td>\r\n\r\n<td id=\"TabItem_3\" class=\"TabControl\"><a id=\"TabLink_3\" class=\"TabControlLink\" href=\"https:\/\/www.eve.eus\/fr\/conseils-pour-economiser\/le-transport\/\">Le transport<\/a><\/td>\r\n\r\n<td id=\"TabRight_2\" class=\"TabControlRight\">\u00a0<\/td><td id=\"TabLeft_3\" class=\"TabControlLeft\">\u00a0<\/td>\r\n\r\n<td id=\"TabItem_4\" class=\"TabControl\"><a id=\"TabLink_4\" class=\"TabControlLink\" href=\"https:\/\/www.eve.eus\/fr\/conseils-pour-economiser\/le-bureau\/\">Le bureau <\/a><\/td>\r\n\r\n<td id=\"TabRight_2\" class=\"TabControlRight\">\u00a0<\/td><td id=\"TabLeft_3\" class=\"TabControlLeft\">\u00a0<\/td>\r\n\r\n<\/tr><\/tbody><\/table>\r\n\r\n<div class=\"row\">\r\n<div class=\"col-md-12\">\r\n<p>Dans cette rubrique, nous proposons une s\u00e9rie de conseils utiles pour \u00e9conomiser l\u2019\u00e9nergie dans notre vie quotidienne. Leur mise en pratique n\u2019exige pas de grands efforts et, en outre, il vaut la peine d\u2019\u00eatre efficients et respectueux de notre environnement.<\/p>\r\n<\/div>\r\n<\/div>\r\n\r\n<div class=\"row\">\r\n<div class=\"col-md-12 m-auto\">\r\n<div class=\"module-title text-center\">\r\n<h2 class=\"sidelines\"><span>Utilisation de la voiture<\/span><\/h2>\r\n<\/div>\r\n<\/div>\r\n<\/div>\r\n\r\n<div class=\"row\">\r\n<div class=\"col-md-4\"><!-- CONSEJO  -->\r\n<div class=\"icon-box consejo m-b-40\">\r\n<div aria-hidden=\"true\" class=\"fa-regular fa-comment\"><\/div>\r\n\r\n<p style=\"text-align:left;\">En ville, utilisez le transport public pour vos d\u00e9placements et laissez la voiture gar\u00e9e.<\/p>\r\n<\/div>\r\n<!-- CONSEJO  END--><!-- CONSEJO  -->\r\n\r\n<div class=\"icon-box consejo m-b-40\">\r\n<div aria-hidden=\"true\" class=\"fa-regular fa-comment\"><\/div>\r\n\r\n<p style=\"text-align:left;\">Pour les voyages \u00e0 moyenne et longue distance, le transport public est jusqu\u2019\u00e0 6 fois plus efficient que la voiture.<\/p>\r\n<\/div>\r\n<!-- CONSEJO  END--><!-- CONSEJO  -->\r\n\r\n<div class=\"icon-box consejo m-b-40\">\r\n<div aria-hidden=\"true\" class=\"fa-regular fa-comment\"><\/div>\r\n\r\n<p style=\"text-align:left;\">V\u00e9rifiez p\u00e9riodiquement la pression des pneus, retirez les accessoires que vous n\u2019allez pas utiliser (comme par exemple la galerie), ne transportez pas de poids inutiles, utilisez la climatisation avec mod\u00e9ration et ne circulez pas \u00e0 grande vitesse. Vous \u00e9conomiserez ainsi du carburant et vous gagnerez en s\u00e9curit\u00e9.<\/p>\r\n<\/div>\r\n<!-- CONSEJO  END--><\/div>\r\n\r\n<div class=\"col-md-4 hidden-sm-down\">\r\n<div class=\"text-center\"><img alt=\"\" data-src=\"\/assets\/media\/car-eco.jpg\" class=\" lazyload\"><\/div>\r\n<\/div>\r\n\r\n<div class=\"col-md-4\"><!-- CONSEJO  -->\r\n<div class=\"icon-box consejo m-b-40\">\r\n<div aria-hidden=\"true\" class=\"fa-regular fa-comment\"><\/div>\r\n\r\n<p style=\"text-align:left;\">Si le recours \u00e0 la voiture est in\u00e9vitable, appliquez les techniques de la conduite efficiente en circulant le plus possible en marche longue et \u00e0 basse r\u00e9volution.<\/p>\r\n<\/div>\r\n<!-- CONSEJO  END--><!-- CONSEJO  -->\r\n\r\n<div class=\"icon-box consejo m-b-40\">\r\n<div aria-hidden=\"true\" class=\"fa-regular fa-comment\"><\/div>\r\n\r\n<p style=\"text-align:left;\">Au moment d\u2019acheter une voiture, choisissez un mod\u00e8le adapt\u00e9 \u00e0 vos besoins et faites attention \u00e0 l\u2019\u00e9tiquette de consommation et d\u2019\u00e9missions de CO2 pour les m\u00eames prestations, car il est plus int\u00e9ressant \u00e9conomiquement et \u00e9nerg\u00e9tiquement d\u2019acheter une voiture de cat\u00e9gorie A ou B.<\/p>\r\n<\/div>\r\n<!-- CONSEJO  END--><!-- CONSEJO  -->\r\n\r\n<div class=\"icon-box consejo m-b-40\">\r\n<div aria-hidden=\"true\" class=\"fa-regular fa-comment\"><\/div>\r\n\r\n<p style=\"text-align:left;\">Pour les voyages courts, circulez \u00e0 pied ou en v\u00e9lo, c\u2019est plus \u00e9conomique \u00e9nerg\u00e9tiquement, moins polluant et plus sain.<\/p>\r\n<\/div>\r\n<!-- CONSEJO  END--><\/div>\r\n<\/div>\r\n","protected":false},"excerpt":{"rendered":"<p>Dans cette rubrique, nous proposons une s\u00e9rie de conseils utiles pour \u00e9conomiser l\u2019\u00e9nergie dans notre vie quotidienne. Leur mise en pratique n\u2019exige pas de grands efforts et, en outre, il vaut la peine d\u2019\u00eatre efficients et respectueux de notre environnement. Utilisation de la voiture En ville, utilisez le transport public pour vos d\u00e9placements et laissez [&hellip;]<\/p>\n","protected":false},"author":1,"featured_media":294,"parent":6110,"menu_order":40,"comment_status":"closed","ping_status":"closed","template":"templates\/page-with-container.php","meta":{"_acf_changed":false,"footnotes":""},"class_list":["post-6072","page","type-page","status-publish","has-post-thumbnail","hentry"],"acf":[],"_links":{"self":[{"href":"https:\/\/www.eve.eus\/fr\/wp-json\/wp\/v2\/pages\/6072","targetHints":{"allow":["GET"]}}],"collection":[{"href":"https:\/\/www.eve.eus\/fr\/wp-json\/wp\/v2\/pages"}],"about":[{"href":"https:\/\/www.eve.eus\/fr\/wp-json\/wp\/v2\/types\/page"}],"author":[{"embeddable":true,"href":"https:\/\/www.eve.eus\/fr\/wp-json\/wp\/v2\/users\/1"}],"replies":[{"embeddable":true,"href":"https:\/\/www.eve.eus\/fr\/wp-json\/wp\/v2\/comments?post=6072"}],"version-history":[{"count":2,"href":"https:\/\/www.eve.eus\/fr\/wp-json\/wp\/v2\/pages\/6072\/revisions"}],"predecessor-version":[{"id":6081,"href":"https:\/\/www.eve.eus\/fr\/wp-json\/wp\/v2\/pages\/6072\/revisions\/6081"}],"up":[{"embeddable":true,"href":"https:\/\/www.eve.eus\/fr\/wp-json\/wp\/v2\/pages\/6110"}],"wp:featuredmedia":[{"embeddable":true,"href":"https:\/\/www.eve.eus\/fr\/wp-json\/wp\/v2\/media\/294"}],"wp:attachment":[{"href":"https:\/\/www.eve.eus\/fr\/wp-json\/wp\/v2\/media?parent=6072"}],"curies":[{"name":"wp","href":"https:\/\/api.w.org\/{rel}","templated":true}]}}