{"id":6178,"date":"2024-12-18T15:07:48","date_gmt":"2024-12-18T14:07:48","guid":{"rendered":"https:\/\/www.eve.eus\/certificado-de-eficiencia-energetica-de-edificios\/"},"modified":"2025-03-04T10:55:11","modified_gmt":"2025-03-04T09:55:11","slug":"certificats-deconomies-denergie-cee","status":"publish","type":"page","link":"https:\/\/www.eve.eus\/fr\/certificats-deconomies-denergie-cee\/","title":{"rendered":"Certificats d\u2019\u00c9conomies d\u2019\u00c9nergie (CEE)"},"content":{"rendered":"<div class=\"row\">\r\n<div class=\"col-md-12\">\r\n<p>Le dispositif des CEE na\u00eet de la n\u00e9cessit\u00e9 de g\u00e9n\u00e9rer de nouvelles \u00e9conomies d\u2019\u00e9nergie gr\u00e2ce \u00e0 la mise en \u0153uvre de projets d\u2019efficacit\u00e9 \u00e9nerg\u00e9tique et, ainsi, de permettre au Pays basque de respecter les obligations \u00e9tablies aupr\u00e8s de l\u2019UE par le biais de la Directive sur l\u2019Efficacit\u00e9 \u00c9nerg\u00e9tique.  De plus, il a \u00e9t\u00e9 cr\u00e9\u00e9 dans le but de faciliter les investissements dans les technologies d\u2019efficacit\u00e9 \u00e9nerg\u00e9tique et de favoriser l\u2019\u00e9mergence d\u2019un march\u00e9 dans ce secteur.<\/p>\r\n\r\n<p>Il sera possible d\u2019obtenir des CEE en r\u00e9alisant des mesures d\u2019\u00e9conomie incluses dans un catalogue d\u2019actions li\u00e9es \u00e0 la climatisation, \u00e0 l\u2019enveloppe du b\u00e2timent, \u00e0 l\u2019\u00e9clairage, aux processus industriels, \u00e0 la mobilit\u00e9, etc. <\/p>\r\n\r\n<p>L\u2019approbation de ce dispositif <strong>cr\u00e9e un march\u00e9<\/strong> dans lequel les oblig\u00e9s CEE pourront acheter des \u00e9conomies \u00e0 ceux qui r\u00e9alisent des projets o\u00f9 ces \u00e9conomies sont acquises pour leur certification ult\u00e9rieure, ou bien ils pourront acheter des CEE directement \u00e0 d\u2019autres oblig\u00e9s ou \u00e0 des d\u00e9l\u00e9gataires.<\/p>\r\n\r\n<p>Le dispositif est \u00e9tabli par un D\u00e9cret royal et se d\u00e9veloppe par diff\u00e9rents arr\u00eat\u00e9s disponibles dans la section r\u00e9glementation. <\/p>\r\n<\/div>\r\n<\/div>\r\n\r\n<div class=\"row\">\r\n<div class=\"col-md-10 m-auto\">\r\n<div class=\"module-title text-center\">\r\n<h2 class=\"sidelines\"><span>Les CEE, qu\u2019est-ce que c\u2019est ?    <\/span><\/h2>\r\n<\/div>\r\n<\/div>\r\n<\/div>\r\n\r\n<div class=\"row\">\r\n<div class=\"col-md-12\">\r\n<p>Le CEE est un <strong>document \u00e9lectronique<\/strong> qui reconna\u00eet la r\u00e9alisation d\u2019\u00e9conomies dans la consommation d\u2019\u00e9nergie finale r\u00e9sultant d\u2019une op\u00e9ration d\u2019efficacit\u00e9 \u00e9nerg\u00e9tique.<\/p>\r\n\r\n<p>Les \u00e9conomies d\u2019\u00e9nergie obtenues gr\u00e2ce \u00e0 une op\u00e9ration peuvent \u00eatre certifi\u00e9es par le catalogue des fiches d\u2019op\u00e9rations standardis\u00e9es (s\u2019il s\u2019agit d\u2019op\u00e9rations facilement reproductibles), ou sous forme d\u2019op\u00e9rations sp\u00e9cifiques.<\/p>\r\n\r\n<p>Un CEE est un actif (revenu issu de la vente d\u2019\u00e9conomies d\u2019\u00e9nergie) qui peut faire l\u2019objet d\u2019achat et de vente pour am\u00e9liorer la rentabilit\u00e9 des investissements dans l\u2019efficacit\u00e9 \u00e9nerg\u00e9tique.<\/p>\r\n\r\n<p>Un CEE n\u2019est ni une subvention, ni une taxe, ni un certificat d\u2019efficacit\u00e9 \u00e9nerg\u00e9tique d\u2019un b\u00e2timent, ni un quota d\u2019\u00e9mission de CO<sub>2<\/sub>.<\/p>\r\n<\/div>\r\n<\/div>\r\n\r\n<div class=\"row\">\r\n<div class=\"col-md-10 m-auto\">\r\n<div class=\"module-title text-center\">\r\n<h2 class=\"sidelines\"><span>Qui peut obtenir un CEE ?<\/span><\/h2>\r\n<\/div>\r\n<\/div>\r\n<\/div>\r\n\r\n<div class=\"row\">\r\n<div class=\"col-md-12\">\r\n<p>Seul un oblig\u00e9 ou un d\u00e9l\u00e9gataire \u00e0 qui un CEE a \u00e9t\u00e9 \u00e9mis ou qui l\u2019a acquis dans le cadre d\u2019une transaction l\u00e9gale d\u2019achat et de vente.<\/p>\r\n\r\n<p>Toutefois, toute personne physique ou morale qui entreprend une action d\u2019efficacit\u00e9 \u00e9nerg\u00e9tique peut b\u00e9n\u00e9ficier du dispositif CEE. <\/p>\r\n\r\n<p>Afin de g\u00e9n\u00e9rer un revenu \u00e9conomique \u00e0 partir des \u00e9conomies d\u2019\u00e9nergie g\u00e9n\u00e9r\u00e9es, le propri\u00e9taire des \u00e9conomies doit contacter un oblig\u00e9 ou un d\u00e9l\u00e9gataire et lui vendre ensuite lesdites \u00e9conomies. Pour ce faire, les deux parties devront signer un accord CEE qui d\u00e9finit les conditions de vente et d\u2019achat de l\u2019\u00e9conomie.<\/p>\r\n<\/div>\r\n<\/div>\r\n\r\n<div class=\"row\">\r\n<div class=\"col-md-10 m-auto\">\r\n<div class=\"module-title text-center\">\r\n<h2 class=\"sidelines\"><span>Pourquoi les CEE sont-ils n\u00e9cessaires ?<\/span><\/h2>\r\n<\/div>\r\n<\/div>\r\n<\/div>\r\n\r\n<div class=\"row\">\r\n<div class=\"col-md-7\">\r\n<p>Il a \u00e9t\u00e9 d\u00e9montr\u00e9 que les mesures promues gr\u00e2ce au fonds FNEE ne permettront pas d\u2019atteindre les objectifs d\u2019\u00e9conomies d\u2019\u00e9nergie conform\u00e9ment aux engagements europ\u00e9ens accept\u00e9s dans le paquet Fit for 55. Par cons\u00e9quent, ce nouveau dispositif de CEE permet de comptabiliser et de promouvoir beaucoup plus d\u2019actions d\u2019\u00e9conomie d\u2019\u00e9nergie que celles qui pouvaient \u00eatre enregistr\u00e9es avec les actions promues par le fonds FNEE. <\/p>\r\n\r\n<p>Les CEE permettront de : <\/p>\r\n\r\n<ul>\r\n\t<li>Transformer le mod\u00e8le d\u2019efficacit\u00e9 \u00e9nerg\u00e9tique, en mettant l\u2019accent sur les oblig\u00e9s et les d\u00e9l\u00e9gataires, qui proposeront activement au b\u00e9n\u00e9ficiaire des investissements en mati\u00e8re d\u2019efficacit\u00e9 \u00e9nerg\u00e9tique. <\/li>\r\n\t<li>Mon\u00e9tiser les \u00e9conomies d\u2019\u00e9nergie obtenues par les consommateurs finaux.<\/li>\r\n\t<li>Comptabiliser des \u00e9conomies d\u2019\u00e9nergie massives qui, jusqu\u2019\u00e0 pr\u00e9sent, bien qu\u2019elles aient eu lieu, ne pouvaient pas \u00eatre enregistr\u00e9es, gr\u00e2ce \u00e0 un syst\u00e8me enti\u00e8rement num\u00e9ris\u00e9.<\/li>\r\n\t<li>Stimuler l\u2019emploi et la comp\u00e9titivit\u00e9 des entreprises l\u00e0 o\u00f9 des actions d\u2019efficacit\u00e9 \u00e9nerg\u00e9tique sont mises en \u0153uvre.<\/li>\r\n\t<li>Aider les consommateurs finaux \u00e0 se rapprocher de l\u2019efficacit\u00e9 \u00e9nerg\u00e9tique, \u00e0 \u00eatre des demandeurs d\u2019actions d\u2019\u00e9conomies d\u2019\u00e9nergie et \u00e0 devenir un \u00e9l\u00e9ment moteur.<\/li>\r\n\t<li>Agir comme un catalyseur d\u2019innovation dans le secteur de l\u2019efficacit\u00e9 \u00e9nerg\u00e9tique.<\/li>\r\n\t<li>Contribuer efficacement \u00e0 la r\u00e9alisation de l\u2019objectif d\u2019\u00e9conomies d\u2019\u00e9nergie finale d\u2019ici 2030.<\/li>\r\n<\/ul>\r\n<\/div>\r\n\r\n<div class=\"col-md-5\"><img alt=\"\" data-src=\"\/assets\/media\/parkimetro.jpg\" class=\" lazyload\"><\/div>\r\n<\/div>\r\n\r\n<div class=\"row\">\r\n<div class=\"col-md-10 m-auto\">\r\n<div class=\"module-title text-center\">\r\n<h2 class=\"sidelines\"><span>Quelles op\u00e9rations d\u2019\u00e9conomies d\u2019\u00e9nergie peuvent devenir des CEE ?<\/span><\/h2>\r\n<\/div>\r\n<\/div>\r\n<\/div>\r\n\r\n<div class=\"row\">\r\n<div class=\"col-md-12\">\r\n<p>Il existe un catalogue d\u2019actions, qui est un ensemble de fiches techniques contenant la liste des op\u00e9rations standardis\u00e9es d\u2019\u00e9conomies d\u2019\u00e9nergie finale donnant droit \u00e0 la d\u00e9livrance d\u2019un CEE valide.<\/p>\r\n\r\n<p>Les fiches techniques sont un document contenant les sp\u00e9cifications d\u00e9taill\u00e9es qui d\u00e9terminent les \u00e9conomies annuelles d\u2019\u00e9nergie finale, mesur\u00e9es en kWh, obtenues gr\u00e2ce \u00e0 la mise en \u0153uvre d\u2019une op\u00e9ration standardis\u00e9e sp\u00e9cifique, comme par exemple remplacer les fen\u00eatres, la chaudi\u00e8re par une pompe \u00e0 chaleur, un moteur par un moteur \u00e0 haut rendement d\u2019efficacit\u00e9 \u00e9nerg\u00e9tique, etc. <\/p>\r\n\r\n<p>Au sein du dispositif des CEE, il peut y avoir :<\/p>\r\n\r\n<ul type=\"disc\">\r\n\t<li><strong>Action standardis\u00e9e :<\/strong> celle qui, en raison de ses caract\u00e9ristiques et particularit\u00e9s techniques, peut \u00eatre facilement reproduite.<\/li>\r\n\t<li><strong>Action singuli\u00e8re :<\/strong> celle qui, en raison de ses caract\u00e9ristiques et particularit\u00e9s techniques, ne peut \u00eatre incluse dans une fiche du catalogue. Elle pourra donner lieu \u00e0 la d\u00e9livrance d\u2019un CEE valide une fois qu\u2019elle aura \u00e9t\u00e9 mise en \u0153uvre et que les \u00e9conomies annuelles d\u2019\u00e9nergie obtenues auront \u00e9t\u00e9 confirm\u00e9es par un v\u00e9rificateur des \u00e9conomies d\u2019\u00e9nergie. <\/li>\r\n<\/ul>\r\n<\/div>\r\n<\/div>\r\n\r\n<div class=\"row\">\r\n<div class=\"col-md-10 m-auto\">\r\n<div class=\"module-title text-center\">\r\n<h2 class=\"sidelines\"><span>Qui est le b\u00e9n\u00e9ficiaire d\u2019un CEE ?<\/span><\/h2>\r\n<\/div>\r\n<\/div>\r\n<\/div>\r\n\r\n<div class=\"row\">\r\n<div class=\"col-md-7\">\r\n<p>Il s\u2019agit d\u2019une personne physique ou morale qui, en tant que propri\u00e9taire, locataire ou occupant des installations sur lesquelles l\u2019action d\u2019efficacit\u00e9 \u00e9nerg\u00e9tique a \u00e9t\u00e9 r\u00e9alis\u00e9e, obtient un impact positif des \u00e9conomies d\u2019\u00e9nergie finale g\u00e9n\u00e9r\u00e9es. Par exemple, une entreprise qui renouvelle des moteurs \u00e9lectriques ou un citoyen qui remplace sa vieille chaudi\u00e8re par une pompe \u00e0 chaleur.<\/p>\r\n\r\n<p>Le b\u00e9n\u00e9ficiaire pourrait ne pas \u00eatre le propri\u00e9taire des \u00e9conomies d\u2019\u00e9nergie finale, qui sera la personne physique ou morale de nature publique ou priv\u00e9e qui r\u00e9alise l\u2019investissement de l\u2019action en mati\u00e8re d\u2019efficacit\u00e9 \u00e9nerg\u00e9tique afin d\u2019obtenir les \u00e9conomies d\u2019\u00e9nergie finale, pour lui-m\u00eame ou pour un tiers.<\/p>\r\n\r\n<p>Pour cette raison, il est n\u00e9cessaire qu\u2019il existe une \u00ab Convention CEE \u00bb, qui est un accord sign\u00e9 entre l\u2019oblig\u00e9 ou le d\u00e9l\u00e9gataire et le propri\u00e9taire des \u00e9conomies d\u2019\u00e9nergie finale, par lequel les \u00e9conomies d\u2019\u00e9nergie sont c\u00e9d\u00e9es en \u00e9change d\u2019une contrepartie.<\/p>\r\n<\/div>\r\n\r\n<div class=\"col-md-5\"><img alt=\"\" data-src=\"\/assets\/media\/caldera.jpg\" class=\" lazyload\"><\/div>\r\n<\/div>\r\n\r\n<div class=\"row\">\r\n<div class=\"col-md-10 m-auto\">\r\n<div class=\"module-title text-center\">\r\n<h2 class=\"sidelines\"><span>Dans quels secteurs, des actions d\u2019\u00e9conomies d\u2019\u00e9nergie peuvent-elles \u00eatre men\u00e9es ?<\/span><\/h2>\r\n<\/div>\r\n<\/div>\r\n<\/div>\r\n\r\n<div class=\"row\">\r\n<div class=\"col-md-7\"><img alt=\"tranvia\" data-src=\"\/assets\/media\/tranvia-bilbao.jpg\" class=\" lazyload\"><\/div>\r\n\r\n<div class=\"col-md-5\">\r\n<ul type=\"disc\">\r\n\t<li>Industrie<\/li>\r\n\t<li>R\u00e9sidentiel<\/li>\r\n\t<li>Services<\/li>\r\n\t<li>Transport<\/li>\r\n\t<li>Agriculture<\/li>\r\n<\/ul>\r\n<\/div>\r\n<\/div>\r\n\r\n<div class=\"row\">\r\n<div class=\"col-md-10 m-auto\">\r\n<div class=\"module-title text-center\">\r\n<h2 class=\"sidelines\"><span>Quels sont les acteurs impliqu\u00e9s dans le dispositif des CEE ?<\/span><\/h2>\r\n<\/div>\r\n<\/div>\r\n<\/div>\r\n\r\n<div class=\"row\">\r\n<div class=\"col-md-12\">\r\n<ul>\r\n\t<li><strong>Coordinateur National :<\/strong> Minist\u00e8re de la Transition \u00e9cologique et du D\u00e9fi d\u00e9mographique (MITERD). <\/li>\r\n\t<li><strong>Responsable autonome au Pays basque :<\/strong> Agence de l\u2019\u00c9nergie du Pays basque.  (EVE).<\/li>\r\n\t<li><strong>V\u00e9rificateur des \u00e9conomies d\u2019\u00e9nergie :<\/strong> celui accr\u00e9dit\u00e9 par l\u2019ENAC. <\/li>\r\n\t<li><strong>Oblig\u00e9s :<\/strong> selon le Syst\u00e8me National d\u2019Obligations d\u2019Efficacit\u00e9 \u00c9nerg\u00e9tique. Ce sont les entreprises de l\u2019\u00e9nergie (des fournisseurs de gaz et d\u2019\u00e9lectricit\u00e9 et les op\u00e9rateurs grossistes de produits p\u00e9troliers et de GPL).<\/li>\r\n\t<li><strong>D\u00e9l\u00e9gataires :<\/strong> des interm\u00e9diaires accr\u00e9dit\u00e9s par le Coordinateur National qui sont charg\u00e9s d\u2019aider les oblig\u00e9s \u00e0 obtenir des CEE. Liste officielle des d\u00e9l\u00e9gataires.<\/li>\r\n\t<li><strong>Propri\u00e9taire des \u00e9conomies :<\/strong> c\u2019est la personne ou l\u2019entreprise qui a r\u00e9alis\u00e9 l\u2019investissement dans une op\u00e9ration d\u2019efficacit\u00e9 \u00e9nerg\u00e9tique susceptible de g\u00e9n\u00e9rer des \u00e9conomies pouvant \u00eatre transform\u00e9es en CEE. La propri\u00e9t\u00e9 des \u00e9conomies peut \u00eatre c\u00e9d\u00e9e \u00e0 un tiers en \u00e9change d\u2019une contrepartie. <\/li>\r\n<\/ul>\r\n<\/div>\r\n<\/div>\r\n\r\n<div class=\"row\">\r\n<div class=\"col-md-10 m-auto\">\r\n<div class=\"module-title text-center\">\r\n<h2 class=\"sidelines\"><span>Exemple d\u2019application du dispositif des CEE<\/span><\/h2>\r\n<\/div>\r\n<\/div>\r\n<\/div>\r\n\r\n<div class=\"row\">\r\n<div class=\"col-md-4\">\r\n<div class=\"border p-3\">\r\n<h3 class=\"text-center\">1<\/h3>\r\n\r\n<p>Un op\u00e9rateur, par exemple l\u2019entreprise A, pr\u00e9voit de r\u00e9aliser une op\u00e9ration qui g\u00e9n\u00e8re des \u00e9conomies d\u2019\u00e9nergie dans son processus industriel. Il peut s\u2019agir d\u2019\u00e9conomies d\u2019\u00e9nergie primaire ou finale. Apr\u00e8s une premi\u00e8re analyse, il quantifie les \u00e9conomies g\u00e9n\u00e9r\u00e9es en MWh\/an.<\/p>\r\n<\/div>\r\n<\/div>\r\n\r\n<div class=\"col-md-4\">\r\n<div class=\"border p-3\">\r\n<h3 class=\"text-center\">2<\/h3>\r\n\r\n<p>Un oblig\u00e9 ou un d\u00e9l\u00e9gataire cherche des actions d\u2019\u00e9conomies d\u2019\u00e9nergie afin de remplir ses obligations dans le cadre du Syst\u00e8me National d\u2019Obligations d\u2019Efficacit\u00e9 \u00c9nerg\u00e9tique (SNOEE). L\u2019oblig\u00e9 a une obligation annuelle et peut s\u2019en acquitter en liquidant des CEE ou en payant directement au Fonds FNEE. <\/p>\r\n<\/div>\r\n<\/div>\r\n\r\n<div class=\"col-md-4\">\r\n<div class=\"border p-3\">\r\n<h3 class=\"text-center\">3<\/h3>\r\n\r\n<p>L\u2019entreprise A contacte un oblig\u00e9 ou un d\u00e9l\u00e9gataire et les deux parties acceptent de signer un <strong>Accord CEE<\/strong> (exemple de mod\u00e8le EN ANNEXE DOC) dans lequel l\u2019entreprise A vend ses \u00e9conomies \u00e0 l\u2019oblig\u00e9 ou au d\u00e9l\u00e9gataire avant de commencer la r\u00e9alisation de l\u2019action.  Elle peut \u00e9galement lui vendre les \u00e9conomies g\u00e9n\u00e9r\u00e9es apr\u00e8s une action d\u00e9j\u00e0 r\u00e9alis\u00e9e, \u00e0 condition que celle-ci ait d\u00e9but\u00e9 apr\u00e8s le 26 janvier 2023. <\/p>\r\n<\/div>\r\n<\/div>\r\n<\/div>\r\n\r\n<div class=\"row m-b-10\">\r\n<div class=\"col-md-4\">\r\n<div class=\"border p-3\">\r\n<h3 class=\"text-center\">4<\/h3>\r\n\r\n<p>L\u2019action pourra \u00eatre justifi\u00e9e comme suit :<\/p>\r\n\r\n<ol>\r\n\t<li>Une ou plusieurs mesures standardis\u00e9es figurant dans les fiches du catalogue d\u2019actions approuv\u00e9 par le minist\u00e8re. <\/li>\r\n\t<li>Mesure singuli\u00e8re.<\/li>\r\n<\/ol>\r\n<\/div>\r\n<\/div>\r\n\r\n<div class=\"col-md-4\">\r\n<div class=\"border p-3\">\r\n<h3 class=\"text-center\">5<\/h3>\r\n\r\n<p>L\u2019accord doit inclure des aspects tels que : le montant vers\u00e9 \u00e0 l\u2019entreprise A par MWh\/an \u00e9conomis\u00e9 (\u20ac\/MWh), le mode de paiement, la remise des justificatifs de la r\u00e9alisation de l\u2019action \u00e0 l\u2019oblig\u00e9e ou au d\u00e9l\u00e9gataire, \u2026 <\/p>\r\n<\/div>\r\n<\/div>\r\n\r\n<div class=\"col-md-4\">\r\n<div class=\"border p-3\">\r\n<h3 class=\"text-center\">6<\/h3>\r\n\r\n<p>Une fois l\u2019action r\u00e9alis\u00e9e, l\u2019entreprise A aura re\u00e7u la compensation financi\u00e8re pour les \u00e9conomies (qui n\u2019est pas consid\u00e9r\u00e9e comme une subvention), et l\u2019oblig\u00e9 ou le d\u00e9l\u00e9gataire d\u00e9posera une demande de CEE (autant que de kWh\/an \u00e9conomis\u00e9s) sur la plateforme con\u00e7ue \u00e0 cet effet. Avec les certificats d\u2019\u00e9conomies, l\u2019oblig\u00e9 ou le d\u00e9l\u00e9gataire pourra liquider son obligation, les acheter ou les vendre sur le march\u00e9 des CEE, auquel seuls les oblig\u00e9s ou les d\u00e9l\u00e9gataires pourront acc\u00e9der. <\/p>\r\n<\/div>\r\n<\/div>\r\n<\/div>\r\n\r\n<div class=\"row\">\r\n<div class=\"col-md-10 m-auto\">\r\n<div class=\"module-title text-center\">\r\n<h2 class=\"sidelines\"><span>Demande des CEE<\/span><\/h2>\r\n<\/div>\r\n<\/div>\r\n<\/div>\r\n\r\n<div class=\"row\">\r\n<div class=\"col-md-12\">\r\n<p>Les actions r\u00e9alis\u00e9es \u00e0 partir du 26 janvier 2023 (inclus) et conformes aux exigences de la Directive sur l\u2019Efficacit\u00e9 \u00c9nerg\u00e9tique et des autres r\u00e9glementations, seront susceptibles de g\u00e9n\u00e9rer des CEE.<\/p>\r\n\r\n<p>Seuls les oblig\u00e9s et les d\u00e9l\u00e9gataires pourront demander la d\u00e9livrance des CEE, apr\u00e8s avoir obtenu au pr\u00e9alable un avis de v\u00e9rification favorable \u00e9mis par un v\u00e9rificateur d\u2019\u00e9conomies d\u2019\u00e9nergie pour l\u2019action ou les actions correspondant \u00e0 la demande.<\/p>\r\n\r\n<p>Ces op\u00e9rations peuvent \u00eatre standardis\u00e9es (celles qui sont facilement reproductibles et incluses dans le catalogue) ou sp\u00e9cifiques (celles qui sont plus complexes ou particuli\u00e8res et qui ne sont pas incluses dans le catalogue).<\/p>\r\n\r\n<p>La demande de d\u00e9livrance d\u2019un CEE devra \u00eatre effectu\u00e9e via la plateforme \u00e9lectronique du dispositif des CEE, actuellement en cours de d\u00e9veloppement. Le Gestionnaire de la r\u00e9gion autonome analysera le dossier de la demande et, le cas \u00e9ch\u00e9ant, d\u00e9livrera les CEE correspondants. Le Coordinateur National enregistrera les CEE \u00e9mis dans le Registre National. Une fois enregistr\u00e9s, les CEE pourront \u00eatre vendus, achet\u00e9s et liquid\u00e9s contre une obligation d\u2019\u00e9conomie.<\/p>\r\n<\/div>\r\n<\/div>\r\n\r\n<div class=\"row\">\r\n<div class=\"col-md-10 m-auto\">\r\n<div class=\"module-title text-center\">\r\n<h2 class=\"sidelines\"><span>Catalogue de fiches<\/span><\/h2>\r\n<\/div>\r\n<\/div>\r\n<\/div>\r\n\r\n<div class=\"row\">\r\n<div class=\"col-md-4 m-auto\">\r\n<ul>\r\n\t<li><a href=\"https:\/\/www.miteco.gob.es\/es\/energia\/eficiencia\/cae\/catalogo-de-fichas\/catalogo-vigente-de-fichas\/industria.html\" target=\"_blank\"><strong>Secteur industriel<\/strong><\/a><\/li>\r\n\t<li><a href=\"https:\/\/www.miteco.gob.es\/es\/energia\/eficiencia\/cae\/catalogo-de-fichas\/catalogo-vigente-de-fichas\/terciario.html\" target=\"_blank\"><strong>Secteur tertiaire<\/strong><\/a><\/li>\r\n\t<li><a href=\"https:\/\/www.miteco.gob.es\/es\/energia\/eficiencia\/cae\/catalogo-de-fichas\/catalogo-vigente-de-fichas\/residencial.html\" target=\"_blank\"><strong>Secteur r\u00e9sidentiel <\/strong><\/a><\/li>\r\n\t<li><a href=\"https:\/\/www.miteco.gob.es\/es\/energia\/eficiencia\/cae\/catalogo-de-fichas\/catalogo-vigente-de-fichas\/transporte.html\" target=\"_blank\"><strong>Secteur des transports <\/strong><\/a><\/li>\r\n\t<li><a href=\"https:\/\/www.miteco.gob.es\/es\/energia\/eficiencia\/cae\/catalogo-de-fichas\/catalogo-vigente-de-fichas\/transporte1.html\" target=\"_blank\"><strong>Secteur agricole<\/strong><\/a><\/li>\r\n<\/ul>\r\n\r\n<p class=\"text-center\"><a class=\"btn btn-lg btn-circle btn-brand\" href=\"\/assets\/media\/Catalogo-de-medidas-estandarizadas-Texto-carente-de-valor-juridico-v_1_2-2.pdf\" target=\"_blank\">PDF joint<\/a><\/p>\r\n<\/div>\r\n<\/div>\r\n\r\n<div class=\"row\">\r\n<div class=\"col-md-10 m-auto\">\r\n<div class=\"module-title text-center\">\r\n<h2 class=\"sidelines\"><span>R\u00e9glementation correspondante<\/span><\/h2>\r\n<\/div>\r\n<\/div>\r\n<\/div>\r\n\r\n<div class=\"row\">\r\n<div class=\"col-md-12\">\r\n<h3>Fonctionnement du dispositif des CEE<\/h3>\r\n\r\n<p><a href=\"https:\/\/www.boe.es\/buscar\/act.php?id=BOE-A-2023-2027\" target=\"_blank\">D\u00e9cret royal 36\/2023, du 24 janvier, \u00e9tablissant un dispositif des Certificats d\u2019\u00c9conomies d\u2019\u00c9nergie.<\/a><\/p>\r\n\r\n<p><a href=\"https:\/\/www.boe.es\/buscar\/act.php?id=BOE-A-2023-16734\" target=\"_blank\">Arr\u00eat\u00e9 TED\/815\/2023, du 18 juillet, appliquant partiellement le D\u00e9cret royal 36\/2023, du 24 janvier, qui \u00e9tablit un dispositif des Certificats d\u2019\u00c9conomies d\u2019\u00c9nergie. <\/a><\/p>\r\n\r\n<h3>Catalogue de mesures standardis\u00e9es<\/h3>\r\n\r\n<p><a href=\"https:\/\/www.boe.es\/diario_boe\/txt.php?id=BOE-A-2023-16940\" target=\"_blank\"><strong>Arr\u00eat\u00e9 TED\/845\/2023, du 18 juillet, approuvant le catalogue de mesures standardis\u00e9es d\u2019efficacit\u00e9 \u00e9nerg\u00e9tique. <\/strong><\/a><\/p>\r\n\r\n<p><a href=\"https:\/\/www.boe.es\/diario_boe\/txt.php?id=BOE-A-2024-14816\" target=\"_blank\"><strong>R\u00e9solution du 3 juillet 2024, de la Direction G\u00e9n\u00e9rale de la Planification et de la Coordination \u00c9nerg\u00e9tique, mettant \u00e0 jour l\u2019annexe I de l\u2019Arr\u00eat\u00e9 TED\/845\/2023, du 18 juillet, approuvant le catalogue de mesures standardis\u00e9es d\u2019efficacit\u00e9 \u00e9nerg\u00e9tique. <\/strong><\/a><\/p>\r\n\r\n<p><a href=\"https:\/\/www.boe.es\/diario_boe\/txt.php?id=BOE-A-2024-21377\" target=\"_blank\"><strong>R\u00e9solution du 14 octobre 2024, de la Direction G\u00e9n\u00e9rale de la Planification et de la Coordination \u00c9nerg\u00e9tiques, corrigeant les erreurs de celle du 3 juillet 2024, mettant \u00e0 jour l\u2019annexe I de l\u2019Arr\u00eat\u00e9 TED\/845\/2023, du 18 juillet, approuvant le catalogue de mesures standardis\u00e9es d\u2019efficacit\u00e9 \u00e9nerg\u00e9tique. <\/strong><\/a><\/p>\r\n\r\n<p><a href=\"https:\/\/www.boe.es\/diario_boe\/txt.php?id=BOE-A-2024-23732\" target=\"_self\"><strong>R\u00e9solution du 8 novembre 2024, de la Direction G\u00e9n\u00e9rale de la Planification et de la Coordination \u00c9nerg\u00e9tiques, modifiant celle du 3 juillet 2024, mettant \u00e0 jour l\u2019annexe I de l\u2019Arr\u00eat\u00e9 TED\/845\/2023, du 18 juillet, approuvant le catalogue de mesures standardis\u00e9es d\u2019efficacit\u00e9 \u00e9nerg\u00e9tique. <\/strong><\/a><\/p>\r\n<\/div>\r\n<\/div>\r\n\r\n<div class=\"row\">\r\n<div class=\"col-md-10 m-auto\">\r\n<div class=\"module-title text-center\">\r\n<h2 class=\"sidelines\"><span>Questions fr\u00e9quentes<\/span><\/h2>\r\n<\/div>\r\n<\/div>\r\n<\/div>\r\n\r\n<div class=\"row\">\r\n<div class=\"col-md-5 m-auto\">\r\n<ul>\r\n\t<li><a href=\"https:\/\/www.miteco.gob.es\/es\/energia\/eficiencia\/cae\/preguntas-frecuentes.html#certificado-de-ahorro-energetico-_cae_\" target=\"_blank\" title=\"Certificado de Ahorro Energ\u00e9tico (CAE)\"><strong>Certificat d\u2019\u00e9conomies d\u2019\u00e9nergie (CEE)<\/strong><\/a><\/li>\r\n\t<li><a href=\"https:\/\/www.miteco.gob.es\/es\/energia\/eficiencia\/cae\/preguntas-frecuentes.html#entrada-en-vigor\" target=\"_blank\" title=\"Entrada en vigor\"><strong>Entr\u00e9e en vigueur<\/strong><\/a><\/li>\r\n\t<li><a href=\"https:\/\/www.miteco.gob.es\/es\/energia\/eficiencia\/cae\/preguntas-frecuentes.html#validez-y-contabilizacion-de-ahorros-de-un-cae\" target=\"_blank\" title=\"Validez y Contabilizaci\u00f3n de ahorros de un CAE\"><strong>Validit\u00e9 et comptabilisation des \u00e9conomies d\u2019un CEE<\/strong><\/a><\/li>\r\n\t<li><a href=\"https:\/\/www.miteco.gob.es\/es\/energia\/eficiencia\/cae\/preguntas-frecuentes.html#documentos-del-sistema-de-cae\" target=\"_blank\" title=\"Documentos del sistema de CAE\"><strong>Documents du dispositif CEE<\/strong><\/a><\/li>\r\n\t<li><a href=\"https:\/\/www.miteco.gob.es\/es\/energia\/eficiencia\/cae\/preguntas-frecuentes.html#agentes-del-sistema-de-cae\" target=\"_blank\" title=\"Agentes del sistema de CAE\"><strong>Acteurs du dispositif CEE<\/strong><\/a><\/li>\r\n\t<li><a href=\"https:\/\/www.miteco.gob.es\/es\/energia\/eficiencia\/cae\/preguntas-frecuentes.html#solicitud-de-acreditacion-como-sujeto-delegado\" target=\"_blank\" title=\"Solicitud de acreditaci\u00f3n como sujeto delegado\"><strong>Demande d\u2019accr\u00e9ditation en tant que d\u00e9l\u00e9gataire<\/strong><\/a><\/li>\r\n\t<li><a href=\"https:\/\/www.miteco.gob.es\/es\/energia\/eficiencia\/cae\/preguntas-frecuentes.html#obtencion-de-cae\" target=\"_blank\" title=\"Obtenci\u00f3n de CAE\"><strong>Obtention du CEE<\/strong><\/a><\/li>\r\n\t<li><a href=\"https:\/\/www.miteco.gob.es\/es\/energia\/eficiencia\/cae\/preguntas-frecuentes.html#cumplimiento-de-la-obligacion-anual-de-ahorro\" target=\"_blank\" title=\"Cumplimiento de la obligaci\u00f3n anual de ahorro\"><strong>Respect de l\u2019obligation annuelle de r\u00e9alisation d\u2019\u00e9conomies.<\/strong><\/a><\/li>\r\n\t<li><a href=\"https:\/\/www.miteco.gob.es\/es\/energia\/eficiencia\/cae\/preguntas-frecuentes.html#compatibilidad-de-los-cae-con-subvenciones\" target=\"_blank\" title=\"Compatibilidad de los CAE con subvenciones\"><strong>Compatibilit\u00e9 des CEE avec des subventions<\/strong><\/a><\/li>\r\n\t<li><a href=\"https:\/\/www.miteco.gob.es\/es\/energia\/eficiencia\/cae\/preguntas-frecuentes.html#otros\" target=\"_blank\" title=\"Otros\"><strong>Autres<\/strong><\/a><\/li>\r\n<\/ul>\r\n\r\n<p class=\"text-center\"><a class=\"btn btn-lg btn-circle btn-brand\" href=\"\/assets\/media\/Documento-de-FAQs-del-Sistema-de-CAE-v.1.1.pdf\" target=\"_blank\">PDF joint <\/a><\/p>\r\n<\/div>\r\n<\/div>\r\n","protected":false},"excerpt":{"rendered":"<p>Le dispositif des CEE na\u00eet de la n\u00e9cessit\u00e9 de g\u00e9n\u00e9rer de nouvelles \u00e9conomies d\u2019\u00e9nergie gr\u00e2ce \u00e0 la mise en \u0153uvre de projets d\u2019efficacit\u00e9 \u00e9nerg\u00e9tique et, ainsi, de permettre au Pays basque de respecter les obligations \u00e9tablies aupr\u00e8s de l\u2019UE par le biais de la Directive sur l\u2019Efficacit\u00e9 \u00c9nerg\u00e9tique. De plus, il a \u00e9t\u00e9 cr\u00e9\u00e9 dans [&hellip;]<\/p>\n","protected":false},"author":1,"featured_media":15735,"parent":0,"menu_order":0,"comment_status":"closed","ping_status":"closed","template":"templates\/page-with-container.php","meta":{"_acf_changed":false,"footnotes":""},"class_list":["post-6178","page","type-page","status-publish","has-post-thumbnail","hentry"],"acf":[],"_links":{"self":[{"href":"https:\/\/www.eve.eus\/fr\/wp-json\/wp\/v2\/pages\/6178","targetHints":{"allow":["GET"]}}],"collection":[{"href":"https:\/\/www.eve.eus\/fr\/wp-json\/wp\/v2\/pages"}],"about":[{"href":"https:\/\/www.eve.eus\/fr\/wp-json\/wp\/v2\/types\/page"}],"author":[{"embeddable":true,"href":"https:\/\/www.eve.eus\/fr\/wp-json\/wp\/v2\/users\/1"}],"replies":[{"embeddable":true,"href":"https:\/\/www.eve.eus\/fr\/wp-json\/wp\/v2\/comments?post=6178"}],"version-history":[{"count":5,"href":"https:\/\/www.eve.eus\/fr\/wp-json\/wp\/v2\/pages\/6178\/revisions"}],"predecessor-version":[{"id":15882,"href":"https:\/\/www.eve.eus\/fr\/wp-json\/wp\/v2\/pages\/6178\/revisions\/15882"}],"wp:featuredmedia":[{"embeddable":true,"href":"https:\/\/www.eve.eus\/fr\/wp-json\/wp\/v2\/media\/15735"}],"wp:attachment":[{"href":"https:\/\/www.eve.eus\/fr\/wp-json\/wp\/v2\/media?parent=6178"}],"curies":[{"name":"wp","href":"https:\/\/api.w.org\/{rel}","templated":true}]}}